{"id":228398,"date":"2019-09-07T19:11:42","date_gmt":"2019-09-07T23:11:42","guid":{"rendered":"http:\/\/cfcaracas.org\/sv\/?page_id=228398"},"modified":"2021-03-27T23:05:34","modified_gmt":"2021-03-28T03:05:34","slug":"proyecto-label-france","status":"publish","type":"page","link":"https:\/\/cfcaracas.org\/sv\/el-colegio\/proyecto-label-france\/","title":{"rendered":"Proyecto Label France"},"content":{"rendered":"<p>[et_pb_section fb_built=&#8221;1&#8243; _builder_version=&#8221;3.26.3&#8243; background_color=&#8221;#e9eff3&#8243; background_image=&#8221;https:\/\/cfcaracas.org\/sv\/wp-content\/uploads\/shapes-bg-color.png&#8221; parallax=&#8221;on&#8221; custom_padding=&#8221;27px||0px|||&#8221; bottom_divider_color=&#8221;#065b99&#8243;][et_pb_row _builder_version=&#8221;3.26&#8243; custom_padding=&#8221;0px||0px|||&#8221;][et_pb_column type=&#8221;4_4&#8243; _builder_version=&#8221;3.26&#8243;][et_pb_dmb_breadcrumbs font_icon=&#8221;%%194%%&#8221; home_icon=&#8221;%%236%%&#8221; use_home_text=&#8221;on&#8221; home_text=&#8221;Inicio&#8221; _builder_version=&#8221;3.26&#8243; body_font=&#8221;|600|||||||&#8221; separator_text_color=&#8221;#0c71c3&#8243;][\/et_pb_dmb_breadcrumbs][\/et_pb_column][\/et_pb_row][et_pb_row column_structure=&#8221;2_3,1_3&#8243; _builder_version=&#8221;4.5.6&#8243;][et_pb_column type=&#8221;2_3&#8243; _builder_version=&#8221;3.25.2&#8243; background_color=&#8221;#ffffff&#8221; custom_padding=&#8221;25px|25px|25px|25px|true|true&#8221; border_radii=&#8221;on|16px|16px|16px|16px&#8221; box_shadow_style=&#8221;preset2&#8243; custom_padding__hover=&#8221;|||&#8221;][et_pb_image src=&#8221;https:\/\/cfcaracas.org\/sv\/wp-content\/uploads\/LabelFranc\u00c9ducation.png&#8221; title_text=&#8221;LabelFranc\u00c9ducation&#8221; _builder_version=&#8221;4.4.5&#8243; width=&#8221;35%&#8221; module_alignment=&#8221;center&#8221;][\/et_pb_image][et_pb_text _builder_version=&#8221;4.8.1&#8243;]La Unidad Educativa Colegio Francia tiene, desde 2019, la etiqueta LabelFranc\u00c9ducation. Creada en 2012, la LabelFranc\u00c9ducation es otorgada por el Ministerio Franc\u00e9s para Europa y Asuntos Exteriores (MEAE) a sectores biling\u00fces franc\u00f3fonos de excelencia que ofrecen una ense\u00f1anza reforzada del idioma franc\u00e9s y al menos una disciplina no ling\u00fc\u00edstica en franc\u00e9s. de acuerdo con el programa oficial del pa\u00eds anfitri\u00f3n. La gesti\u00f3n operativa de LabelFranc\u00c9ducation se conf\u00eda, como en el Lyc\u00e9e Fran\u00e7ais, a la Agencia para la Educaci\u00f3n Francesa en el Exterior (AEFE).<\/p>\n<p>LabelFranc\u00c9ducation tiene como objetivo promover los establecimientos privados extranjeros de educaci\u00f3n primaria y secundaria fuera de Francia. Contribuye, como parte de su educaci\u00f3n nacional, a la influencia de la educaci\u00f3n, la lengua y la cultura francesas.<\/p>\n<p>La LabelFranc\u00c9ducation es una herramienta de promoci\u00f3n del establecimiento y sus sectores biling\u00fces de muy alto impacto, que debe ser valorada en su estrategia de comunicaci\u00f3n. El car\u00e1cter institucional e internacional de la etiqueta, la calidad y los altos est\u00e1ndares de la educaci\u00f3n que certifica, la garant\u00eda de \u00e9xito y excelencia que implica son argumentos particularmente efectivos para promover la imagen de la establecimiento.<\/p>\n<p>Pertenecer a una red global tambi\u00e9n es una oportunidad para que los establecimientos etiquetados combinen recursos y mejores pr\u00e1cticas.[\/et_pb_text][et_pb_image src=&#8221;https:\/\/cfcaracas.org\/sv\/wp-content\/uploads\/unidadeducativaCF.jpg&#8221; title_text=&#8221;unidadeducativaCF&#8221; _builder_version=&#8221;4.4.5&#8243;][\/et_pb_image][et_pb_text _builder_version=&#8221;4.8.1&#8243;]<\/p>\n<h1>El Colegio Francia de Caracas<\/h1>\n<p>Es un sello que reconoce y valoriza los centros educativos, ya sean p\u00fablicos o privados, que brindan a sus alumnos una ense\u00f1anza reforzada en franc\u00e9s y que permiten a \u00e9stos descubrir otras materias en este idioma.<\/p>\n<p>Los objetivos de este proyecto son:<\/p>\n<ul>\n<li>Promover la ense\u00f1anza biling\u00fce en franc\u00e9s de alto nivel para los alumnos y sus padres<\/li>\n<li>Alcanzar, a finales de su recorrido pedag\u00f3gico, un nivel intermedio de lengua que les permita proseguir estudios en el extranjero.<\/li>\n<li>Establecer verdaderos encuentros entre las dos secciones.<\/li>\n<li>Profesionalizar la ense\u00f1anza del franc\u00e9s en el Colegio.<\/li>\n<\/ul>\n<p>El Lyc\u00e9e Fran\u00e7ais de Caracas &#8211; Colegio Francia es una instituci\u00f3n en convenio, es decir una instituci\u00f3n de derecho privado venezolano, administrada por una fundaci\u00f3n local, que ha suscrito un convenio con la AEFE.<\/p>\n<p>La Unidad Educativa Colegio Francia sigue el programa educativo venezolano establecido por el Ministro de Educaci\u00f3n de Venezuela. Los ni\u00f1os pueden comenzar su escolarizaci\u00f3n en el\u00a0pre-escolar que pertenece al Lyc\u00e9e Fran\u00e7ais de Caracas y al finalizar el pre-escolar, cambiar de plantel y comenzar en 1er grado hasta 5to a\u00f1o en la U.E. Colegio Francia.<\/p>\n<p>[\/et_pb_text][\/et_pb_column][et_pb_column type=&#8221;1_3&#8243; _builder_version=&#8221;3.25.2&#8243; z_index=&#8221;10&#8243; custom_padding=&#8221;|||&#8221; custom_padding__hover=&#8221;|||&#8221;][et_pb_blog fullwidth=&#8221;off&#8221; posts_number=&#8221;2&#8243; include_categories=&#8221;5,23&#8243; show_more=&#8221;on&#8221; show_author=&#8221;off&#8221; _builder_version=&#8221;4.7.4&#8243; pagination_font=&#8221;||||||||&#8221; border_radii=&#8221;on|15px|15px|15px|15px&#8221; border_radii_image=&#8221;||||&#8221; box_shadow_style=&#8221;preset1&#8243;][\/et_pb_blog][\/et_pb_column][\/et_pb_row][\/et_pb_section]<\/p>\n","protected":false},"excerpt":{"rendered":"<p>La Unidad Educativa Colegio Francia tiene, desde 2019, la etiqueta LabelFranc\u00c9ducation. Creada en 2012, la LabelFranc\u00c9ducation es otorgada por el Ministerio Franc\u00e9s para Europa y Asuntos Exteriores (MEAE) a sectores biling\u00fces franc\u00f3fonos de excelencia que ofrecen una ense\u00f1anza reforzada del idioma franc\u00e9s y al menos una disciplina no ling\u00fc\u00edstica en franc\u00e9s. de acuerdo con el [&hellip;]<\/p>\n","protected":false},"author":1,"featured_media":0,"parent":228535,"menu_order":0,"comment_status":"closed","ping_status":"closed","template":"","meta":{"_et_pb_use_builder":"on","_et_pb_old_content":"<!-- wp:divi\/placeholder \/-->","_et_gb_content_width":"","_monsterinsights_skip_tracking":false,"_monsterinsights_sitenote_active":false,"_monsterinsights_sitenote_note":"","_monsterinsights_sitenote_category":0,"footnotes":""},"class_list":["post-228398","page","type-page","status-publish","hentry"],"yoast_head":"<!-- This site is optimized with the Yoast SEO plugin v27.3 - https:\/\/yoast.com\/product\/yoast-seo-wordpress\/ -->\n<title>Proyecto Label France - COLEGIO FRANCIA<\/title>\n<meta name=\"robots\" content=\"index, follow, max-snippet:-1, max-image-preview:large, max-video-preview:-1\" \/>\n<link rel=\"canonical\" href=\"https:\/\/cfcaracas.org\/sv\/el-colegio\/proyecto-label-france\/\" \/>\n<meta property=\"og:locale\" content=\"en_US\" \/>\n<meta property=\"og:type\" content=\"article\" \/>\n<meta property=\"og:title\" content=\"Proyecto Label France - COLEGIO FRANCIA\" \/>\n<meta property=\"og:description\" content=\"La Unidad Educativa Colegio Francia tiene, desde 2019, la etiqueta LabelFranc\u00c9ducation. Creada en 2012, la LabelFranc\u00c9ducation es otorgada por el Ministerio Franc\u00e9s para Europa y Asuntos Exteriores (MEAE) a sectores biling\u00fces franc\u00f3fonos de excelencia que ofrecen una ense\u00f1anza reforzada del idioma franc\u00e9s y al menos una disciplina no ling\u00fc\u00edstica en franc\u00e9s. de acuerdo con el [&hellip;]\" \/>\n<meta property=\"og:url\" content=\"https:\/\/cfcaracas.org\/sv\/el-colegio\/proyecto-label-france\/\" \/>\n<meta property=\"og:site_name\" content=\"COLEGIO FRANCIA\" \/>\n<meta property=\"article:modified_time\" content=\"2021-03-28T03:05:34+00:00\" \/>\n<meta name=\"twitter:card\" content=\"summary_large_image\" \/>\n<meta name=\"twitter:label1\" content=\"Est. reading time\" \/>\n\t<meta name=\"twitter:data1\" content=\"2 minutes\" \/>\n<script type=\"application\/ld+json\" class=\"yoast-schema-graph\">{\"@context\":\"https:\\\/\\\/schema.org\",\"@graph\":[{\"@type\":\"WebPage\",\"@id\":\"https:\\\/\\\/cfcaracas.org\\\/sv\\\/el-colegio\\\/proyecto-label-france\\\/\",\"url\":\"https:\\\/\\\/cfcaracas.org\\\/sv\\\/el-colegio\\\/proyecto-label-france\\\/\",\"name\":\"Proyecto Label France - COLEGIO FRANCIA\",\"isPartOf\":{\"@id\":\"https:\\\/\\\/cfcaracas.org\\\/sv\\\/#website\"},\"datePublished\":\"2019-09-07T23:11:42+00:00\",\"dateModified\":\"2021-03-28T03:05:34+00:00\",\"breadcrumb\":{\"@id\":\"https:\\\/\\\/cfcaracas.org\\\/sv\\\/el-colegio\\\/proyecto-label-france\\\/#breadcrumb\"},\"inLanguage\":\"en-US\",\"potentialAction\":[{\"@type\":\"ReadAction\",\"target\":[\"https:\\\/\\\/cfcaracas.org\\\/sv\\\/el-colegio\\\/proyecto-label-france\\\/\"]}]},{\"@type\":\"BreadcrumbList\",\"@id\":\"https:\\\/\\\/cfcaracas.org\\\/sv\\\/el-colegio\\\/proyecto-label-france\\\/#breadcrumb\",\"itemListElement\":[{\"@type\":\"ListItem\",\"position\":1,\"name\":\"Home\",\"item\":\"https:\\\/\\\/cfcaracas.org\\\/sv\\\/\"},{\"@type\":\"ListItem\",\"position\":2,\"name\":\"EL COLEGIO\",\"item\":\"https:\\\/\\\/cfcaracas.org\\\/sv\\\/el-colegio\\\/\"},{\"@type\":\"ListItem\",\"position\":3,\"name\":\"Proyecto Label France\"}]},{\"@type\":\"WebSite\",\"@id\":\"https:\\\/\\\/cfcaracas.org\\\/sv\\\/#website\",\"url\":\"https:\\\/\\\/cfcaracas.org\\\/sv\\\/\",\"name\":\"COLEGIO FRANCIA\",\"description\":\"Colegio Francia, algo m\u00e1s que un colegio\",\"publisher\":{\"@id\":\"https:\\\/\\\/cfcaracas.org\\\/sv\\\/#organization\"},\"potentialAction\":[{\"@type\":\"SearchAction\",\"target\":{\"@type\":\"EntryPoint\",\"urlTemplate\":\"https:\\\/\\\/cfcaracas.org\\\/sv\\\/?s={search_term_string}\"},\"query-input\":{\"@type\":\"PropertyValueSpecification\",\"valueRequired\":true,\"valueName\":\"search_term_string\"}}],\"inLanguage\":\"en-US\"},{\"@type\":\"Organization\",\"@id\":\"https:\\\/\\\/cfcaracas.org\\\/sv\\\/#organization\",\"name\":\"U.E. Colegio Francia de Caracas\",\"url\":\"https:\\\/\\\/cfcaracas.org\\\/sv\\\/\",\"logo\":{\"@type\":\"ImageObject\",\"inLanguage\":\"en-US\",\"@id\":\"https:\\\/\\\/cfcaracas.org\\\/sv\\\/#\\\/schema\\\/logo\\\/image\\\/\",\"url\":\"https:\\\/\\\/cfcaracas.org\\\/sv\\\/wp-content\\\/uploads\\\/LOGO-COLEGIO-FRANCIA-01.png\",\"contentUrl\":\"https:\\\/\\\/cfcaracas.org\\\/sv\\\/wp-content\\\/uploads\\\/LOGO-COLEGIO-FRANCIA-01.png\",\"width\":851,\"height\":1135,\"caption\":\"U.E. Colegio Francia de Caracas\"},\"image\":{\"@id\":\"https:\\\/\\\/cfcaracas.org\\\/sv\\\/#\\\/schema\\\/logo\\\/image\\\/\"}}]}<\/script>\n<!-- \/ Yoast SEO plugin. -->","yoast_head_json":{"title":"Proyecto Label France - COLEGIO FRANCIA","robots":{"index":"index","follow":"follow","max-snippet":"max-snippet:-1","max-image-preview":"max-image-preview:large","max-video-preview":"max-video-preview:-1"},"canonical":"https:\/\/cfcaracas.org\/sv\/el-colegio\/proyecto-label-france\/","og_locale":"en_US","og_type":"article","og_title":"Proyecto Label France - COLEGIO FRANCIA","og_description":"La Unidad Educativa Colegio Francia tiene, desde 2019, la etiqueta LabelFranc\u00c9ducation. Creada en 2012, la LabelFranc\u00c9ducation es otorgada por el Ministerio Franc\u00e9s para Europa y Asuntos Exteriores (MEAE) a sectores biling\u00fces franc\u00f3fonos de excelencia que ofrecen una ense\u00f1anza reforzada del idioma franc\u00e9s y al menos una disciplina no ling\u00fc\u00edstica en franc\u00e9s. de acuerdo con el [&hellip;]","og_url":"https:\/\/cfcaracas.org\/sv\/el-colegio\/proyecto-label-france\/","og_site_name":"COLEGIO FRANCIA","article_modified_time":"2021-03-28T03:05:34+00:00","twitter_card":"summary_large_image","twitter_misc":{"Est. reading time":"2 minutes"},"schema":{"@context":"https:\/\/schema.org","@graph":[{"@type":"WebPage","@id":"https:\/\/cfcaracas.org\/sv\/el-colegio\/proyecto-label-france\/","url":"https:\/\/cfcaracas.org\/sv\/el-colegio\/proyecto-label-france\/","name":"Proyecto Label France - COLEGIO FRANCIA","isPartOf":{"@id":"https:\/\/cfcaracas.org\/sv\/#website"},"datePublished":"2019-09-07T23:11:42+00:00","dateModified":"2021-03-28T03:05:34+00:00","breadcrumb":{"@id":"https:\/\/cfcaracas.org\/sv\/el-colegio\/proyecto-label-france\/#breadcrumb"},"inLanguage":"en-US","potentialAction":[{"@type":"ReadAction","target":["https:\/\/cfcaracas.org\/sv\/el-colegio\/proyecto-label-france\/"]}]},{"@type":"BreadcrumbList","@id":"https:\/\/cfcaracas.org\/sv\/el-colegio\/proyecto-label-france\/#breadcrumb","itemListElement":[{"@type":"ListItem","position":1,"name":"Home","item":"https:\/\/cfcaracas.org\/sv\/"},{"@type":"ListItem","position":2,"name":"EL COLEGIO","item":"https:\/\/cfcaracas.org\/sv\/el-colegio\/"},{"@type":"ListItem","position":3,"name":"Proyecto Label France"}]},{"@type":"WebSite","@id":"https:\/\/cfcaracas.org\/sv\/#website","url":"https:\/\/cfcaracas.org\/sv\/","name":"COLEGIO FRANCIA","description":"Colegio Francia, algo m\u00e1s que un colegio","publisher":{"@id":"https:\/\/cfcaracas.org\/sv\/#organization"},"potentialAction":[{"@type":"SearchAction","target":{"@type":"EntryPoint","urlTemplate":"https:\/\/cfcaracas.org\/sv\/?s={search_term_string}"},"query-input":{"@type":"PropertyValueSpecification","valueRequired":true,"valueName":"search_term_string"}}],"inLanguage":"en-US"},{"@type":"Organization","@id":"https:\/\/cfcaracas.org\/sv\/#organization","name":"U.E. Colegio Francia de Caracas","url":"https:\/\/cfcaracas.org\/sv\/","logo":{"@type":"ImageObject","inLanguage":"en-US","@id":"https:\/\/cfcaracas.org\/sv\/#\/schema\/logo\/image\/","url":"https:\/\/cfcaracas.org\/sv\/wp-content\/uploads\/LOGO-COLEGIO-FRANCIA-01.png","contentUrl":"https:\/\/cfcaracas.org\/sv\/wp-content\/uploads\/LOGO-COLEGIO-FRANCIA-01.png","width":851,"height":1135,"caption":"U.E. Colegio Francia de Caracas"},"image":{"@id":"https:\/\/cfcaracas.org\/sv\/#\/schema\/logo\/image\/"}}]}},"_links":{"self":[{"href":"https:\/\/cfcaracas.org\/sv\/wp-json\/wp\/v2\/pages\/228398","targetHints":{"allow":["GET"]}}],"collection":[{"href":"https:\/\/cfcaracas.org\/sv\/wp-json\/wp\/v2\/pages"}],"about":[{"href":"https:\/\/cfcaracas.org\/sv\/wp-json\/wp\/v2\/types\/page"}],"author":[{"embeddable":true,"href":"https:\/\/cfcaracas.org\/sv\/wp-json\/wp\/v2\/users\/1"}],"replies":[{"embeddable":true,"href":"https:\/\/cfcaracas.org\/sv\/wp-json\/wp\/v2\/comments?post=228398"}],"version-history":[{"count":0,"href":"https:\/\/cfcaracas.org\/sv\/wp-json\/wp\/v2\/pages\/228398\/revisions"}],"up":[{"embeddable":true,"href":"https:\/\/cfcaracas.org\/sv\/wp-json\/wp\/v2\/pages\/228535"}],"wp:attachment":[{"href":"https:\/\/cfcaracas.org\/sv\/wp-json\/wp\/v2\/media?parent=228398"}],"curies":[{"name":"wp","href":"https:\/\/api.w.org\/{rel}","templated":true}]}}