{"id":228591,"date":"2020-02-14T17:43:07","date_gmt":"2020-02-14T21:43:07","guid":{"rendered":"http:\/\/cfcaracas.org\/sv\/?page_id=228591"},"modified":"2024-10-07T15:25:22","modified_gmt":"2024-10-07T19:25:22","slug":"seguro-escolar","status":"publish","type":"page","link":"https:\/\/cfcaracas.org\/sv\/admisiones\/seguro-escolar\/","title":{"rendered":"Seguro Escolar"},"content":{"rendered":"<p>[et_pb_section fb_built=&#8221;1&#8243; _builder_version=&#8221;4.16&#8243; background_color=&#8221;#e9eff3&#8243; background_image=&#8221;https:\/\/cfcaracas.org\/sv\/wp-content\/uploads\/shapes-bg-color.png&#8221; parallax=&#8221;on&#8221; custom_padding=&#8221;27px||0px|||&#8221; bottom_divider_color=&#8221;#065b99&#8243; global_colors_info=&#8221;{}&#8221;][et_pb_row _builder_version=&#8221;4.16&#8243; custom_padding=&#8221;0px||0px|||&#8221; global_colors_info=&#8221;{}&#8221;][et_pb_column type=&#8221;4_4&#8243; _builder_version=&#8221;4.16&#8243; global_colors_info=&#8221;{}&#8221;][et_pb_dmb_breadcrumbs font_icon=&#8221;%%194%%&#8221; home_icon=&#8221;%%236%%&#8221; use_home_text=&#8221;on&#8221; home_text=&#8221;Inicio&#8221; _builder_version=&#8221;4.16&#8243; body_font=&#8221;|600|||||||&#8221; separator_text_color=&#8221;#0c71c3&#8243; global_colors_info=&#8221;{}&#8221;][\/et_pb_dmb_breadcrumbs][\/et_pb_column][\/et_pb_row][et_pb_row column_structure=&#8221;2_3,1_3&#8243; _builder_version=&#8221;4.16&#8243; global_colors_info=&#8221;{}&#8221;][et_pb_column type=&#8221;2_3&#8243; _builder_version=&#8221;4.16&#8243; background_color=&#8221;#ffffff&#8221; custom_padding=&#8221;25px|25px|25px|25px|true|true&#8221; border_radii=&#8221;on|16px|16px|16px|16px&#8221; box_shadow_style=&#8221;preset2&#8243; global_colors_info=&#8221;{}&#8221; custom_padding__hover=&#8221;|||&#8221;][et_pb_image src=&#8221;https:\/\/cfcaracas.org\/sv\/wp-content\/uploads\/logoCJ-LUNA.jpg&#8221; title_text=&#8221;logoCJ-LUNA&#8221; align=&#8221;center&#8221; _builder_version=&#8221;4.16&#8243; custom_margin=&#8221;||35px|||&#8221; global_colors_info=&#8221;{}&#8221;][\/et_pb_image][et_pb_text _builder_version=&#8221;4.27.2&#8243; custom_padding=&#8221;||0px|||&#8221; hover_enabled=&#8221;0&#8243; global_colors_info=&#8221;{}&#8221; sticky_enabled=&#8221;0&#8243;]<\/p>\n<h1>Seguro Escolar<\/h1>\n<p>El Colegio Francia tiene un contrato de seguro con la Aseguradora C&amp;J Luna que cubre a los estudiantes durante el horario escolar y fuera de la instituci\u00f3n, es decir, las 24 horas del d\u00eda, los siete d\u00edas de la semana.<\/p>\n<p><strong>En caso de una emergencia:<\/strong><\/p>\n<ul>\n<li>Llevar al alumno o representado a la instituci\u00f3n m\u00e9dica m\u00e1s cercana.<\/li>\n<li>Cobertura 24 horas dentro y fuera del Colegio.<\/li>\n<li>Guarda en tu celular el N\u00famero de P\u00f3liza 1- 33- 22011120 (la cl\u00ednica podr\u00eda solicitarlo)<\/li>\n<\/ul>\n<p><strong>Datos necesarios:<\/strong><\/p>\n<p><strong><\/strong><\/p>\n<ul>\n<li>\u00danicamente debes informar a la Cl\u00ednica los siguientes datos:<\/li>\n<li>P\u00f3liza en d\u00f3lares de Accidentes Escolares. <strong>No. 1- 33- 22011120<\/strong>.<\/li>\n<li>Rif del Colegio Francia:<strong> J-00092555-0<\/strong><\/li>\n<li>Empresa Aseguradora: <strong>Seguros Caracas.<\/strong><\/li>\n<li>Nombre completo del alumno.<\/li>\n<li>Grado que estudia.<\/li>\n<\/ul>\n<p>[\/et_pb_text][et_pb_text _builder_version=&#8221;4.27.2&#8243; min_height=&#8221;226px&#8221; custom_margin=&#8221;||-27px|||&#8221; global_colors_info=&#8221;{}&#8221;]<\/p>\n<p><span style=\"color: #746dcf; font-size: 19px; text-transform: uppercase;\">C\u00f3mo hacer un buen uso de la p\u00f3liza de accidentes escolares:<\/span><\/p>\n<p>Te invitamos a consultar la presentaci\u00f3n de la aseguradora para conocer el procedimiento para:<\/p>\n<ul>\n<li>Carta aval<\/li>\n<li>Atenci\u00f3n de emergencia<\/li>\n<li>Reembolsos<\/li>\n<li>Atenci\u00f3n preferencial<\/li>\n<li>Amis Plus<\/li>\n<li>Odontolog\u00eda<\/li>\n<li>Oftalmolog\u00eda<\/li>\n<li>Psicolog\u00eda<\/li>\n<\/ul>\n<p>&nbsp;<\/p>\n<p>[\/et_pb_text][et_pb_button button_url=&#8221;https:\/\/cfcaracas.org\/sv\/wp-content\/uploads\/Folleto_SegurosCaracas24-25.pdf&#8221; button_text=&#8221;Clic aqu\u00ed para descargar folleto de Seguro Caracas&#8221; _builder_version=&#8221;4.27.2&#8243; _module_preset=&#8221;default&#8221; global_colors_info=&#8221;{}&#8221;][\/et_pb_button][et_pb_text _builder_version=&#8221;4.23.1&#8243; global_colors_info=&#8221;{}&#8221;]<\/p>\n<p><span style=\"color: #746dcf; font-size: 19px; text-transform: uppercase;\">Contacto:<\/span><\/p>\n<p>Si deseas contactar directamente al corredor del seguro del colegio, puedes hacerlo, los 365 d\u00edas a cualquier hora del d\u00eda a trav\u00e9s de los siguientes n\u00fameros:<\/p>\n<p>Tel\u00e9fono: <strong>+ 58 212 994.13.76<\/strong><br \/>Tel\u00e9fono: <strong>+ 58 212 994.15.04<\/strong><\/p>\n<p>Av. Paseo Eraso, Torre Tamanaco, Piso 8, Ofic. 8D<br \/>Urb. San Rom\u00e1n. Caracas, Venezuela<br \/>Web: www.seguros-cjl.com<\/p>\n<h1><\/h1>\n<h1>Tel\u00e9fono de Emergencia<\/h1>\n<p><strong>Fuera de horario de oficina:<\/strong><br \/><strong>WhatsApp:<\/strong> <strong>+58 412.225.52.55<\/strong><\/p>\n<p>[\/et_pb_text][\/et_pb_column][et_pb_column type=&#8221;1_3&#8243; _builder_version=&#8221;4.16&#8243; z_index=&#8221;10&#8243; custom_padding=&#8221;|||&#8221; global_colors_info=&#8221;{}&#8221; custom_padding__hover=&#8221;|||&#8221;][et_pb_blog fullwidth=&#8221;off&#8221; posts_number=&#8221;2&#8243; include_categories=&#8221;5,22&#8243; show_more=&#8221;on&#8221; show_author=&#8221;off&#8221; _builder_version=&#8221;4.16&#8243; pagination_font=&#8221;||||||||&#8221; border_radii=&#8221;on|15px|15px|15px|15px&#8221; border_radii_image=&#8221;||||&#8221; box_shadow_style=&#8221;preset1&#8243; global_colors_info=&#8221;{}&#8221;][\/et_pb_blog][\/et_pb_column][\/et_pb_row][\/et_pb_section]<\/p>\n","protected":false},"excerpt":{"rendered":"<p>Una herramienta fundamental para garantizar que nuestros estudiantes reciban la atenci\u00f3n inmediata y adecuada ante cualquier eventualidad.<\/p>\n","protected":false},"author":1,"featured_media":0,"parent":228532,"menu_order":0,"comment_status":"closed","ping_status":"closed","template":"","meta":{"_et_pb_use_builder":"on","_et_pb_old_content":"","_et_gb_content_width":"","_monsterinsights_skip_tracking":false,"_monsterinsights_sitenote_active":false,"_monsterinsights_sitenote_note":"","_monsterinsights_sitenote_category":0,"footnotes":""},"class_list":["post-228591","page","type-page","status-publish","hentry"],"yoast_head":"<!-- This site is optimized with the Yoast SEO plugin v27.3 - https:\/\/yoast.com\/product\/yoast-seo-wordpress\/ -->\n<title>Seguro Escolar - COLEGIO FRANCIA<\/title>\n<meta name=\"robots\" content=\"index, follow, max-snippet:-1, max-image-preview:large, max-video-preview:-1\" \/>\n<link rel=\"canonical\" href=\"https:\/\/cfcaracas.org\/sv\/admisiones\/seguro-escolar\/\" \/>\n<meta property=\"og:locale\" content=\"en_US\" \/>\n<meta property=\"og:type\" content=\"article\" \/>\n<meta property=\"og:title\" content=\"Seguro Escolar - COLEGIO FRANCIA\" \/>\n<meta property=\"og:description\" content=\"Una herramienta fundamental para garantizar que nuestros estudiantes reciban la atenci\u00f3n inmediata y adecuada ante cualquier eventualidad.\" \/>\n<meta property=\"og:url\" content=\"https:\/\/cfcaracas.org\/sv\/admisiones\/seguro-escolar\/\" \/>\n<meta property=\"og:site_name\" content=\"COLEGIO FRANCIA\" \/>\n<meta property=\"article:modified_time\" content=\"2024-10-07T19:25:22+00:00\" \/>\n<meta name=\"twitter:card\" content=\"summary_large_image\" \/>\n<meta name=\"twitter:label1\" content=\"Est. reading time\" \/>\n\t<meta name=\"twitter:data1\" content=\"3 minutes\" \/>\n<script type=\"application\/ld+json\" class=\"yoast-schema-graph\">{\"@context\":\"https:\\\/\\\/schema.org\",\"@graph\":[{\"@type\":\"WebPage\",\"@id\":\"https:\\\/\\\/cfcaracas.org\\\/sv\\\/admisiones\\\/seguro-escolar\\\/\",\"url\":\"https:\\\/\\\/cfcaracas.org\\\/sv\\\/admisiones\\\/seguro-escolar\\\/\",\"name\":\"Seguro Escolar - COLEGIO FRANCIA\",\"isPartOf\":{\"@id\":\"https:\\\/\\\/cfcaracas.org\\\/sv\\\/#website\"},\"datePublished\":\"2020-02-14T21:43:07+00:00\",\"dateModified\":\"2024-10-07T19:25:22+00:00\",\"breadcrumb\":{\"@id\":\"https:\\\/\\\/cfcaracas.org\\\/sv\\\/admisiones\\\/seguro-escolar\\\/#breadcrumb\"},\"inLanguage\":\"en-US\",\"potentialAction\":[{\"@type\":\"ReadAction\",\"target\":[\"https:\\\/\\\/cfcaracas.org\\\/sv\\\/admisiones\\\/seguro-escolar\\\/\"]}]},{\"@type\":\"BreadcrumbList\",\"@id\":\"https:\\\/\\\/cfcaracas.org\\\/sv\\\/admisiones\\\/seguro-escolar\\\/#breadcrumb\",\"itemListElement\":[{\"@type\":\"ListItem\",\"position\":1,\"name\":\"Home\",\"item\":\"https:\\\/\\\/cfcaracas.org\\\/sv\\\/\"},{\"@type\":\"ListItem\",\"position\":2,\"name\":\"ADMISIONES\",\"item\":\"https:\\\/\\\/cfcaracas.org\\\/sv\\\/admisiones\\\/\"},{\"@type\":\"ListItem\",\"position\":3,\"name\":\"Seguro Escolar\"}]},{\"@type\":\"WebSite\",\"@id\":\"https:\\\/\\\/cfcaracas.org\\\/sv\\\/#website\",\"url\":\"https:\\\/\\\/cfcaracas.org\\\/sv\\\/\",\"name\":\"COLEGIO FRANCIA\",\"description\":\"Colegio Francia, algo m\u00e1s que un colegio\",\"publisher\":{\"@id\":\"https:\\\/\\\/cfcaracas.org\\\/sv\\\/#organization\"},\"potentialAction\":[{\"@type\":\"SearchAction\",\"target\":{\"@type\":\"EntryPoint\",\"urlTemplate\":\"https:\\\/\\\/cfcaracas.org\\\/sv\\\/?s={search_term_string}\"},\"query-input\":{\"@type\":\"PropertyValueSpecification\",\"valueRequired\":true,\"valueName\":\"search_term_string\"}}],\"inLanguage\":\"en-US\"},{\"@type\":\"Organization\",\"@id\":\"https:\\\/\\\/cfcaracas.org\\\/sv\\\/#organization\",\"name\":\"U.E. Colegio Francia de Caracas\",\"url\":\"https:\\\/\\\/cfcaracas.org\\\/sv\\\/\",\"logo\":{\"@type\":\"ImageObject\",\"inLanguage\":\"en-US\",\"@id\":\"https:\\\/\\\/cfcaracas.org\\\/sv\\\/#\\\/schema\\\/logo\\\/image\\\/\",\"url\":\"https:\\\/\\\/cfcaracas.org\\\/sv\\\/wp-content\\\/uploads\\\/LOGO-COLEGIO-FRANCIA-01.png\",\"contentUrl\":\"https:\\\/\\\/cfcaracas.org\\\/sv\\\/wp-content\\\/uploads\\\/LOGO-COLEGIO-FRANCIA-01.png\",\"width\":851,\"height\":1135,\"caption\":\"U.E. Colegio Francia de Caracas\"},\"image\":{\"@id\":\"https:\\\/\\\/cfcaracas.org\\\/sv\\\/#\\\/schema\\\/logo\\\/image\\\/\"}}]}<\/script>\n<!-- \/ Yoast SEO plugin. -->","yoast_head_json":{"title":"Seguro Escolar - COLEGIO FRANCIA","robots":{"index":"index","follow":"follow","max-snippet":"max-snippet:-1","max-image-preview":"max-image-preview:large","max-video-preview":"max-video-preview:-1"},"canonical":"https:\/\/cfcaracas.org\/sv\/admisiones\/seguro-escolar\/","og_locale":"en_US","og_type":"article","og_title":"Seguro Escolar - COLEGIO FRANCIA","og_description":"Una herramienta fundamental para garantizar que nuestros estudiantes reciban la atenci\u00f3n inmediata y adecuada ante cualquier eventualidad.","og_url":"https:\/\/cfcaracas.org\/sv\/admisiones\/seguro-escolar\/","og_site_name":"COLEGIO FRANCIA","article_modified_time":"2024-10-07T19:25:22+00:00","twitter_card":"summary_large_image","twitter_misc":{"Est. reading time":"3 minutes"},"schema":{"@context":"https:\/\/schema.org","@graph":[{"@type":"WebPage","@id":"https:\/\/cfcaracas.org\/sv\/admisiones\/seguro-escolar\/","url":"https:\/\/cfcaracas.org\/sv\/admisiones\/seguro-escolar\/","name":"Seguro Escolar - COLEGIO FRANCIA","isPartOf":{"@id":"https:\/\/cfcaracas.org\/sv\/#website"},"datePublished":"2020-02-14T21:43:07+00:00","dateModified":"2024-10-07T19:25:22+00:00","breadcrumb":{"@id":"https:\/\/cfcaracas.org\/sv\/admisiones\/seguro-escolar\/#breadcrumb"},"inLanguage":"en-US","potentialAction":[{"@type":"ReadAction","target":["https:\/\/cfcaracas.org\/sv\/admisiones\/seguro-escolar\/"]}]},{"@type":"BreadcrumbList","@id":"https:\/\/cfcaracas.org\/sv\/admisiones\/seguro-escolar\/#breadcrumb","itemListElement":[{"@type":"ListItem","position":1,"name":"Home","item":"https:\/\/cfcaracas.org\/sv\/"},{"@type":"ListItem","position":2,"name":"ADMISIONES","item":"https:\/\/cfcaracas.org\/sv\/admisiones\/"},{"@type":"ListItem","position":3,"name":"Seguro Escolar"}]},{"@type":"WebSite","@id":"https:\/\/cfcaracas.org\/sv\/#website","url":"https:\/\/cfcaracas.org\/sv\/","name":"COLEGIO FRANCIA","description":"Colegio Francia, algo m\u00e1s que un colegio","publisher":{"@id":"https:\/\/cfcaracas.org\/sv\/#organization"},"potentialAction":[{"@type":"SearchAction","target":{"@type":"EntryPoint","urlTemplate":"https:\/\/cfcaracas.org\/sv\/?s={search_term_string}"},"query-input":{"@type":"PropertyValueSpecification","valueRequired":true,"valueName":"search_term_string"}}],"inLanguage":"en-US"},{"@type":"Organization","@id":"https:\/\/cfcaracas.org\/sv\/#organization","name":"U.E. Colegio Francia de Caracas","url":"https:\/\/cfcaracas.org\/sv\/","logo":{"@type":"ImageObject","inLanguage":"en-US","@id":"https:\/\/cfcaracas.org\/sv\/#\/schema\/logo\/image\/","url":"https:\/\/cfcaracas.org\/sv\/wp-content\/uploads\/LOGO-COLEGIO-FRANCIA-01.png","contentUrl":"https:\/\/cfcaracas.org\/sv\/wp-content\/uploads\/LOGO-COLEGIO-FRANCIA-01.png","width":851,"height":1135,"caption":"U.E. Colegio Francia de Caracas"},"image":{"@id":"https:\/\/cfcaracas.org\/sv\/#\/schema\/logo\/image\/"}}]}},"_links":{"self":[{"href":"https:\/\/cfcaracas.org\/sv\/wp-json\/wp\/v2\/pages\/228591","targetHints":{"allow":["GET"]}}],"collection":[{"href":"https:\/\/cfcaracas.org\/sv\/wp-json\/wp\/v2\/pages"}],"about":[{"href":"https:\/\/cfcaracas.org\/sv\/wp-json\/wp\/v2\/types\/page"}],"author":[{"embeddable":true,"href":"https:\/\/cfcaracas.org\/sv\/wp-json\/wp\/v2\/users\/1"}],"replies":[{"embeddable":true,"href":"https:\/\/cfcaracas.org\/sv\/wp-json\/wp\/v2\/comments?post=228591"}],"version-history":[{"count":10,"href":"https:\/\/cfcaracas.org\/sv\/wp-json\/wp\/v2\/pages\/228591\/revisions"}],"predecessor-version":[{"id":238379,"href":"https:\/\/cfcaracas.org\/sv\/wp-json\/wp\/v2\/pages\/228591\/revisions\/238379"}],"up":[{"embeddable":true,"href":"https:\/\/cfcaracas.org\/sv\/wp-json\/wp\/v2\/pages\/228532"}],"wp:attachment":[{"href":"https:\/\/cfcaracas.org\/sv\/wp-json\/wp\/v2\/media?parent=228591"}],"curies":[{"name":"wp","href":"https:\/\/api.w.org\/{rel}","templated":true}]}}