{"id":228957,"date":"2020-03-08T11:15:28","date_gmt":"2020-03-08T15:15:28","guid":{"rendered":"http:\/\/cfcaracas.org\/sv\/?page_id=228957"},"modified":"2025-09-15T08:48:45","modified_gmt":"2025-09-15T12:48:45","slug":"lista-utiles-escolares-2025","status":"publish","type":"page","link":"https:\/\/cfcaracas.org\/sv\/vida-en-el-colegio\/coordinacion-de-primaria\/lista-utiles-escolares-2025\/","title":{"rendered":"Lista \u00datiles Escolares 2025-2026"},"content":{"rendered":"<p>[et_pb_section fb_built=&#8221;1&#8243; _builder_version=&#8221;4.16&#8243; background_color=&#8221;#e9eff3&#8243; background_image=&#8221;https:\/\/cfcaracas.org\/sv\/wp-content\/uploads\/shapes-bg-color.png&#8221; parallax=&#8221;on&#8221; custom_padding=&#8221;27px||0px|||&#8221; bottom_divider_color=&#8221;#065b99&#8243; global_colors_info=&#8221;{}&#8221;][et_pb_row _builder_version=&#8221;4.16&#8243; custom_padding=&#8221;0px||0px|||&#8221; global_colors_info=&#8221;{}&#8221;][et_pb_column type=&#8221;4_4&#8243; _builder_version=&#8221;4.16&#8243; global_colors_info=&#8221;{}&#8221;][et_pb_dmb_breadcrumbs font_icon=&#8221;%%194%%&#8221; home_icon=&#8221;%%236%%&#8221; use_home_text=&#8221;on&#8221; home_text=&#8221;Inicio&#8221; _builder_version=&#8221;4.16&#8243; body_font=&#8221;|600|||||||&#8221; separator_text_color=&#8221;#0c71c3&#8243; global_colors_info=&#8221;{}&#8221;][\/et_pb_dmb_breadcrumbs][\/et_pb_column][\/et_pb_row][et_pb_row column_structure=&#8221;2_3,1_3&#8243; _builder_version=&#8221;4.16&#8243; global_colors_info=&#8221;{}&#8221;][et_pb_column type=&#8221;2_3&#8243; _builder_version=&#8221;4.16&#8243; background_color=&#8221;#ffffff&#8221; custom_padding=&#8221;25px|25px|25px|25px|true|true&#8221; border_radii=&#8221;on|16px|16px|16px|16px&#8221; box_shadow_style=&#8221;preset2&#8243; global_colors_info=&#8221;{}&#8221; custom_padding__hover=&#8221;|||&#8221;][et_pb_image src=&#8221;https:\/\/cfcaracas.org\/sv\/wp-content\/uploads\/FotoListaEscolar.png&#8221; title_text=&#8221;FotoListaEscolar&#8221; _builder_version=&#8221;4.21.0&#8243; global_colors_info=&#8221;{}&#8221;][\/et_pb_image][et_pb_text _builder_version=&#8221;4.27.4&#8243; min_height=&#8221;30.2px&#8221; custom_margin=&#8221;||-5px|||&#8221; global_colors_info=&#8221;{}&#8221;]<\/p>\n<p>Descargue aqu\u00ed la lista de \u00fatiles escolares 2025 &#8211; 2026 correspondiente al grado de su representado:<\/p>\n<p>&nbsp;<\/p>\n<p>[\/et_pb_text][et_pb_button button_url=&#8221;https:\/\/cfcaracas.org\/sv\/wp-content\/uploads\/ListaEscolar_2025-2026_1ERGRADO.pdf&#8221; url_new_window=&#8221;on&#8221; button_text=&#8221;LISTA DE 1ER GRADO&#8221; _builder_version=&#8221;4.27.4&#8243; _module_preset=&#8221;default&#8221; button_text_color=&#8221;rgba(0,0,0,0.8)&#8221; button_bg_color=&#8221;rgba(82,155,0,0.45)&#8221; button_border_width=&#8221;0px&#8221; global_colors_info=&#8221;{}&#8221;][\/et_pb_button][et_pb_button button_url=&#8221;https:\/\/cfcaracas.org\/sv\/wp-content\/uploads\/ListaEscolar_2025-2026_2DOGRADO.pdf&#8221; url_new_window=&#8221;on&#8221; button_text=&#8221;LISTA DE 2DO GRADO&#8221; _builder_version=&#8221;4.27.4&#8243; _module_preset=&#8221;default&#8221; button_text_color=&#8221;rgba(0,0,0,0.8)&#8221; button_bg_color=&#8221;rgba(221,181,4,0.59)&#8221; button_border_width=&#8221;0px&#8221; global_colors_info=&#8221;{}&#8221;][\/et_pb_button][et_pb_button button_url=&#8221;https:\/\/cfcaracas.org\/sv\/wp-content\/uploads\/ListaEscolar_2025-2026_3ERGRADO.pdf&#8221; url_new_window=&#8221;on&#8221; button_text=&#8221;LISTA DE 3ER GRADO&#8221; _builder_version=&#8221;4.27.4&#8243; _module_preset=&#8221;default&#8221; button_text_color=&#8221;rgba(0,0,0,0.9)&#8221; button_bg_color=&#8221;rgba(226,143,0,0.5)&#8221; button_border_width=&#8221;0px&#8221; global_colors_info=&#8221;{}&#8221;][\/et_pb_button][et_pb_button button_url=&#8221;https:\/\/cfcaracas.org\/sv\/wp-content\/uploads\/ListaEscolar_2025-2026_4TOGRADO.pdf&#8221; url_new_window=&#8221;on&#8221; button_text=&#8221;LISTA DE 4TO GRADO&#8221; _builder_version=&#8221;4.27.4&#8243; _module_preset=&#8221;default&#8221; button_text_color=&#8221;rgba(0,0,0,0.9)&#8221; button_bg_color=&#8221;rgba(232,21,13,0.48)&#8221; button_border_width=&#8221;0px&#8221; global_colors_info=&#8221;{}&#8221;][\/et_pb_button][et_pb_button button_url=&#8221;https:\/\/cfcaracas.org\/sv\/wp-content\/uploads\/ListaEscolar_2025-2026_5TOGRADO.pdf&#8221; url_new_window=&#8221;on&#8221; button_text=&#8221;LISTA DE 5TO GRADO&#8221; _builder_version=&#8221;4.27.4&#8243; _module_preset=&#8221;default&#8221; button_text_color=&#8221;rgba(0,0,0,0.8)&#8221; button_bg_color=&#8221;rgba(159,9,234,0.24)&#8221; button_border_width=&#8221;0px&#8221; global_colors_info=&#8221;{}&#8221;][\/et_pb_button][et_pb_button button_url=&#8221;https:\/\/cfcaracas.org\/sv\/wp-content\/uploads\/ListaEscolar_2025-2026_6TOGRADO.pdf&#8221; url_new_window=&#8221;on&#8221; button_text=&#8221;LISTA DE 6TO GRADO&#8221; _builder_version=&#8221;4.27.4&#8243; _module_preset=&#8221;default&#8221; button_text_color=&#8221;rgba(0,0,0,0.8)&#8221; button_bg_color=&#8221;rgba(12,113,195,0.3)&#8221; button_border_width=&#8221;0px&#8221; global_colors_info=&#8221;{}&#8221;][\/et_pb_button][\/et_pb_column][et_pb_column type=&#8221;1_3&#8243; _builder_version=&#8221;4.16&#8243; z_index=&#8221;10&#8243; custom_padding=&#8221;|||&#8221; global_colors_info=&#8221;{}&#8221; custom_padding__hover=&#8221;|||&#8221;][et_pb_blog fullwidth=&#8221;off&#8221; posts_number=&#8221;2&#8243; include_categories=&#8221;5&#8243; show_more=&#8221;on&#8221; show_author=&#8221;off&#8221; _builder_version=&#8221;4.16&#8243; pagination_font=&#8221;||||||||&#8221; border_radii=&#8221;on|15px|15px|15px|15px&#8221; border_radii_image=&#8221;||||&#8221; box_shadow_style=&#8221;preset1&#8243; global_colors_info=&#8221;{}&#8221;][\/et_pb_blog][\/et_pb_column][\/et_pb_row][\/et_pb_section]<\/p>\n","protected":false},"excerpt":{"rendered":"<p>Descargue aqu\u00ed la lista de \u00fatiles escolares 2025 &#8211; 2026 correspondiente al grado de su representado: &nbsp;<\/p>\n","protected":false},"author":5,"featured_media":239619,"parent":236351,"menu_order":0,"comment_status":"closed","ping_status":"closed","template":"","meta":{"_et_pb_use_builder":"on","_et_pb_old_content":"","_et_gb_content_width":"","_monsterinsights_skip_tracking":false,"_monsterinsights_sitenote_active":false,"_monsterinsights_sitenote_note":"","_monsterinsights_sitenote_category":0,"footnotes":""},"class_list":["post-228957","page","type-page","status-publish","has-post-thumbnail","hentry"],"yoast_head":"<!-- This site is optimized with the Yoast SEO plugin v27.3 - https:\/\/yoast.com\/product\/yoast-seo-wordpress\/ -->\n<title>Lista \u00datiles Escolares 2025-2026 - COLEGIO FRANCIA<\/title>\n<meta name=\"robots\" content=\"index, follow, max-snippet:-1, max-image-preview:large, max-video-preview:-1\" \/>\n<link rel=\"canonical\" href=\"https:\/\/cfcaracas.org\/sv\/vida-en-el-colegio\/coordinacion-de-primaria\/lista-utiles-escolares-2025\/\" \/>\n<meta property=\"og:locale\" content=\"en_US\" \/>\n<meta property=\"og:type\" content=\"article\" \/>\n<meta property=\"og:title\" content=\"Lista \u00datiles Escolares 2025-2026 - COLEGIO FRANCIA\" \/>\n<meta property=\"og:description\" content=\"Descargue aqu\u00ed la lista de \u00fatiles escolares 2025 - 2026 correspondiente al grado de su representado: &nbsp;\" \/>\n<meta property=\"og:url\" content=\"https:\/\/cfcaracas.org\/sv\/vida-en-el-colegio\/coordinacion-de-primaria\/lista-utiles-escolares-2025\/\" \/>\n<meta property=\"og:site_name\" content=\"COLEGIO FRANCIA\" \/>\n<meta property=\"article:modified_time\" content=\"2025-09-15T12:48:45+00:00\" \/>\n<meta property=\"og:image\" content=\"https:\/\/cfcaracas.org\/sv\/wp-content\/uploads\/Foto_ListaEscolar.png\" \/>\n\t<meta property=\"og:image:width\" content=\"1668\" \/>\n\t<meta property=\"og:image:height\" content=\"798\" \/>\n\t<meta property=\"og:image:type\" content=\"image\/png\" \/>\n<meta name=\"twitter:card\" content=\"summary_large_image\" \/>\n<meta name=\"twitter:label1\" content=\"Est. reading time\" \/>\n\t<meta name=\"twitter:data1\" content=\"2 minutes\" \/>\n<script type=\"application\/ld+json\" class=\"yoast-schema-graph\">{\"@context\":\"https:\\\/\\\/schema.org\",\"@graph\":[{\"@type\":\"WebPage\",\"@id\":\"https:\\\/\\\/cfcaracas.org\\\/sv\\\/vida-en-el-colegio\\\/coordinacion-de-primaria\\\/lista-utiles-escolares-2025\\\/\",\"url\":\"https:\\\/\\\/cfcaracas.org\\\/sv\\\/vida-en-el-colegio\\\/coordinacion-de-primaria\\\/lista-utiles-escolares-2025\\\/\",\"name\":\"Lista \u00datiles Escolares 2025-2026 - COLEGIO FRANCIA\",\"isPartOf\":{\"@id\":\"https:\\\/\\\/cfcaracas.org\\\/sv\\\/#website\"},\"primaryImageOfPage\":{\"@id\":\"https:\\\/\\\/cfcaracas.org\\\/sv\\\/vida-en-el-colegio\\\/coordinacion-de-primaria\\\/lista-utiles-escolares-2025\\\/#primaryimage\"},\"image\":{\"@id\":\"https:\\\/\\\/cfcaracas.org\\\/sv\\\/vida-en-el-colegio\\\/coordinacion-de-primaria\\\/lista-utiles-escolares-2025\\\/#primaryimage\"},\"thumbnailUrl\":\"https:\\\/\\\/cfcaracas.org\\\/sv\\\/wp-content\\\/uploads\\\/Foto_ListaEscolar.png\",\"datePublished\":\"2020-03-08T15:15:28+00:00\",\"dateModified\":\"2025-09-15T12:48:45+00:00\",\"breadcrumb\":{\"@id\":\"https:\\\/\\\/cfcaracas.org\\\/sv\\\/vida-en-el-colegio\\\/coordinacion-de-primaria\\\/lista-utiles-escolares-2025\\\/#breadcrumb\"},\"inLanguage\":\"en-US\",\"potentialAction\":[{\"@type\":\"ReadAction\",\"target\":[\"https:\\\/\\\/cfcaracas.org\\\/sv\\\/vida-en-el-colegio\\\/coordinacion-de-primaria\\\/lista-utiles-escolares-2025\\\/\"]}]},{\"@type\":\"ImageObject\",\"inLanguage\":\"en-US\",\"@id\":\"https:\\\/\\\/cfcaracas.org\\\/sv\\\/vida-en-el-colegio\\\/coordinacion-de-primaria\\\/lista-utiles-escolares-2025\\\/#primaryimage\",\"url\":\"https:\\\/\\\/cfcaracas.org\\\/sv\\\/wp-content\\\/uploads\\\/Foto_ListaEscolar.png\",\"contentUrl\":\"https:\\\/\\\/cfcaracas.org\\\/sv\\\/wp-content\\\/uploads\\\/Foto_ListaEscolar.png\",\"width\":1668,\"height\":798},{\"@type\":\"BreadcrumbList\",\"@id\":\"https:\\\/\\\/cfcaracas.org\\\/sv\\\/vida-en-el-colegio\\\/coordinacion-de-primaria\\\/lista-utiles-escolares-2025\\\/#breadcrumb\",\"itemListElement\":[{\"@type\":\"ListItem\",\"position\":1,\"name\":\"Home\",\"item\":\"https:\\\/\\\/cfcaracas.org\\\/sv\\\/\"},{\"@type\":\"ListItem\",\"position\":2,\"name\":\"VIDA EN EL COLEGIO\",\"item\":\"https:\\\/\\\/cfcaracas.org\\\/sv\\\/vida-en-el-colegio\\\/\"},{\"@type\":\"ListItem\",\"position\":3,\"name\":\"Coordinaci\u00f3n de Primaria\",\"item\":\"https:\\\/\\\/cfcaracas.org\\\/sv\\\/vida-en-el-colegio\\\/coordinacion-de-primaria\\\/\"},{\"@type\":\"ListItem\",\"position\":4,\"name\":\"Lista \u00datiles Escolares 2025-2026\"}]},{\"@type\":\"WebSite\",\"@id\":\"https:\\\/\\\/cfcaracas.org\\\/sv\\\/#website\",\"url\":\"https:\\\/\\\/cfcaracas.org\\\/sv\\\/\",\"name\":\"COLEGIO FRANCIA\",\"description\":\"Colegio Francia, algo m\u00e1s que un colegio\",\"publisher\":{\"@id\":\"https:\\\/\\\/cfcaracas.org\\\/sv\\\/#organization\"},\"potentialAction\":[{\"@type\":\"SearchAction\",\"target\":{\"@type\":\"EntryPoint\",\"urlTemplate\":\"https:\\\/\\\/cfcaracas.org\\\/sv\\\/?s={search_term_string}\"},\"query-input\":{\"@type\":\"PropertyValueSpecification\",\"valueRequired\":true,\"valueName\":\"search_term_string\"}}],\"inLanguage\":\"en-US\"},{\"@type\":\"Organization\",\"@id\":\"https:\\\/\\\/cfcaracas.org\\\/sv\\\/#organization\",\"name\":\"U.E. Colegio Francia de Caracas\",\"url\":\"https:\\\/\\\/cfcaracas.org\\\/sv\\\/\",\"logo\":{\"@type\":\"ImageObject\",\"inLanguage\":\"en-US\",\"@id\":\"https:\\\/\\\/cfcaracas.org\\\/sv\\\/#\\\/schema\\\/logo\\\/image\\\/\",\"url\":\"https:\\\/\\\/cfcaracas.org\\\/sv\\\/wp-content\\\/uploads\\\/LOGO-COLEGIO-FRANCIA-01.png\",\"contentUrl\":\"https:\\\/\\\/cfcaracas.org\\\/sv\\\/wp-content\\\/uploads\\\/LOGO-COLEGIO-FRANCIA-01.png\",\"width\":851,\"height\":1135,\"caption\":\"U.E. Colegio Francia de Caracas\"},\"image\":{\"@id\":\"https:\\\/\\\/cfcaracas.org\\\/sv\\\/#\\\/schema\\\/logo\\\/image\\\/\"}}]}<\/script>\n<!-- \/ Yoast SEO plugin. -->","yoast_head_json":{"title":"Lista \u00datiles Escolares 2025-2026 - COLEGIO FRANCIA","robots":{"index":"index","follow":"follow","max-snippet":"max-snippet:-1","max-image-preview":"max-image-preview:large","max-video-preview":"max-video-preview:-1"},"canonical":"https:\/\/cfcaracas.org\/sv\/vida-en-el-colegio\/coordinacion-de-primaria\/lista-utiles-escolares-2025\/","og_locale":"en_US","og_type":"article","og_title":"Lista \u00datiles Escolares 2025-2026 - COLEGIO FRANCIA","og_description":"Descargue aqu\u00ed la lista de \u00fatiles escolares 2025 - 2026 correspondiente al grado de su representado: &nbsp;","og_url":"https:\/\/cfcaracas.org\/sv\/vida-en-el-colegio\/coordinacion-de-primaria\/lista-utiles-escolares-2025\/","og_site_name":"COLEGIO FRANCIA","article_modified_time":"2025-09-15T12:48:45+00:00","og_image":[{"width":1668,"height":798,"url":"https:\/\/cfcaracas.org\/sv\/wp-content\/uploads\/Foto_ListaEscolar.png","type":"image\/png"}],"twitter_card":"summary_large_image","twitter_misc":{"Est. reading time":"2 minutes"},"schema":{"@context":"https:\/\/schema.org","@graph":[{"@type":"WebPage","@id":"https:\/\/cfcaracas.org\/sv\/vida-en-el-colegio\/coordinacion-de-primaria\/lista-utiles-escolares-2025\/","url":"https:\/\/cfcaracas.org\/sv\/vida-en-el-colegio\/coordinacion-de-primaria\/lista-utiles-escolares-2025\/","name":"Lista \u00datiles Escolares 2025-2026 - COLEGIO FRANCIA","isPartOf":{"@id":"https:\/\/cfcaracas.org\/sv\/#website"},"primaryImageOfPage":{"@id":"https:\/\/cfcaracas.org\/sv\/vida-en-el-colegio\/coordinacion-de-primaria\/lista-utiles-escolares-2025\/#primaryimage"},"image":{"@id":"https:\/\/cfcaracas.org\/sv\/vida-en-el-colegio\/coordinacion-de-primaria\/lista-utiles-escolares-2025\/#primaryimage"},"thumbnailUrl":"https:\/\/cfcaracas.org\/sv\/wp-content\/uploads\/Foto_ListaEscolar.png","datePublished":"2020-03-08T15:15:28+00:00","dateModified":"2025-09-15T12:48:45+00:00","breadcrumb":{"@id":"https:\/\/cfcaracas.org\/sv\/vida-en-el-colegio\/coordinacion-de-primaria\/lista-utiles-escolares-2025\/#breadcrumb"},"inLanguage":"en-US","potentialAction":[{"@type":"ReadAction","target":["https:\/\/cfcaracas.org\/sv\/vida-en-el-colegio\/coordinacion-de-primaria\/lista-utiles-escolares-2025\/"]}]},{"@type":"ImageObject","inLanguage":"en-US","@id":"https:\/\/cfcaracas.org\/sv\/vida-en-el-colegio\/coordinacion-de-primaria\/lista-utiles-escolares-2025\/#primaryimage","url":"https:\/\/cfcaracas.org\/sv\/wp-content\/uploads\/Foto_ListaEscolar.png","contentUrl":"https:\/\/cfcaracas.org\/sv\/wp-content\/uploads\/Foto_ListaEscolar.png","width":1668,"height":798},{"@type":"BreadcrumbList","@id":"https:\/\/cfcaracas.org\/sv\/vida-en-el-colegio\/coordinacion-de-primaria\/lista-utiles-escolares-2025\/#breadcrumb","itemListElement":[{"@type":"ListItem","position":1,"name":"Home","item":"https:\/\/cfcaracas.org\/sv\/"},{"@type":"ListItem","position":2,"name":"VIDA EN EL COLEGIO","item":"https:\/\/cfcaracas.org\/sv\/vida-en-el-colegio\/"},{"@type":"ListItem","position":3,"name":"Coordinaci\u00f3n de Primaria","item":"https:\/\/cfcaracas.org\/sv\/vida-en-el-colegio\/coordinacion-de-primaria\/"},{"@type":"ListItem","position":4,"name":"Lista \u00datiles Escolares 2025-2026"}]},{"@type":"WebSite","@id":"https:\/\/cfcaracas.org\/sv\/#website","url":"https:\/\/cfcaracas.org\/sv\/","name":"COLEGIO FRANCIA","description":"Colegio Francia, algo m\u00e1s que un colegio","publisher":{"@id":"https:\/\/cfcaracas.org\/sv\/#organization"},"potentialAction":[{"@type":"SearchAction","target":{"@type":"EntryPoint","urlTemplate":"https:\/\/cfcaracas.org\/sv\/?s={search_term_string}"},"query-input":{"@type":"PropertyValueSpecification","valueRequired":true,"valueName":"search_term_string"}}],"inLanguage":"en-US"},{"@type":"Organization","@id":"https:\/\/cfcaracas.org\/sv\/#organization","name":"U.E. Colegio Francia de Caracas","url":"https:\/\/cfcaracas.org\/sv\/","logo":{"@type":"ImageObject","inLanguage":"en-US","@id":"https:\/\/cfcaracas.org\/sv\/#\/schema\/logo\/image\/","url":"https:\/\/cfcaracas.org\/sv\/wp-content\/uploads\/LOGO-COLEGIO-FRANCIA-01.png","contentUrl":"https:\/\/cfcaracas.org\/sv\/wp-content\/uploads\/LOGO-COLEGIO-FRANCIA-01.png","width":851,"height":1135,"caption":"U.E. Colegio Francia de Caracas"},"image":{"@id":"https:\/\/cfcaracas.org\/sv\/#\/schema\/logo\/image\/"}}]}},"_links":{"self":[{"href":"https:\/\/cfcaracas.org\/sv\/wp-json\/wp\/v2\/pages\/228957","targetHints":{"allow":["GET"]}}],"collection":[{"href":"https:\/\/cfcaracas.org\/sv\/wp-json\/wp\/v2\/pages"}],"about":[{"href":"https:\/\/cfcaracas.org\/sv\/wp-json\/wp\/v2\/types\/page"}],"author":[{"embeddable":true,"href":"https:\/\/cfcaracas.org\/sv\/wp-json\/wp\/v2\/users\/5"}],"replies":[{"embeddable":true,"href":"https:\/\/cfcaracas.org\/sv\/wp-json\/wp\/v2\/comments?post=228957"}],"version-history":[{"count":8,"href":"https:\/\/cfcaracas.org\/sv\/wp-json\/wp\/v2\/pages\/228957\/revisions"}],"predecessor-version":[{"id":239621,"href":"https:\/\/cfcaracas.org\/sv\/wp-json\/wp\/v2\/pages\/228957\/revisions\/239621"}],"up":[{"embeddable":true,"href":"https:\/\/cfcaracas.org\/sv\/wp-json\/wp\/v2\/pages\/236351"}],"wp:featuredmedia":[{"embeddable":true,"href":"https:\/\/cfcaracas.org\/sv\/wp-json\/wp\/v2\/media\/239619"}],"wp:attachment":[{"href":"https:\/\/cfcaracas.org\/sv\/wp-json\/wp\/v2\/media?parent=228957"}],"curies":[{"name":"wp","href":"https:\/\/api.w.org\/{rel}","templated":true}]}}