{"id":228959,"date":"2020-03-08T13:20:28","date_gmt":"2020-03-08T17:20:28","guid":{"rendered":"http:\/\/cfcaracas.org\/sv\/?page_id=228959"},"modified":"2023-11-28T11:59:12","modified_gmt":"2023-11-28T15:59:12","slug":"cantinas","status":"publish","type":"page","link":"https:\/\/cfcaracas.org\/sv\/servicios\/cantinas\/","title":{"rendered":"Cantinas"},"content":{"rendered":"<p>[et_pb_section fb_built=&#8221;1&#8243; _builder_version=&#8221;4.16&#8243; background_color=&#8221;#e9eff3&#8243; background_image=&#8221;https:\/\/cfcaracas.org\/sv\/wp-content\/uploads\/shapes-bg-color.png&#8221; parallax=&#8221;on&#8221; custom_padding=&#8221;27px||0px|||&#8221; bottom_divider_color=&#8221;#065b99&#8243; global_colors_info=&#8221;{}&#8221;][et_pb_row _builder_version=&#8221;4.16&#8243; custom_padding=&#8221;0px||0px|||&#8221; global_colors_info=&#8221;{}&#8221;][et_pb_column type=&#8221;4_4&#8243; _builder_version=&#8221;4.16&#8243; global_colors_info=&#8221;{}&#8221;][et_pb_dmb_breadcrumbs font_icon=&#8221;%%194%%&#8221; home_icon=&#8221;%%236%%&#8221; use_home_text=&#8221;on&#8221; home_text=&#8221;Inicio&#8221; _builder_version=&#8221;4.16&#8243; body_font=&#8221;|600|||||||&#8221; separator_text_color=&#8221;#0c71c3&#8243; global_colors_info=&#8221;{}&#8221;][\/et_pb_dmb_breadcrumbs][\/et_pb_column][\/et_pb_row][et_pb_row column_structure=&#8221;2_3,1_3&#8243; _builder_version=&#8221;4.16&#8243; global_colors_info=&#8221;{}&#8221;][et_pb_column type=&#8221;2_3&#8243; _builder_version=&#8221;4.16&#8243; background_color=&#8221;#ffffff&#8221; custom_padding=&#8221;25px|25px|25px|25px|true|true&#8221; border_radii=&#8221;on|16px|16px|16px|16px&#8221; box_shadow_style=&#8221;preset2&#8243; global_colors_info=&#8221;{}&#8221; custom_padding__hover=&#8221;|||&#8221;][et_pb_image src=&#8221;https:\/\/cfcaracas.org\/sv\/wp-content\/uploads\/CantinaCrepes.jpeg&#8221; title_text=&#8221;CantinaCrepes&#8221; _builder_version=&#8221;4.23.1&#8243; hover_enabled=&#8221;0&#8243; global_colors_info=&#8221;{}&#8221; sticky_enabled=&#8221;0&#8243;][\/et_pb_image][et_pb_text _builder_version=&#8221;4.23.1&#8243; hover_enabled=&#8221;0&#8243; global_colors_info=&#8221;{}&#8221; sticky_enabled=&#8221;0&#8243;]<\/p>\n<h1>Cantinas<\/h1>\n<p>La educaci\u00f3n sobre la comida y el gusto ocupa un lugar central en el sistema educativo franc\u00e9s. Es por eso que la escuela ofrece soluciones saludables y a medida para el almuerzo de sus estudiantes. Dos \u00e1reas de catering est\u00e1n a su disposici\u00f3n:<\/p>\n<ol>\n<li><strong>Restoven,<\/strong> en el \u00e1rea de primaria que ofrece desayuno, comidas completas y refrigerios.<\/li>\n<li><strong>Un, Dos Crepes,<\/strong> en el \u00e1rea de bachillerato que ofrece s\u00e1ndwiches y panqueques estilo bistr\u00f3 franc\u00e9s.<\/li>\n<\/ol>\n<p><span><\/span><\/p>\n<h1>FUNCIONAMIENTO:<\/h1>\n<p>El procedimiento para el buen funcionamiento del uso las cantinas en la <b>etapa de Primaria<\/b>.\u00a0Los representantes que deseen comprar desayunos y meriendas para sus representados\u00a0<b>deber\u00e1n comunicarse directamente con los responsables de las cantinas<\/b><b>\u00a0<\/b>y\u00a0<b>realizar el respectivo pedido,<\/b>\u00a0utilizando recargas mediante los distintos medios de pago.<br \/><span><\/span><\/p>\n<p><span>Es importante resaltar que<\/span><span>\u00a0<\/span><u><b><span>el uso de efectivo por parte de los estudiantes de Primaria est\u00e1 prohibido, por motivos de salud, higiene y manipulaci\u00f3n<\/span><\/b><span>,<\/span><\/u><span>\u00a0es por ello que cada representante debe coordinar con antelaci\u00f3n lo que desea de consumo para el estudiante e indicar el nombre, apellido y grado respectivo. Esto permitir\u00e1 registrar el pedido con orden y exactitud. En las horas de receso cada estudiante podr\u00e1 dirigirse a la cantina respectiva e indicar su nombre para recibir la solicitud. La comunicaci\u00f3n con su representado en este caso es importante para que tenga el conocimiento y pueda dirigirse a la cantina.<\/span>\u00a0<\/p>\n<p>[\/et_pb_text][et_pb_image title_text=&#8221;CantinaRestoven&#8221; _builder_version=&#8221;4.23.1&#8243; hover_enabled=&#8221;0&#8243; global_colors_info=&#8221;{}&#8221; sticky_enabled=&#8221;0&#8243; src=&#8221;https:\/\/cfcaracas.org\/sv\/wp-content\/uploads\/CantinARestoven.jpeg&#8221;][\/et_pb_image][et_pb_text _builder_version=&#8221;4.23.1&#8243; hover_enabled=&#8221;0&#8243; global_colors_info=&#8221;{}&#8221; sticky_enabled=&#8221;0&#8243;]<\/p>\n<h1>DATOS DE LOS PROVEEDORES:<\/h1>\n<p><span>A continuaci\u00f3n, les enviamos los datos de los responsables de las cantinas con las que cuenta nuestra instituci\u00f3n:<\/span><\/p>\n<p><span><\/span><\/p>\n<div>\n<div>\n<p><strong><span><b><img decoding=\"async\" data-emoji=\"\ud83e\udd6a\" class=\"an1\" alt=\"\ud83e\udd6a\" aria-label=\"\ud83e\udd6a\" src=\"https:\/\/fonts.gstatic.com\/s\/e\/notoemoji\/15.0\/1f96a\/32.png\" loading=\"lazy\" width=\"21\" height=\"21\" \/><\/b><\/span>UN DOS CREPES:<\/strong><br \/>Telf: +58 424-194.74.09<\/p>\n<p><strong><b style=\"font-size: 14px;\"><img decoding=\"async\" data-emoji=\"\ud83e\udd58\" class=\"an1\" alt=\"\ud83e\udd58\" aria-label=\"\ud83e\udd58\" src=\"https:\/\/fonts.gstatic.com\/s\/e\/notoemoji\/15.0\/1f958\/32.png\" loading=\"lazy\" width=\"21\" height=\"21\" \/>\u00a0<\/b>RESTOVEN:<\/strong><br \/>Telf:\u00a0+58 426-463.30.51<\/p>\n<\/div>\n<\/div>\n<p>[\/et_pb_text][et_pb_text _builder_version=&#8221;4.23.1&#8243; hover_enabled=&#8221;0&#8243; global_colors_info=&#8221;{}&#8221; sticky_enabled=&#8221;0&#8243;]<\/p>\n<p><strong>Nota importante:<\/strong> los estudiantes tambi\u00e9n pueden traer su propio almuerzo desde casa. Hay microondas disponibles en el comedor escolar para calentar sus alimentos.<\/p>\n<p>[\/et_pb_text][\/et_pb_column][et_pb_column type=&#8221;1_3&#8243; _builder_version=&#8221;4.16&#8243; z_index=&#8221;10&#8243; custom_padding=&#8221;|||&#8221; global_colors_info=&#8221;{}&#8221; custom_padding__hover=&#8221;|||&#8221;][et_pb_blog fullwidth=&#8221;off&#8221; posts_number=&#8221;2&#8243; include_categories=&#8221;5&#8243; show_more=&#8221;on&#8221; show_author=&#8221;off&#8221; _builder_version=&#8221;4.16&#8243; pagination_font=&#8221;||||||||&#8221; border_radii=&#8221;on|15px|15px|15px|15px&#8221; border_radii_image=&#8221;||||&#8221; box_shadow_style=&#8221;preset1&#8243; global_colors_info=&#8221;{}&#8221;][\/et_pb_blog][\/et_pb_column][\/et_pb_row][\/et_pb_section]<\/p>\n","protected":false},"excerpt":{"rendered":"<p>Cantinas La educaci\u00f3n sobre la comida y el gusto ocupa un lugar central en el sistema educativo franc\u00e9s. Es por eso que la escuela ofrece soluciones saludables y a medida para el almuerzo de sus estudiantes. Dos \u00e1reas de catering est\u00e1n a su disposici\u00f3n: Restoven, en el \u00e1rea de primaria que ofrece desayuno, comidas completas [&hellip;]<\/p>\n","protected":false},"author":1,"featured_media":0,"parent":228541,"menu_order":0,"comment_status":"closed","ping_status":"closed","template":"","meta":{"_et_pb_use_builder":"on","_et_pb_old_content":"","_et_gb_content_width":"","_monsterinsights_skip_tracking":false,"_monsterinsights_sitenote_active":false,"_monsterinsights_sitenote_note":"","_monsterinsights_sitenote_category":0,"footnotes":""},"class_list":["post-228959","page","type-page","status-publish","hentry"],"yoast_head":"<!-- This site is optimized with the Yoast SEO plugin v27.3 - https:\/\/yoast.com\/product\/yoast-seo-wordpress\/ -->\n<title>Cantinas - COLEGIO FRANCIA<\/title>\n<meta name=\"robots\" content=\"index, follow, max-snippet:-1, max-image-preview:large, max-video-preview:-1\" \/>\n<link rel=\"canonical\" href=\"https:\/\/cfcaracas.org\/sv\/servicios\/cantinas\/\" \/>\n<meta property=\"og:locale\" content=\"en_US\" \/>\n<meta property=\"og:type\" content=\"article\" \/>\n<meta property=\"og:title\" content=\"Cantinas - COLEGIO FRANCIA\" \/>\n<meta property=\"og:description\" content=\"Cantinas La educaci\u00f3n sobre la comida y el gusto ocupa un lugar central en el sistema educativo franc\u00e9s. Es por eso que la escuela ofrece soluciones saludables y a medida para el almuerzo de sus estudiantes. Dos \u00e1reas de catering est\u00e1n a su disposici\u00f3n: Restoven, en el \u00e1rea de primaria que ofrece desayuno, comidas completas [&hellip;]\" \/>\n<meta property=\"og:url\" content=\"https:\/\/cfcaracas.org\/sv\/servicios\/cantinas\/\" \/>\n<meta property=\"og:site_name\" content=\"COLEGIO FRANCIA\" \/>\n<meta property=\"article:modified_time\" content=\"2023-11-28T15:59:12+00:00\" \/>\n<meta property=\"og:image\" content=\"https:\/\/fonts.gstatic.com\/s\/e\/notoemoji\/15.0\/1f96a\/32.png\" \/>\n<meta name=\"twitter:card\" content=\"summary_large_image\" \/>\n<meta name=\"twitter:label1\" content=\"Est. reading time\" \/>\n\t<meta name=\"twitter:data1\" content=\"3 minutes\" \/>\n<script type=\"application\/ld+json\" class=\"yoast-schema-graph\">{\"@context\":\"https:\\\/\\\/schema.org\",\"@graph\":[{\"@type\":\"WebPage\",\"@id\":\"https:\\\/\\\/cfcaracas.org\\\/sv\\\/servicios\\\/cantinas\\\/\",\"url\":\"https:\\\/\\\/cfcaracas.org\\\/sv\\\/servicios\\\/cantinas\\\/\",\"name\":\"Cantinas - COLEGIO FRANCIA\",\"isPartOf\":{\"@id\":\"https:\\\/\\\/cfcaracas.org\\\/sv\\\/#website\"},\"primaryImageOfPage\":{\"@id\":\"https:\\\/\\\/cfcaracas.org\\\/sv\\\/servicios\\\/cantinas\\\/#primaryimage\"},\"image\":{\"@id\":\"https:\\\/\\\/cfcaracas.org\\\/sv\\\/servicios\\\/cantinas\\\/#primaryimage\"},\"thumbnailUrl\":\"https:\\\/\\\/fonts.gstatic.com\\\/s\\\/e\\\/notoemoji\\\/15.0\\\/1f96a\\\/32.png\",\"datePublished\":\"2020-03-08T17:20:28+00:00\",\"dateModified\":\"2023-11-28T15:59:12+00:00\",\"breadcrumb\":{\"@id\":\"https:\\\/\\\/cfcaracas.org\\\/sv\\\/servicios\\\/cantinas\\\/#breadcrumb\"},\"inLanguage\":\"en-US\",\"potentialAction\":[{\"@type\":\"ReadAction\",\"target\":[\"https:\\\/\\\/cfcaracas.org\\\/sv\\\/servicios\\\/cantinas\\\/\"]}]},{\"@type\":\"ImageObject\",\"inLanguage\":\"en-US\",\"@id\":\"https:\\\/\\\/cfcaracas.org\\\/sv\\\/servicios\\\/cantinas\\\/#primaryimage\",\"url\":\"https:\\\/\\\/fonts.gstatic.com\\\/s\\\/e\\\/notoemoji\\\/15.0\\\/1f96a\\\/32.png\",\"contentUrl\":\"https:\\\/\\\/fonts.gstatic.com\\\/s\\\/e\\\/notoemoji\\\/15.0\\\/1f96a\\\/32.png\"},{\"@type\":\"BreadcrumbList\",\"@id\":\"https:\\\/\\\/cfcaracas.org\\\/sv\\\/servicios\\\/cantinas\\\/#breadcrumb\",\"itemListElement\":[{\"@type\":\"ListItem\",\"position\":1,\"name\":\"Home\",\"item\":\"https:\\\/\\\/cfcaracas.org\\\/sv\\\/\"},{\"@type\":\"ListItem\",\"position\":2,\"name\":\"SERVICIOS\",\"item\":\"https:\\\/\\\/cfcaracas.org\\\/sv\\\/servicios\\\/\"},{\"@type\":\"ListItem\",\"position\":3,\"name\":\"Cantinas\"}]},{\"@type\":\"WebSite\",\"@id\":\"https:\\\/\\\/cfcaracas.org\\\/sv\\\/#website\",\"url\":\"https:\\\/\\\/cfcaracas.org\\\/sv\\\/\",\"name\":\"COLEGIO FRANCIA\",\"description\":\"Colegio Francia, algo m\u00e1s que un colegio\",\"publisher\":{\"@id\":\"https:\\\/\\\/cfcaracas.org\\\/sv\\\/#organization\"},\"potentialAction\":[{\"@type\":\"SearchAction\",\"target\":{\"@type\":\"EntryPoint\",\"urlTemplate\":\"https:\\\/\\\/cfcaracas.org\\\/sv\\\/?s={search_term_string}\"},\"query-input\":{\"@type\":\"PropertyValueSpecification\",\"valueRequired\":true,\"valueName\":\"search_term_string\"}}],\"inLanguage\":\"en-US\"},{\"@type\":\"Organization\",\"@id\":\"https:\\\/\\\/cfcaracas.org\\\/sv\\\/#organization\",\"name\":\"U.E. Colegio Francia de Caracas\",\"url\":\"https:\\\/\\\/cfcaracas.org\\\/sv\\\/\",\"logo\":{\"@type\":\"ImageObject\",\"inLanguage\":\"en-US\",\"@id\":\"https:\\\/\\\/cfcaracas.org\\\/sv\\\/#\\\/schema\\\/logo\\\/image\\\/\",\"url\":\"https:\\\/\\\/cfcaracas.org\\\/sv\\\/wp-content\\\/uploads\\\/LOGO-COLEGIO-FRANCIA-01.png\",\"contentUrl\":\"https:\\\/\\\/cfcaracas.org\\\/sv\\\/wp-content\\\/uploads\\\/LOGO-COLEGIO-FRANCIA-01.png\",\"width\":851,\"height\":1135,\"caption\":\"U.E. Colegio Francia de Caracas\"},\"image\":{\"@id\":\"https:\\\/\\\/cfcaracas.org\\\/sv\\\/#\\\/schema\\\/logo\\\/image\\\/\"}}]}<\/script>\n<!-- \/ Yoast SEO plugin. -->","yoast_head_json":{"title":"Cantinas - COLEGIO FRANCIA","robots":{"index":"index","follow":"follow","max-snippet":"max-snippet:-1","max-image-preview":"max-image-preview:large","max-video-preview":"max-video-preview:-1"},"canonical":"https:\/\/cfcaracas.org\/sv\/servicios\/cantinas\/","og_locale":"en_US","og_type":"article","og_title":"Cantinas - COLEGIO FRANCIA","og_description":"Cantinas La educaci\u00f3n sobre la comida y el gusto ocupa un lugar central en el sistema educativo franc\u00e9s. Es por eso que la escuela ofrece soluciones saludables y a medida para el almuerzo de sus estudiantes. Dos \u00e1reas de catering est\u00e1n a su disposici\u00f3n: Restoven, en el \u00e1rea de primaria que ofrece desayuno, comidas completas [&hellip;]","og_url":"https:\/\/cfcaracas.org\/sv\/servicios\/cantinas\/","og_site_name":"COLEGIO FRANCIA","article_modified_time":"2023-11-28T15:59:12+00:00","og_image":[{"url":"https:\/\/fonts.gstatic.com\/s\/e\/notoemoji\/15.0\/1f96a\/32.png","type":"","width":"","height":""}],"twitter_card":"summary_large_image","twitter_misc":{"Est. reading time":"3 minutes"},"schema":{"@context":"https:\/\/schema.org","@graph":[{"@type":"WebPage","@id":"https:\/\/cfcaracas.org\/sv\/servicios\/cantinas\/","url":"https:\/\/cfcaracas.org\/sv\/servicios\/cantinas\/","name":"Cantinas - COLEGIO FRANCIA","isPartOf":{"@id":"https:\/\/cfcaracas.org\/sv\/#website"},"primaryImageOfPage":{"@id":"https:\/\/cfcaracas.org\/sv\/servicios\/cantinas\/#primaryimage"},"image":{"@id":"https:\/\/cfcaracas.org\/sv\/servicios\/cantinas\/#primaryimage"},"thumbnailUrl":"https:\/\/fonts.gstatic.com\/s\/e\/notoemoji\/15.0\/1f96a\/32.png","datePublished":"2020-03-08T17:20:28+00:00","dateModified":"2023-11-28T15:59:12+00:00","breadcrumb":{"@id":"https:\/\/cfcaracas.org\/sv\/servicios\/cantinas\/#breadcrumb"},"inLanguage":"en-US","potentialAction":[{"@type":"ReadAction","target":["https:\/\/cfcaracas.org\/sv\/servicios\/cantinas\/"]}]},{"@type":"ImageObject","inLanguage":"en-US","@id":"https:\/\/cfcaracas.org\/sv\/servicios\/cantinas\/#primaryimage","url":"https:\/\/fonts.gstatic.com\/s\/e\/notoemoji\/15.0\/1f96a\/32.png","contentUrl":"https:\/\/fonts.gstatic.com\/s\/e\/notoemoji\/15.0\/1f96a\/32.png"},{"@type":"BreadcrumbList","@id":"https:\/\/cfcaracas.org\/sv\/servicios\/cantinas\/#breadcrumb","itemListElement":[{"@type":"ListItem","position":1,"name":"Home","item":"https:\/\/cfcaracas.org\/sv\/"},{"@type":"ListItem","position":2,"name":"SERVICIOS","item":"https:\/\/cfcaracas.org\/sv\/servicios\/"},{"@type":"ListItem","position":3,"name":"Cantinas"}]},{"@type":"WebSite","@id":"https:\/\/cfcaracas.org\/sv\/#website","url":"https:\/\/cfcaracas.org\/sv\/","name":"COLEGIO FRANCIA","description":"Colegio Francia, algo m\u00e1s que un colegio","publisher":{"@id":"https:\/\/cfcaracas.org\/sv\/#organization"},"potentialAction":[{"@type":"SearchAction","target":{"@type":"EntryPoint","urlTemplate":"https:\/\/cfcaracas.org\/sv\/?s={search_term_string}"},"query-input":{"@type":"PropertyValueSpecification","valueRequired":true,"valueName":"search_term_string"}}],"inLanguage":"en-US"},{"@type":"Organization","@id":"https:\/\/cfcaracas.org\/sv\/#organization","name":"U.E. Colegio Francia de Caracas","url":"https:\/\/cfcaracas.org\/sv\/","logo":{"@type":"ImageObject","inLanguage":"en-US","@id":"https:\/\/cfcaracas.org\/sv\/#\/schema\/logo\/image\/","url":"https:\/\/cfcaracas.org\/sv\/wp-content\/uploads\/LOGO-COLEGIO-FRANCIA-01.png","contentUrl":"https:\/\/cfcaracas.org\/sv\/wp-content\/uploads\/LOGO-COLEGIO-FRANCIA-01.png","width":851,"height":1135,"caption":"U.E. Colegio Francia de Caracas"},"image":{"@id":"https:\/\/cfcaracas.org\/sv\/#\/schema\/logo\/image\/"}}]}},"_links":{"self":[{"href":"https:\/\/cfcaracas.org\/sv\/wp-json\/wp\/v2\/pages\/228959","targetHints":{"allow":["GET"]}}],"collection":[{"href":"https:\/\/cfcaracas.org\/sv\/wp-json\/wp\/v2\/pages"}],"about":[{"href":"https:\/\/cfcaracas.org\/sv\/wp-json\/wp\/v2\/types\/page"}],"author":[{"embeddable":true,"href":"https:\/\/cfcaracas.org\/sv\/wp-json\/wp\/v2\/users\/1"}],"replies":[{"embeddable":true,"href":"https:\/\/cfcaracas.org\/sv\/wp-json\/wp\/v2\/comments?post=228959"}],"version-history":[{"count":0,"href":"https:\/\/cfcaracas.org\/sv\/wp-json\/wp\/v2\/pages\/228959\/revisions"}],"up":[{"embeddable":true,"href":"https:\/\/cfcaracas.org\/sv\/wp-json\/wp\/v2\/pages\/228541"}],"wp:attachment":[{"href":"https:\/\/cfcaracas.org\/sv\/wp-json\/wp\/v2\/media?parent=228959"}],"curies":[{"name":"wp","href":"https:\/\/api.w.org\/{rel}","templated":true}]}}