{"id":228961,"date":"2020-03-08T13:21:08","date_gmt":"2020-03-08T17:51:08","guid":{"rendered":"http:\/\/cfcaracas.org\/sv\/?page_id=228961"},"modified":"2025-11-05T09:39:52","modified_gmt":"2025-11-05T13:39:52","slug":"reglamento-uniformes","status":"publish","type":"page","link":"https:\/\/cfcaracas.org\/sv\/servicios\/reglamento-uniformes\/","title":{"rendered":"Reglamento de Uniformes"},"content":{"rendered":"<p>[et_pb_section fb_built=&#8221;1&#8243; _builder_version=&#8221;4.16&#8243; background_color=&#8221;#e9eff3&#8243; background_image=&#8221;https:\/\/cfcaracas.org\/sv\/wp-content\/uploads\/shapes-bg-color.png&#8221; parallax=&#8221;on&#8221; custom_padding=&#8221;27px||0px|||&#8221; bottom_divider_color=&#8221;#065b99&#8243; global_colors_info=&#8221;{}&#8221;][et_pb_row _builder_version=&#8221;4.16&#8243; custom_padding=&#8221;0px||0px|||&#8221; global_colors_info=&#8221;{}&#8221;][et_pb_column type=&#8221;4_4&#8243; _builder_version=&#8221;4.16&#8243; global_colors_info=&#8221;{}&#8221;][et_pb_dmb_breadcrumbs font_icon=&#8221;%%194%%&#8221; home_icon=&#8221;%%236%%&#8221; use_home_text=&#8221;on&#8221; home_text=&#8221;Inicio&#8221; _builder_version=&#8221;4.16&#8243; body_font=&#8221;|600|||||||&#8221; separator_text_color=&#8221;#0c71c3&#8243; global_colors_info=&#8221;{}&#8221;][\/et_pb_dmb_breadcrumbs][\/et_pb_column][\/et_pb_row][et_pb_row column_structure=&#8221;2_3,1_3&#8243; _builder_version=&#8221;4.16&#8243; global_colors_info=&#8221;{}&#8221;][et_pb_column type=&#8221;2_3&#8243; _builder_version=&#8221;4.16&#8243; background_color=&#8221;#ffffff&#8221; custom_padding=&#8221;25px|25px|25px|25px|true|true&#8221; border_radii=&#8221;on|16px|16px|16px|16px&#8221; box_shadow_style=&#8221;preset2&#8243; global_colors_info=&#8221;{}&#8221; custom_padding__hover=&#8221;|||&#8221;][et_pb_image src=&#8221;https:\/\/cfcaracas.org\/sv\/wp-content\/uploads\/Foto_1200x630-01.jpg&#8221; title_text=&#8221;Foto_1200x630-01&#8243; align=&#8221;center&#8221; _builder_version=&#8221;4.16&#8243; global_colors_info=&#8221;{}&#8221;][\/et_pb_image][et_pb_text _builder_version=&#8221;4.16&#8243; global_colors_info=&#8221;{}&#8221;]<\/p>\n<h1>USO DEL UNIFORME ESCOLAR<\/h1>\n<p>&nbsp;<\/p>\n<p>\u200b<span style=\"font-size: 14px; color: #323232;\"><\/span><span style=\"font-size: 14px; color: #323232;\">Seg\u00fan la normativa vigente en Venezuela, el uniforme escolar debe tener las siguientes caracter\u00edsticas:<\/span><\/p>\n<div><\/div>\n<ul>\n<li><strong>a) Educaci\u00f3n Inicial:<\/strong> franela de color rojo, amarillo o azul y mono color azul marino.<\/li>\n<li><strong>b) Educaci\u00f3n Primaria:<\/strong> camisa manga corta o chemise color blanco y pantal\u00f3n o falda color azul marino, seg\u00fan su libre elecci\u00f3n.<\/li>\n<li><strong>c) Educaci\u00f3n Media:<\/strong> de primer (1\u00b0) a tercer (3\u00ba) a\u00f1o camisa manga corta o chemise color azul claro, de cuarto (4\u00ba) a sexto (6\u00ba) a\u00f1o camisa manga corta o chemise beige, en ambos casos pantal\u00f3n o falda color azul marino, seg\u00fan su libre elecci\u00f3n.<\/li>\n<li>d) El calzado escolar para todos los niveles del Subsistema de Educaci\u00f3n B\u00e1sica, es zapato tradicional de color negro o marr\u00f3n.<\/li>\n<li>e) Todas las camisas, chemises y franelas de los distintos niveles del Subsistema de Educaci\u00f3n B\u00e1sica deben incluir sus respectivos distintivos o insignias.<\/li>\n<li>f) El uniforme de educaci\u00f3n f\u00edsica para todos los niveles del Subsistema de Educaci\u00f3n B\u00e1sica, consta de mono deportivo azul marino, franela color blanco y zapato deportivo.<\/li>\n<li>g) En temporada de lluvia la o el estudiante podr\u00e1 usar abrigos o impermeables y botas o botines acordes a la referida temporada.<\/li>\n<li>h) Son encargados de velar por el cumplimiento de esta resoluci\u00f3n el personal directivo y docente de la instituci\u00f3n o centro educativo, las y los estudiantes, as\u00ed como las madres, padres, representantes y responsables.<\/li>\n<\/ul>\n<p>El Colegio Francia se reserva el derecho de tomar las medidas apropiadas si determina que la presentaci\u00f3n personal de un estudiante no es apropiada.<\/p>\n<p>[\/et_pb_text][\/et_pb_column][et_pb_column type=&#8221;1_3&#8243; _builder_version=&#8221;4.16&#8243; z_index=&#8221;10&#8243; custom_padding=&#8221;|||&#8221; global_colors_info=&#8221;{}&#8221; custom_padding__hover=&#8221;|||&#8221;][et_pb_blog fullwidth=&#8221;off&#8221; posts_number=&#8221;2&#8243; include_categories=&#8221;5&#8243; show_more=&#8221;on&#8221; show_author=&#8221;off&#8221; _builder_version=&#8221;4.16&#8243; pagination_font=&#8221;||||||||&#8221; border_radii=&#8221;on|15px|15px|15px|15px&#8221; border_radii_image=&#8221;||||&#8221; box_shadow_style=&#8221;preset1&#8243; global_colors_info=&#8221;{}&#8221;][\/et_pb_blog][\/et_pb_column][\/et_pb_row][\/et_pb_section]<\/p>\n","protected":false},"excerpt":{"rendered":"<p>USO DEL UNIFORME ESCOLAR &nbsp; \u200bSeg\u00fan la normativa vigente en Venezuela, el uniforme escolar debe tener las siguientes caracter\u00edsticas: a) Educaci\u00f3n Inicial: franela de color rojo, amarillo o azul y mono color azul marino. b) Educaci\u00f3n Primaria: camisa manga corta o chemise color blanco y pantal\u00f3n o falda color azul marino, seg\u00fan su libre elecci\u00f3n. [&hellip;]<\/p>\n","protected":false},"author":5,"featured_media":0,"parent":228541,"menu_order":0,"comment_status":"closed","ping_status":"closed","template":"","meta":{"_et_pb_use_builder":"on","_et_pb_old_content":"","_et_gb_content_width":"","_monsterinsights_skip_tracking":false,"_monsterinsights_sitenote_active":false,"_monsterinsights_sitenote_note":"","_monsterinsights_sitenote_category":0,"footnotes":""},"class_list":["post-228961","page","type-page","status-publish","hentry"],"yoast_head":"<!-- This site is optimized with the Yoast SEO plugin v27.3 - https:\/\/yoast.com\/product\/yoast-seo-wordpress\/ -->\n<title>Reglamento de Uniformes - COLEGIO FRANCIA<\/title>\n<meta name=\"robots\" content=\"index, follow, max-snippet:-1, max-image-preview:large, max-video-preview:-1\" \/>\n<link rel=\"canonical\" href=\"https:\/\/cfcaracas.org\/sv\/servicios\/reglamento-uniformes\/\" \/>\n<meta property=\"og:locale\" content=\"en_US\" \/>\n<meta property=\"og:type\" content=\"article\" \/>\n<meta property=\"og:title\" content=\"Reglamento de Uniformes - COLEGIO FRANCIA\" \/>\n<meta property=\"og:description\" content=\"USO DEL UNIFORME ESCOLAR &nbsp; \u200bSeg\u00fan la normativa vigente en Venezuela, el uniforme escolar debe tener las siguientes caracter\u00edsticas: a) Educaci\u00f3n Inicial: franela de color rojo, amarillo o azul y mono color azul marino. b) Educaci\u00f3n Primaria: camisa manga corta o chemise color blanco y pantal\u00f3n o falda color azul marino, seg\u00fan su libre elecci\u00f3n. [&hellip;]\" \/>\n<meta property=\"og:url\" content=\"https:\/\/cfcaracas.org\/sv\/servicios\/reglamento-uniformes\/\" \/>\n<meta property=\"og:site_name\" content=\"COLEGIO FRANCIA\" \/>\n<meta property=\"article:modified_time\" content=\"2025-11-05T13:39:52+00:00\" \/>\n<meta name=\"twitter:card\" content=\"summary_large_image\" \/>\n<meta name=\"twitter:label1\" content=\"Est. reading time\" \/>\n\t<meta name=\"twitter:data1\" content=\"3 minutes\" \/>\n<script type=\"application\/ld+json\" class=\"yoast-schema-graph\">{\"@context\":\"https:\\\/\\\/schema.org\",\"@graph\":[{\"@type\":\"WebPage\",\"@id\":\"https:\\\/\\\/cfcaracas.org\\\/sv\\\/servicios\\\/reglamento-uniformes\\\/\",\"url\":\"https:\\\/\\\/cfcaracas.org\\\/sv\\\/servicios\\\/reglamento-uniformes\\\/\",\"name\":\"Reglamento de Uniformes - COLEGIO FRANCIA\",\"isPartOf\":{\"@id\":\"https:\\\/\\\/cfcaracas.org\\\/sv\\\/#website\"},\"datePublished\":\"2020-03-08T17:51:08+00:00\",\"dateModified\":\"2025-11-05T13:39:52+00:00\",\"breadcrumb\":{\"@id\":\"https:\\\/\\\/cfcaracas.org\\\/sv\\\/servicios\\\/reglamento-uniformes\\\/#breadcrumb\"},\"inLanguage\":\"en-US\",\"potentialAction\":[{\"@type\":\"ReadAction\",\"target\":[\"https:\\\/\\\/cfcaracas.org\\\/sv\\\/servicios\\\/reglamento-uniformes\\\/\"]}]},{\"@type\":\"BreadcrumbList\",\"@id\":\"https:\\\/\\\/cfcaracas.org\\\/sv\\\/servicios\\\/reglamento-uniformes\\\/#breadcrumb\",\"itemListElement\":[{\"@type\":\"ListItem\",\"position\":1,\"name\":\"Home\",\"item\":\"https:\\\/\\\/cfcaracas.org\\\/sv\\\/\"},{\"@type\":\"ListItem\",\"position\":2,\"name\":\"SERVICIOS\",\"item\":\"https:\\\/\\\/cfcaracas.org\\\/sv\\\/servicios\\\/\"},{\"@type\":\"ListItem\",\"position\":3,\"name\":\"Reglamento de Uniformes\"}]},{\"@type\":\"WebSite\",\"@id\":\"https:\\\/\\\/cfcaracas.org\\\/sv\\\/#website\",\"url\":\"https:\\\/\\\/cfcaracas.org\\\/sv\\\/\",\"name\":\"COLEGIO FRANCIA\",\"description\":\"Colegio Francia, algo m\u00e1s que un colegio\",\"publisher\":{\"@id\":\"https:\\\/\\\/cfcaracas.org\\\/sv\\\/#organization\"},\"potentialAction\":[{\"@type\":\"SearchAction\",\"target\":{\"@type\":\"EntryPoint\",\"urlTemplate\":\"https:\\\/\\\/cfcaracas.org\\\/sv\\\/?s={search_term_string}\"},\"query-input\":{\"@type\":\"PropertyValueSpecification\",\"valueRequired\":true,\"valueName\":\"search_term_string\"}}],\"inLanguage\":\"en-US\"},{\"@type\":\"Organization\",\"@id\":\"https:\\\/\\\/cfcaracas.org\\\/sv\\\/#organization\",\"name\":\"U.E. Colegio Francia de Caracas\",\"url\":\"https:\\\/\\\/cfcaracas.org\\\/sv\\\/\",\"logo\":{\"@type\":\"ImageObject\",\"inLanguage\":\"en-US\",\"@id\":\"https:\\\/\\\/cfcaracas.org\\\/sv\\\/#\\\/schema\\\/logo\\\/image\\\/\",\"url\":\"https:\\\/\\\/cfcaracas.org\\\/sv\\\/wp-content\\\/uploads\\\/LOGO-COLEGIO-FRANCIA-01.png\",\"contentUrl\":\"https:\\\/\\\/cfcaracas.org\\\/sv\\\/wp-content\\\/uploads\\\/LOGO-COLEGIO-FRANCIA-01.png\",\"width\":851,\"height\":1135,\"caption\":\"U.E. Colegio Francia de Caracas\"},\"image\":{\"@id\":\"https:\\\/\\\/cfcaracas.org\\\/sv\\\/#\\\/schema\\\/logo\\\/image\\\/\"}}]}<\/script>\n<!-- \/ Yoast SEO plugin. -->","yoast_head_json":{"title":"Reglamento de Uniformes - COLEGIO FRANCIA","robots":{"index":"index","follow":"follow","max-snippet":"max-snippet:-1","max-image-preview":"max-image-preview:large","max-video-preview":"max-video-preview:-1"},"canonical":"https:\/\/cfcaracas.org\/sv\/servicios\/reglamento-uniformes\/","og_locale":"en_US","og_type":"article","og_title":"Reglamento de Uniformes - COLEGIO FRANCIA","og_description":"USO DEL UNIFORME ESCOLAR &nbsp; \u200bSeg\u00fan la normativa vigente en Venezuela, el uniforme escolar debe tener las siguientes caracter\u00edsticas: a) Educaci\u00f3n Inicial: franela de color rojo, amarillo o azul y mono color azul marino. b) Educaci\u00f3n Primaria: camisa manga corta o chemise color blanco y pantal\u00f3n o falda color azul marino, seg\u00fan su libre elecci\u00f3n. [&hellip;]","og_url":"https:\/\/cfcaracas.org\/sv\/servicios\/reglamento-uniformes\/","og_site_name":"COLEGIO FRANCIA","article_modified_time":"2025-11-05T13:39:52+00:00","twitter_card":"summary_large_image","twitter_misc":{"Est. reading time":"3 minutes"},"schema":{"@context":"https:\/\/schema.org","@graph":[{"@type":"WebPage","@id":"https:\/\/cfcaracas.org\/sv\/servicios\/reglamento-uniformes\/","url":"https:\/\/cfcaracas.org\/sv\/servicios\/reglamento-uniformes\/","name":"Reglamento de Uniformes - COLEGIO FRANCIA","isPartOf":{"@id":"https:\/\/cfcaracas.org\/sv\/#website"},"datePublished":"2020-03-08T17:51:08+00:00","dateModified":"2025-11-05T13:39:52+00:00","breadcrumb":{"@id":"https:\/\/cfcaracas.org\/sv\/servicios\/reglamento-uniformes\/#breadcrumb"},"inLanguage":"en-US","potentialAction":[{"@type":"ReadAction","target":["https:\/\/cfcaracas.org\/sv\/servicios\/reglamento-uniformes\/"]}]},{"@type":"BreadcrumbList","@id":"https:\/\/cfcaracas.org\/sv\/servicios\/reglamento-uniformes\/#breadcrumb","itemListElement":[{"@type":"ListItem","position":1,"name":"Home","item":"https:\/\/cfcaracas.org\/sv\/"},{"@type":"ListItem","position":2,"name":"SERVICIOS","item":"https:\/\/cfcaracas.org\/sv\/servicios\/"},{"@type":"ListItem","position":3,"name":"Reglamento de Uniformes"}]},{"@type":"WebSite","@id":"https:\/\/cfcaracas.org\/sv\/#website","url":"https:\/\/cfcaracas.org\/sv\/","name":"COLEGIO FRANCIA","description":"Colegio Francia, algo m\u00e1s que un colegio","publisher":{"@id":"https:\/\/cfcaracas.org\/sv\/#organization"},"potentialAction":[{"@type":"SearchAction","target":{"@type":"EntryPoint","urlTemplate":"https:\/\/cfcaracas.org\/sv\/?s={search_term_string}"},"query-input":{"@type":"PropertyValueSpecification","valueRequired":true,"valueName":"search_term_string"}}],"inLanguage":"en-US"},{"@type":"Organization","@id":"https:\/\/cfcaracas.org\/sv\/#organization","name":"U.E. Colegio Francia de Caracas","url":"https:\/\/cfcaracas.org\/sv\/","logo":{"@type":"ImageObject","inLanguage":"en-US","@id":"https:\/\/cfcaracas.org\/sv\/#\/schema\/logo\/image\/","url":"https:\/\/cfcaracas.org\/sv\/wp-content\/uploads\/LOGO-COLEGIO-FRANCIA-01.png","contentUrl":"https:\/\/cfcaracas.org\/sv\/wp-content\/uploads\/LOGO-COLEGIO-FRANCIA-01.png","width":851,"height":1135,"caption":"U.E. Colegio Francia de Caracas"},"image":{"@id":"https:\/\/cfcaracas.org\/sv\/#\/schema\/logo\/image\/"}}]}},"_links":{"self":[{"href":"https:\/\/cfcaracas.org\/sv\/wp-json\/wp\/v2\/pages\/228961","targetHints":{"allow":["GET"]}}],"collection":[{"href":"https:\/\/cfcaracas.org\/sv\/wp-json\/wp\/v2\/pages"}],"about":[{"href":"https:\/\/cfcaracas.org\/sv\/wp-json\/wp\/v2\/types\/page"}],"author":[{"embeddable":true,"href":"https:\/\/cfcaracas.org\/sv\/wp-json\/wp\/v2\/users\/5"}],"replies":[{"embeddable":true,"href":"https:\/\/cfcaracas.org\/sv\/wp-json\/wp\/v2\/comments?post=228961"}],"version-history":[{"count":1,"href":"https:\/\/cfcaracas.org\/sv\/wp-json\/wp\/v2\/pages\/228961\/revisions"}],"predecessor-version":[{"id":240025,"href":"https:\/\/cfcaracas.org\/sv\/wp-json\/wp\/v2\/pages\/228961\/revisions\/240025"}],"up":[{"embeddable":true,"href":"https:\/\/cfcaracas.org\/sv\/wp-json\/wp\/v2\/pages\/228541"}],"wp:attachment":[{"href":"https:\/\/cfcaracas.org\/sv\/wp-json\/wp\/v2\/media?parent=228961"}],"curies":[{"name":"wp","href":"https:\/\/api.w.org\/{rel}","templated":true}]}}