{"id":228965,"date":"2025-03-08T13:22:32","date_gmt":"2025-03-08T17:22:32","guid":{"rendered":"http:\/\/cfcaracas.org\/sv\/?page_id=228965"},"modified":"2025-10-10T10:05:50","modified_gmt":"2025-10-10T14:05:50","slug":"servicio-de-orientacion","status":"publish","type":"page","link":"https:\/\/cfcaracas.org\/sv\/vida-en-el-colegio\/servicio-de-orientacion\/","title":{"rendered":"Departamento de Orientaci\u00f3n"},"content":{"rendered":"<p>[et_pb_section fb_built=&#8221;1&#8243; _builder_version=&#8221;3.26.3&#8243; background_color=&#8221;#e9eff3&#8243; background_image=&#8221;https:\/\/cfcaracas.org\/sv\/wp-content\/uploads\/shapes-bg-color.png&#8221; parallax=&#8221;on&#8221; custom_padding=&#8221;27px||0px|||&#8221; bottom_divider_color=&#8221;#065b99&#8243;][et_pb_row _builder_version=&#8221;3.26&#8243; custom_padding=&#8221;0px||0px|||&#8221;][et_pb_column type=&#8221;4_4&#8243; _builder_version=&#8221;3.26&#8243;][et_pb_dmb_breadcrumbs font_icon=&#8221;%%194%%&#8221; home_icon=&#8221;%%236%%&#8221; use_home_text=&#8221;on&#8221; home_text=&#8221;Inicio&#8221; _builder_version=&#8221;3.26&#8243; body_font=&#8221;|600|||||||&#8221; separator_text_color=&#8221;#0c71c3&#8243;][\/et_pb_dmb_breadcrumbs][\/et_pb_column][\/et_pb_row][et_pb_row column_structure=&#8221;2_3,1_3&#8243; _builder_version=&#8221;4.5.6&#8243;][et_pb_column type=&#8221;2_3&#8243; _builder_version=&#8221;3.25.2&#8243; background_color=&#8221;#ffffff&#8221; custom_padding=&#8221;25px|25px|25px|25px|true|true&#8221; border_radii=&#8221;on|16px|16px|16px|16px&#8221; box_shadow_style=&#8221;preset2&#8243; custom_padding__hover=&#8221;|||&#8221;][et_pb_image src=&#8221;https:\/\/cfcaracas.org\/sv\/wp-content\/uploads\/Psycologo2-1-scaled.jpeg&#8221; title_text=&#8221;Psycologo2&#8243; _builder_version=&#8221;4.6.0&#8243;][\/et_pb_image][et_pb_text _builder_version=&#8221;4.9.2&#8243; hover_enabled=&#8221;0&#8243; sticky_enabled=&#8221;0&#8243;]<\/p>\n<h1>Servicio de Orientaci\u00f3n<\/h1>\n<p>El Departamento de Orientaci\u00f3n tiene como objetivo intervenir con car\u00e1cter proactivo, en el desarrollo estudiantil, promoviendo en el \u00e1mbito escolar conductas saludables, que fortalezcan las potencialidades, mediante un servicio continuo y estructurado, integrando a la comunidad escolar, conformada por: estudiantes, Padres y Representantes, Profesores de Orientaci\u00f3n y Convivencia y docentes de aula, logrando el \u00e9xito escolar de los estudiantes del Colegio Francia.[\/et_pb_text][\/et_pb_column][et_pb_column type=&#8221;1_3&#8243; _builder_version=&#8221;3.25.2&#8243; z_index=&#8221;10&#8243; custom_padding=&#8221;|||&#8221; custom_padding__hover=&#8221;|||&#8221;][et_pb_blog fullwidth=&#8221;off&#8221; posts_number=&#8221;2&#8243; include_categories=&#8221;5&#8243; show_more=&#8221;on&#8221; show_author=&#8221;off&#8221; _builder_version=&#8221;3.24.1&#8243; pagination_font=&#8221;||||||||&#8221; border_radii=&#8221;on|15px|15px|15px|15px&#8221; border_radii_image=&#8221;||||&#8221; box_shadow_style=&#8221;preset1&#8243;][\/et_pb_blog][\/et_pb_column][\/et_pb_row][\/et_pb_section]<\/p>\n","protected":false},"excerpt":{"rendered":"<p>Servicio de Orientaci\u00f3n El Departamento de Orientaci\u00f3n tiene como objetivo intervenir con car\u00e1cter proactivo, en el desarrollo estudiantil, promoviendo en el \u00e1mbito escolar conductas saludables, que fortalezcan las potencialidades, mediante un servicio continuo y estructurado, integrando a la comunidad escolar, conformada por: estudiantes, Padres y Representantes, Profesores de Orientaci\u00f3n y Convivencia y docentes de aula, [&hellip;]<\/p>\n","protected":false},"author":5,"featured_media":0,"parent":228536,"menu_order":0,"comment_status":"closed","ping_status":"closed","template":"","meta":{"_et_pb_use_builder":"on","_et_pb_old_content":"","_et_gb_content_width":"","_monsterinsights_skip_tracking":false,"_monsterinsights_sitenote_active":false,"_monsterinsights_sitenote_note":"","_monsterinsights_sitenote_category":0,"footnotes":""},"class_list":["post-228965","page","type-page","status-publish","hentry"],"yoast_head":"<!-- This site is optimized with the Yoast SEO plugin v27.3 - https:\/\/yoast.com\/product\/yoast-seo-wordpress\/ -->\n<title>Departamento de Orientaci\u00f3n - COLEGIO FRANCIA<\/title>\n<meta name=\"robots\" content=\"index, follow, max-snippet:-1, max-image-preview:large, max-video-preview:-1\" \/>\n<link rel=\"canonical\" href=\"https:\/\/cfcaracas.org\/sv\/vida-en-el-colegio\/servicio-de-orientacion\/\" \/>\n<meta property=\"og:locale\" content=\"en_US\" \/>\n<meta property=\"og:type\" content=\"article\" \/>\n<meta property=\"og:title\" content=\"Departamento de Orientaci\u00f3n - COLEGIO FRANCIA\" \/>\n<meta property=\"og:description\" content=\"Servicio de Orientaci\u00f3n El Departamento de Orientaci\u00f3n tiene como objetivo intervenir con car\u00e1cter proactivo, en el desarrollo estudiantil, promoviendo en el \u00e1mbito escolar conductas saludables, que fortalezcan las potencialidades, mediante un servicio continuo y estructurado, integrando a la comunidad escolar, conformada por: estudiantes, Padres y Representantes, Profesores de Orientaci\u00f3n y Convivencia y docentes de aula, [&hellip;]\" \/>\n<meta property=\"og:url\" content=\"https:\/\/cfcaracas.org\/sv\/vida-en-el-colegio\/servicio-de-orientacion\/\" \/>\n<meta property=\"og:site_name\" content=\"COLEGIO FRANCIA\" \/>\n<meta property=\"article:modified_time\" content=\"2025-10-10T14:05:50+00:00\" \/>\n<meta name=\"twitter:card\" content=\"summary_large_image\" \/>\n<meta name=\"twitter:label1\" content=\"Est. reading time\" \/>\n\t<meta name=\"twitter:data1\" content=\"1 minute\" \/>\n<script type=\"application\/ld+json\" class=\"yoast-schema-graph\">{\"@context\":\"https:\\\/\\\/schema.org\",\"@graph\":[{\"@type\":\"WebPage\",\"@id\":\"https:\\\/\\\/cfcaracas.org\\\/sv\\\/vida-en-el-colegio\\\/servicio-de-orientacion\\\/\",\"url\":\"https:\\\/\\\/cfcaracas.org\\\/sv\\\/vida-en-el-colegio\\\/servicio-de-orientacion\\\/\",\"name\":\"Departamento de Orientaci\u00f3n - COLEGIO FRANCIA\",\"isPartOf\":{\"@id\":\"https:\\\/\\\/cfcaracas.org\\\/sv\\\/#website\"},\"datePublished\":\"2025-03-08T17:22:32+00:00\",\"dateModified\":\"2025-10-10T14:05:50+00:00\",\"breadcrumb\":{\"@id\":\"https:\\\/\\\/cfcaracas.org\\\/sv\\\/vida-en-el-colegio\\\/servicio-de-orientacion\\\/#breadcrumb\"},\"inLanguage\":\"en-US\",\"potentialAction\":[{\"@type\":\"ReadAction\",\"target\":[\"https:\\\/\\\/cfcaracas.org\\\/sv\\\/vida-en-el-colegio\\\/servicio-de-orientacion\\\/\"]}]},{\"@type\":\"BreadcrumbList\",\"@id\":\"https:\\\/\\\/cfcaracas.org\\\/sv\\\/vida-en-el-colegio\\\/servicio-de-orientacion\\\/#breadcrumb\",\"itemListElement\":[{\"@type\":\"ListItem\",\"position\":1,\"name\":\"Home\",\"item\":\"https:\\\/\\\/cfcaracas.org\\\/sv\\\/\"},{\"@type\":\"ListItem\",\"position\":2,\"name\":\"VIDA EN EL COLEGIO\",\"item\":\"https:\\\/\\\/cfcaracas.org\\\/sv\\\/vida-en-el-colegio\\\/\"},{\"@type\":\"ListItem\",\"position\":3,\"name\":\"Departamento de Orientaci\u00f3n\"}]},{\"@type\":\"WebSite\",\"@id\":\"https:\\\/\\\/cfcaracas.org\\\/sv\\\/#website\",\"url\":\"https:\\\/\\\/cfcaracas.org\\\/sv\\\/\",\"name\":\"COLEGIO FRANCIA\",\"description\":\"Colegio Francia, algo m\u00e1s que un colegio\",\"publisher\":{\"@id\":\"https:\\\/\\\/cfcaracas.org\\\/sv\\\/#organization\"},\"potentialAction\":[{\"@type\":\"SearchAction\",\"target\":{\"@type\":\"EntryPoint\",\"urlTemplate\":\"https:\\\/\\\/cfcaracas.org\\\/sv\\\/?s={search_term_string}\"},\"query-input\":{\"@type\":\"PropertyValueSpecification\",\"valueRequired\":true,\"valueName\":\"search_term_string\"}}],\"inLanguage\":\"en-US\"},{\"@type\":\"Organization\",\"@id\":\"https:\\\/\\\/cfcaracas.org\\\/sv\\\/#organization\",\"name\":\"U.E. Colegio Francia de Caracas\",\"url\":\"https:\\\/\\\/cfcaracas.org\\\/sv\\\/\",\"logo\":{\"@type\":\"ImageObject\",\"inLanguage\":\"en-US\",\"@id\":\"https:\\\/\\\/cfcaracas.org\\\/sv\\\/#\\\/schema\\\/logo\\\/image\\\/\",\"url\":\"https:\\\/\\\/cfcaracas.org\\\/sv\\\/wp-content\\\/uploads\\\/LOGO-COLEGIO-FRANCIA-01.png\",\"contentUrl\":\"https:\\\/\\\/cfcaracas.org\\\/sv\\\/wp-content\\\/uploads\\\/LOGO-COLEGIO-FRANCIA-01.png\",\"width\":851,\"height\":1135,\"caption\":\"U.E. Colegio Francia de Caracas\"},\"image\":{\"@id\":\"https:\\\/\\\/cfcaracas.org\\\/sv\\\/#\\\/schema\\\/logo\\\/image\\\/\"}}]}<\/script>\n<!-- \/ Yoast SEO plugin. -->","yoast_head_json":{"title":"Departamento de Orientaci\u00f3n - COLEGIO FRANCIA","robots":{"index":"index","follow":"follow","max-snippet":"max-snippet:-1","max-image-preview":"max-image-preview:large","max-video-preview":"max-video-preview:-1"},"canonical":"https:\/\/cfcaracas.org\/sv\/vida-en-el-colegio\/servicio-de-orientacion\/","og_locale":"en_US","og_type":"article","og_title":"Departamento de Orientaci\u00f3n - COLEGIO FRANCIA","og_description":"Servicio de Orientaci\u00f3n El Departamento de Orientaci\u00f3n tiene como objetivo intervenir con car\u00e1cter proactivo, en el desarrollo estudiantil, promoviendo en el \u00e1mbito escolar conductas saludables, que fortalezcan las potencialidades, mediante un servicio continuo y estructurado, integrando a la comunidad escolar, conformada por: estudiantes, Padres y Representantes, Profesores de Orientaci\u00f3n y Convivencia y docentes de aula, [&hellip;]","og_url":"https:\/\/cfcaracas.org\/sv\/vida-en-el-colegio\/servicio-de-orientacion\/","og_site_name":"COLEGIO FRANCIA","article_modified_time":"2025-10-10T14:05:50+00:00","twitter_card":"summary_large_image","twitter_misc":{"Est. reading time":"1 minute"},"schema":{"@context":"https:\/\/schema.org","@graph":[{"@type":"WebPage","@id":"https:\/\/cfcaracas.org\/sv\/vida-en-el-colegio\/servicio-de-orientacion\/","url":"https:\/\/cfcaracas.org\/sv\/vida-en-el-colegio\/servicio-de-orientacion\/","name":"Departamento de Orientaci\u00f3n - COLEGIO FRANCIA","isPartOf":{"@id":"https:\/\/cfcaracas.org\/sv\/#website"},"datePublished":"2025-03-08T17:22:32+00:00","dateModified":"2025-10-10T14:05:50+00:00","breadcrumb":{"@id":"https:\/\/cfcaracas.org\/sv\/vida-en-el-colegio\/servicio-de-orientacion\/#breadcrumb"},"inLanguage":"en-US","potentialAction":[{"@type":"ReadAction","target":["https:\/\/cfcaracas.org\/sv\/vida-en-el-colegio\/servicio-de-orientacion\/"]}]},{"@type":"BreadcrumbList","@id":"https:\/\/cfcaracas.org\/sv\/vida-en-el-colegio\/servicio-de-orientacion\/#breadcrumb","itemListElement":[{"@type":"ListItem","position":1,"name":"Home","item":"https:\/\/cfcaracas.org\/sv\/"},{"@type":"ListItem","position":2,"name":"VIDA EN EL COLEGIO","item":"https:\/\/cfcaracas.org\/sv\/vida-en-el-colegio\/"},{"@type":"ListItem","position":3,"name":"Departamento de Orientaci\u00f3n"}]},{"@type":"WebSite","@id":"https:\/\/cfcaracas.org\/sv\/#website","url":"https:\/\/cfcaracas.org\/sv\/","name":"COLEGIO FRANCIA","description":"Colegio Francia, algo m\u00e1s que un colegio","publisher":{"@id":"https:\/\/cfcaracas.org\/sv\/#organization"},"potentialAction":[{"@type":"SearchAction","target":{"@type":"EntryPoint","urlTemplate":"https:\/\/cfcaracas.org\/sv\/?s={search_term_string}"},"query-input":{"@type":"PropertyValueSpecification","valueRequired":true,"valueName":"search_term_string"}}],"inLanguage":"en-US"},{"@type":"Organization","@id":"https:\/\/cfcaracas.org\/sv\/#organization","name":"U.E. Colegio Francia de Caracas","url":"https:\/\/cfcaracas.org\/sv\/","logo":{"@type":"ImageObject","inLanguage":"en-US","@id":"https:\/\/cfcaracas.org\/sv\/#\/schema\/logo\/image\/","url":"https:\/\/cfcaracas.org\/sv\/wp-content\/uploads\/LOGO-COLEGIO-FRANCIA-01.png","contentUrl":"https:\/\/cfcaracas.org\/sv\/wp-content\/uploads\/LOGO-COLEGIO-FRANCIA-01.png","width":851,"height":1135,"caption":"U.E. Colegio Francia de Caracas"},"image":{"@id":"https:\/\/cfcaracas.org\/sv\/#\/schema\/logo\/image\/"}}]}},"_links":{"self":[{"href":"https:\/\/cfcaracas.org\/sv\/wp-json\/wp\/v2\/pages\/228965","targetHints":{"allow":["GET"]}}],"collection":[{"href":"https:\/\/cfcaracas.org\/sv\/wp-json\/wp\/v2\/pages"}],"about":[{"href":"https:\/\/cfcaracas.org\/sv\/wp-json\/wp\/v2\/types\/page"}],"author":[{"embeddable":true,"href":"https:\/\/cfcaracas.org\/sv\/wp-json\/wp\/v2\/users\/5"}],"replies":[{"embeddable":true,"href":"https:\/\/cfcaracas.org\/sv\/wp-json\/wp\/v2\/comments?post=228965"}],"version-history":[{"count":1,"href":"https:\/\/cfcaracas.org\/sv\/wp-json\/wp\/v2\/pages\/228965\/revisions"}],"predecessor-version":[{"id":239928,"href":"https:\/\/cfcaracas.org\/sv\/wp-json\/wp\/v2\/pages\/228965\/revisions\/239928"}],"up":[{"embeddable":true,"href":"https:\/\/cfcaracas.org\/sv\/wp-json\/wp\/v2\/pages\/228536"}],"wp:attachment":[{"href":"https:\/\/cfcaracas.org\/sv\/wp-json\/wp\/v2\/media?parent=228965"}],"curies":[{"name":"wp","href":"https:\/\/api.w.org\/{rel}","templated":true}]}}