{"id":228967,"date":"2020-03-08T13:23:15","date_gmt":"2020-03-08T17:23:15","guid":{"rendered":"http:\/\/cfcaracas.org\/sv\/?page_id=228967"},"modified":"2025-11-05T09:27:16","modified_gmt":"2025-11-05T13:27:16","slug":"akdemia-sistema-de-control-de-estudios","status":"publish","type":"page","link":"https:\/\/cfcaracas.org\/sv\/servicios\/akdemia-sistema-de-control-de-estudios\/","title":{"rendered":"Akdemia &#8211; Sistema de Control de Estudios"},"content":{"rendered":"<p>[et_pb_section fb_built=&#8221;1&#8243; _builder_version=&#8221;4.16&#8243; background_color=&#8221;#e9eff3&#8243; background_image=&#8221;https:\/\/cfcaracas.org\/sv\/wp-content\/uploads\/shapes-bg-color.png&#8221; parallax=&#8221;on&#8221; custom_padding=&#8221;27px||0px|||&#8221; bottom_divider_color=&#8221;#065b99&#8243; global_colors_info=&#8221;{}&#8221;][et_pb_row _builder_version=&#8221;4.16&#8243; custom_padding=&#8221;0px||0px|||&#8221; global_colors_info=&#8221;{}&#8221;][et_pb_column type=&#8221;4_4&#8243; _builder_version=&#8221;4.16&#8243; global_colors_info=&#8221;{}&#8221;][et_pb_dmb_breadcrumbs font_icon=&#8221;&#xe04a;||divi||400&#8243; home_icon=&#8221;&#xe074;||divi||400&#8243; use_home_text=&#8221;on&#8221; home_text=&#8221;Inicio&#8221; _builder_version=&#8221;4.16&#8243; body_font=&#8221;|600|||||||&#8221; separator_text_color=&#8221;#0c71c3&#8243; global_colors_info=&#8221;{}&#8221;][\/et_pb_dmb_breadcrumbs][\/et_pb_column][\/et_pb_row][et_pb_row column_structure=&#8221;2_3,1_3&#8243; make_equal=&#8221;off&#8221; _builder_version=&#8221;4.16&#8243; global_colors_info=&#8221;{}&#8221;][et_pb_column type=&#8221;2_3&#8243; _builder_version=&#8221;4.16&#8243; background_color=&#8221;#ffffff&#8221; custom_padding=&#8221;25px|25px|25px|25px|true|true&#8221; border_radii=&#8221;on|16px|16px|16px|16px&#8221; box_shadow_style=&#8221;preset2&#8243; global_colors_info=&#8221;{}&#8221; custom_padding__hover=&#8221;|||&#8221;][et_pb_image src=&#8221;https:\/\/cfcaracas.org\/sv\/wp-content\/uploads\/Akdemia.jpg&#8221; title_text=&#8221;Akdemia&#8221; _builder_version=&#8221;4.16&#8243; _module_preset=&#8221;default&#8221; global_colors_info=&#8221;{}&#8221;][\/et_pb_image][et_pb_blurb icon_placement=&#8221;left&#8221; image_icon_width=&#8221;140px&#8221; content_max_width=&#8221;100%&#8221; _builder_version=&#8221;4.27.4&#8243; _module_preset=&#8221;default&#8221; custom_margin=&#8221;45px||25px|||&#8221; link_option_url=&#8221;https:\/\/edge.akdemia.com\/login&#8221; link_option_url_new_window=&#8221;on&#8221; hover_enabled=&#8221;0&#8243; image_max_width=&#8221;140px&#8221; global_colors_info=&#8221;{}&#8221; sticky_enabled=&#8221;0&#8243;]<\/p>\n<p><span>Akdemia es una plataforma tecnol\u00f3gica desarrollada espec\u00edficamente para optimizar la gesti\u00f3n de las escuelas. Ofrecemos desde la administraci\u00f3n de calificaciones en l\u00ednea, la visualizaci\u00f3n de diversos reportes gr\u00e1ficos, un calendario de actividades, un aula virtual que permite compartir archivos e incluso el env\u00edo de comunicaciones masivas, la interacci\u00f3n entre estudiantes y profesores a trav\u00e9s del muro. <\/span><\/p>\n<p><span><\/span><span>Para ingresar a la plataforma, pulsar clic en el siguiente bot\u00f3n:<a href=\"https:\/\/edge.akdemia.com\/login\"><\/a><\/span><\/p>\n<p>[\/et_pb_blurb][et_pb_button button_url=&#8221;https:\/\/edge.akdemia.com\/login&#8221; url_new_window=&#8221;on&#8221; button_text=&#8221;Ingresar a Akdemia&#8221; _builder_version=&#8221;4.16&#8243; _module_preset=&#8221;default&#8221; global_colors_info=&#8221;{}&#8221;][\/et_pb_button][et_pb_divider color=&#8221;#e6e6e6&#8243; _builder_version=&#8221;4.16&#8243; _module_preset=&#8221;default&#8221; global_colors_info=&#8221;{}&#8221;][\/et_pb_divider][\/et_pb_column][et_pb_column type=&#8221;1_3&#8243; _builder_version=&#8221;4.16&#8243; z_index=&#8221;10&#8243; custom_padding=&#8221;|||&#8221; global_colors_info=&#8221;{}&#8221; custom_padding__hover=&#8221;|||&#8221;][et_pb_blog fullwidth=&#8221;off&#8221; posts_number=&#8221;2&#8243; include_categories=&#8221;5&#8243; show_more=&#8221;on&#8221; show_author=&#8221;off&#8221; _builder_version=&#8221;4.16&#8243; pagination_font=&#8221;||||||||&#8221; border_radii=&#8221;on|15px|15px|15px|15px&#8221; border_radii_image=&#8221;||||&#8221; box_shadow_style=&#8221;preset1&#8243; global_colors_info=&#8221;{}&#8221;][\/et_pb_blog][\/et_pb_column][\/et_pb_row][\/et_pb_section]<\/p>\n","protected":false},"excerpt":{"rendered":"<p>Akdemia es una plataforma tecnol\u00f3gica desarrollada espec\u00edficamente para optimizar la gesti\u00f3n de las escuelas. Ofrecemos desde la administraci\u00f3n de calificaciones en l\u00ednea, la visualizaci\u00f3n de diversos reportes gr\u00e1ficos, un calendario de actividades, un aula virtual que permite compartir archivos e incluso el env\u00edo de comunicaciones masivas, la interacci\u00f3n entre estudiantes y profesores a trav\u00e9s del [&hellip;]<\/p>\n","protected":false},"author":1,"featured_media":0,"parent":228541,"menu_order":0,"comment_status":"closed","ping_status":"closed","template":"","meta":{"_et_pb_use_builder":"on","_et_pb_old_content":"","_et_gb_content_width":"","_monsterinsights_skip_tracking":false,"_monsterinsights_sitenote_active":false,"_monsterinsights_sitenote_note":"","_monsterinsights_sitenote_category":0,"footnotes":""},"class_list":["post-228967","page","type-page","status-publish","hentry"],"yoast_head":"<!-- This site is optimized with the Yoast SEO plugin v27.3 - https:\/\/yoast.com\/product\/yoast-seo-wordpress\/ -->\n<title>Akdemia - Sistema de Control de Estudios - COLEGIO FRANCIA<\/title>\n<meta name=\"robots\" content=\"index, follow, max-snippet:-1, max-image-preview:large, max-video-preview:-1\" \/>\n<link rel=\"canonical\" href=\"https:\/\/cfcaracas.org\/sv\/servicios\/akdemia-sistema-de-control-de-estudios\/\" \/>\n<meta property=\"og:locale\" content=\"en_US\" \/>\n<meta property=\"og:type\" content=\"article\" \/>\n<meta property=\"og:title\" content=\"Akdemia - Sistema de Control de Estudios - COLEGIO FRANCIA\" \/>\n<meta property=\"og:description\" content=\"Akdemia es una plataforma tecnol\u00f3gica desarrollada espec\u00edficamente para optimizar la gesti\u00f3n de las escuelas. Ofrecemos desde la administraci\u00f3n de calificaciones en l\u00ednea, la visualizaci\u00f3n de diversos reportes gr\u00e1ficos, un calendario de actividades, un aula virtual que permite compartir archivos e incluso el env\u00edo de comunicaciones masivas, la interacci\u00f3n entre estudiantes y profesores a trav\u00e9s del [&hellip;]\" \/>\n<meta property=\"og:url\" content=\"https:\/\/cfcaracas.org\/sv\/servicios\/akdemia-sistema-de-control-de-estudios\/\" \/>\n<meta property=\"og:site_name\" content=\"COLEGIO FRANCIA\" \/>\n<meta property=\"article:modified_time\" content=\"2025-11-05T13:27:16+00:00\" \/>\n<meta name=\"twitter:card\" content=\"summary_large_image\" \/>\n<meta name=\"twitter:label1\" content=\"Est. reading time\" \/>\n\t<meta name=\"twitter:data1\" content=\"2 minutes\" \/>\n<script type=\"application\/ld+json\" class=\"yoast-schema-graph\">{\"@context\":\"https:\\\/\\\/schema.org\",\"@graph\":[{\"@type\":\"WebPage\",\"@id\":\"https:\\\/\\\/cfcaracas.org\\\/sv\\\/servicios\\\/akdemia-sistema-de-control-de-estudios\\\/\",\"url\":\"https:\\\/\\\/cfcaracas.org\\\/sv\\\/servicios\\\/akdemia-sistema-de-control-de-estudios\\\/\",\"name\":\"Akdemia - Sistema de Control de Estudios - COLEGIO FRANCIA\",\"isPartOf\":{\"@id\":\"https:\\\/\\\/cfcaracas.org\\\/sv\\\/#website\"},\"datePublished\":\"2020-03-08T17:23:15+00:00\",\"dateModified\":\"2025-11-05T13:27:16+00:00\",\"breadcrumb\":{\"@id\":\"https:\\\/\\\/cfcaracas.org\\\/sv\\\/servicios\\\/akdemia-sistema-de-control-de-estudios\\\/#breadcrumb\"},\"inLanguage\":\"en-US\",\"potentialAction\":[{\"@type\":\"ReadAction\",\"target\":[\"https:\\\/\\\/cfcaracas.org\\\/sv\\\/servicios\\\/akdemia-sistema-de-control-de-estudios\\\/\"]}]},{\"@type\":\"BreadcrumbList\",\"@id\":\"https:\\\/\\\/cfcaracas.org\\\/sv\\\/servicios\\\/akdemia-sistema-de-control-de-estudios\\\/#breadcrumb\",\"itemListElement\":[{\"@type\":\"ListItem\",\"position\":1,\"name\":\"Home\",\"item\":\"https:\\\/\\\/cfcaracas.org\\\/sv\\\/\"},{\"@type\":\"ListItem\",\"position\":2,\"name\":\"SERVICIOS\",\"item\":\"https:\\\/\\\/cfcaracas.org\\\/sv\\\/servicios\\\/\"},{\"@type\":\"ListItem\",\"position\":3,\"name\":\"Akdemia &#8211; Sistema de Control de Estudios\"}]},{\"@type\":\"WebSite\",\"@id\":\"https:\\\/\\\/cfcaracas.org\\\/sv\\\/#website\",\"url\":\"https:\\\/\\\/cfcaracas.org\\\/sv\\\/\",\"name\":\"COLEGIO FRANCIA\",\"description\":\"Colegio Francia, algo m\u00e1s que un colegio\",\"publisher\":{\"@id\":\"https:\\\/\\\/cfcaracas.org\\\/sv\\\/#organization\"},\"potentialAction\":[{\"@type\":\"SearchAction\",\"target\":{\"@type\":\"EntryPoint\",\"urlTemplate\":\"https:\\\/\\\/cfcaracas.org\\\/sv\\\/?s={search_term_string}\"},\"query-input\":{\"@type\":\"PropertyValueSpecification\",\"valueRequired\":true,\"valueName\":\"search_term_string\"}}],\"inLanguage\":\"en-US\"},{\"@type\":\"Organization\",\"@id\":\"https:\\\/\\\/cfcaracas.org\\\/sv\\\/#organization\",\"name\":\"U.E. Colegio Francia de Caracas\",\"url\":\"https:\\\/\\\/cfcaracas.org\\\/sv\\\/\",\"logo\":{\"@type\":\"ImageObject\",\"inLanguage\":\"en-US\",\"@id\":\"https:\\\/\\\/cfcaracas.org\\\/sv\\\/#\\\/schema\\\/logo\\\/image\\\/\",\"url\":\"https:\\\/\\\/cfcaracas.org\\\/sv\\\/wp-content\\\/uploads\\\/LOGO-COLEGIO-FRANCIA-01.png\",\"contentUrl\":\"https:\\\/\\\/cfcaracas.org\\\/sv\\\/wp-content\\\/uploads\\\/LOGO-COLEGIO-FRANCIA-01.png\",\"width\":851,\"height\":1135,\"caption\":\"U.E. Colegio Francia de Caracas\"},\"image\":{\"@id\":\"https:\\\/\\\/cfcaracas.org\\\/sv\\\/#\\\/schema\\\/logo\\\/image\\\/\"}}]}<\/script>\n<!-- \/ Yoast SEO plugin. -->","yoast_head_json":{"title":"Akdemia - Sistema de Control de Estudios - COLEGIO FRANCIA","robots":{"index":"index","follow":"follow","max-snippet":"max-snippet:-1","max-image-preview":"max-image-preview:large","max-video-preview":"max-video-preview:-1"},"canonical":"https:\/\/cfcaracas.org\/sv\/servicios\/akdemia-sistema-de-control-de-estudios\/","og_locale":"en_US","og_type":"article","og_title":"Akdemia - Sistema de Control de Estudios - COLEGIO FRANCIA","og_description":"Akdemia es una plataforma tecnol\u00f3gica desarrollada espec\u00edficamente para optimizar la gesti\u00f3n de las escuelas. Ofrecemos desde la administraci\u00f3n de calificaciones en l\u00ednea, la visualizaci\u00f3n de diversos reportes gr\u00e1ficos, un calendario de actividades, un aula virtual que permite compartir archivos e incluso el env\u00edo de comunicaciones masivas, la interacci\u00f3n entre estudiantes y profesores a trav\u00e9s del [&hellip;]","og_url":"https:\/\/cfcaracas.org\/sv\/servicios\/akdemia-sistema-de-control-de-estudios\/","og_site_name":"COLEGIO FRANCIA","article_modified_time":"2025-11-05T13:27:16+00:00","twitter_card":"summary_large_image","twitter_misc":{"Est. reading time":"2 minutes"},"schema":{"@context":"https:\/\/schema.org","@graph":[{"@type":"WebPage","@id":"https:\/\/cfcaracas.org\/sv\/servicios\/akdemia-sistema-de-control-de-estudios\/","url":"https:\/\/cfcaracas.org\/sv\/servicios\/akdemia-sistema-de-control-de-estudios\/","name":"Akdemia - Sistema de Control de Estudios - COLEGIO FRANCIA","isPartOf":{"@id":"https:\/\/cfcaracas.org\/sv\/#website"},"datePublished":"2020-03-08T17:23:15+00:00","dateModified":"2025-11-05T13:27:16+00:00","breadcrumb":{"@id":"https:\/\/cfcaracas.org\/sv\/servicios\/akdemia-sistema-de-control-de-estudios\/#breadcrumb"},"inLanguage":"en-US","potentialAction":[{"@type":"ReadAction","target":["https:\/\/cfcaracas.org\/sv\/servicios\/akdemia-sistema-de-control-de-estudios\/"]}]},{"@type":"BreadcrumbList","@id":"https:\/\/cfcaracas.org\/sv\/servicios\/akdemia-sistema-de-control-de-estudios\/#breadcrumb","itemListElement":[{"@type":"ListItem","position":1,"name":"Home","item":"https:\/\/cfcaracas.org\/sv\/"},{"@type":"ListItem","position":2,"name":"SERVICIOS","item":"https:\/\/cfcaracas.org\/sv\/servicios\/"},{"@type":"ListItem","position":3,"name":"Akdemia &#8211; Sistema de Control de Estudios"}]},{"@type":"WebSite","@id":"https:\/\/cfcaracas.org\/sv\/#website","url":"https:\/\/cfcaracas.org\/sv\/","name":"COLEGIO FRANCIA","description":"Colegio Francia, algo m\u00e1s que un colegio","publisher":{"@id":"https:\/\/cfcaracas.org\/sv\/#organization"},"potentialAction":[{"@type":"SearchAction","target":{"@type":"EntryPoint","urlTemplate":"https:\/\/cfcaracas.org\/sv\/?s={search_term_string}"},"query-input":{"@type":"PropertyValueSpecification","valueRequired":true,"valueName":"search_term_string"}}],"inLanguage":"en-US"},{"@type":"Organization","@id":"https:\/\/cfcaracas.org\/sv\/#organization","name":"U.E. Colegio Francia de Caracas","url":"https:\/\/cfcaracas.org\/sv\/","logo":{"@type":"ImageObject","inLanguage":"en-US","@id":"https:\/\/cfcaracas.org\/sv\/#\/schema\/logo\/image\/","url":"https:\/\/cfcaracas.org\/sv\/wp-content\/uploads\/LOGO-COLEGIO-FRANCIA-01.png","contentUrl":"https:\/\/cfcaracas.org\/sv\/wp-content\/uploads\/LOGO-COLEGIO-FRANCIA-01.png","width":851,"height":1135,"caption":"U.E. Colegio Francia de Caracas"},"image":{"@id":"https:\/\/cfcaracas.org\/sv\/#\/schema\/logo\/image\/"}}]}},"_links":{"self":[{"href":"https:\/\/cfcaracas.org\/sv\/wp-json\/wp\/v2\/pages\/228967","targetHints":{"allow":["GET"]}}],"collection":[{"href":"https:\/\/cfcaracas.org\/sv\/wp-json\/wp\/v2\/pages"}],"about":[{"href":"https:\/\/cfcaracas.org\/sv\/wp-json\/wp\/v2\/types\/page"}],"author":[{"embeddable":true,"href":"https:\/\/cfcaracas.org\/sv\/wp-json\/wp\/v2\/users\/1"}],"replies":[{"embeddable":true,"href":"https:\/\/cfcaracas.org\/sv\/wp-json\/wp\/v2\/comments?post=228967"}],"version-history":[{"count":1,"href":"https:\/\/cfcaracas.org\/sv\/wp-json\/wp\/v2\/pages\/228967\/revisions"}],"predecessor-version":[{"id":240020,"href":"https:\/\/cfcaracas.org\/sv\/wp-json\/wp\/v2\/pages\/228967\/revisions\/240020"}],"up":[{"embeddable":true,"href":"https:\/\/cfcaracas.org\/sv\/wp-json\/wp\/v2\/pages\/228541"}],"wp:attachment":[{"href":"https:\/\/cfcaracas.org\/sv\/wp-json\/wp\/v2\/media?parent=228967"}],"curies":[{"name":"wp","href":"https:\/\/api.w.org\/{rel}","templated":true}]}}