{"id":234480,"date":"2022-11-08T14:58:52","date_gmt":"2022-11-08T18:58:52","guid":{"rendered":"https:\/\/cfcaracas.org\/sv\/?page_id=234480"},"modified":"2025-10-09T15:29:36","modified_gmt":"2025-10-09T19:29:36","slug":"directorio-de-docentes","status":"publish","type":"page","link":"https:\/\/cfcaracas.org\/sv\/servicios\/directorio-de-docentes\/","title":{"rendered":"Directorio de Docentes"},"content":{"rendered":"<p>[et_pb_section fb_built=&#8221;1&#8243; _builder_version=&#8221;4.16&#8243; background_color=&#8221;#e9eff3&#8243; background_image=&#8221;https:\/\/cfcaracas.org\/sv\/wp-content\/uploads\/shapes-bg-color.png&#8221; parallax=&#8221;on&#8221; custom_padding=&#8221;27px||0px|||&#8221; bottom_divider_color=&#8221;#065b99&#8243; global_colors_info=&#8221;{}&#8221;][et_pb_row _builder_version=&#8221;4.16&#8243; custom_padding=&#8221;0px||0px|||&#8221; global_colors_info=&#8221;{}&#8221;][et_pb_column type=&#8221;4_4&#8243; _builder_version=&#8221;4.16&#8243; global_colors_info=&#8221;{}&#8221;][et_pb_dmb_breadcrumbs font_icon=&#8221;&#xe04a;||divi||400&#8243; home_icon=&#8221;&#xe074;||divi||400&#8243; use_home_text=&#8221;on&#8221; home_text=&#8221;Inicio&#8221; _builder_version=&#8221;4.16&#8243; body_font=&#8221;|600|||||||&#8221; separator_text_color=&#8221;#0c71c3&#8243; global_colors_info=&#8221;{}&#8221;][\/et_pb_dmb_breadcrumbs][\/et_pb_column][\/et_pb_row][et_pb_row column_structure=&#8221;2_3,1_3&#8243; _builder_version=&#8221;4.16&#8243; global_colors_info=&#8221;{}&#8221;][et_pb_column type=&#8221;2_3&#8243; _builder_version=&#8221;4.16&#8243; background_color=&#8221;#ffffff&#8221; custom_padding=&#8221;25px|25px|25px|25px|true|true&#8221; border_radii=&#8221;on|16px|16px|16px|16px&#8221; box_shadow_style=&#8221;preset2&#8243; global_colors_info=&#8221;{}&#8221; custom_padding__hover=&#8221;|||&#8221;][et_pb_image src=&#8221;https:\/\/cfcaracas.org\/sv\/wp-content\/uploads\/map-colegiofrancia.png&#8221; _builder_version=&#8221;4.16&#8243; global_colors_info=&#8221;{}&#8221;][\/et_pb_image][et_pb_text _builder_version=&#8221;4.19.0&#8243; custom_padding=&#8221;||14px|||&#8221; global_colors_info=&#8221;{}&#8221;]<\/p>\n<h1>U.E.P. Colegio Francia<\/h1>\n<p>[\/et_pb_text][et_pb_text _builder_version=&#8221;4.27.4&#8243; min_height=&#8221;168px&#8221; custom_margin=&#8221;||15px||false|false&#8221; custom_padding=&#8221;||23px|||&#8221; hover_enabled=&#8221;0&#8243; global_colors_info=&#8221;{}&#8221; sticky_enabled=&#8221;0&#8243;]<\/p>\n<h1>Educaci\u00f3n PRIMARIA<\/h1>\n<p><strong>Coordinadora de Primaria.<\/strong> Irene de Farias<br \/><a href=\"mailto:odalis.gelvez@cfcaracas.org\">coordinador.primaria@cfcaracas.orgg<\/a><\/p>\n<p><strong>1er. Grado.<\/strong> Odalis Gelvez<br \/><a href=\"mailto:odalis.gelvez@cfcaracas.org\">odalis.gelvez@cfcaracas.org<\/a><\/p>\n<p><strong>2do grado. <\/strong>Alice Irala<br \/><a href=\"mailto:alice.irala@cfcaracas.org\">alice.irala@cfcaracas.org<\/a><\/p>\n<p><strong>3er grado.<\/strong>\u00a0Thais Huerta<br \/><a href=\"mailto:thais.huerta@cfcaracas.org\">thais.huerta@cfcaracas.org<\/a><\/p>\n<p><strong>4to grado.<\/strong> Geraldine Reinoso<br \/><a href=\"mailto:rebeca.fernandez@cfcaracas.org\"><\/a><a href=\"mailto:geraldine.reinoso@cfcaracas.org\">geraldine.reinoso@cfcaracas.org<\/a><\/p>\n<p><strong>4to grado.<\/strong> Keyla D\u00edaz<br \/><a href=\"mailto:keyla.diaz@cfcaracas.org\">keyla.diaz@cfcaracas.org<\/a><\/p>\n<p><strong>5to grado A.<\/strong> Carelsy Santana<br \/><a href=\"mailto:carelsy.santana@cfcaracas.org\">carelsy.santana@cfcaracas.org<\/a><\/p>\n<p><strong>5to grado B.<\/strong> Sara Aceros<br \/><a href=\"mailto:carelsy.santana@cfcaracas.org\">sara.aceros@cfcaracas.org<\/a><\/p>\n<p><strong>6to grado. <\/strong>Dubraska Ayala<br \/><a href=\"mailto:dubraska.ayala@cfcaracas.org\">dubraska.ayala@cfcaracas.org<\/a><\/p>\n<p><strong>6to grado.<\/strong>\u00a0Rebeca Fern\u00e1ndez<br \/><a href=\"mailto:geraldine.reinoso@cfcaracas.org\"><\/a><a href=\"mailto:rebeca.fernandez@cfcaracas.org\">rebeca.fernandez@cfcaracas.org<\/a><\/p>\n<p>[\/et_pb_text][et_pb_text _builder_version=&#8221;4.27.4&#8243; min_height=&#8221;349.4px&#8221; custom_margin=&#8221;0px||||false|false&#8221; custom_padding=&#8221;1px||0px||false|false&#8221; hover_enabled=&#8221;0&#8243; global_colors_info=&#8221;{}&#8221; sticky_enabled=&#8221;0&#8243;]<\/p>\n<h1>Profesores Especialistas<\/h1>\n<p><strong>Inform\u00e1tica.<\/strong> Pedro Bello<br \/><a href=\"mailto:pedro.bello@cfcaracas.org\">pedro.bello@cfcaracas.org<\/a><\/p>\n<p><strong>Rob\u00f3tica Primaria.<\/strong> Yurkelis Mejias<br \/><a href=\"mailto:yurkelys.mejias@cfcaracas.org\">yurkelys.mejias@cfcaracas.org<\/a><\/p>\n<p><strong>Educaci\u00f3n f\u00edsica.<\/strong> Elisaul Garc\u00eda<br \/><a href=\"mailto:elisaul.garcia@cfcaracas.org\">elisaul.garcia@cfcaracas.org<\/a><\/p>\n<p><strong>M\u00fasica.<\/strong> Mirna Romero<br \/><a href=\"mailto:mirna.romero@cfcaracas.org\">mirna.romero@cfcaracas.org<\/a><\/p>\n<p style=\"text-align: left;\"><strong>Expresi\u00f3n Corporal.<\/strong> Roberto Gonz\u00e1lez<br \/><a href=\"mailto:roberto.gonzalez@cfcaracas.org\">roberto.gonzalez@cfcaracas.org<\/a><\/p>\n<p><strong>Biblioteca.<\/strong> Elimar Borges<br \/><a href=\"mailto:elimar.borges@cfcaracas.org\">elimar.borges@cfcaracas.org<\/a><\/p>\n<p>[\/et_pb_text][et_pb_text _builder_version=&#8221;4.27.4&#8243; min_height=&#8221;432px&#8221; custom_margin=&#8221;0px||15px||false|false&#8221; custom_padding=&#8221;7px||0px|||&#8221; hover_enabled=&#8221;0&#8243; global_colors_info=&#8221;{}&#8221; sticky_enabled=&#8221;0&#8243;]<\/p>\n<h1 style=\"text-align: left;\">Profesores de Media General<\/h1>\n<p style=\"text-align: left;\"><strong><\/strong><\/p>\n<p style=\"text-align: left;\"><strong>Arte y Patrimonio.<\/strong> Mar\u00eda Alejandra Graterol<br \/><a href=\"mailto:maria.graterol@cfcaracas.org\">maria.graterol@cfcaracas.org<\/a><\/p>\n<p style=\"text-align: left;\"><strong>Ciencias Naturales.<\/strong> Marynes Rosario<br \/><a href=\"mailto:marynes.rosario@cfcaracas.org\">marynes.rosario@cfcaracas.org<\/a><\/p>\n<p style=\"text-align: left;\"><strong>Ciencias Naturales.<\/strong> Gladys Mar\u00edn<br \/><a href=\"mailto:gladys.marin@cfcaracas.org\">gladys.marin@cfcaracas.org<\/a><\/p>\n<p style=\"text-align: left;\"><strong>Ciencias Naturales.<\/strong> Mar\u00eda Marrero<br \/><a href=\"mailto:maria.marrero@cfcaracas.org\">maria.marrero@cfcaracas.org<\/a><\/p>\n<p style=\"text-align: left;\"><strong>Castellano.<\/strong> Ana Bracamonte<br \/><a href=\"mailto:ana.bracamonte@cfcaracas.org\">ana.bracamonte@cfcaracas.org<\/a><\/p>\n<p style=\"text-align: left;\"><strong>Castellano.<\/strong>Gladys Cogan<br \/><a href=\"mailto:gladys.cogan@cfcaracas.org\">gladys.cogan@cfcaracas.org<\/a><\/p>\n<p style=\"text-align: left;\"><strong>GHC.<\/strong> Alba P\u00e9rez<br \/><a href=\"mailto:alba.perez@cfcaracas.org\">alba.perez@cfcaracas.org<\/a><\/p>\n<p style=\"text-align: left;\"><strong>GHC. <\/strong>Lucilo Fonseca<br \/><a href=\"mailto:lucilo.fonseca@cfcaracas.org\">lucilo.fonseca@cfcaracas.org<\/a><\/p>\n<p style=\"text-align: left;\"><strong>F\u00edsica.<\/strong> Oswaldo Mor\u00e9<br \/><a href=\"mailto:oswaldo.more@cfcaracas.org\">oswaldo.more@cfcaracas.org<\/a><\/p>\n<p><strong>Matem\u00e1tica.<\/strong> Douglas Mu\u00f1oz<br \/><a href=\"mailto:douglas.munoz@cfcaracas.org\">douglas.munoz@cfcaracas.org<\/a><\/p>\n<p><strong>Qu\u00edmica.<\/strong> Tamaris Salazar<br \/><a href=\"mailto:tamaris.salazar@cfcaracas.org\">tamaris.salazar@cfcaracas.org<\/a><\/p>\n<p><strong>Ciencias de la Tierra.<\/strong> Edgar Blanco<br \/><a href=\"mailto:edgar.blanco@cfcaracas.org\">edgar.blanco@cfcaracas.org<\/a><\/p>\n<p><strong>Educaci\u00f3n F\u00edsica.<\/strong> Elisa\u00fal Garc\u00eda<br \/><a href=\"mailto:elisaul.garcia@cfcaracas.org\">elisaul.garcia@cfcaracas.org<\/a><\/p>\n<p><strong>Grupo de CRPP.<\/strong> Marlin P\u00e9rez<br \/><a href=\"mailto:marlin.perez@cfcaracas.org\">marlin.perez@cfcaracas.org<\/a><\/p>\n<p>[\/et_pb_text][et_pb_text _builder_version=&#8221;4.27.4&#8243; min_height=&#8221;521.1px&#8221; custom_margin=&#8221;0px||36px||false|false&#8221; hover_enabled=&#8221;0&#8243; global_colors_info=&#8221;{}&#8221; sticky_enabled=&#8221;0&#8243;]<\/p>\n<h1>Profesoras de Orientaci\u00f3n<\/h1>\n<p style=\"text-align: left;\"><strong>Psic\u00f3loga Adriana Camacho<\/strong><br \/><a href=\"mailto:adriana.camacho@cfcaracas.org\">adriana.camacho@cfcaracas.org<\/a><\/p>\n<p style=\"text-align: left;\"><strong>Psic\u00f3loga Eglee Castillo<\/strong><br \/>eglee.castillo@cfcaracas.org<\/p>\n<p style=\"text-align: left;\"><strong>Magbys Morales<\/strong><br \/><a href=\"mailto:orientacion@cfcaracas.org\">orientacion@cfcaracas.org<\/a><\/p>\n<p style=\"text-align: left;\"><strong>Lucia Morales<\/strong><br \/><a href=\"mailto:lucia.morales@cfcaracas.org\">lucia.morales@cfcaracas.org<\/a><\/p>\n<h1><\/h1>\n<h1>Profesores LABEL Franc\u00e9s<\/h1>\n<p><strong>Primaria.<\/strong> Mariana Salas<br \/><a href=\"mailto:mariana.salas@cfcaracas.org\">mariana.salas@cfcaracas.org<\/a><\/p>\n<p><strong>Primaria.<\/strong> Olimpia Barrios<br \/><a href=\"mailto:olimpia.barrios@cfcaracas.org\">olimpia.barrios@cfcaracas.org<\/a><\/p>\n<p><strong>Primaria.<\/strong> Lisett Solorzano<br \/><a href=\"mailto:lisett.solorzano@cfcaracas.org\">lisett.solorzano@cfcaracas.org<\/a><\/p>\n<p><strong>Bachillerato.<\/strong> Yves Isma<br \/><a href=\"mailto:yves.isma@cfcaracas.org\">yves.isma@cfcaracas.org<\/a><\/p>\n<p><strong>Bachillerato.<\/strong> Alexis Verdu<br \/><a href=\"mailto:alexis.verdu@cfcaracas.org\">alexis.verdu@cfcaracas.org<\/a><\/p>\n<p><strong>Bachillerato.<\/strong> Marjorie Guillen<br \/><a href=\"mailto:marjorie.guillen@cfcaracas.org\">marjorie.guillen@cfcaracas.org<\/a><\/p>\n<p><strong>Responsable del centro de ex\u00e1menes DELF<\/strong><br \/>Gerardo Morales. <a href=\"mailto:gerardo.morales@cfcaracas.org\">gerardo.morales@cfcaracas.org<\/a><\/p>\n<p><strong>Coordinaci\u00f3n Label Franc\u00c9ducation<\/strong><br \/>Carmen L\u00f3pez. <a href=\"mailto:delf.labelcf@cfcaracas.org\">delf.labelcf@cfcaracas.org<\/a><\/p>\n<h1><\/h1>\n<h1>Media General<\/h1>\n<p><strong>Coordinaci\u00f3n Prof. Jes\u00fas Su\u00e1rez<br \/><\/strong><a href=\"mailto:morelys.salas@cfcaracas.org\">vida_escolar@cfcaracas.org<\/a><\/p>\n<p><b>Faltas, permisos y justificativos<\/b><br \/><a href=\"mailto:olimpia.barrios@cfcaracas.org\">justificativos.sv@cfcaracas.org<\/a><\/p>\n<h1><\/h1>\n<h1>Control de Estudios<\/h1>\n<p><strong>Prof. Gina Di Gregorio<br \/><\/strong><a href=\"mailto:control.estudios@cfcaracas.org\">control.estudios@cfcaracas.org<\/a><\/p>\n<p><strong>Asistente Mayandri Medina<\/strong><br \/><a href=\"mailto:mayandry.medina@cfcaracas.org\">mayandry.medina@cfcaracas.org<\/a><\/p>\n<h1><\/h1>\n<h1>Actividades extracurriculares<\/h1>\n<p><strong>Luis Barreto<br \/><\/strong><a href=\"mailto:aes@cfcaracas.org\">aes@cfcaracas.org<\/a><\/p>\n<p>&nbsp;<\/p>\n<p>[\/et_pb_text][et_pb_contact_form email=&#8221;comunicaciones@cfcaracas.org&#8221; title=&#8221;Formulario de Contacto&#8221; success_message=&#8221;Success&#8221; submit_button_text=&#8221;Entre&#8221; _builder_version=&#8221;4.16&#8243; _unique_id=&#8221;ae79c941-8167-4252-9191-7a311ef9c3a6&#8243; title_font=&#8221;|||on|||||&#8221; title_text_color=&#8221;#746dcf&#8221; title_font_size=&#8221;19px&#8221; locked=&#8221;off&#8221; global_colors_info=&#8221;{}&#8221;][et_pb_contact_field field_id=&#8221;Name&#8221; field_title=&#8221;Nombre&#8221; _builder_version=&#8221;4.16&#8243; global_colors_info=&#8221;{}&#8221; button_text_size__hover_enabled=&#8221;off&#8221; button_one_text_size__hover_enabled=&#8221;off&#8221; button_two_text_size__hover_enabled=&#8221;off&#8221; button_text_color__hover_enabled=&#8221;off&#8221; button_one_text_color__hover_enabled=&#8221;off&#8221; button_two_text_color__hover_enabled=&#8221;off&#8221; button_border_width__hover_enabled=&#8221;off&#8221; button_one_border_width__hover_enabled=&#8221;off&#8221; button_two_border_width__hover_enabled=&#8221;off&#8221; button_border_color__hover_enabled=&#8221;off&#8221; button_one_border_color__hover_enabled=&#8221;off&#8221; button_two_border_color__hover_enabled=&#8221;off&#8221; button_border_radius__hover_enabled=&#8221;off&#8221; button_one_border_radius__hover_enabled=&#8221;off&#8221; button_two_border_radius__hover_enabled=&#8221;off&#8221; button_letter_spacing__hover_enabled=&#8221;off&#8221; button_one_letter_spacing__hover_enabled=&#8221;off&#8221; button_two_letter_spacing__hover_enabled=&#8221;off&#8221; button_bg_color__hover_enabled=&#8221;off&#8221; button_one_bg_color__hover_enabled=&#8221;off&#8221; button_two_bg_color__hover_enabled=&#8221;off&#8221;][\/et_pb_contact_field][et_pb_contact_field field_id=&#8221;Email&#8221; field_title=&#8221;DIrecion de correo&#8221; field_type=&#8221;email&#8221; _builder_version=&#8221;4.16&#8243; global_colors_info=&#8221;{}&#8221; button_text_size__hover_enabled=&#8221;off&#8221; button_one_text_size__hover_enabled=&#8221;off&#8221; button_two_text_size__hover_enabled=&#8221;off&#8221; button_text_color__hover_enabled=&#8221;off&#8221; button_one_text_color__hover_enabled=&#8221;off&#8221; button_two_text_color__hover_enabled=&#8221;off&#8221; button_border_width__hover_enabled=&#8221;off&#8221; button_one_border_width__hover_enabled=&#8221;off&#8221; button_two_border_width__hover_enabled=&#8221;off&#8221; button_border_color__hover_enabled=&#8221;off&#8221; button_one_border_color__hover_enabled=&#8221;off&#8221; button_two_border_color__hover_enabled=&#8221;off&#8221; button_border_radius__hover_enabled=&#8221;off&#8221; button_one_border_radius__hover_enabled=&#8221;off&#8221; button_two_border_radius__hover_enabled=&#8221;off&#8221; button_letter_spacing__hover_enabled=&#8221;off&#8221; button_one_letter_spacing__hover_enabled=&#8221;off&#8221; button_two_letter_spacing__hover_enabled=&#8221;off&#8221; button_bg_color__hover_enabled=&#8221;off&#8221; button_one_bg_color__hover_enabled=&#8221;off&#8221; button_two_bg_color__hover_enabled=&#8221;off&#8221;][\/et_pb_contact_field][et_pb_contact_field field_id=&#8221;Message&#8221; field_title=&#8221;Mensaje&#8221; field_type=&#8221;text&#8221; fullwidth_field=&#8221;on&#8221; _builder_version=&#8221;4.16&#8243; global_colors_info=&#8221;{}&#8221; button_text_size__hover_enabled=&#8221;off&#8221; button_one_text_size__hover_enabled=&#8221;off&#8221; button_two_text_size__hover_enabled=&#8221;off&#8221; button_text_color__hover_enabled=&#8221;off&#8221; button_one_text_color__hover_enabled=&#8221;off&#8221; button_two_text_color__hover_enabled=&#8221;off&#8221; button_border_width__hover_enabled=&#8221;off&#8221; button_one_border_width__hover_enabled=&#8221;off&#8221; button_two_border_width__hover_enabled=&#8221;off&#8221; button_border_color__hover_enabled=&#8221;off&#8221; button_one_border_color__hover_enabled=&#8221;off&#8221; button_two_border_color__hover_enabled=&#8221;off&#8221; button_border_radius__hover_enabled=&#8221;off&#8221; button_one_border_radius__hover_enabled=&#8221;off&#8221; button_two_border_radius__hover_enabled=&#8221;off&#8221; button_letter_spacing__hover_enabled=&#8221;off&#8221; button_one_letter_spacing__hover_enabled=&#8221;off&#8221; button_two_letter_spacing__hover_enabled=&#8221;off&#8221; button_bg_color__hover_enabled=&#8221;off&#8221; button_one_bg_color__hover_enabled=&#8221;off&#8221; button_two_bg_color__hover_enabled=&#8221;off&#8221;][\/et_pb_contact_field][\/et_pb_contact_form][\/et_pb_column][et_pb_column type=&#8221;1_3&#8243; _builder_version=&#8221;4.16&#8243; z_index=&#8221;10&#8243; custom_padding=&#8221;|||&#8221; global_colors_info=&#8221;{}&#8221; custom_padding__hover=&#8221;|||&#8221;][et_pb_blog fullwidth=&#8221;off&#8221; posts_number=&#8221;2&#8243; include_categories=&#8221;5,23&#8243; show_more=&#8221;on&#8221; show_author=&#8221;off&#8221; _builder_version=&#8221;4.16&#8243; pagination_font=&#8221;||||||||&#8221; border_radii=&#8221;on|15px|15px|15px|15px&#8221; border_radii_image=&#8221;||||&#8221; box_shadow_style=&#8221;preset1&#8243; global_colors_info=&#8221;{}&#8221;][\/et_pb_blog][\/et_pb_column][\/et_pb_row][\/et_pb_section]<\/p>\n","protected":false},"excerpt":{"rendered":"<p>Correos electr\u00f3nicos del personal docente del colegio<\/p>\n","protected":false},"author":5,"featured_media":0,"parent":228541,"menu_order":0,"comment_status":"closed","ping_status":"closed","template":"","meta":{"_et_pb_use_builder":"on","_et_pb_old_content":"","_et_gb_content_width":"","_monsterinsights_skip_tracking":false,"_monsterinsights_sitenote_active":false,"_monsterinsights_sitenote_note":"","_monsterinsights_sitenote_category":0,"footnotes":""},"class_list":["post-234480","page","type-page","status-publish","hentry"],"yoast_head":"<!-- This site is optimized with the Yoast SEO plugin v27.3 - https:\/\/yoast.com\/product\/yoast-seo-wordpress\/ -->\n<title>Directorio de Docentes - COLEGIO FRANCIA<\/title>\n<meta name=\"robots\" content=\"index, follow, max-snippet:-1, max-image-preview:large, max-video-preview:-1\" \/>\n<link rel=\"canonical\" href=\"https:\/\/cfcaracas.org\/sv\/servicios\/directorio-de-docentes\/\" \/>\n<meta property=\"og:locale\" content=\"en_US\" \/>\n<meta property=\"og:type\" content=\"article\" \/>\n<meta property=\"og:title\" content=\"Directorio de Docentes - COLEGIO FRANCIA\" \/>\n<meta property=\"og:description\" content=\"Correos electr\u00f3nicos del personal docente del colegio\" \/>\n<meta property=\"og:url\" content=\"https:\/\/cfcaracas.org\/sv\/servicios\/directorio-de-docentes\/\" \/>\n<meta property=\"og:site_name\" content=\"COLEGIO FRANCIA\" \/>\n<meta property=\"article:modified_time\" content=\"2025-10-09T19:29:36+00:00\" \/>\n<meta name=\"twitter:card\" content=\"summary_large_image\" \/>\n<meta name=\"twitter:label1\" content=\"Est. reading time\" \/>\n\t<meta name=\"twitter:data1\" content=\"3 minutes\" \/>\n<script type=\"application\/ld+json\" class=\"yoast-schema-graph\">{\"@context\":\"https:\\\/\\\/schema.org\",\"@graph\":[{\"@type\":\"WebPage\",\"@id\":\"https:\\\/\\\/cfcaracas.org\\\/sv\\\/servicios\\\/directorio-de-docentes\\\/\",\"url\":\"https:\\\/\\\/cfcaracas.org\\\/sv\\\/servicios\\\/directorio-de-docentes\\\/\",\"name\":\"Directorio de Docentes - COLEGIO FRANCIA\",\"isPartOf\":{\"@id\":\"https:\\\/\\\/cfcaracas.org\\\/sv\\\/#website\"},\"datePublished\":\"2022-11-08T18:58:52+00:00\",\"dateModified\":\"2025-10-09T19:29:36+00:00\",\"breadcrumb\":{\"@id\":\"https:\\\/\\\/cfcaracas.org\\\/sv\\\/servicios\\\/directorio-de-docentes\\\/#breadcrumb\"},\"inLanguage\":\"en-US\",\"potentialAction\":[{\"@type\":\"ReadAction\",\"target\":[\"https:\\\/\\\/cfcaracas.org\\\/sv\\\/servicios\\\/directorio-de-docentes\\\/\"]}]},{\"@type\":\"BreadcrumbList\",\"@id\":\"https:\\\/\\\/cfcaracas.org\\\/sv\\\/servicios\\\/directorio-de-docentes\\\/#breadcrumb\",\"itemListElement\":[{\"@type\":\"ListItem\",\"position\":1,\"name\":\"Home\",\"item\":\"https:\\\/\\\/cfcaracas.org\\\/sv\\\/\"},{\"@type\":\"ListItem\",\"position\":2,\"name\":\"SERVICIOS\",\"item\":\"https:\\\/\\\/cfcaracas.org\\\/sv\\\/servicios\\\/\"},{\"@type\":\"ListItem\",\"position\":3,\"name\":\"Directorio de Docentes\"}]},{\"@type\":\"WebSite\",\"@id\":\"https:\\\/\\\/cfcaracas.org\\\/sv\\\/#website\",\"url\":\"https:\\\/\\\/cfcaracas.org\\\/sv\\\/\",\"name\":\"COLEGIO FRANCIA\",\"description\":\"Colegio Francia, algo m\u00e1s que un colegio\",\"publisher\":{\"@id\":\"https:\\\/\\\/cfcaracas.org\\\/sv\\\/#organization\"},\"potentialAction\":[{\"@type\":\"SearchAction\",\"target\":{\"@type\":\"EntryPoint\",\"urlTemplate\":\"https:\\\/\\\/cfcaracas.org\\\/sv\\\/?s={search_term_string}\"},\"query-input\":{\"@type\":\"PropertyValueSpecification\",\"valueRequired\":true,\"valueName\":\"search_term_string\"}}],\"inLanguage\":\"en-US\"},{\"@type\":\"Organization\",\"@id\":\"https:\\\/\\\/cfcaracas.org\\\/sv\\\/#organization\",\"name\":\"U.E. Colegio Francia de Caracas\",\"url\":\"https:\\\/\\\/cfcaracas.org\\\/sv\\\/\",\"logo\":{\"@type\":\"ImageObject\",\"inLanguage\":\"en-US\",\"@id\":\"https:\\\/\\\/cfcaracas.org\\\/sv\\\/#\\\/schema\\\/logo\\\/image\\\/\",\"url\":\"https:\\\/\\\/cfcaracas.org\\\/sv\\\/wp-content\\\/uploads\\\/LOGO-COLEGIO-FRANCIA-01.png\",\"contentUrl\":\"https:\\\/\\\/cfcaracas.org\\\/sv\\\/wp-content\\\/uploads\\\/LOGO-COLEGIO-FRANCIA-01.png\",\"width\":851,\"height\":1135,\"caption\":\"U.E. Colegio Francia de Caracas\"},\"image\":{\"@id\":\"https:\\\/\\\/cfcaracas.org\\\/sv\\\/#\\\/schema\\\/logo\\\/image\\\/\"}}]}<\/script>\n<!-- \/ Yoast SEO plugin. -->","yoast_head_json":{"title":"Directorio de Docentes - COLEGIO FRANCIA","robots":{"index":"index","follow":"follow","max-snippet":"max-snippet:-1","max-image-preview":"max-image-preview:large","max-video-preview":"max-video-preview:-1"},"canonical":"https:\/\/cfcaracas.org\/sv\/servicios\/directorio-de-docentes\/","og_locale":"en_US","og_type":"article","og_title":"Directorio de Docentes - COLEGIO FRANCIA","og_description":"Correos electr\u00f3nicos del personal docente del colegio","og_url":"https:\/\/cfcaracas.org\/sv\/servicios\/directorio-de-docentes\/","og_site_name":"COLEGIO FRANCIA","article_modified_time":"2025-10-09T19:29:36+00:00","twitter_card":"summary_large_image","twitter_misc":{"Est. reading time":"3 minutes"},"schema":{"@context":"https:\/\/schema.org","@graph":[{"@type":"WebPage","@id":"https:\/\/cfcaracas.org\/sv\/servicios\/directorio-de-docentes\/","url":"https:\/\/cfcaracas.org\/sv\/servicios\/directorio-de-docentes\/","name":"Directorio de Docentes - COLEGIO FRANCIA","isPartOf":{"@id":"https:\/\/cfcaracas.org\/sv\/#website"},"datePublished":"2022-11-08T18:58:52+00:00","dateModified":"2025-10-09T19:29:36+00:00","breadcrumb":{"@id":"https:\/\/cfcaracas.org\/sv\/servicios\/directorio-de-docentes\/#breadcrumb"},"inLanguage":"en-US","potentialAction":[{"@type":"ReadAction","target":["https:\/\/cfcaracas.org\/sv\/servicios\/directorio-de-docentes\/"]}]},{"@type":"BreadcrumbList","@id":"https:\/\/cfcaracas.org\/sv\/servicios\/directorio-de-docentes\/#breadcrumb","itemListElement":[{"@type":"ListItem","position":1,"name":"Home","item":"https:\/\/cfcaracas.org\/sv\/"},{"@type":"ListItem","position":2,"name":"SERVICIOS","item":"https:\/\/cfcaracas.org\/sv\/servicios\/"},{"@type":"ListItem","position":3,"name":"Directorio de Docentes"}]},{"@type":"WebSite","@id":"https:\/\/cfcaracas.org\/sv\/#website","url":"https:\/\/cfcaracas.org\/sv\/","name":"COLEGIO FRANCIA","description":"Colegio Francia, algo m\u00e1s que un colegio","publisher":{"@id":"https:\/\/cfcaracas.org\/sv\/#organization"},"potentialAction":[{"@type":"SearchAction","target":{"@type":"EntryPoint","urlTemplate":"https:\/\/cfcaracas.org\/sv\/?s={search_term_string}"},"query-input":{"@type":"PropertyValueSpecification","valueRequired":true,"valueName":"search_term_string"}}],"inLanguage":"en-US"},{"@type":"Organization","@id":"https:\/\/cfcaracas.org\/sv\/#organization","name":"U.E. Colegio Francia de Caracas","url":"https:\/\/cfcaracas.org\/sv\/","logo":{"@type":"ImageObject","inLanguage":"en-US","@id":"https:\/\/cfcaracas.org\/sv\/#\/schema\/logo\/image\/","url":"https:\/\/cfcaracas.org\/sv\/wp-content\/uploads\/LOGO-COLEGIO-FRANCIA-01.png","contentUrl":"https:\/\/cfcaracas.org\/sv\/wp-content\/uploads\/LOGO-COLEGIO-FRANCIA-01.png","width":851,"height":1135,"caption":"U.E. Colegio Francia de Caracas"},"image":{"@id":"https:\/\/cfcaracas.org\/sv\/#\/schema\/logo\/image\/"}}]}},"_links":{"self":[{"href":"https:\/\/cfcaracas.org\/sv\/wp-json\/wp\/v2\/pages\/234480","targetHints":{"allow":["GET"]}}],"collection":[{"href":"https:\/\/cfcaracas.org\/sv\/wp-json\/wp\/v2\/pages"}],"about":[{"href":"https:\/\/cfcaracas.org\/sv\/wp-json\/wp\/v2\/types\/page"}],"author":[{"embeddable":true,"href":"https:\/\/cfcaracas.org\/sv\/wp-json\/wp\/v2\/users\/5"}],"replies":[{"embeddable":true,"href":"https:\/\/cfcaracas.org\/sv\/wp-json\/wp\/v2\/comments?post=234480"}],"version-history":[{"count":10,"href":"https:\/\/cfcaracas.org\/sv\/wp-json\/wp\/v2\/pages\/234480\/revisions"}],"predecessor-version":[{"id":239886,"href":"https:\/\/cfcaracas.org\/sv\/wp-json\/wp\/v2\/pages\/234480\/revisions\/239886"}],"up":[{"embeddable":true,"href":"https:\/\/cfcaracas.org\/sv\/wp-json\/wp\/v2\/pages\/228541"}],"wp:attachment":[{"href":"https:\/\/cfcaracas.org\/sv\/wp-json\/wp\/v2\/media?parent=234480"}],"curies":[{"name":"wp","href":"https:\/\/api.w.org\/{rel}","templated":true}]}}