{"id":235087,"date":"2023-02-01T09:34:08","date_gmt":"2023-02-01T13:34:08","guid":{"rendered":"https:\/\/cfcaracas.org\/sv\/?page_id=235087"},"modified":"2026-03-06T14:41:10","modified_gmt":"2026-03-06T18:41:10","slug":"servicio-administrativo","status":"publish","type":"page","link":"https:\/\/cfcaracas.org\/sv\/servicios\/servicio-administrativo\/","title":{"rendered":"Servicio Administrativo"},"content":{"rendered":"<p>[et_pb_section fb_built=&#8221;1&#8243; _builder_version=&#8221;4.16&#8243; background_color=&#8221;#e9eff3&#8243; background_image=&#8221;https:\/\/cfcaracas.org\/sv\/wp-content\/uploads\/shapes-bg-color.png&#8221; parallax=&#8221;on&#8221; custom_padding=&#8221;27px||0px|||&#8221; bottom_divider_color=&#8221;#065b99&#8243; global_colors_info=&#8221;{}&#8221;][et_pb_row _builder_version=&#8221;4.16&#8243; custom_padding=&#8221;0px||0px|||&#8221; global_colors_info=&#8221;{}&#8221;][et_pb_column type=&#8221;4_4&#8243; _builder_version=&#8221;4.16&#8243; global_colors_info=&#8221;{}&#8221;][et_pb_dmb_breadcrumbs font_icon=&#8221;&#xe04a;||divi||400&#8243; home_icon=&#8221;&#xe074;||divi||400&#8243; use_home_text=&#8221;on&#8221; home_text=&#8221;Inicio&#8221; _builder_version=&#8221;4.16&#8243; body_font=&#8221;|600|||||||&#8221; separator_text_color=&#8221;#0c71c3&#8243; global_colors_info=&#8221;{}&#8221;][\/et_pb_dmb_breadcrumbs][\/et_pb_column][\/et_pb_row][et_pb_row column_structure=&#8221;2_3,1_3&#8243; _builder_version=&#8221;4.16&#8243; global_colors_info=&#8221;{}&#8221;][et_pb_column type=&#8221;2_3&#8243; _builder_version=&#8221;4.16&#8243; background_color=&#8221;#ffffff&#8221; custom_padding=&#8221;25px|25px|25px|25px|true|true&#8221; border_radii=&#8221;on|16px|16px|16px|16px&#8221; box_shadow_style=&#8221;preset2&#8243; global_colors_info=&#8221;{}&#8221; custom_padding__hover=&#8221;|||&#8221;][et_pb_image src=&#8221;https:\/\/cfcaracas.org\/sv\/wp-content\/uploads\/Foto_ServAdmins.png&#8221; title_text=&#8221;Foto_ServAdmins&#8221; _builder_version=&#8221;4.27.4&#8243; _module_preset=&#8221;default&#8221; global_colors_info=&#8221;{}&#8221;][\/et_pb_image][et_pb_text _builder_version=&#8221;4.19.5&#8243; min_height=&#8221;159.6px&#8221; custom_margin=&#8221;||9px|||&#8221; global_colors_info=&#8221;{}&#8221;]<\/p>\n<h1>Modalidades de pagos<\/h1>\n<p>Padres y representantes pueden dirigirse a la caja de nuestra instituci\u00f3n para realizar el pago de las mensualidad trav\u00e9s de las siguientes modalidades:<\/p>\n<ul>\n<li>Pagos en efectivo.<\/li>\n<li>Pagos por transferencias.<\/li>\n<li>Pagos con tarjeta a trav\u00e9s de nuestro punto de venta.<\/li>\n<\/ul>\n<p>[\/et_pb_text][et_pb_text _builder_version=&#8221;4.27.6&#8243; global_colors_info=&#8221;{}&#8221;]<\/p>\n<h1><\/h1>\n<h1>horario de caja<\/h1>\n<ul>\n<li>De lunes a jueves a partir de <strong>7:30 am hasta las 12:30 pm.<\/strong><\/li>\n<li>Los d\u00edas viernes no hay atenci\u00f3n en caja.\u00a0<\/li>\n<\/ul>\n<h1><\/h1>\n<h1>\u00bfC\u00f3mo reportar su pago?<\/h1>\n<ul>\n<li>Env\u00ede un correo electr\u00f3nico con los detalles del pago a: <a href=\"mailto:caja.sv@cfcaracas.org\">caja.sv@cfcaracas.org<\/a>.<\/li>\n<li>Una vez enviado, su pago ser\u00e1 conciliado en un periodo de 72 horas h\u00e1biles.<\/li>\n<\/ul>\n<p><strong><\/strong><\/p>\n<p>[\/et_pb_text][et_pb_text _builder_version=&#8221;4.23.1&#8243; custom_margin=&#8221;30px|||||&#8221; global_colors_info=&#8221;{}&#8221;]<\/p>\n<h1>Nuestras cuentas bancarias:<\/h1>\n<p><span style=\"color: #800080;\"><strong><\/strong><\/span><\/p>\n<p><span style=\"color: #800080;\"><strong>TRANSFERENCIAS EN D\u00d3LARES:<\/strong><\/span><\/p>\n<p><strong>Cuenta Verde de Banesco<\/strong><br \/>Fundaci\u00f3n Colegio Francia. RIF: J-00092555-0<br \/>N\u00b0 de cuenta: 0134 1740 7100 0106 2485<\/p>\n<p><strong>Banco Nacional de Cr\u00e9dito: <\/strong><br \/>Fundaci\u00f3n Colegio Francia<br \/>RIF: J-00092555-0<\/p>\n<p><strong>Cuenta Mercado Libre <\/strong><br \/>Convertibilidad en D\u00f3lares<br \/>(Tipo A \u2013 $ Efectivo)<br \/>N\u00b0 de cuenta: 0191 0050 26 2350505834<\/p>\n<p><strong>Cuenta Mercado Libre <\/strong><br \/>Convertibilidad en D\u00f3lares<br \/>(tipo B \u2013 $ Electr\u00f3nica)<br \/>N\u00b0 de cuenta: 0191 0050 24 2350505849<\/p>\n<p><strong><\/strong><\/p>\n<p><span style=\"color: #800080;\"><strong>TRANSFERENCIAS EN BOL\u00cdVARES:<\/strong><\/span><\/p>\n<p><strong>Banco Provincial:<br \/><\/strong>Fundaci\u00f3n Colegio Francia<br \/>RIF: J-00092555-0<br \/>N\u00b0 de cuenta: 01080001320100204156<\/p>\n<p><strong>Banco Banesco:<\/strong><br \/>Fundaci\u00f3n Colegio Francia<br \/>RIF: J-00092555-0<br \/>N\u00b0 de cuenta: 01340069520691044525<\/p>\n<p><strong>Banco Nacional de Cr\u00e9dito: <\/strong><br \/>Fundaci\u00f3n Colegio Francia<br \/>RIF: J-00092555-0<br \/>N\u00b0 de cuenta: 01910050272150071430<\/p>\n<h1><\/h1>\n<h1><\/h1>\n<h1><\/h1>\n<h1><\/h1>\n<h1>Nota Importante:<\/h1>\n<ul>\n<li><span style=\"color: #000000;\">Si Ud. realiza el pago por transferencia en bol\u00edvares, <strong>debe realizarlo con 72 horas de antelaci\u00f3n<\/strong> para que su pago pueda sea conciliado y pueda ser facturado.<\/span><span style=\"color: #000000;\"><\/span><span style=\"color: #000000;\"><\/span><\/li>\n<li>Para su comodidad, puede hacer el pago en divisas en las agencias de Banesco y BNC m\u00e1s cercanas a su domilicio y consignar el comprobante de dep\u00f3sito en caja para la emisi\u00f3n de factura. Si el pago lo hace durante el per\u00edodo de cierre de caja, deber\u00e1 reportar su pago a trav\u00e9s de la p\u00e1gina de <strong>Akdemia Payments<\/strong> para su debida conciliaci\u00f3n.<\/li>\n<\/ul>\n<p>[\/et_pb_text][\/et_pb_column][et_pb_column type=&#8221;1_3&#8243; _builder_version=&#8221;4.16&#8243; z_index=&#8221;10&#8243; custom_padding=&#8221;|||&#8221; global_colors_info=&#8221;{}&#8221; custom_padding__hover=&#8221;|||&#8221;][et_pb_blog fullwidth=&#8221;off&#8221; posts_number=&#8221;2&#8243; include_categories=&#8221;5&#8243; show_more=&#8221;on&#8221; show_author=&#8221;off&#8221; _builder_version=&#8221;4.16&#8243; pagination_font=&#8221;||||||||&#8221; border_radii=&#8221;on|15px|15px|15px|15px&#8221; border_radii_image=&#8221;||||&#8221; box_shadow_style=&#8221;preset1&#8243; global_colors_info=&#8221;{}&#8221;][\/et_pb_blog][\/et_pb_column][\/et_pb_row][\/et_pb_section]<\/p>\n","protected":false},"excerpt":{"rendered":"<p>Modalidades de pagos Padres y representantes pueden dirigirse a la caja de nuestra instituci\u00f3n para realizar el pago de las mensualidad trav\u00e9s de las siguientes modalidades: Pagos en efectivo. Pagos por transferencias. Pagos con tarjeta a trav\u00e9s de nuestro punto de venta. horario de caja De lunes a jueves a partir de 7:30 am hasta [&hellip;]<\/p>\n","protected":false},"author":5,"featured_media":240015,"parent":228541,"menu_order":0,"comment_status":"closed","ping_status":"closed","template":"","meta":{"_et_pb_use_builder":"on","_et_pb_old_content":"","_et_gb_content_width":"","_monsterinsights_skip_tracking":false,"_monsterinsights_sitenote_active":false,"_monsterinsights_sitenote_note":"","_monsterinsights_sitenote_category":0,"footnotes":""},"class_list":["post-235087","page","type-page","status-publish","has-post-thumbnail","hentry"],"yoast_head":"<!-- This site is optimized with the Yoast SEO plugin v27.3 - https:\/\/yoast.com\/product\/yoast-seo-wordpress\/ -->\n<title>Servicio Administrativo - COLEGIO FRANCIA<\/title>\n<meta name=\"robots\" content=\"index, follow, max-snippet:-1, max-image-preview:large, max-video-preview:-1\" \/>\n<link rel=\"canonical\" href=\"https:\/\/cfcaracas.org\/sv\/servicios\/servicio-administrativo\/\" \/>\n<meta property=\"og:locale\" content=\"en_US\" \/>\n<meta property=\"og:type\" content=\"article\" \/>\n<meta property=\"og:title\" content=\"Servicio Administrativo - COLEGIO FRANCIA\" \/>\n<meta property=\"og:description\" content=\"Modalidades de pagos Padres y representantes pueden dirigirse a la caja de nuestra instituci\u00f3n para realizar el pago de las mensualidad trav\u00e9s de las siguientes modalidades: Pagos en efectivo. Pagos por transferencias. Pagos con tarjeta a trav\u00e9s de nuestro punto de venta. horario de caja De lunes a jueves a partir de 7:30 am hasta [&hellip;]\" \/>\n<meta property=\"og:url\" content=\"https:\/\/cfcaracas.org\/sv\/servicios\/servicio-administrativo\/\" \/>\n<meta property=\"og:site_name\" content=\"COLEGIO FRANCIA\" \/>\n<meta property=\"article:modified_time\" content=\"2026-03-06T18:41:10+00:00\" \/>\n<meta property=\"og:image\" content=\"https:\/\/cfcaracas.org\/sv\/wp-content\/uploads\/Foto_ServAdmins.png\" \/>\n\t<meta property=\"og:image:width\" content=\"1668\" \/>\n\t<meta property=\"og:image:height\" content=\"1000\" \/>\n\t<meta property=\"og:image:type\" content=\"image\/png\" \/>\n<meta name=\"twitter:card\" content=\"summary_large_image\" \/>\n<meta name=\"twitter:label1\" content=\"Est. reading time\" \/>\n\t<meta name=\"twitter:data1\" content=\"3 minutes\" \/>\n<script type=\"application\/ld+json\" class=\"yoast-schema-graph\">{\"@context\":\"https:\\\/\\\/schema.org\",\"@graph\":[{\"@type\":\"WebPage\",\"@id\":\"https:\\\/\\\/cfcaracas.org\\\/sv\\\/servicios\\\/servicio-administrativo\\\/\",\"url\":\"https:\\\/\\\/cfcaracas.org\\\/sv\\\/servicios\\\/servicio-administrativo\\\/\",\"name\":\"Servicio Administrativo - COLEGIO FRANCIA\",\"isPartOf\":{\"@id\":\"https:\\\/\\\/cfcaracas.org\\\/sv\\\/#website\"},\"primaryImageOfPage\":{\"@id\":\"https:\\\/\\\/cfcaracas.org\\\/sv\\\/servicios\\\/servicio-administrativo\\\/#primaryimage\"},\"image\":{\"@id\":\"https:\\\/\\\/cfcaracas.org\\\/sv\\\/servicios\\\/servicio-administrativo\\\/#primaryimage\"},\"thumbnailUrl\":\"https:\\\/\\\/cfcaracas.org\\\/sv\\\/wp-content\\\/uploads\\\/Foto_ServAdmins.png\",\"datePublished\":\"2023-02-01T13:34:08+00:00\",\"dateModified\":\"2026-03-06T18:41:10+00:00\",\"breadcrumb\":{\"@id\":\"https:\\\/\\\/cfcaracas.org\\\/sv\\\/servicios\\\/servicio-administrativo\\\/#breadcrumb\"},\"inLanguage\":\"en-US\",\"potentialAction\":[{\"@type\":\"ReadAction\",\"target\":[\"https:\\\/\\\/cfcaracas.org\\\/sv\\\/servicios\\\/servicio-administrativo\\\/\"]}]},{\"@type\":\"ImageObject\",\"inLanguage\":\"en-US\",\"@id\":\"https:\\\/\\\/cfcaracas.org\\\/sv\\\/servicios\\\/servicio-administrativo\\\/#primaryimage\",\"url\":\"https:\\\/\\\/cfcaracas.org\\\/sv\\\/wp-content\\\/uploads\\\/Foto_ServAdmins.png\",\"contentUrl\":\"https:\\\/\\\/cfcaracas.org\\\/sv\\\/wp-content\\\/uploads\\\/Foto_ServAdmins.png\",\"width\":1668,\"height\":1000},{\"@type\":\"BreadcrumbList\",\"@id\":\"https:\\\/\\\/cfcaracas.org\\\/sv\\\/servicios\\\/servicio-administrativo\\\/#breadcrumb\",\"itemListElement\":[{\"@type\":\"ListItem\",\"position\":1,\"name\":\"Home\",\"item\":\"https:\\\/\\\/cfcaracas.org\\\/sv\\\/\"},{\"@type\":\"ListItem\",\"position\":2,\"name\":\"SERVICIOS\",\"item\":\"https:\\\/\\\/cfcaracas.org\\\/sv\\\/servicios\\\/\"},{\"@type\":\"ListItem\",\"position\":3,\"name\":\"Servicio Administrativo\"}]},{\"@type\":\"WebSite\",\"@id\":\"https:\\\/\\\/cfcaracas.org\\\/sv\\\/#website\",\"url\":\"https:\\\/\\\/cfcaracas.org\\\/sv\\\/\",\"name\":\"COLEGIO FRANCIA\",\"description\":\"Colegio Francia, algo m\u00e1s que un colegio\",\"publisher\":{\"@id\":\"https:\\\/\\\/cfcaracas.org\\\/sv\\\/#organization\"},\"potentialAction\":[{\"@type\":\"SearchAction\",\"target\":{\"@type\":\"EntryPoint\",\"urlTemplate\":\"https:\\\/\\\/cfcaracas.org\\\/sv\\\/?s={search_term_string}\"},\"query-input\":{\"@type\":\"PropertyValueSpecification\",\"valueRequired\":true,\"valueName\":\"search_term_string\"}}],\"inLanguage\":\"en-US\"},{\"@type\":\"Organization\",\"@id\":\"https:\\\/\\\/cfcaracas.org\\\/sv\\\/#organization\",\"name\":\"U.E. Colegio Francia de Caracas\",\"url\":\"https:\\\/\\\/cfcaracas.org\\\/sv\\\/\",\"logo\":{\"@type\":\"ImageObject\",\"inLanguage\":\"en-US\",\"@id\":\"https:\\\/\\\/cfcaracas.org\\\/sv\\\/#\\\/schema\\\/logo\\\/image\\\/\",\"url\":\"https:\\\/\\\/cfcaracas.org\\\/sv\\\/wp-content\\\/uploads\\\/LOGO-COLEGIO-FRANCIA-01.png\",\"contentUrl\":\"https:\\\/\\\/cfcaracas.org\\\/sv\\\/wp-content\\\/uploads\\\/LOGO-COLEGIO-FRANCIA-01.png\",\"width\":851,\"height\":1135,\"caption\":\"U.E. Colegio Francia de Caracas\"},\"image\":{\"@id\":\"https:\\\/\\\/cfcaracas.org\\\/sv\\\/#\\\/schema\\\/logo\\\/image\\\/\"}}]}<\/script>\n<!-- \/ Yoast SEO plugin. -->","yoast_head_json":{"title":"Servicio Administrativo - COLEGIO FRANCIA","robots":{"index":"index","follow":"follow","max-snippet":"max-snippet:-1","max-image-preview":"max-image-preview:large","max-video-preview":"max-video-preview:-1"},"canonical":"https:\/\/cfcaracas.org\/sv\/servicios\/servicio-administrativo\/","og_locale":"en_US","og_type":"article","og_title":"Servicio Administrativo - COLEGIO FRANCIA","og_description":"Modalidades de pagos Padres y representantes pueden dirigirse a la caja de nuestra instituci\u00f3n para realizar el pago de las mensualidad trav\u00e9s de las siguientes modalidades: Pagos en efectivo. Pagos por transferencias. Pagos con tarjeta a trav\u00e9s de nuestro punto de venta. horario de caja De lunes a jueves a partir de 7:30 am hasta [&hellip;]","og_url":"https:\/\/cfcaracas.org\/sv\/servicios\/servicio-administrativo\/","og_site_name":"COLEGIO FRANCIA","article_modified_time":"2026-03-06T18:41:10+00:00","og_image":[{"width":1668,"height":1000,"url":"https:\/\/cfcaracas.org\/sv\/wp-content\/uploads\/Foto_ServAdmins.png","type":"image\/png"}],"twitter_card":"summary_large_image","twitter_misc":{"Est. reading time":"3 minutes"},"schema":{"@context":"https:\/\/schema.org","@graph":[{"@type":"WebPage","@id":"https:\/\/cfcaracas.org\/sv\/servicios\/servicio-administrativo\/","url":"https:\/\/cfcaracas.org\/sv\/servicios\/servicio-administrativo\/","name":"Servicio Administrativo - COLEGIO FRANCIA","isPartOf":{"@id":"https:\/\/cfcaracas.org\/sv\/#website"},"primaryImageOfPage":{"@id":"https:\/\/cfcaracas.org\/sv\/servicios\/servicio-administrativo\/#primaryimage"},"image":{"@id":"https:\/\/cfcaracas.org\/sv\/servicios\/servicio-administrativo\/#primaryimage"},"thumbnailUrl":"https:\/\/cfcaracas.org\/sv\/wp-content\/uploads\/Foto_ServAdmins.png","datePublished":"2023-02-01T13:34:08+00:00","dateModified":"2026-03-06T18:41:10+00:00","breadcrumb":{"@id":"https:\/\/cfcaracas.org\/sv\/servicios\/servicio-administrativo\/#breadcrumb"},"inLanguage":"en-US","potentialAction":[{"@type":"ReadAction","target":["https:\/\/cfcaracas.org\/sv\/servicios\/servicio-administrativo\/"]}]},{"@type":"ImageObject","inLanguage":"en-US","@id":"https:\/\/cfcaracas.org\/sv\/servicios\/servicio-administrativo\/#primaryimage","url":"https:\/\/cfcaracas.org\/sv\/wp-content\/uploads\/Foto_ServAdmins.png","contentUrl":"https:\/\/cfcaracas.org\/sv\/wp-content\/uploads\/Foto_ServAdmins.png","width":1668,"height":1000},{"@type":"BreadcrumbList","@id":"https:\/\/cfcaracas.org\/sv\/servicios\/servicio-administrativo\/#breadcrumb","itemListElement":[{"@type":"ListItem","position":1,"name":"Home","item":"https:\/\/cfcaracas.org\/sv\/"},{"@type":"ListItem","position":2,"name":"SERVICIOS","item":"https:\/\/cfcaracas.org\/sv\/servicios\/"},{"@type":"ListItem","position":3,"name":"Servicio Administrativo"}]},{"@type":"WebSite","@id":"https:\/\/cfcaracas.org\/sv\/#website","url":"https:\/\/cfcaracas.org\/sv\/","name":"COLEGIO FRANCIA","description":"Colegio Francia, algo m\u00e1s que un colegio","publisher":{"@id":"https:\/\/cfcaracas.org\/sv\/#organization"},"potentialAction":[{"@type":"SearchAction","target":{"@type":"EntryPoint","urlTemplate":"https:\/\/cfcaracas.org\/sv\/?s={search_term_string}"},"query-input":{"@type":"PropertyValueSpecification","valueRequired":true,"valueName":"search_term_string"}}],"inLanguage":"en-US"},{"@type":"Organization","@id":"https:\/\/cfcaracas.org\/sv\/#organization","name":"U.E. Colegio Francia de Caracas","url":"https:\/\/cfcaracas.org\/sv\/","logo":{"@type":"ImageObject","inLanguage":"en-US","@id":"https:\/\/cfcaracas.org\/sv\/#\/schema\/logo\/image\/","url":"https:\/\/cfcaracas.org\/sv\/wp-content\/uploads\/LOGO-COLEGIO-FRANCIA-01.png","contentUrl":"https:\/\/cfcaracas.org\/sv\/wp-content\/uploads\/LOGO-COLEGIO-FRANCIA-01.png","width":851,"height":1135,"caption":"U.E. Colegio Francia de Caracas"},"image":{"@id":"https:\/\/cfcaracas.org\/sv\/#\/schema\/logo\/image\/"}}]}},"_links":{"self":[{"href":"https:\/\/cfcaracas.org\/sv\/wp-json\/wp\/v2\/pages\/235087","targetHints":{"allow":["GET"]}}],"collection":[{"href":"https:\/\/cfcaracas.org\/sv\/wp-json\/wp\/v2\/pages"}],"about":[{"href":"https:\/\/cfcaracas.org\/sv\/wp-json\/wp\/v2\/types\/page"}],"author":[{"embeddable":true,"href":"https:\/\/cfcaracas.org\/sv\/wp-json\/wp\/v2\/users\/5"}],"replies":[{"embeddable":true,"href":"https:\/\/cfcaracas.org\/sv\/wp-json\/wp\/v2\/comments?post=235087"}],"version-history":[{"count":9,"href":"https:\/\/cfcaracas.org\/sv\/wp-json\/wp\/v2\/pages\/235087\/revisions"}],"predecessor-version":[{"id":240546,"href":"https:\/\/cfcaracas.org\/sv\/wp-json\/wp\/v2\/pages\/235087\/revisions\/240546"}],"up":[{"embeddable":true,"href":"https:\/\/cfcaracas.org\/sv\/wp-json\/wp\/v2\/pages\/228541"}],"wp:featuredmedia":[{"embeddable":true,"href":"https:\/\/cfcaracas.org\/sv\/wp-json\/wp\/v2\/media\/240015"}],"wp:attachment":[{"href":"https:\/\/cfcaracas.org\/sv\/wp-json\/wp\/v2\/media?parent=235087"}],"curies":[{"name":"wp","href":"https:\/\/api.w.org\/{rel}","templated":true}]}}