{"id":235356,"date":"2023-03-30T08:39:23","date_gmt":"2023-03-30T12:39:23","guid":{"rendered":"https:\/\/cfcaracas.org\/sv\/?page_id=235356"},"modified":"2025-09-15T08:42:47","modified_gmt":"2025-09-15T12:42:47","slug":"examenes-delf","status":"publish","type":"page","link":"https:\/\/cfcaracas.org\/sv\/el-colegio\/proyecto-label-france\/examenes-delf\/","title":{"rendered":"Ex\u00e1menes DELF"},"content":{"rendered":"<p>[et_pb_section fb_built=&#8221;1&#8243; _builder_version=&#8221;4.16&#8243; background_color=&#8221;#e9eff3&#8243; background_image=&#8221;https:\/\/cfcaracas.org\/sv\/wp-content\/uploads\/shapes-bg-color.png&#8221; parallax=&#8221;on&#8221; custom_padding=&#8221;27px||0px|||&#8221; bottom_divider_color=&#8221;#065b99&#8243; global_colors_info=&#8221;{}&#8221;][et_pb_row _builder_version=&#8221;4.16&#8243; custom_padding=&#8221;0px||0px|||&#8221; global_colors_info=&#8221;{}&#8221;][et_pb_column type=&#8221;4_4&#8243; _builder_version=&#8221;4.16&#8243; global_colors_info=&#8221;{}&#8221;][et_pb_dmb_breadcrumbs font_icon=&#8221;%%194%%&#8221; home_icon=&#8221;%%236%%&#8221; use_home_text=&#8221;on&#8221; home_text=&#8221;Inicio&#8221; _builder_version=&#8221;4.16&#8243; body_font=&#8221;|600|||||||&#8221; separator_text_color=&#8221;#0c71c3&#8243; global_colors_info=&#8221;{}&#8221;][\/et_pb_dmb_breadcrumbs][\/et_pb_column][\/et_pb_row][et_pb_row column_structure=&#8221;2_3,1_3&#8243; _builder_version=&#8221;4.16&#8243; min_height=&#8221;1939.7px&#8221; custom_padding=&#8221;||152px||false|false&#8221; global_colors_info=&#8221;{}&#8221;][et_pb_column type=&#8221;2_3&#8243; _builder_version=&#8221;4.16&#8243; background_color=&#8221;#ffffff&#8221; custom_padding=&#8221;25px|25px|25px|25px|true|true&#8221; border_radii=&#8221;on|16px|16px|16px|16px&#8221; box_shadow_style=&#8221;preset2&#8243; global_colors_info=&#8221;{}&#8221; custom_padding__hover=&#8221;|||&#8221;][et_pb_image src=&#8221;https:\/\/cfcaracas.org\/sv\/wp-content\/uploads\/2.jpg&#8221; title_text=&#8221;2&#8243; force_fullwidth=&#8221;on&#8221; _builder_version=&#8221;4.20.0&#8243; global_colors_info=&#8221;{}&#8221;][\/et_pb_image][et_pb_text _builder_version=&#8221;4.24.2&#8243; custom_margin=&#8221;||32px|||&#8221; custom_padding=&#8221;||0px|||&#8221; global_colors_info=&#8221;{}&#8221;]<\/p>\n<p><span class=\"gmail_default\"><\/span><\/p>\n<p><span class=\"gmail_default\"><\/span>Las<strong> certificaciones DELF (Dipl\u00f4me d&#8217;\u00e9tudes en langue fran\u00e7aise)<\/strong> cuentan con reconocimiento oficial por parte del Ministerio de Educaci\u00f3n franc\u00e9s y certifican un nivel de competencia y de dominio de la lengua francesa.<\/p>\n<p>Los ex\u00e1menes est\u00e1n adaptados a la edad de los estudiantes y tratan temas de actualidad. El resultado del examen no tiene caducidad y todos tienen la misma validez. En cada tipo de examen se eval\u00faa la comprensi\u00f3n oral y escrita, y la producci\u00f3n oral y escrita.<\/p>\n<p>Todos los a\u00f1os, el Departamento Label es el encargado de organizar todo lo concerniente para la presentaci\u00f3n del examen. Los invitamos a leer nuestra secci\u00f3n de preguntas y respuestas para aclarar todas las dudas que puedan surgir sobre este proceso.<\/p>\n<p>[\/et_pb_text][et_pb_text _builder_version=&#8221;4.27.4&#8243; min_height=&#8221;939.1px&#8221; custom_margin=&#8221;20px||-342px|||&#8221; hover_enabled=&#8221;0&#8243; global_colors_info=&#8221;{}&#8221; sticky_enabled=&#8221;0&#8243;]<\/p>\n<p><strong style=\"color: #0c71c3; font-size: 18px;\"><img loading=\"lazy\" decoding=\"async\" src=\"https:\/\/cfcaracas.org\/sv\/wp-content\/uploads\/logo-delf-dalf_0-300x93.png\" width=\"300\" height=\"93\" alt=\"\" class=\"wp-image-235361 alignnone size-medium\" style=\"display: block; margin-left: auto; margin-right: auto;\" srcset=\"https:\/\/cfcaracas.org\/sv\/wp-content\/uploads\/logo-delf-dalf_0-300x93.png 300w, https:\/\/cfcaracas.org\/sv\/wp-content\/uploads\/logo-delf-dalf_0-400x124.png 400w, https:\/\/cfcaracas.org\/sv\/wp-content\/uploads\/logo-delf-dalf_0.png 450w\" sizes=\"(max-width: 300px) 100vw, 300px\" \/><\/strong><\/p>\n<p><strong style=\"color: #0c71c3; font-size: 18px;\"><\/strong><\/p>\n<p><strong style=\"color: #0c71c3; font-size: 18px;\">Indicaciones generales para el pago del examen:<\/strong><span class=\"gmail_default\"><\/span><\/p>\n<ul>\n<li><strong><span class=\"S1PPyQ\">Fechas de inscripci\u00f3n: <\/span><\/strong><span class=\"S1PPyQ\">Desde el 01 de abril hasta <\/span><span class=\"S1PPyQ\">el 23 de mayo de 2025.<\/span><\/li>\n<li><span class=\"S1PPyQ\"><strong>Costo del examen:<\/strong> 50$\u00a0<\/span><\/li>\n<li><span class=\"S1PPyQ\"><strong>M\u00e9todo de pago:<\/strong> efectivo en Caja, en las mismas cuentas bancarias del colegio.<\/span><\/li>\n<li class=\"_04xlpA direction-ltr align-start para-style-body\"><span class=\"S1PPyQ\">Es importante tomar en cuenta que <span class=\"OYPEnA font-feature-liga-off font-feature-clig-off font-feature-calt-off text-decoration-none text-strikethrough-none\">para <strong>inscribir a su representado, es indispensable estar solvente<\/strong>. Adem\u00e1s, para presentar la prueba, <strong>deber\u00e1 estar al d\u00eda con el pago de la mensualidad hasta el mes de mayo<\/strong>.<\/span><\/span><\/li>\n<li class=\"_04xlpA direction-ltr align-start para-style-body\"><span class=\"S1PPyQ\">No ser\u00e1 necesario <strong>solicitar la solvencia<\/strong> para la presentaci\u00f3n de la prueba.<\/span><\/li>\n<li class=\"_04xlpA direction-ltr align-start para-style-body\" style=\"text-align: left;\"><span class=\"S1PPyQ\">Para formalizar su inscripci\u00f3n en Caja, deber\u00e1 hacerlo a trav\u00e9s del sistema de citas: <\/span><strong>https:\/\/fundacion-cf.reservio.com\/<\/strong><\/li>\n<\/ul>\n<p><strong style=\"color: #0c71c3; font-size: 18px;\"><\/strong><\/p>\n<p><strong style=\"color: #0c71c3; font-size: 18px;\">Sesi\u00f3n de preguntas y respuestas:<\/strong><\/p>\n<p><span>Se aconseja a todos los padres y representantes que lean la sesi\u00f3n de <span style=\"text-decoration: underline;\"><a href=\"https:\/\/cfcaracas.org\/sv\/examenes-delf\/preguntas-y-respuestas\/\"><strong>PREGUNTAS Y RESPUESTAS<\/strong><\/a><\/span>, ya que les ayudar\u00e1 a aclarar muchas dudas relacionadas con la presentaci\u00f3n del examen DELF<strong>.<\/strong><\/span><\/p>\n<p><strong style=\"color: #0c71c3; font-size: 18px;\"><\/strong><\/p>\n<p><strong style=\"color: #0c71c3; font-size: 18px;\">Cronograma de presentaci\u00f3n de la prueba DELF 2025:<\/strong><\/p>\n<p><strong>DELF PRIM:<\/strong><\/p>\n<ul>\n<li>A1 Prim: 5 de junio. 5to y 6to grado.<\/li>\n<li>A2 Prim: 6 de junio. 6to grado<\/li>\n<\/ul>\n<p><strong>DELF JUNIOR:<\/strong><\/p>\n<ul>\n<li>A1 JUNIOR: 09 de junio. De 1ero a 4to a\u00f1o.<\/li>\n<li>A2 JUNIOR: 10 de junio. De 1er a 5to a\u00f1o.<\/li>\n<li>B1 JUNIOR: 11 de junio. De 3er a 5to a\u00f1o.<\/li>\n<li>B2 JUNIOR: 12 de junio. De 4to a 5to a\u00f1o.<\/li>\n<\/ul>\n<p><span><strong><strong style=\"color: #0c71c3; font-size: 18px;\">Correo de contacto:<\/strong><\/strong><\/span><\/p>\n<p><span>Prof. Gerardo Morales, responsable de centro de ex\u00e1menes:<strong> <a href=\"mailto:delf.labelcf@cfcaracas.org\">labelcf@cfcaracas.org<\/a><\/strong><\/span><\/p>\n<p>[\/et_pb_text][\/et_pb_column][et_pb_column type=&#8221;1_3&#8243; _builder_version=&#8221;4.16&#8243; z_index=&#8221;10&#8243; custom_padding=&#8221;|||&#8221; global_colors_info=&#8221;{}&#8221; custom_padding__hover=&#8221;|||&#8221;][et_pb_blog fullwidth=&#8221;off&#8221; posts_number=&#8221;2&#8243; include_categories=&#8221;5,27&#8243; show_more=&#8221;on&#8221; show_author=&#8221;off&#8221; _builder_version=&#8221;4.16&#8243; pagination_font=&#8221;||||||||&#8221; border_radii=&#8221;on|15px|15px|15px|15px&#8221; border_radii_image=&#8221;||||&#8221; box_shadow_style=&#8221;preset1&#8243; global_colors_info=&#8221;{}&#8221;][\/et_pb_blog][\/et_pb_column][\/et_pb_row][\/et_pb_section]<\/p>\n","protected":false},"excerpt":{"rendered":"<p>Las certificaciones DELF (Dipl\u00f4me d&#8217;\u00e9tudes en langue fran\u00e7aise) cuentan con reconocimiento oficial por parte del Ministerio de Educaci\u00f3n franc\u00e9s y certifican un nivel de competencia y de dominio de la lengua francesa. Los ex\u00e1menes est\u00e1n adaptados a la edad de los estudiantes y tratan temas de actualidad. El resultado del examen no tiene caducidad y [&hellip;]<\/p>\n","protected":false},"author":5,"featured_media":235359,"parent":228398,"menu_order":0,"comment_status":"closed","ping_status":"closed","template":"","meta":{"_et_pb_use_builder":"on","_et_pb_old_content":"<!-- wp:divi\/placeholder \/-->","_et_gb_content_width":"","_monsterinsights_skip_tracking":false,"_monsterinsights_sitenote_active":false,"_monsterinsights_sitenote_note":"","_monsterinsights_sitenote_category":0,"footnotes":""},"class_list":["post-235356","page","type-page","status-publish","has-post-thumbnail","hentry"],"yoast_head":"<!-- This site is optimized with the Yoast SEO plugin v27.3 - https:\/\/yoast.com\/product\/yoast-seo-wordpress\/ -->\n<title>Ex\u00e1menes DELF - COLEGIO FRANCIA<\/title>\n<meta name=\"robots\" content=\"index, follow, max-snippet:-1, max-image-preview:large, max-video-preview:-1\" \/>\n<link rel=\"canonical\" href=\"https:\/\/cfcaracas.org\/sv\/el-colegio\/proyecto-label-france\/examenes-delf\/\" \/>\n<meta property=\"og:locale\" content=\"en_US\" \/>\n<meta property=\"og:type\" content=\"article\" \/>\n<meta property=\"og:title\" content=\"Ex\u00e1menes DELF - COLEGIO FRANCIA\" \/>\n<meta property=\"og:description\" content=\"Las certificaciones DELF (Dipl\u00f4me d&#039;\u00e9tudes en langue fran\u00e7aise) cuentan con reconocimiento oficial por parte del Ministerio de Educaci\u00f3n franc\u00e9s y certifican un nivel de competencia y de dominio de la lengua francesa. Los ex\u00e1menes est\u00e1n adaptados a la edad de los estudiantes y tratan temas de actualidad. El resultado del examen no tiene caducidad y [&hellip;]\" \/>\n<meta property=\"og:url\" content=\"https:\/\/cfcaracas.org\/sv\/el-colegio\/proyecto-label-france\/examenes-delf\/\" \/>\n<meta property=\"og:site_name\" content=\"COLEGIO FRANCIA\" \/>\n<meta property=\"article:modified_time\" content=\"2025-09-15T12:42:47+00:00\" \/>\n<meta property=\"og:image\" content=\"https:\/\/cfcaracas.org\/sv\/wp-content\/uploads\/FotosNoticia_DELF-1024x768.png\" \/>\n\t<meta property=\"og:image:width\" content=\"1024\" \/>\n\t<meta property=\"og:image:height\" content=\"768\" \/>\n\t<meta property=\"og:image:type\" content=\"image\/png\" \/>\n<meta name=\"twitter:card\" content=\"summary_large_image\" \/>\n<meta name=\"twitter:label1\" content=\"Est. reading time\" \/>\n\t<meta name=\"twitter:data1\" content=\"1 minute\" \/>\n<script type=\"application\/ld+json\" class=\"yoast-schema-graph\">{\"@context\":\"https:\\\/\\\/schema.org\",\"@graph\":[{\"@type\":\"WebPage\",\"@id\":\"https:\\\/\\\/cfcaracas.org\\\/sv\\\/el-colegio\\\/proyecto-label-france\\\/examenes-delf\\\/\",\"url\":\"https:\\\/\\\/cfcaracas.org\\\/sv\\\/el-colegio\\\/proyecto-label-france\\\/examenes-delf\\\/\",\"name\":\"Ex\u00e1menes DELF - COLEGIO FRANCIA\",\"isPartOf\":{\"@id\":\"https:\\\/\\\/cfcaracas.org\\\/sv\\\/#website\"},\"primaryImageOfPage\":{\"@id\":\"https:\\\/\\\/cfcaracas.org\\\/sv\\\/el-colegio\\\/proyecto-label-france\\\/examenes-delf\\\/#primaryimage\"},\"image\":{\"@id\":\"https:\\\/\\\/cfcaracas.org\\\/sv\\\/el-colegio\\\/proyecto-label-france\\\/examenes-delf\\\/#primaryimage\"},\"thumbnailUrl\":\"https:\\\/\\\/cfcaracas.org\\\/sv\\\/wp-content\\\/uploads\\\/FotosNoticia_DELF.png\",\"datePublished\":\"2023-03-30T12:39:23+00:00\",\"dateModified\":\"2025-09-15T12:42:47+00:00\",\"breadcrumb\":{\"@id\":\"https:\\\/\\\/cfcaracas.org\\\/sv\\\/el-colegio\\\/proyecto-label-france\\\/examenes-delf\\\/#breadcrumb\"},\"inLanguage\":\"en-US\",\"potentialAction\":[{\"@type\":\"ReadAction\",\"target\":[\"https:\\\/\\\/cfcaracas.org\\\/sv\\\/el-colegio\\\/proyecto-label-france\\\/examenes-delf\\\/\"]}]},{\"@type\":\"ImageObject\",\"inLanguage\":\"en-US\",\"@id\":\"https:\\\/\\\/cfcaracas.org\\\/sv\\\/el-colegio\\\/proyecto-label-france\\\/examenes-delf\\\/#primaryimage\",\"url\":\"https:\\\/\\\/cfcaracas.org\\\/sv\\\/wp-content\\\/uploads\\\/FotosNoticia_DELF.png\",\"contentUrl\":\"https:\\\/\\\/cfcaracas.org\\\/sv\\\/wp-content\\\/uploads\\\/FotosNoticia_DELF.png\",\"width\":1668,\"height\":1251},{\"@type\":\"BreadcrumbList\",\"@id\":\"https:\\\/\\\/cfcaracas.org\\\/sv\\\/el-colegio\\\/proyecto-label-france\\\/examenes-delf\\\/#breadcrumb\",\"itemListElement\":[{\"@type\":\"ListItem\",\"position\":1,\"name\":\"Home\",\"item\":\"https:\\\/\\\/cfcaracas.org\\\/sv\\\/\"},{\"@type\":\"ListItem\",\"position\":2,\"name\":\"EL COLEGIO\",\"item\":\"https:\\\/\\\/cfcaracas.org\\\/sv\\\/el-colegio\\\/\"},{\"@type\":\"ListItem\",\"position\":3,\"name\":\"Proyecto Label France\",\"item\":\"https:\\\/\\\/cfcaracas.org\\\/sv\\\/el-colegio\\\/proyecto-label-france\\\/\"},{\"@type\":\"ListItem\",\"position\":4,\"name\":\"Ex\u00e1menes DELF\"}]},{\"@type\":\"WebSite\",\"@id\":\"https:\\\/\\\/cfcaracas.org\\\/sv\\\/#website\",\"url\":\"https:\\\/\\\/cfcaracas.org\\\/sv\\\/\",\"name\":\"COLEGIO FRANCIA\",\"description\":\"Colegio Francia, algo m\u00e1s que un colegio\",\"publisher\":{\"@id\":\"https:\\\/\\\/cfcaracas.org\\\/sv\\\/#organization\"},\"potentialAction\":[{\"@type\":\"SearchAction\",\"target\":{\"@type\":\"EntryPoint\",\"urlTemplate\":\"https:\\\/\\\/cfcaracas.org\\\/sv\\\/?s={search_term_string}\"},\"query-input\":{\"@type\":\"PropertyValueSpecification\",\"valueRequired\":true,\"valueName\":\"search_term_string\"}}],\"inLanguage\":\"en-US\"},{\"@type\":\"Organization\",\"@id\":\"https:\\\/\\\/cfcaracas.org\\\/sv\\\/#organization\",\"name\":\"U.E. Colegio Francia de Caracas\",\"url\":\"https:\\\/\\\/cfcaracas.org\\\/sv\\\/\",\"logo\":{\"@type\":\"ImageObject\",\"inLanguage\":\"en-US\",\"@id\":\"https:\\\/\\\/cfcaracas.org\\\/sv\\\/#\\\/schema\\\/logo\\\/image\\\/\",\"url\":\"https:\\\/\\\/cfcaracas.org\\\/sv\\\/wp-content\\\/uploads\\\/LOGO-COLEGIO-FRANCIA-01.png\",\"contentUrl\":\"https:\\\/\\\/cfcaracas.org\\\/sv\\\/wp-content\\\/uploads\\\/LOGO-COLEGIO-FRANCIA-01.png\",\"width\":851,\"height\":1135,\"caption\":\"U.E. Colegio Francia de Caracas\"},\"image\":{\"@id\":\"https:\\\/\\\/cfcaracas.org\\\/sv\\\/#\\\/schema\\\/logo\\\/image\\\/\"}}]}<\/script>\n<!-- \/ Yoast SEO plugin. -->","yoast_head_json":{"title":"Ex\u00e1menes DELF - COLEGIO FRANCIA","robots":{"index":"index","follow":"follow","max-snippet":"max-snippet:-1","max-image-preview":"max-image-preview:large","max-video-preview":"max-video-preview:-1"},"canonical":"https:\/\/cfcaracas.org\/sv\/el-colegio\/proyecto-label-france\/examenes-delf\/","og_locale":"en_US","og_type":"article","og_title":"Ex\u00e1menes DELF - COLEGIO FRANCIA","og_description":"Las certificaciones DELF (Dipl\u00f4me d'\u00e9tudes en langue fran\u00e7aise) cuentan con reconocimiento oficial por parte del Ministerio de Educaci\u00f3n franc\u00e9s y certifican un nivel de competencia y de dominio de la lengua francesa. Los ex\u00e1menes est\u00e1n adaptados a la edad de los estudiantes y tratan temas de actualidad. El resultado del examen no tiene caducidad y [&hellip;]","og_url":"https:\/\/cfcaracas.org\/sv\/el-colegio\/proyecto-label-france\/examenes-delf\/","og_site_name":"COLEGIO FRANCIA","article_modified_time":"2025-09-15T12:42:47+00:00","og_image":[{"width":1024,"height":768,"url":"https:\/\/cfcaracas.org\/sv\/wp-content\/uploads\/FotosNoticia_DELF-1024x768.png","type":"image\/png"}],"twitter_card":"summary_large_image","twitter_misc":{"Est. reading time":"1 minute"},"schema":{"@context":"https:\/\/schema.org","@graph":[{"@type":"WebPage","@id":"https:\/\/cfcaracas.org\/sv\/el-colegio\/proyecto-label-france\/examenes-delf\/","url":"https:\/\/cfcaracas.org\/sv\/el-colegio\/proyecto-label-france\/examenes-delf\/","name":"Ex\u00e1menes DELF - COLEGIO FRANCIA","isPartOf":{"@id":"https:\/\/cfcaracas.org\/sv\/#website"},"primaryImageOfPage":{"@id":"https:\/\/cfcaracas.org\/sv\/el-colegio\/proyecto-label-france\/examenes-delf\/#primaryimage"},"image":{"@id":"https:\/\/cfcaracas.org\/sv\/el-colegio\/proyecto-label-france\/examenes-delf\/#primaryimage"},"thumbnailUrl":"https:\/\/cfcaracas.org\/sv\/wp-content\/uploads\/FotosNoticia_DELF.png","datePublished":"2023-03-30T12:39:23+00:00","dateModified":"2025-09-15T12:42:47+00:00","breadcrumb":{"@id":"https:\/\/cfcaracas.org\/sv\/el-colegio\/proyecto-label-france\/examenes-delf\/#breadcrumb"},"inLanguage":"en-US","potentialAction":[{"@type":"ReadAction","target":["https:\/\/cfcaracas.org\/sv\/el-colegio\/proyecto-label-france\/examenes-delf\/"]}]},{"@type":"ImageObject","inLanguage":"en-US","@id":"https:\/\/cfcaracas.org\/sv\/el-colegio\/proyecto-label-france\/examenes-delf\/#primaryimage","url":"https:\/\/cfcaracas.org\/sv\/wp-content\/uploads\/FotosNoticia_DELF.png","contentUrl":"https:\/\/cfcaracas.org\/sv\/wp-content\/uploads\/FotosNoticia_DELF.png","width":1668,"height":1251},{"@type":"BreadcrumbList","@id":"https:\/\/cfcaracas.org\/sv\/el-colegio\/proyecto-label-france\/examenes-delf\/#breadcrumb","itemListElement":[{"@type":"ListItem","position":1,"name":"Home","item":"https:\/\/cfcaracas.org\/sv\/"},{"@type":"ListItem","position":2,"name":"EL COLEGIO","item":"https:\/\/cfcaracas.org\/sv\/el-colegio\/"},{"@type":"ListItem","position":3,"name":"Proyecto Label France","item":"https:\/\/cfcaracas.org\/sv\/el-colegio\/proyecto-label-france\/"},{"@type":"ListItem","position":4,"name":"Ex\u00e1menes DELF"}]},{"@type":"WebSite","@id":"https:\/\/cfcaracas.org\/sv\/#website","url":"https:\/\/cfcaracas.org\/sv\/","name":"COLEGIO FRANCIA","description":"Colegio Francia, algo m\u00e1s que un colegio","publisher":{"@id":"https:\/\/cfcaracas.org\/sv\/#organization"},"potentialAction":[{"@type":"SearchAction","target":{"@type":"EntryPoint","urlTemplate":"https:\/\/cfcaracas.org\/sv\/?s={search_term_string}"},"query-input":{"@type":"PropertyValueSpecification","valueRequired":true,"valueName":"search_term_string"}}],"inLanguage":"en-US"},{"@type":"Organization","@id":"https:\/\/cfcaracas.org\/sv\/#organization","name":"U.E. Colegio Francia de Caracas","url":"https:\/\/cfcaracas.org\/sv\/","logo":{"@type":"ImageObject","inLanguage":"en-US","@id":"https:\/\/cfcaracas.org\/sv\/#\/schema\/logo\/image\/","url":"https:\/\/cfcaracas.org\/sv\/wp-content\/uploads\/LOGO-COLEGIO-FRANCIA-01.png","contentUrl":"https:\/\/cfcaracas.org\/sv\/wp-content\/uploads\/LOGO-COLEGIO-FRANCIA-01.png","width":851,"height":1135,"caption":"U.E. Colegio Francia de Caracas"},"image":{"@id":"https:\/\/cfcaracas.org\/sv\/#\/schema\/logo\/image\/"}}]}},"_links":{"self":[{"href":"https:\/\/cfcaracas.org\/sv\/wp-json\/wp\/v2\/pages\/235356","targetHints":{"allow":["GET"]}}],"collection":[{"href":"https:\/\/cfcaracas.org\/sv\/wp-json\/wp\/v2\/pages"}],"about":[{"href":"https:\/\/cfcaracas.org\/sv\/wp-json\/wp\/v2\/types\/page"}],"author":[{"embeddable":true,"href":"https:\/\/cfcaracas.org\/sv\/wp-json\/wp\/v2\/users\/5"}],"replies":[{"embeddable":true,"href":"https:\/\/cfcaracas.org\/sv\/wp-json\/wp\/v2\/comments?post=235356"}],"version-history":[{"count":5,"href":"https:\/\/cfcaracas.org\/sv\/wp-json\/wp\/v2\/pages\/235356\/revisions"}],"predecessor-version":[{"id":239054,"href":"https:\/\/cfcaracas.org\/sv\/wp-json\/wp\/v2\/pages\/235356\/revisions\/239054"}],"up":[{"embeddable":true,"href":"https:\/\/cfcaracas.org\/sv\/wp-json\/wp\/v2\/pages\/228398"}],"wp:featuredmedia":[{"embeddable":true,"href":"https:\/\/cfcaracas.org\/sv\/wp-json\/wp\/v2\/media\/235359"}],"wp:attachment":[{"href":"https:\/\/cfcaracas.org\/sv\/wp-json\/wp\/v2\/media?parent=235356"}],"curies":[{"name":"wp","href":"https:\/\/api.w.org\/{rel}","templated":true}]}}