{"id":236225,"date":"2023-09-26T07:43:15","date_gmt":"2023-09-26T11:43:15","guid":{"rendered":"https:\/\/cfcaracas.org\/sv\/?page_id=236225"},"modified":"2023-09-27T19:55:34","modified_gmt":"2023-09-27T23:55:34","slug":"modelo-fraimun-cf","status":"publish","type":"page","link":"https:\/\/cfcaracas.org\/sv\/vida-en-el-colegio\/modelo-fraimun-cf\/","title":{"rendered":"Modelo Fraimun"},"content":{"rendered":"\n\n[et_pb_section fb_built=&#8221;1&#8243; _builder_version=&#8221;4.16&#8243; background_color=&#8221;#e9eff3&#8243; background_image=&#8221;https:\/\/cfcaracas.org\/sv\/wp-content\/uploads\/shapes-bg-color.png&#8221; parallax=&#8221;on&#8221; custom_padding=&#8221;27px||0px|||&#8221; bottom_divider_color=&#8221;#065b99&#8243; global_colors_info=&#8221;{}&#8221;][et_pb_row _builder_version=&#8221;4.16&#8243; custom_padding=&#8221;0px||0px|||&#8221; global_colors_info=&#8221;{}&#8221;][et_pb_column type=&#8221;4_4&#8243; _builder_version=&#8221;4.16&#8243; global_colors_info=&#8221;{}&#8221;][et_pb_dmb_breadcrumbs font_icon=&#8221;%%194%%&#8221; home_icon=&#8221;%%236%%&#8221; use_home_text=&#8221;on&#8221; home_text=&#8221;Inicio&#8221; _builder_version=&#8221;4.16&#8243; body_font=&#8221;|600|||||||&#8221; separator_text_color=&#8221;#0c71c3&#8243; global_colors_info=&#8221;{}&#8221;][\/et_pb_dmb_breadcrumbs][\/et_pb_column][\/et_pb_row][et_pb_row column_structure=&#8221;2_3,1_3&#8243; _builder_version=&#8221;4.16&#8243; global_colors_info=&#8221;{}&#8221;][et_pb_column type=&#8221;2_3&#8243; _builder_version=&#8221;4.16&#8243; background_color=&#8221;#ffffff&#8221; custom_padding=&#8221;25px|25px|25px|25px|true|true&#8221; border_radii=&#8221;on|16px|16px|16px|16px&#8221; box_shadow_style=&#8221;preset2&#8243; global_colors_info=&#8221;{}&#8221; custom_padding__hover=&#8221;|||&#8221;][et_pb_image src=&#8221;https:\/\/cfcaracas.org\/sv\/wp-content\/uploads\/FotoNoticia_Fraimun.png&#8221; title_text=&#8221;FotoNoticia_Fraimun&#8221; force_fullwidth=&#8221;on&#8221; _builder_version=&#8221;4.22.2&#8243; hover_enabled=&#8221;0&#8243; global_colors_info=&#8221;{}&#8221; sticky_enabled=&#8221;0&#8243;][\/et_pb_image][et_pb_text _builder_version=&#8221;4.22.2&#8243; hover_enabled=&#8221;0&#8243; global_colors_info=&#8221;{}&#8221; sticky_enabled=&#8221;0&#8243;]<h1>\u00bfQu\u00e9 es el MUN?<\/h1>\n<p>El <strong>Modelo de las Naciones Unidas (Model United Nations)<\/strong>, conocido como MUN, es una actividad liderada por estudiantes, con fines educativos. En esta actividad se hacen simulaciones de los comit\u00e9s de la ONU, en donde los participantes deben asumir el papel del delegado del pa\u00eds que les ha tocado representar, a trav\u00e9s de debates y de la pr\u00e1ctica de la diplomacia, los participantes deben encontrar soluciones a problemas concretos, que forman parte de la agenda internacional.<\/p>\n<p>El MUN mejora las habilidades de oratoria, de redacci\u00f3n y de negociaci\u00f3n de sus participantes, adem\u00e1s fomenta el esp\u00edritu cr\u00edtico y ense\u00f1a los mecanismos para la resoluci\u00f3n pac\u00edfica de conflictos. Tambi\u00e9n contribuye a la adquisici\u00f3n de conocimientos sobre la realidad internacional y cultura general.<\/p>\n<p>El proyecto MUN es tan enriquecedor que muchos de los actuales lideres del \u00e1mbito jur\u00eddico, gubernamental, empresarial y art\u00edstico participaron en el MUN cuando eran estudiantes.<\/p>\n<h1>\u00bfQu\u00e9 es el fraiMUN?<\/h1>\n<p>Nuestra instituci\u00f3n posee una organizaci\u00f3n MUN, llamada FRAIMUN, esta organizaci\u00f3n estudiantil est\u00e1 basada en todos los principios anteriormente mencionados.<\/p>\n<p>El equipo del FRAIMUN invita cordialmente a todos los estudiantes de Media General de la secci\u00f3n venezolana y de la secci\u00f3n francesa, a sus clases los d\u00edas <strong>viernes de 12:45pm hasta la 1:45pm, en la sala polyvalente.<\/strong><\/p>\n<p>La participaci\u00f3n en FRAIMUN tendr\u00e1 una apreciaci\u00f3n en los boletines de los estudiantes que decidan inscribirse, para los alumnos de la francesa la participaci\u00f3n a esta actividad les ayudar\u00e1 en su Parcoursup y les dar\u00e1 un bonus a la hora de aplicar para las universidades <em>(esto aplica para la francesa como para la venezolana)<\/em> debido a que estar\u00edan mostrando que tienen un deseo de ir m\u00e1s all\u00e1 y poseen liderazgo.<\/p>\n<p>Todo el mundo es bienvenido en FRAIMUN. <strong><em>\u201cS\u00e9 t\u00fa el cambio que quieres ver en el mundo\u201d. Gandhi<\/em><\/strong><\/p>\n<h1><\/h1>\n<h1>Funciones del Docente \u2013 FRAIMUN<\/h1>\n<p>En el desarrollo de las sesiones de pr\u00e1ctica del Modelo de Naciones Unidas del Colegio Francia, el docente acompa\u00f1ante cumple las funciones de asesorar a los estudiantes en \u00e1reas referentes al cumplimiento de los lineamientos del manual, orientando a seguir una din\u00e1mica fluida, perdiendo el miedo esc\u00e9nico, buen desenvolvimiento personal, dicci\u00f3n, oratoria, expresi\u00f3n corporal, entre otros aspectos que puedan mejorar los j\u00f3venes en su rol como futuros diplom\u00e1ticos; creando el espacio de la investigaci\u00f3n, an\u00e1lisis-cr\u00edtico y comprensi\u00f3n de la situaci\u00f3n actual en referencia al marco de la ONU.<\/p>\n<p>Sin embargo, se resalta el punto que no se debe interferir en sus pensamientos cr\u00edticos sobre las tem\u00e1ticas dentro la postura del pa\u00eds que representa evitando emitir opiniones personales que afecten en la toma de decisiones. El docente cumple el rol de observador dentro de los modelos, sin realizar intervenciones durante el desarrollo de los comit\u00e9s y asambleas. As\u00ed debe esperar al t\u00e9rmino del evento para evaluar el desarrollo, la actuaci\u00f3n de sus alumnos y elaborar las conclusiones que correspondan para las posibles mejoras en los futuros modelos.<\/p>\n<p>En situaciones especiales sea de problem\u00e1ticas de salud, personal-familiar entre otras, podr\u00e1n mantener contacto con los estudiantes solicitando la presencia de una Autoridad o miembro del Comit\u00e9 Organizador como testigo, dadas las figuras en la instituci\u00f3n como lo son el Head Delegate, Secretaria General, Vice Secretaria de Relaciones P\u00fablicas, Vice Secretaria de Tesorer\u00eda y Log\u00edstica y la Faculty, sin tomar atribuciones pertenecientes al comit\u00e9.<\/p>\n<p><em>Redacci\u00f3n: <\/em><em>Secretar\u00eda General de FRAIMUN 2022-2023<\/em><\/p>[\/et_pb_text][\/et_pb_column][et_pb_column type=&#8221;1_3&#8243; _builder_version=&#8221;4.16&#8243; z_index=&#8221;10&#8243; custom_padding=&#8221;|||&#8221; global_colors_info=&#8221;{}&#8221; custom_padding__hover=&#8221;|||&#8221;][et_pb_blog fullwidth=&#8221;off&#8221; posts_number=&#8221;2&#8243; include_categories=&#8221;5,26&#8243; show_more=&#8221;on&#8221; show_author=&#8221;off&#8221; _builder_version=&#8221;4.16&#8243; pagination_font=&#8221;||||||||&#8221; border_radii=&#8221;on|15px|15px|15px|15px&#8221; border_radii_image=&#8221;||||&#8221; box_shadow_style=&#8221;preset1&#8243; global_colors_info=&#8221;{}&#8221;][\/et_pb_blog][\/et_pb_column][\/et_pb_row][\/et_pb_section]\n\n","protected":false},"excerpt":{"rendered":"","protected":false},"author":5,"featured_media":235978,"parent":228536,"menu_order":0,"comment_status":"closed","ping_status":"closed","template":"","meta":{"_et_pb_use_builder":"on","_et_pb_old_content":"","_et_gb_content_width":"","_monsterinsights_skip_tracking":false,"_monsterinsights_sitenote_active":false,"_monsterinsights_sitenote_note":"","_monsterinsights_sitenote_category":0,"footnotes":""},"class_list":["post-236225","page","type-page","status-publish","has-post-thumbnail","hentry"],"yoast_head":"<!-- This site is optimized with the Yoast SEO plugin v27.3 - https:\/\/yoast.com\/product\/yoast-seo-wordpress\/ -->\n<title>Modelo Fraimun - COLEGIO FRANCIA<\/title>\n<meta name=\"robots\" content=\"index, follow, max-snippet:-1, max-image-preview:large, max-video-preview:-1\" \/>\n<link rel=\"canonical\" href=\"https:\/\/cfcaracas.org\/sv\/vida-en-el-colegio\/modelo-fraimun-cf\/\" \/>\n<meta property=\"og:locale\" content=\"en_US\" \/>\n<meta property=\"og:type\" content=\"article\" \/>\n<meta property=\"og:title\" content=\"Modelo Fraimun - COLEGIO FRANCIA\" \/>\n<meta property=\"og:url\" content=\"https:\/\/cfcaracas.org\/sv\/vida-en-el-colegio\/modelo-fraimun-cf\/\" \/>\n<meta property=\"og:site_name\" content=\"COLEGIO FRANCIA\" \/>\n<meta property=\"article:modified_time\" content=\"2023-09-27T23:55:34+00:00\" \/>\n<meta property=\"og:image\" content=\"https:\/\/cfcaracas.org\/sv\/wp-content\/uploads\/FotoNoticia_Fraimun-1024x768.png\" \/>\n\t<meta property=\"og:image:width\" content=\"1024\" \/>\n\t<meta property=\"og:image:height\" content=\"768\" \/>\n\t<meta property=\"og:image:type\" content=\"image\/png\" \/>\n<meta name=\"twitter:card\" content=\"summary_large_image\" \/>\n<meta name=\"twitter:label1\" content=\"Est. reading time\" \/>\n\t<meta name=\"twitter:data1\" content=\"3 minutes\" \/>\n<script type=\"application\/ld+json\" class=\"yoast-schema-graph\">{\"@context\":\"https:\\\/\\\/schema.org\",\"@graph\":[{\"@type\":\"WebPage\",\"@id\":\"https:\\\/\\\/cfcaracas.org\\\/sv\\\/vida-en-el-colegio\\\/modelo-fraimun-cf\\\/\",\"url\":\"https:\\\/\\\/cfcaracas.org\\\/sv\\\/vida-en-el-colegio\\\/modelo-fraimun-cf\\\/\",\"name\":\"Modelo Fraimun - COLEGIO FRANCIA\",\"isPartOf\":{\"@id\":\"https:\\\/\\\/cfcaracas.org\\\/sv\\\/#website\"},\"primaryImageOfPage\":{\"@id\":\"https:\\\/\\\/cfcaracas.org\\\/sv\\\/vida-en-el-colegio\\\/modelo-fraimun-cf\\\/#primaryimage\"},\"image\":{\"@id\":\"https:\\\/\\\/cfcaracas.org\\\/sv\\\/vida-en-el-colegio\\\/modelo-fraimun-cf\\\/#primaryimage\"},\"thumbnailUrl\":\"https:\\\/\\\/cfcaracas.org\\\/sv\\\/wp-content\\\/uploads\\\/FotoNoticia_Fraimun.png\",\"datePublished\":\"2023-09-26T11:43:15+00:00\",\"dateModified\":\"2023-09-27T23:55:34+00:00\",\"breadcrumb\":{\"@id\":\"https:\\\/\\\/cfcaracas.org\\\/sv\\\/vida-en-el-colegio\\\/modelo-fraimun-cf\\\/#breadcrumb\"},\"inLanguage\":\"en-US\",\"potentialAction\":[{\"@type\":\"ReadAction\",\"target\":[\"https:\\\/\\\/cfcaracas.org\\\/sv\\\/vida-en-el-colegio\\\/modelo-fraimun-cf\\\/\"]}]},{\"@type\":\"ImageObject\",\"inLanguage\":\"en-US\",\"@id\":\"https:\\\/\\\/cfcaracas.org\\\/sv\\\/vida-en-el-colegio\\\/modelo-fraimun-cf\\\/#primaryimage\",\"url\":\"https:\\\/\\\/cfcaracas.org\\\/sv\\\/wp-content\\\/uploads\\\/FotoNoticia_Fraimun.png\",\"contentUrl\":\"https:\\\/\\\/cfcaracas.org\\\/sv\\\/wp-content\\\/uploads\\\/FotoNoticia_Fraimun.png\",\"width\":1668,\"height\":1251},{\"@type\":\"BreadcrumbList\",\"@id\":\"https:\\\/\\\/cfcaracas.org\\\/sv\\\/vida-en-el-colegio\\\/modelo-fraimun-cf\\\/#breadcrumb\",\"itemListElement\":[{\"@type\":\"ListItem\",\"position\":1,\"name\":\"Home\",\"item\":\"https:\\\/\\\/cfcaracas.org\\\/sv\\\/\"},{\"@type\":\"ListItem\",\"position\":2,\"name\":\"VIDA EN EL COLEGIO\",\"item\":\"https:\\\/\\\/cfcaracas.org\\\/sv\\\/vida-en-el-colegio\\\/\"},{\"@type\":\"ListItem\",\"position\":3,\"name\":\"Modelo Fraimun\"}]},{\"@type\":\"WebSite\",\"@id\":\"https:\\\/\\\/cfcaracas.org\\\/sv\\\/#website\",\"url\":\"https:\\\/\\\/cfcaracas.org\\\/sv\\\/\",\"name\":\"COLEGIO FRANCIA\",\"description\":\"Colegio Francia, algo m\u00e1s que un colegio\",\"publisher\":{\"@id\":\"https:\\\/\\\/cfcaracas.org\\\/sv\\\/#organization\"},\"potentialAction\":[{\"@type\":\"SearchAction\",\"target\":{\"@type\":\"EntryPoint\",\"urlTemplate\":\"https:\\\/\\\/cfcaracas.org\\\/sv\\\/?s={search_term_string}\"},\"query-input\":{\"@type\":\"PropertyValueSpecification\",\"valueRequired\":true,\"valueName\":\"search_term_string\"}}],\"inLanguage\":\"en-US\"},{\"@type\":\"Organization\",\"@id\":\"https:\\\/\\\/cfcaracas.org\\\/sv\\\/#organization\",\"name\":\"U.E. Colegio Francia de Caracas\",\"url\":\"https:\\\/\\\/cfcaracas.org\\\/sv\\\/\",\"logo\":{\"@type\":\"ImageObject\",\"inLanguage\":\"en-US\",\"@id\":\"https:\\\/\\\/cfcaracas.org\\\/sv\\\/#\\\/schema\\\/logo\\\/image\\\/\",\"url\":\"https:\\\/\\\/cfcaracas.org\\\/sv\\\/wp-content\\\/uploads\\\/LOGO-COLEGIO-FRANCIA-01.png\",\"contentUrl\":\"https:\\\/\\\/cfcaracas.org\\\/sv\\\/wp-content\\\/uploads\\\/LOGO-COLEGIO-FRANCIA-01.png\",\"width\":851,\"height\":1135,\"caption\":\"U.E. Colegio Francia de Caracas\"},\"image\":{\"@id\":\"https:\\\/\\\/cfcaracas.org\\\/sv\\\/#\\\/schema\\\/logo\\\/image\\\/\"}}]}<\/script>\n<!-- \/ Yoast SEO plugin. -->","yoast_head_json":{"title":"Modelo Fraimun - COLEGIO FRANCIA","robots":{"index":"index","follow":"follow","max-snippet":"max-snippet:-1","max-image-preview":"max-image-preview:large","max-video-preview":"max-video-preview:-1"},"canonical":"https:\/\/cfcaracas.org\/sv\/vida-en-el-colegio\/modelo-fraimun-cf\/","og_locale":"en_US","og_type":"article","og_title":"Modelo Fraimun - COLEGIO FRANCIA","og_url":"https:\/\/cfcaracas.org\/sv\/vida-en-el-colegio\/modelo-fraimun-cf\/","og_site_name":"COLEGIO FRANCIA","article_modified_time":"2023-09-27T23:55:34+00:00","og_image":[{"width":1024,"height":768,"url":"https:\/\/cfcaracas.org\/sv\/wp-content\/uploads\/FotoNoticia_Fraimun-1024x768.png","type":"image\/png"}],"twitter_card":"summary_large_image","twitter_misc":{"Est. reading time":"3 minutes"},"schema":{"@context":"https:\/\/schema.org","@graph":[{"@type":"WebPage","@id":"https:\/\/cfcaracas.org\/sv\/vida-en-el-colegio\/modelo-fraimun-cf\/","url":"https:\/\/cfcaracas.org\/sv\/vida-en-el-colegio\/modelo-fraimun-cf\/","name":"Modelo Fraimun - COLEGIO FRANCIA","isPartOf":{"@id":"https:\/\/cfcaracas.org\/sv\/#website"},"primaryImageOfPage":{"@id":"https:\/\/cfcaracas.org\/sv\/vida-en-el-colegio\/modelo-fraimun-cf\/#primaryimage"},"image":{"@id":"https:\/\/cfcaracas.org\/sv\/vida-en-el-colegio\/modelo-fraimun-cf\/#primaryimage"},"thumbnailUrl":"https:\/\/cfcaracas.org\/sv\/wp-content\/uploads\/FotoNoticia_Fraimun.png","datePublished":"2023-09-26T11:43:15+00:00","dateModified":"2023-09-27T23:55:34+00:00","breadcrumb":{"@id":"https:\/\/cfcaracas.org\/sv\/vida-en-el-colegio\/modelo-fraimun-cf\/#breadcrumb"},"inLanguage":"en-US","potentialAction":[{"@type":"ReadAction","target":["https:\/\/cfcaracas.org\/sv\/vida-en-el-colegio\/modelo-fraimun-cf\/"]}]},{"@type":"ImageObject","inLanguage":"en-US","@id":"https:\/\/cfcaracas.org\/sv\/vida-en-el-colegio\/modelo-fraimun-cf\/#primaryimage","url":"https:\/\/cfcaracas.org\/sv\/wp-content\/uploads\/FotoNoticia_Fraimun.png","contentUrl":"https:\/\/cfcaracas.org\/sv\/wp-content\/uploads\/FotoNoticia_Fraimun.png","width":1668,"height":1251},{"@type":"BreadcrumbList","@id":"https:\/\/cfcaracas.org\/sv\/vida-en-el-colegio\/modelo-fraimun-cf\/#breadcrumb","itemListElement":[{"@type":"ListItem","position":1,"name":"Home","item":"https:\/\/cfcaracas.org\/sv\/"},{"@type":"ListItem","position":2,"name":"VIDA EN EL COLEGIO","item":"https:\/\/cfcaracas.org\/sv\/vida-en-el-colegio\/"},{"@type":"ListItem","position":3,"name":"Modelo Fraimun"}]},{"@type":"WebSite","@id":"https:\/\/cfcaracas.org\/sv\/#website","url":"https:\/\/cfcaracas.org\/sv\/","name":"COLEGIO FRANCIA","description":"Colegio Francia, algo m\u00e1s que un colegio","publisher":{"@id":"https:\/\/cfcaracas.org\/sv\/#organization"},"potentialAction":[{"@type":"SearchAction","target":{"@type":"EntryPoint","urlTemplate":"https:\/\/cfcaracas.org\/sv\/?s={search_term_string}"},"query-input":{"@type":"PropertyValueSpecification","valueRequired":true,"valueName":"search_term_string"}}],"inLanguage":"en-US"},{"@type":"Organization","@id":"https:\/\/cfcaracas.org\/sv\/#organization","name":"U.E. Colegio Francia de Caracas","url":"https:\/\/cfcaracas.org\/sv\/","logo":{"@type":"ImageObject","inLanguage":"en-US","@id":"https:\/\/cfcaracas.org\/sv\/#\/schema\/logo\/image\/","url":"https:\/\/cfcaracas.org\/sv\/wp-content\/uploads\/LOGO-COLEGIO-FRANCIA-01.png","contentUrl":"https:\/\/cfcaracas.org\/sv\/wp-content\/uploads\/LOGO-COLEGIO-FRANCIA-01.png","width":851,"height":1135,"caption":"U.E. Colegio Francia de Caracas"},"image":{"@id":"https:\/\/cfcaracas.org\/sv\/#\/schema\/logo\/image\/"}}]}},"_links":{"self":[{"href":"https:\/\/cfcaracas.org\/sv\/wp-json\/wp\/v2\/pages\/236225","targetHints":{"allow":["GET"]}}],"collection":[{"href":"https:\/\/cfcaracas.org\/sv\/wp-json\/wp\/v2\/pages"}],"about":[{"href":"https:\/\/cfcaracas.org\/sv\/wp-json\/wp\/v2\/types\/page"}],"author":[{"embeddable":true,"href":"https:\/\/cfcaracas.org\/sv\/wp-json\/wp\/v2\/users\/5"}],"replies":[{"embeddable":true,"href":"https:\/\/cfcaracas.org\/sv\/wp-json\/wp\/v2\/comments?post=236225"}],"version-history":[{"count":0,"href":"https:\/\/cfcaracas.org\/sv\/wp-json\/wp\/v2\/pages\/236225\/revisions"}],"up":[{"embeddable":true,"href":"https:\/\/cfcaracas.org\/sv\/wp-json\/wp\/v2\/pages\/228536"}],"wp:featuredmedia":[{"embeddable":true,"href":"https:\/\/cfcaracas.org\/sv\/wp-json\/wp\/v2\/media\/235978"}],"wp:attachment":[{"href":"https:\/\/cfcaracas.org\/sv\/wp-json\/wp\/v2\/media?parent=236225"}],"curies":[{"name":"wp","href":"https:\/\/api.w.org\/{rel}","templated":true}]}}