{"id":236610,"date":"2023-11-28T09:53:42","date_gmt":"2023-11-28T13:53:42","guid":{"rendered":"https:\/\/cfcaracas.org\/sv\/?page_id=236610"},"modified":"2025-09-15T11:00:16","modified_gmt":"2025-09-15T15:00:16","slug":"actividades-extracurriculares","status":"publish","type":"page","link":"https:\/\/cfcaracas.org\/sv\/vida-en-el-colegio\/actividades-extracurriculares\/","title":{"rendered":"Actividades extracurriculares"},"content":{"rendered":"<p>[et_pb_section fb_built=&#8221;1&#8243; _builder_version=&#8221;4.16&#8243; background_color=&#8221;#e9eff3&#8243; background_image=&#8221;https:\/\/cfcaracas.org\/sv\/wp-content\/uploads\/shapes-bg-color.png&#8221; parallax=&#8221;on&#8221; custom_padding=&#8221;27px||0px|||&#8221; bottom_divider_color=&#8221;#065b99&#8243; global_colors_info=&#8221;{}&#8221;][et_pb_row _builder_version=&#8221;4.16&#8243; custom_padding=&#8221;0px||0px|||&#8221; global_colors_info=&#8221;{}&#8221;][et_pb_column type=&#8221;4_4&#8243; _builder_version=&#8221;4.16&#8243; global_colors_info=&#8221;{}&#8221;][et_pb_dmb_breadcrumbs font_icon=&#8221;&#xe04a;||divi||400&#8243; home_icon=&#8221;&#xe074;||divi||400&#8243; use_home_text=&#8221;on&#8221; home_text=&#8221;Inicio&#8221; _builder_version=&#8221;4.16&#8243; body_font=&#8221;|600|||||||&#8221; separator_text_color=&#8221;#0c71c3&#8243; global_colors_info=&#8221;{}&#8221;][\/et_pb_dmb_breadcrumbs][\/et_pb_column][\/et_pb_row][et_pb_row column_structure=&#8221;2_3,1_3&#8243; _builder_version=&#8221;4.16&#8243; global_colors_info=&#8221;{}&#8221;][et_pb_column type=&#8221;2_3&#8243; _builder_version=&#8221;4.16&#8243; background_color=&#8221;#ffffff&#8221; custom_padding=&#8221;25px|25px|25px|25px|true|true&#8221; border_radii=&#8221;on|16px|16px|16px|16px&#8221; box_shadow_style=&#8221;preset2&#8243; global_colors_info=&#8221;{}&#8221; custom_padding__hover=&#8221;|||&#8221;][et_pb_image src=&#8221;https:\/\/cfcaracas.org\/sv\/wp-content\/uploads\/FotoActExtra.png&#8221; title_text=&#8221;FotoActExtra&#8221; force_fullwidth=&#8221;on&#8221; disabled_on=&#8221;off|off|off&#8221; _builder_version=&#8221;4.23.1&#8243; global_colors_info=&#8221;{}&#8221;][\/et_pb_image][et_pb_text _builder_version=&#8221;4.27.4&#8243; min_height=&#8221;442.8px&#8221; custom_margin=&#8221;||16px|||&#8221; hover_enabled=&#8221;0&#8243; global_colors_info=&#8221;{}&#8221; sticky_enabled=&#8221;0&#8243;]<\/p>\n<h1>Actividades extracurriculares<\/h1>\n<p>El Colegio ofrece a sus estudiantes de Primaria un variado programa de actividades extracurriculares que se desarrollan dentro de nuestras instalaciones, de lunes a viernes, desde la culminaci\u00f3n de la jornada acad\u00e9mica hasta las <strong>3:00 p.m., 4:00 p.m. o 5:00 p.m.<\/strong><\/p>\n<p>Para los alumnos de Media General, tambi\u00e9n contamos con actividades, principalmente de car\u00e1cter deportivo, que fortalecen el trabajo en equipo, la disciplina y el compromiso.<\/p>\n<p>Contamos con el respaldo de las <strong>mejores academias de Caracas,<\/strong> con quienes nuestros estudiantes participan en destacados <strong>eventos deportivos, culturales y tecnol\u00f3gicos<\/strong>, representando con orgullo a nuestra instituci\u00f3n.<\/p>\n<p><strong>\ud83d\udccc Proceso de inscripci\u00f3n:<\/strong><\/p>\n<p>1.- Descargue y complete la planilla disponible en nuestra p\u00e1gina web.<br \/>2.- Ac\u00e9rquese a la caja del colegio y entregue la planilla.<br \/>3.- Una vez formalizado el proceso, su hijo(a) formar\u00e1 parte de nuestra comunidad extracurricular.<\/p>\n<p>\u2728 Para este a\u00f1o escolar contamos con una amplia variedad de actividades, dise\u00f1adas para complementar la <strong>formaci\u00f3n integral de nuestros estudiantes<\/strong>, fomentando sus<strong> talentos, habilidades y valores.<\/strong><\/p>\n<p>\u2728 Cada estudiante tiene la oportunidad de realizar una <strong>clase de prueba gratuita<\/strong> en la actividad de su inter\u00e9s, con el fin de confirmar si desea inscribirse. Para ello, ser\u00e1 necesario solicitar la clase por correo electr\u00f3nico al <strong>profesor Luis Barreto<\/strong>, encargado de las actividades extracurriculares, a trav\u00e9s del correo:<strong> luis.barreto@cfcaracas.org.<\/strong><\/p>\n<p>Agradecemos de antemano su confianza y entusiasmo en sumarse a este importante espacio de crecimiento.<\/p>\n<p>[\/et_pb_text][et_pb_gallery gallery_ids=&#8221;239799,239800,239801,239803&#8243; show_title_and_caption=&#8221;off&#8221; show_pagination=&#8221;off&#8221; _builder_version=&#8221;4.27.4&#8243; _module_preset=&#8221;default&#8221; global_colors_info=&#8221;{}&#8221;][\/et_pb_gallery][et_pb_text _builder_version=&#8221;4.27.4&#8243; background_color=&#8221;#bd88e8&#8243; link_option_url=&#8221;https:\/\/cfcaracas.org\/sv\/wp-content\/uploads\/01-Planilla-de-Inscripcion-2025.pdf&#8221; link_option_url_new_window=&#8221;on&#8221; border_radii=&#8221;on|10px|10px|10px|10px&#8221; global_colors_info=&#8221;{}&#8221;]<\/p>\n<h1 style=\"text-align: center;\"><span style=\"color: #ffffff;\"><\/span><\/h1>\n<h1 style=\"text-align: center;\"><span style=\"color: #ffffff;\">Click aqu\u00ed para descargar Planilla de inscripci\u00f3n<\/span><\/h1>\n<p>[\/et_pb_text][et_pb_text _builder_version=&#8221;4.27.4&#8243; global_colors_info=&#8221;{}&#8221;]<\/p>\n<h1><\/h1>\n<h1>ContactO<\/h1>\n<p>Si tiene alguna duda, por favor contactar al Sr. Luis Barreto. <strong>Correo electr\u00f3nico:<\/strong> aes@cfcaracas.org\u00a0<b>\u00a0<\/b><\/p>\n<p>[\/et_pb_text][\/et_pb_column][et_pb_column type=&#8221;1_3&#8243; _builder_version=&#8221;4.16&#8243; z_index=&#8221;10&#8243; custom_padding=&#8221;|||&#8221; global_colors_info=&#8221;{}&#8221; custom_padding__hover=&#8221;|||&#8221;][et_pb_blog fullwidth=&#8221;off&#8221; posts_number=&#8221;2&#8243; include_categories=&#8221;5,27&#8243; show_more=&#8221;on&#8221; show_author=&#8221;off&#8221; _builder_version=&#8221;4.16&#8243; pagination_font=&#8221;||||||||&#8221; border_radii=&#8221;on|15px|15px|15px|15px&#8221; border_radii_image=&#8221;||||&#8221; box_shadow_style=&#8221;preset1&#8243; global_colors_info=&#8221;{}&#8221;][\/et_pb_blog][\/et_pb_column][\/et_pb_row][\/et_pb_section]<\/p>\n","protected":false},"excerpt":{"rendered":"<p>Actividades extracurriculares El Colegio ofrece a sus estudiantes de Primaria un variado programa de actividades extracurriculares que se desarrollan dentro de nuestras instalaciones, de lunes a viernes, desde la culminaci\u00f3n de la jornada acad\u00e9mica hasta las 3:00 p.m., 4:00 p.m. o 5:00 p.m. Para los alumnos de Media General, tambi\u00e9n contamos con actividades, principalmente de [&hellip;]<\/p>\n","protected":false},"author":5,"featured_media":0,"parent":228536,"menu_order":0,"comment_status":"closed","ping_status":"closed","template":"","meta":{"_et_pb_use_builder":"on","_et_pb_old_content":"<!-- wp:divi\/placeholder \/-->","_et_gb_content_width":"","_monsterinsights_skip_tracking":false,"_monsterinsights_sitenote_active":false,"_monsterinsights_sitenote_note":"","_monsterinsights_sitenote_category":0,"footnotes":""},"class_list":["post-236610","page","type-page","status-publish","hentry"],"yoast_head":"<!-- This site is optimized with the Yoast SEO plugin v27.3 - https:\/\/yoast.com\/product\/yoast-seo-wordpress\/ -->\n<title>Actividades extracurriculares - COLEGIO FRANCIA<\/title>\n<meta name=\"robots\" content=\"index, follow, max-snippet:-1, max-image-preview:large, max-video-preview:-1\" \/>\n<link rel=\"canonical\" href=\"https:\/\/cfcaracas.org\/sv\/vida-en-el-colegio\/actividades-extracurriculares\/\" \/>\n<meta property=\"og:locale\" content=\"en_US\" \/>\n<meta property=\"og:type\" content=\"article\" \/>\n<meta property=\"og:title\" content=\"Actividades extracurriculares - COLEGIO FRANCIA\" \/>\n<meta property=\"og:description\" content=\"Actividades extracurriculares El Colegio ofrece a sus estudiantes de Primaria un variado programa de actividades extracurriculares que se desarrollan dentro de nuestras instalaciones, de lunes a viernes, desde la culminaci\u00f3n de la jornada acad\u00e9mica hasta las 3:00 p.m., 4:00 p.m. o 5:00 p.m. Para los alumnos de Media General, tambi\u00e9n contamos con actividades, principalmente de [&hellip;]\" \/>\n<meta property=\"og:url\" content=\"https:\/\/cfcaracas.org\/sv\/vida-en-el-colegio\/actividades-extracurriculares\/\" \/>\n<meta property=\"og:site_name\" content=\"COLEGIO FRANCIA\" \/>\n<meta property=\"article:modified_time\" content=\"2025-09-15T15:00:16+00:00\" \/>\n<meta name=\"twitter:card\" content=\"summary_large_image\" \/>\n<meta name=\"twitter:label1\" content=\"Est. reading time\" \/>\n\t<meta name=\"twitter:data1\" content=\"1 minute\" \/>\n<script type=\"application\/ld+json\" class=\"yoast-schema-graph\">{\"@context\":\"https:\\\/\\\/schema.org\",\"@graph\":[{\"@type\":\"WebPage\",\"@id\":\"https:\\\/\\\/cfcaracas.org\\\/sv\\\/vida-en-el-colegio\\\/actividades-extracurriculares\\\/\",\"url\":\"https:\\\/\\\/cfcaracas.org\\\/sv\\\/vida-en-el-colegio\\\/actividades-extracurriculares\\\/\",\"name\":\"Actividades extracurriculares - COLEGIO FRANCIA\",\"isPartOf\":{\"@id\":\"https:\\\/\\\/cfcaracas.org\\\/sv\\\/#website\"},\"datePublished\":\"2023-11-28T13:53:42+00:00\",\"dateModified\":\"2025-09-15T15:00:16+00:00\",\"breadcrumb\":{\"@id\":\"https:\\\/\\\/cfcaracas.org\\\/sv\\\/vida-en-el-colegio\\\/actividades-extracurriculares\\\/#breadcrumb\"},\"inLanguage\":\"en-US\",\"potentialAction\":[{\"@type\":\"ReadAction\",\"target\":[\"https:\\\/\\\/cfcaracas.org\\\/sv\\\/vida-en-el-colegio\\\/actividades-extracurriculares\\\/\"]}]},{\"@type\":\"BreadcrumbList\",\"@id\":\"https:\\\/\\\/cfcaracas.org\\\/sv\\\/vida-en-el-colegio\\\/actividades-extracurriculares\\\/#breadcrumb\",\"itemListElement\":[{\"@type\":\"ListItem\",\"position\":1,\"name\":\"Home\",\"item\":\"https:\\\/\\\/cfcaracas.org\\\/sv\\\/\"},{\"@type\":\"ListItem\",\"position\":2,\"name\":\"VIDA EN EL COLEGIO\",\"item\":\"https:\\\/\\\/cfcaracas.org\\\/sv\\\/vida-en-el-colegio\\\/\"},{\"@type\":\"ListItem\",\"position\":3,\"name\":\"Actividades extracurriculares\"}]},{\"@type\":\"WebSite\",\"@id\":\"https:\\\/\\\/cfcaracas.org\\\/sv\\\/#website\",\"url\":\"https:\\\/\\\/cfcaracas.org\\\/sv\\\/\",\"name\":\"COLEGIO FRANCIA\",\"description\":\"Colegio Francia, algo m\u00e1s que un colegio\",\"publisher\":{\"@id\":\"https:\\\/\\\/cfcaracas.org\\\/sv\\\/#organization\"},\"potentialAction\":[{\"@type\":\"SearchAction\",\"target\":{\"@type\":\"EntryPoint\",\"urlTemplate\":\"https:\\\/\\\/cfcaracas.org\\\/sv\\\/?s={search_term_string}\"},\"query-input\":{\"@type\":\"PropertyValueSpecification\",\"valueRequired\":true,\"valueName\":\"search_term_string\"}}],\"inLanguage\":\"en-US\"},{\"@type\":\"Organization\",\"@id\":\"https:\\\/\\\/cfcaracas.org\\\/sv\\\/#organization\",\"name\":\"U.E. Colegio Francia de Caracas\",\"url\":\"https:\\\/\\\/cfcaracas.org\\\/sv\\\/\",\"logo\":{\"@type\":\"ImageObject\",\"inLanguage\":\"en-US\",\"@id\":\"https:\\\/\\\/cfcaracas.org\\\/sv\\\/#\\\/schema\\\/logo\\\/image\\\/\",\"url\":\"https:\\\/\\\/cfcaracas.org\\\/sv\\\/wp-content\\\/uploads\\\/LOGO-COLEGIO-FRANCIA-01.png\",\"contentUrl\":\"https:\\\/\\\/cfcaracas.org\\\/sv\\\/wp-content\\\/uploads\\\/LOGO-COLEGIO-FRANCIA-01.png\",\"width\":851,\"height\":1135,\"caption\":\"U.E. Colegio Francia de Caracas\"},\"image\":{\"@id\":\"https:\\\/\\\/cfcaracas.org\\\/sv\\\/#\\\/schema\\\/logo\\\/image\\\/\"}}]}<\/script>\n<!-- \/ Yoast SEO plugin. -->","yoast_head_json":{"title":"Actividades extracurriculares - COLEGIO FRANCIA","robots":{"index":"index","follow":"follow","max-snippet":"max-snippet:-1","max-image-preview":"max-image-preview:large","max-video-preview":"max-video-preview:-1"},"canonical":"https:\/\/cfcaracas.org\/sv\/vida-en-el-colegio\/actividades-extracurriculares\/","og_locale":"en_US","og_type":"article","og_title":"Actividades extracurriculares - COLEGIO FRANCIA","og_description":"Actividades extracurriculares El Colegio ofrece a sus estudiantes de Primaria un variado programa de actividades extracurriculares que se desarrollan dentro de nuestras instalaciones, de lunes a viernes, desde la culminaci\u00f3n de la jornada acad\u00e9mica hasta las 3:00 p.m., 4:00 p.m. o 5:00 p.m. Para los alumnos de Media General, tambi\u00e9n contamos con actividades, principalmente de [&hellip;]","og_url":"https:\/\/cfcaracas.org\/sv\/vida-en-el-colegio\/actividades-extracurriculares\/","og_site_name":"COLEGIO FRANCIA","article_modified_time":"2025-09-15T15:00:16+00:00","twitter_card":"summary_large_image","twitter_misc":{"Est. reading time":"1 minute"},"schema":{"@context":"https:\/\/schema.org","@graph":[{"@type":"WebPage","@id":"https:\/\/cfcaracas.org\/sv\/vida-en-el-colegio\/actividades-extracurriculares\/","url":"https:\/\/cfcaracas.org\/sv\/vida-en-el-colegio\/actividades-extracurriculares\/","name":"Actividades extracurriculares - COLEGIO FRANCIA","isPartOf":{"@id":"https:\/\/cfcaracas.org\/sv\/#website"},"datePublished":"2023-11-28T13:53:42+00:00","dateModified":"2025-09-15T15:00:16+00:00","breadcrumb":{"@id":"https:\/\/cfcaracas.org\/sv\/vida-en-el-colegio\/actividades-extracurriculares\/#breadcrumb"},"inLanguage":"en-US","potentialAction":[{"@type":"ReadAction","target":["https:\/\/cfcaracas.org\/sv\/vida-en-el-colegio\/actividades-extracurriculares\/"]}]},{"@type":"BreadcrumbList","@id":"https:\/\/cfcaracas.org\/sv\/vida-en-el-colegio\/actividades-extracurriculares\/#breadcrumb","itemListElement":[{"@type":"ListItem","position":1,"name":"Home","item":"https:\/\/cfcaracas.org\/sv\/"},{"@type":"ListItem","position":2,"name":"VIDA EN EL COLEGIO","item":"https:\/\/cfcaracas.org\/sv\/vida-en-el-colegio\/"},{"@type":"ListItem","position":3,"name":"Actividades extracurriculares"}]},{"@type":"WebSite","@id":"https:\/\/cfcaracas.org\/sv\/#website","url":"https:\/\/cfcaracas.org\/sv\/","name":"COLEGIO FRANCIA","description":"Colegio Francia, algo m\u00e1s que un colegio","publisher":{"@id":"https:\/\/cfcaracas.org\/sv\/#organization"},"potentialAction":[{"@type":"SearchAction","target":{"@type":"EntryPoint","urlTemplate":"https:\/\/cfcaracas.org\/sv\/?s={search_term_string}"},"query-input":{"@type":"PropertyValueSpecification","valueRequired":true,"valueName":"search_term_string"}}],"inLanguage":"en-US"},{"@type":"Organization","@id":"https:\/\/cfcaracas.org\/sv\/#organization","name":"U.E. Colegio Francia de Caracas","url":"https:\/\/cfcaracas.org\/sv\/","logo":{"@type":"ImageObject","inLanguage":"en-US","@id":"https:\/\/cfcaracas.org\/sv\/#\/schema\/logo\/image\/","url":"https:\/\/cfcaracas.org\/sv\/wp-content\/uploads\/LOGO-COLEGIO-FRANCIA-01.png","contentUrl":"https:\/\/cfcaracas.org\/sv\/wp-content\/uploads\/LOGO-COLEGIO-FRANCIA-01.png","width":851,"height":1135,"caption":"U.E. Colegio Francia de Caracas"},"image":{"@id":"https:\/\/cfcaracas.org\/sv\/#\/schema\/logo\/image\/"}}]}},"_links":{"self":[{"href":"https:\/\/cfcaracas.org\/sv\/wp-json\/wp\/v2\/pages\/236610","targetHints":{"allow":["GET"]}}],"collection":[{"href":"https:\/\/cfcaracas.org\/sv\/wp-json\/wp\/v2\/pages"}],"about":[{"href":"https:\/\/cfcaracas.org\/sv\/wp-json\/wp\/v2\/types\/page"}],"author":[{"embeddable":true,"href":"https:\/\/cfcaracas.org\/sv\/wp-json\/wp\/v2\/users\/5"}],"replies":[{"embeddable":true,"href":"https:\/\/cfcaracas.org\/sv\/wp-json\/wp\/v2\/comments?post=236610"}],"version-history":[{"count":6,"href":"https:\/\/cfcaracas.org\/sv\/wp-json\/wp\/v2\/pages\/236610\/revisions"}],"predecessor-version":[{"id":239821,"href":"https:\/\/cfcaracas.org\/sv\/wp-json\/wp\/v2\/pages\/236610\/revisions\/239821"}],"up":[{"embeddable":true,"href":"https:\/\/cfcaracas.org\/sv\/wp-json\/wp\/v2\/pages\/228536"}],"wp:attachment":[{"href":"https:\/\/cfcaracas.org\/sv\/wp-json\/wp\/v2\/media?parent=236610"}],"curies":[{"name":"wp","href":"https:\/\/api.w.org\/{rel}","templated":true}]}}