{"id":239929,"date":"2025-10-10T10:49:26","date_gmt":"2025-10-10T14:49:26","guid":{"rendered":"https:\/\/cfcaracas.org\/sv\/?page_id=239929"},"modified":"2025-10-10T11:34:06","modified_gmt":"2025-10-10T15:34:06","slug":"materias-electivas-2025-2026","status":"publish","type":"page","link":"https:\/\/cfcaracas.org\/sv\/vida-en-el-colegio\/coordinacion-de-primaria\/materias-electivas-2025-2026\/","title":{"rendered":"Materias electivas"},"content":{"rendered":"<p>[et_pb_section fb_built=&#8221;1&#8243; _builder_version=&#8221;4.16&#8243; background_color=&#8221;#e9eff3&#8243; background_image=&#8221;https:\/\/cfcaracas.org\/sv\/wp-content\/uploads\/shapes-bg-color.png&#8221; parallax=&#8221;on&#8221; custom_padding=&#8221;27px||0px|||&#8221; bottom_divider_color=&#8221;#065b99&#8243; global_colors_info=&#8221;{}&#8221;][et_pb_row _builder_version=&#8221;4.16&#8243; custom_padding=&#8221;0px||0px|||&#8221; global_colors_info=&#8221;{}&#8221;][et_pb_column type=&#8221;4_4&#8243; _builder_version=&#8221;4.16&#8243; global_colors_info=&#8221;{}&#8221;][et_pb_dmb_breadcrumbs font_icon=&#8221;&#xe04a;||divi||400&#8243; home_icon=&#8221;&#xe074;||divi||400&#8243; use_home_text=&#8221;on&#8221; home_text=&#8221;Inicio&#8221; _builder_version=&#8221;4.16&#8243; body_font=&#8221;|600|||||||&#8221; separator_text_color=&#8221;#0c71c3&#8243; global_colors_info=&#8221;{}&#8221;][\/et_pb_dmb_breadcrumbs][\/et_pb_column][\/et_pb_row][et_pb_row column_structure=&#8221;2_3,1_3&#8243; _builder_version=&#8221;4.16&#8243; global_colors_info=&#8221;{}&#8221;][et_pb_column type=&#8221;2_3&#8243; _builder_version=&#8221;4.16&#8243; background_color=&#8221;#ffffff&#8221; custom_padding=&#8221;25px|25px|25px|25px|true|true&#8221; border_radii=&#8221;on|16px|16px|16px|16px&#8221; box_shadow_style=&#8221;preset2&#8243; global_colors_info=&#8221;{}&#8221; custom_padding__hover=&#8221;|||&#8221;][et_pb_image src=&#8221;https:\/\/cfcaracas.org\/sv\/wp-content\/uploads\/WEB_FotoNotElectivas.png&#8221; title_text=&#8221;WEB_FotoNotElectivas&#8221; _builder_version=&#8221;4.27.4&#8243; global_colors_info=&#8221;{}&#8221;][\/et_pb_image][et_pb_text _builder_version=&#8221;4.27.4&#8243; min_height=&#8221;30.2px&#8221; custom_margin=&#8221;||-5px|||&#8221; global_colors_info=&#8221;{}&#8221;]<\/p>\n<h3 data-start=\"85\" data-end=\"111\"><strong data-start=\"89\" data-end=\"111\">Materias Electivas 2025-2026<\/strong><\/h3>\n<p data-start=\"113\" data-end=\"549\">Como parte integral del pensum acad\u00e9mico de Primaria y Media General, el Colegio Francia ofrece una variada selecci\u00f3n de <strong data-start=\"234\" data-end=\"256\">materias electivas<\/strong> dise\u00f1adas para complementar la formaci\u00f3n integral de nuestros estudiantes. Estas actividades forman parte del horario regular de clases y <strong data-start=\"395\" data-end=\"424\">no tienen costo adicional<\/strong>, reafirmando nuestro compromiso con una educaci\u00f3n que promueve el desarrollo intelectual, art\u00edstico y f\u00edsico de cada alumno.<\/p>\n<p data-start=\"551\" data-end=\"755\">En <strong data-start=\"554\" data-end=\"576\">Educaci\u00f3n Primaria<\/strong>, las electivas buscan fomentar la creatividad, la expresi\u00f3n corporal y el trabajo en equipo a trav\u00e9s de asignaturas culturales y deportivas. Los estudiantes pueden participar en:<\/p>\n<ul data-start=\"756\" data-end=\"875\">\n<li data-start=\"756\" data-end=\"770\">\n<p data-start=\"758\" data-end=\"770\"><strong data-start=\"758\" data-end=\"768\">Ballet<\/strong><\/p>\n<\/li>\n<li data-start=\"771\" data-end=\"797\">\n<p data-start=\"773\" data-end=\"797\"><strong data-start=\"773\" data-end=\"795\">Iniciaci\u00f3n musical<\/strong><\/p>\n<\/li>\n<li data-start=\"798\" data-end=\"841\">\n<p data-start=\"800\" data-end=\"841\"><strong data-start=\"800\" data-end=\"839\">Danza integral y danza nacionalista<\/strong><\/p>\n<\/li>\n<li data-start=\"842\" data-end=\"858\">\n<p data-start=\"844\" data-end=\"858\"><strong data-start=\"844\" data-end=\"856\">Voleibol<\/strong><\/p>\n<\/li>\n<li data-start=\"859\" data-end=\"875\">\n<p data-start=\"861\" data-end=\"875\"><strong data-start=\"861\" data-end=\"875\">B\u00e1squetbol<\/strong><\/p>\n<\/li>\n<\/ul>\n<p data-start=\"877\" data-end=\"1050\">Cada una de estas opciones ofrece un espacio para descubrir talentos, fortalecer la disciplina personal y disfrutar del aprendizaje desde una experiencia l\u00fadica y formativa.<\/p>\n<p data-start=\"1052\" data-end=\"1206\">En <strong data-start=\"1055\" data-end=\"1072\">Media General<\/strong>, las materias electivas est\u00e1n orientadas al desarrollo art\u00edstico y a la exploraci\u00f3n de vocaciones, con programas especializados en:<\/p>\n<ul data-start=\"1207\" data-end=\"1259\">\n<li data-start=\"1207\" data-end=\"1221\">\n<p data-start=\"1209\" data-end=\"1221\"><strong data-start=\"1209\" data-end=\"1219\">M\u00fasica<\/strong><\/p>\n<\/li>\n<li data-start=\"1222\" data-end=\"1236\">\n<p data-start=\"1224\" data-end=\"1236\"><strong data-start=\"1224\" data-end=\"1234\">Teatro<\/strong><\/p>\n<\/li>\n<li data-start=\"1237\" data-end=\"1259\">\n<p data-start=\"1239\" data-end=\"1259\"><strong data-start=\"1239\" data-end=\"1259\">Dibujo y pintura<\/strong><\/p>\n<\/li>\n<\/ul>\n<p data-start=\"1261\" data-end=\"1473\">Estas \u00e1reas les permiten a los estudiantes profundizar en sus intereses personales, potenciar habilidades creativas y adquirir herramientas que contribuyen a su formaci\u00f3n integral y futura orientaci\u00f3n vocacional.<\/p>\n<p data-start=\"1475\" data-end=\"1666\"><strong data-start=\"1475\" data-end=\"1666\">En el Colegio Francia formamos estudiantes completos, creativos y comprometidos con su entorno, capaces de integrar el arte, el deporte y la cultura en su desarrollo personal y acad\u00e9mico.<\/strong><\/p>\n<p>&nbsp;<\/p>\n<p>[\/et_pb_text][\/et_pb_column][et_pb_column type=&#8221;1_3&#8243; _builder_version=&#8221;4.16&#8243; z_index=&#8221;10&#8243; custom_padding=&#8221;|||&#8221; global_colors_info=&#8221;{}&#8221; custom_padding__hover=&#8221;|||&#8221;][et_pb_blog fullwidth=&#8221;off&#8221; posts_number=&#8221;2&#8243; include_categories=&#8221;5&#8243; show_more=&#8221;on&#8221; show_author=&#8221;off&#8221; _builder_version=&#8221;4.16&#8243; pagination_font=&#8221;||||||||&#8221; border_radii=&#8221;on|15px|15px|15px|15px&#8221; border_radii_image=&#8221;||||&#8221; box_shadow_style=&#8221;preset1&#8243; global_colors_info=&#8221;{}&#8221;][\/et_pb_blog][\/et_pb_column][\/et_pb_row][\/et_pb_section]<\/p>\n","protected":false},"excerpt":{"rendered":"<p>Materias Electivas 2025-2026 Como parte integral del pensum acad\u00e9mico de Primaria y Media General, el Colegio Francia ofrece una variada selecci\u00f3n de materias electivas dise\u00f1adas para complementar la formaci\u00f3n integral de nuestros estudiantes. Estas actividades forman parte del horario regular de clases y no tienen costo adicional, reafirmando nuestro compromiso con una educaci\u00f3n que promueve [&hellip;]<\/p>\n","protected":false},"author":5,"featured_media":239934,"parent":236351,"menu_order":0,"comment_status":"closed","ping_status":"closed","template":"","meta":{"_et_pb_use_builder":"on","_et_pb_old_content":"","_et_gb_content_width":"","_monsterinsights_skip_tracking":false,"_monsterinsights_sitenote_active":false,"_monsterinsights_sitenote_note":"","_monsterinsights_sitenote_category":0,"footnotes":""},"class_list":["post-239929","page","type-page","status-publish","has-post-thumbnail","hentry"],"yoast_head":"<!-- This site is optimized with the Yoast SEO plugin v27.3 - https:\/\/yoast.com\/product\/yoast-seo-wordpress\/ -->\n<title>Materias electivas - COLEGIO FRANCIA<\/title>\n<meta name=\"robots\" content=\"index, follow, max-snippet:-1, max-image-preview:large, max-video-preview:-1\" \/>\n<link rel=\"canonical\" href=\"https:\/\/cfcaracas.org\/sv\/vida-en-el-colegio\/coordinacion-de-primaria\/materias-electivas-2025-2026\/\" \/>\n<meta property=\"og:locale\" content=\"en_US\" \/>\n<meta property=\"og:type\" content=\"article\" \/>\n<meta property=\"og:title\" content=\"Materias electivas - COLEGIO FRANCIA\" \/>\n<meta property=\"og:description\" content=\"Materias Electivas 2025-2026 Como parte integral del pensum acad\u00e9mico de Primaria y Media General, el Colegio Francia ofrece una variada selecci\u00f3n de materias electivas dise\u00f1adas para complementar la formaci\u00f3n integral de nuestros estudiantes. Estas actividades forman parte del horario regular de clases y no tienen costo adicional, reafirmando nuestro compromiso con una educaci\u00f3n que promueve [&hellip;]\" \/>\n<meta property=\"og:url\" content=\"https:\/\/cfcaracas.org\/sv\/vida-en-el-colegio\/coordinacion-de-primaria\/materias-electivas-2025-2026\/\" \/>\n<meta property=\"og:site_name\" content=\"COLEGIO FRANCIA\" \/>\n<meta property=\"article:modified_time\" content=\"2025-10-10T15:34:06+00:00\" \/>\n<meta property=\"og:image\" content=\"https:\/\/cfcaracas.org\/sv\/wp-content\/uploads\/WEB_FotoNotElectivas-1024x614.png\" \/>\n\t<meta property=\"og:image:width\" content=\"1024\" \/>\n\t<meta property=\"og:image:height\" content=\"614\" \/>\n\t<meta property=\"og:image:type\" content=\"image\/png\" \/>\n<meta name=\"twitter:card\" content=\"summary_large_image\" \/>\n<meta name=\"twitter:label1\" content=\"Est. reading time\" \/>\n\t<meta name=\"twitter:data1\" content=\"3 minutes\" \/>\n<script type=\"application\/ld+json\" class=\"yoast-schema-graph\">{\"@context\":\"https:\\\/\\\/schema.org\",\"@graph\":[{\"@type\":\"WebPage\",\"@id\":\"https:\\\/\\\/cfcaracas.org\\\/sv\\\/vida-en-el-colegio\\\/coordinacion-de-primaria\\\/materias-electivas-2025-2026\\\/\",\"url\":\"https:\\\/\\\/cfcaracas.org\\\/sv\\\/vida-en-el-colegio\\\/coordinacion-de-primaria\\\/materias-electivas-2025-2026\\\/\",\"name\":\"Materias electivas - COLEGIO FRANCIA\",\"isPartOf\":{\"@id\":\"https:\\\/\\\/cfcaracas.org\\\/sv\\\/#website\"},\"primaryImageOfPage\":{\"@id\":\"https:\\\/\\\/cfcaracas.org\\\/sv\\\/vida-en-el-colegio\\\/coordinacion-de-primaria\\\/materias-electivas-2025-2026\\\/#primaryimage\"},\"image\":{\"@id\":\"https:\\\/\\\/cfcaracas.org\\\/sv\\\/vida-en-el-colegio\\\/coordinacion-de-primaria\\\/materias-electivas-2025-2026\\\/#primaryimage\"},\"thumbnailUrl\":\"https:\\\/\\\/cfcaracas.org\\\/sv\\\/wp-content\\\/uploads\\\/WEB_FotoNotElectivas.png\",\"datePublished\":\"2025-10-10T14:49:26+00:00\",\"dateModified\":\"2025-10-10T15:34:06+00:00\",\"breadcrumb\":{\"@id\":\"https:\\\/\\\/cfcaracas.org\\\/sv\\\/vida-en-el-colegio\\\/coordinacion-de-primaria\\\/materias-electivas-2025-2026\\\/#breadcrumb\"},\"inLanguage\":\"en-US\",\"potentialAction\":[{\"@type\":\"ReadAction\",\"target\":[\"https:\\\/\\\/cfcaracas.org\\\/sv\\\/vida-en-el-colegio\\\/coordinacion-de-primaria\\\/materias-electivas-2025-2026\\\/\"]}]},{\"@type\":\"ImageObject\",\"inLanguage\":\"en-US\",\"@id\":\"https:\\\/\\\/cfcaracas.org\\\/sv\\\/vida-en-el-colegio\\\/coordinacion-de-primaria\\\/materias-electivas-2025-2026\\\/#primaryimage\",\"url\":\"https:\\\/\\\/cfcaracas.org\\\/sv\\\/wp-content\\\/uploads\\\/WEB_FotoNotElectivas.png\",\"contentUrl\":\"https:\\\/\\\/cfcaracas.org\\\/sv\\\/wp-content\\\/uploads\\\/WEB_FotoNotElectivas.png\",\"width\":1668,\"height\":1000},{\"@type\":\"BreadcrumbList\",\"@id\":\"https:\\\/\\\/cfcaracas.org\\\/sv\\\/vida-en-el-colegio\\\/coordinacion-de-primaria\\\/materias-electivas-2025-2026\\\/#breadcrumb\",\"itemListElement\":[{\"@type\":\"ListItem\",\"position\":1,\"name\":\"Home\",\"item\":\"https:\\\/\\\/cfcaracas.org\\\/sv\\\/\"},{\"@type\":\"ListItem\",\"position\":2,\"name\":\"VIDA EN EL COLEGIO\",\"item\":\"https:\\\/\\\/cfcaracas.org\\\/sv\\\/vida-en-el-colegio\\\/\"},{\"@type\":\"ListItem\",\"position\":3,\"name\":\"Coordinaci\u00f3n de Primaria\",\"item\":\"https:\\\/\\\/cfcaracas.org\\\/sv\\\/vida-en-el-colegio\\\/coordinacion-de-primaria\\\/\"},{\"@type\":\"ListItem\",\"position\":4,\"name\":\"Materias electivas\"}]},{\"@type\":\"WebSite\",\"@id\":\"https:\\\/\\\/cfcaracas.org\\\/sv\\\/#website\",\"url\":\"https:\\\/\\\/cfcaracas.org\\\/sv\\\/\",\"name\":\"COLEGIO FRANCIA\",\"description\":\"Colegio Francia, algo m\u00e1s que un colegio\",\"publisher\":{\"@id\":\"https:\\\/\\\/cfcaracas.org\\\/sv\\\/#organization\"},\"potentialAction\":[{\"@type\":\"SearchAction\",\"target\":{\"@type\":\"EntryPoint\",\"urlTemplate\":\"https:\\\/\\\/cfcaracas.org\\\/sv\\\/?s={search_term_string}\"},\"query-input\":{\"@type\":\"PropertyValueSpecification\",\"valueRequired\":true,\"valueName\":\"search_term_string\"}}],\"inLanguage\":\"en-US\"},{\"@type\":\"Organization\",\"@id\":\"https:\\\/\\\/cfcaracas.org\\\/sv\\\/#organization\",\"name\":\"U.E. Colegio Francia de Caracas\",\"url\":\"https:\\\/\\\/cfcaracas.org\\\/sv\\\/\",\"logo\":{\"@type\":\"ImageObject\",\"inLanguage\":\"en-US\",\"@id\":\"https:\\\/\\\/cfcaracas.org\\\/sv\\\/#\\\/schema\\\/logo\\\/image\\\/\",\"url\":\"https:\\\/\\\/cfcaracas.org\\\/sv\\\/wp-content\\\/uploads\\\/LOGO-COLEGIO-FRANCIA-01.png\",\"contentUrl\":\"https:\\\/\\\/cfcaracas.org\\\/sv\\\/wp-content\\\/uploads\\\/LOGO-COLEGIO-FRANCIA-01.png\",\"width\":851,\"height\":1135,\"caption\":\"U.E. Colegio Francia de Caracas\"},\"image\":{\"@id\":\"https:\\\/\\\/cfcaracas.org\\\/sv\\\/#\\\/schema\\\/logo\\\/image\\\/\"}}]}<\/script>\n<!-- \/ Yoast SEO plugin. -->","yoast_head_json":{"title":"Materias electivas - COLEGIO FRANCIA","robots":{"index":"index","follow":"follow","max-snippet":"max-snippet:-1","max-image-preview":"max-image-preview:large","max-video-preview":"max-video-preview:-1"},"canonical":"https:\/\/cfcaracas.org\/sv\/vida-en-el-colegio\/coordinacion-de-primaria\/materias-electivas-2025-2026\/","og_locale":"en_US","og_type":"article","og_title":"Materias electivas - COLEGIO FRANCIA","og_description":"Materias Electivas 2025-2026 Como parte integral del pensum acad\u00e9mico de Primaria y Media General, el Colegio Francia ofrece una variada selecci\u00f3n de materias electivas dise\u00f1adas para complementar la formaci\u00f3n integral de nuestros estudiantes. Estas actividades forman parte del horario regular de clases y no tienen costo adicional, reafirmando nuestro compromiso con una educaci\u00f3n que promueve [&hellip;]","og_url":"https:\/\/cfcaracas.org\/sv\/vida-en-el-colegio\/coordinacion-de-primaria\/materias-electivas-2025-2026\/","og_site_name":"COLEGIO FRANCIA","article_modified_time":"2025-10-10T15:34:06+00:00","og_image":[{"width":1024,"height":614,"url":"https:\/\/cfcaracas.org\/sv\/wp-content\/uploads\/WEB_FotoNotElectivas-1024x614.png","type":"image\/png"}],"twitter_card":"summary_large_image","twitter_misc":{"Est. reading time":"3 minutes"},"schema":{"@context":"https:\/\/schema.org","@graph":[{"@type":"WebPage","@id":"https:\/\/cfcaracas.org\/sv\/vida-en-el-colegio\/coordinacion-de-primaria\/materias-electivas-2025-2026\/","url":"https:\/\/cfcaracas.org\/sv\/vida-en-el-colegio\/coordinacion-de-primaria\/materias-electivas-2025-2026\/","name":"Materias electivas - COLEGIO FRANCIA","isPartOf":{"@id":"https:\/\/cfcaracas.org\/sv\/#website"},"primaryImageOfPage":{"@id":"https:\/\/cfcaracas.org\/sv\/vida-en-el-colegio\/coordinacion-de-primaria\/materias-electivas-2025-2026\/#primaryimage"},"image":{"@id":"https:\/\/cfcaracas.org\/sv\/vida-en-el-colegio\/coordinacion-de-primaria\/materias-electivas-2025-2026\/#primaryimage"},"thumbnailUrl":"https:\/\/cfcaracas.org\/sv\/wp-content\/uploads\/WEB_FotoNotElectivas.png","datePublished":"2025-10-10T14:49:26+00:00","dateModified":"2025-10-10T15:34:06+00:00","breadcrumb":{"@id":"https:\/\/cfcaracas.org\/sv\/vida-en-el-colegio\/coordinacion-de-primaria\/materias-electivas-2025-2026\/#breadcrumb"},"inLanguage":"en-US","potentialAction":[{"@type":"ReadAction","target":["https:\/\/cfcaracas.org\/sv\/vida-en-el-colegio\/coordinacion-de-primaria\/materias-electivas-2025-2026\/"]}]},{"@type":"ImageObject","inLanguage":"en-US","@id":"https:\/\/cfcaracas.org\/sv\/vida-en-el-colegio\/coordinacion-de-primaria\/materias-electivas-2025-2026\/#primaryimage","url":"https:\/\/cfcaracas.org\/sv\/wp-content\/uploads\/WEB_FotoNotElectivas.png","contentUrl":"https:\/\/cfcaracas.org\/sv\/wp-content\/uploads\/WEB_FotoNotElectivas.png","width":1668,"height":1000},{"@type":"BreadcrumbList","@id":"https:\/\/cfcaracas.org\/sv\/vida-en-el-colegio\/coordinacion-de-primaria\/materias-electivas-2025-2026\/#breadcrumb","itemListElement":[{"@type":"ListItem","position":1,"name":"Home","item":"https:\/\/cfcaracas.org\/sv\/"},{"@type":"ListItem","position":2,"name":"VIDA EN EL COLEGIO","item":"https:\/\/cfcaracas.org\/sv\/vida-en-el-colegio\/"},{"@type":"ListItem","position":3,"name":"Coordinaci\u00f3n de Primaria","item":"https:\/\/cfcaracas.org\/sv\/vida-en-el-colegio\/coordinacion-de-primaria\/"},{"@type":"ListItem","position":4,"name":"Materias electivas"}]},{"@type":"WebSite","@id":"https:\/\/cfcaracas.org\/sv\/#website","url":"https:\/\/cfcaracas.org\/sv\/","name":"COLEGIO FRANCIA","description":"Colegio Francia, algo m\u00e1s que un colegio","publisher":{"@id":"https:\/\/cfcaracas.org\/sv\/#organization"},"potentialAction":[{"@type":"SearchAction","target":{"@type":"EntryPoint","urlTemplate":"https:\/\/cfcaracas.org\/sv\/?s={search_term_string}"},"query-input":{"@type":"PropertyValueSpecification","valueRequired":true,"valueName":"search_term_string"}}],"inLanguage":"en-US"},{"@type":"Organization","@id":"https:\/\/cfcaracas.org\/sv\/#organization","name":"U.E. Colegio Francia de Caracas","url":"https:\/\/cfcaracas.org\/sv\/","logo":{"@type":"ImageObject","inLanguage":"en-US","@id":"https:\/\/cfcaracas.org\/sv\/#\/schema\/logo\/image\/","url":"https:\/\/cfcaracas.org\/sv\/wp-content\/uploads\/LOGO-COLEGIO-FRANCIA-01.png","contentUrl":"https:\/\/cfcaracas.org\/sv\/wp-content\/uploads\/LOGO-COLEGIO-FRANCIA-01.png","width":851,"height":1135,"caption":"U.E. Colegio Francia de Caracas"},"image":{"@id":"https:\/\/cfcaracas.org\/sv\/#\/schema\/logo\/image\/"}}]}},"_links":{"self":[{"href":"https:\/\/cfcaracas.org\/sv\/wp-json\/wp\/v2\/pages\/239929","targetHints":{"allow":["GET"]}}],"collection":[{"href":"https:\/\/cfcaracas.org\/sv\/wp-json\/wp\/v2\/pages"}],"about":[{"href":"https:\/\/cfcaracas.org\/sv\/wp-json\/wp\/v2\/types\/page"}],"author":[{"embeddable":true,"href":"https:\/\/cfcaracas.org\/sv\/wp-json\/wp\/v2\/users\/5"}],"replies":[{"embeddable":true,"href":"https:\/\/cfcaracas.org\/sv\/wp-json\/wp\/v2\/comments?post=239929"}],"version-history":[{"count":6,"href":"https:\/\/cfcaracas.org\/sv\/wp-json\/wp\/v2\/pages\/239929\/revisions"}],"predecessor-version":[{"id":239941,"href":"https:\/\/cfcaracas.org\/sv\/wp-json\/wp\/v2\/pages\/239929\/revisions\/239941"}],"up":[{"embeddable":true,"href":"https:\/\/cfcaracas.org\/sv\/wp-json\/wp\/v2\/pages\/236351"}],"wp:featuredmedia":[{"embeddable":true,"href":"https:\/\/cfcaracas.org\/sv\/wp-json\/wp\/v2\/media\/239934"}],"wp:attachment":[{"href":"https:\/\/cfcaracas.org\/sv\/wp-json\/wp\/v2\/media?parent=239929"}],"curies":[{"name":"wp","href":"https:\/\/api.w.org\/{rel}","templated":true}]}}