{"id":240897,"date":"2026-05-04T15:44:49","date_gmt":"2026-05-04T19:44:49","guid":{"rendered":"https:\/\/cfcaracas.org\/sv\/?page_id=240897"},"modified":"2026-05-04T15:45:33","modified_gmt":"2026-05-04T19:45:33","slug":"nuestros-egresados","status":"publish","type":"page","link":"https:\/\/cfcaracas.org\/sv\/vida-en-el-colegio\/nuestros-egresados\/","title":{"rendered":"Nuestros egresados"},"content":{"rendered":"<p>[et_pb_section fb_built=&#8221;1&#8243; _builder_version=&#8221;4.16&#8243; background_color=&#8221;#e9eff3&#8243; background_image=&#8221;https:\/\/cfcaracas.org\/sv\/wp-content\/uploads\/shapes-bg-color.png&#8221; parallax=&#8221;on&#8221; custom_padding=&#8221;27px||0px|||&#8221; bottom_divider_color=&#8221;#065b99&#8243; global_colors_info=&#8221;{}&#8221;][et_pb_row _builder_version=&#8221;4.16&#8243; custom_padding=&#8221;0px||0px|||&#8221; global_colors_info=&#8221;{}&#8221;][et_pb_column type=&#8221;4_4&#8243; _builder_version=&#8221;4.16&#8243; global_colors_info=&#8221;{}&#8221;][et_pb_dmb_breadcrumbs font_icon=&#8221;&#xe04a;||divi||400&#8243; home_icon=&#8221;&#xe074;||divi||400&#8243; use_home_text=&#8221;on&#8221; home_text=&#8221;Inicio&#8221; _builder_version=&#8221;4.16&#8243; body_font=&#8221;|600|||||||&#8221; separator_text_color=&#8221;#0c71c3&#8243; global_colors_info=&#8221;{}&#8221;][\/et_pb_dmb_breadcrumbs][\/et_pb_column][\/et_pb_row][et_pb_row column_structure=&#8221;2_3,1_3&#8243; _builder_version=&#8221;4.16&#8243; global_colors_info=&#8221;{}&#8221;][et_pb_column type=&#8221;2_3&#8243; _builder_version=&#8221;4.16&#8243; background_color=&#8221;#ffffff&#8221; custom_padding=&#8221;25px|25px|25px|25px|true|true&#8221; border_radii=&#8221;on|16px|16px|16px|16px&#8221; box_shadow_style=&#8221;preset2&#8243; global_colors_info=&#8221;{}&#8221; custom_padding__hover=&#8221;|||&#8221;][et_pb_image src=&#8221;https:\/\/cfcaracas.org\/sv\/wp-content\/uploads\/Documentos.jpg&#8221; title_text=&#8221;Documentos&#8221; force_fullwidth=&#8221;on&#8221; _builder_version=&#8221;4.22.2&#8243; global_colors_info=&#8221;{}&#8221;][\/et_pb_image][et_pb_text _builder_version=&#8221;4.27.6&#8243; hover_enabled=&#8221;0&#8243; global_colors_info=&#8221;{}&#8221; sticky_enabled=&#8221;0&#8243;]<\/p>\n<h1>5to A\u00f1o A<\/h1>\n<p>AGUIRRE LANDER, RODOLFO JAVIER<br \/>AMBARD RODR\u00cdGUEZ, VALENTINA SOPHIA<br \/>BAUTE DOUAIHY, JUAN MIGUEL<br \/>CABELLO ARREAZA,SARAH ANELIS<br \/>CHAC\u00d3N ZERPA, CESAR DANIEL<br \/>DIAZ PEREIRA, ISABELLA DI ANGELYS<br \/>LE\u00d3N MATERAN, ENMANUEL JOS\u00c9<br \/>MARCANO GARC\u00cdA, SAMIN KENNEDY<br \/>MILLAN RODR\u00cdGUEZ, SAMUEL LEONARDO<br \/>MONTILLA CASTILLO, SOPHIA VALENTINA<br \/>N\u00da\u00d1EZ FELIGUEIRA, JEAN LOUIS PHILIPPE<br \/>OLMOS TER\u00c1N, MARLON JAVIER<br \/>P\u00c9REZ MART\u00cdNEZ, STEVEN ANDR\u00c9S<br \/>P\u00c9REZ RODR\u00cdGUEZ, \u00c1NGEL ANDR\u00c9S<br \/>REVERON CH\u00c1VEZ, MAURICIO ANDR\u00c9S<br \/>RODR\u00cdGUEZ HERN\u00c1NDEZ, MAR\u00cdA FERNANDA<br \/>RUIZ FEBRES, ALEJANDRO ARTURO<br \/>URDANETA SUAREZ, MAR\u00cdA FERNANDA<\/p>\n<p>[\/et_pb_text][et_pb_text _builder_version=&#8221;4.27.6&#8243; hover_enabled=&#8221;0&#8243; global_colors_info=&#8221;{}&#8221; sticky_enabled=&#8221;0&#8243;]<\/p>\n<h1>5to A\u00f1o B<\/h1>\n<p>BOL\u00cdVAR HURTADO, IVAN ANDR\u00c9S<br \/>BRAVO HERN\u00c1NDEZ,MAR\u00cdA FERNANDA <br \/>CABALLERO RIVAS, JOS\u00c9 ENRIQUE<br \/>CARDONA HERN\u00c1NDEZ, SANTIAGO ANDR\u00c9S<br \/>CASTRO GONZ\u00c1LEZ, THELMA CAMILA<br \/>COLUCCI M\u00c1RQUEZ, JAVIER ALEJANDRO<br \/>DECANIO CANNATA, MAURIZIO<br \/>GONZ\u00c1LEZ BABIC, SIM\u00d3N<br \/>HERRERA HENRIQUEZ, ANDREA ALESSANDRA<br \/>IBRAHIM EL NISR, MARWAN AIMAN<br \/>IZAGUIRRE BRANCHI, EUGENIA VALENTINA<br \/>LAREZ PORRAS, JUAN PABLO<br \/>MACK ALI, GABRIEL ANDR\u00c9S<br \/>MARCANO GARC\u00cdA, SALOM\u00d3N KENNEDY<br \/>M\u00c1RQUEZ MU\u00d1OZ, ANDR\u00c9S VICENTE<br \/>PE\u00d1A MILANO, CAMILA<br \/>PERAZA ORDAZ, MIRANDA SOFIA<br \/>RIVERO ROND\u00d3N, LEANDRO SA\u00daL<br \/>RODR\u00cdGUEZ GONZ\u00c1LEZ, SALVADOR ALEJANDRO<br \/>SERGIO P\u00c9REZ, \u00c1NGEL ANDR\u00c9S <br \/>SOUSA MONTILVA, VALERIA INES<br \/>ZANELLA SILVA, ZOE NAZARET<\/p>\n<p>[\/et_pb_text][\/et_pb_column][et_pb_column type=&#8221;1_3&#8243; _builder_version=&#8221;4.16&#8243; z_index=&#8221;10&#8243; custom_padding=&#8221;|||&#8221; global_colors_info=&#8221;{}&#8221; custom_padding__hover=&#8221;|||&#8221;][et_pb_blog fullwidth=&#8221;off&#8221; posts_number=&#8221;2&#8243; include_categories=&#8221;5,27&#8243; show_more=&#8221;on&#8221; show_author=&#8221;off&#8221; _builder_version=&#8221;4.16&#8243; pagination_font=&#8221;||||||||&#8221; border_radii=&#8221;on|15px|15px|15px|15px&#8221; border_radii_image=&#8221;||||&#8221; box_shadow_style=&#8221;preset1&#8243; global_colors_info=&#8221;{}&#8221;][\/et_pb_blog][\/et_pb_column][\/et_pb_row][\/et_pb_section]<\/p>\n","protected":false},"excerpt":{"rendered":"<p>5to A\u00f1o A AGUIRRE LANDER, RODOLFO JAVIERAMBARD RODR\u00cdGUEZ, VALENTINA SOPHIABAUTE DOUAIHY, JUAN MIGUELCABELLO ARREAZA,SARAH ANELISCHAC\u00d3N ZERPA, CESAR DANIELDIAZ PEREIRA, ISABELLA DI ANGELYSLE\u00d3N MATERAN, ENMANUEL JOS\u00c9MARCANO GARC\u00cdA, SAMIN KENNEDYMILLAN RODR\u00cdGUEZ, SAMUEL LEONARDOMONTILLA CASTILLO, SOPHIA VALENTINAN\u00da\u00d1EZ FELIGUEIRA, JEAN LOUIS PHILIPPEOLMOS TER\u00c1N, MARLON JAVIERP\u00c9REZ MART\u00cdNEZ, STEVEN ANDR\u00c9SP\u00c9REZ RODR\u00cdGUEZ, \u00c1NGEL ANDR\u00c9SREVERON CH\u00c1VEZ, MAURICIO ANDR\u00c9SRODR\u00cdGUEZ HERN\u00c1NDEZ, MAR\u00cdA FERNANDARUIZ FEBRES, ALEJANDRO [&hellip;]<\/p>\n","protected":false},"author":5,"featured_media":0,"parent":228536,"menu_order":0,"comment_status":"closed","ping_status":"closed","template":"","meta":{"_et_pb_use_builder":"on","_et_pb_old_content":"<!-- wp:divi\/placeholder \/-->","_et_gb_content_width":"","_monsterinsights_skip_tracking":false,"_monsterinsights_sitenote_active":false,"_monsterinsights_sitenote_note":"","_monsterinsights_sitenote_category":0,"footnotes":""},"class_list":["post-240897","page","type-page","status-publish","hentry"],"yoast_head":"<!-- This site is optimized with the Yoast SEO plugin v27.5 - https:\/\/yoast.com\/product\/yoast-seo-wordpress\/ -->\n<title>Nuestros egresados - COLEGIO FRANCIA<\/title>\n<meta name=\"robots\" content=\"index, follow, max-snippet:-1, max-image-preview:large, max-video-preview:-1\" \/>\n<link rel=\"canonical\" href=\"https:\/\/cfcaracas.org\/sv\/vida-en-el-colegio\/nuestros-egresados\/\" \/>\n<meta property=\"og:locale\" content=\"en_US\" \/>\n<meta property=\"og:type\" content=\"article\" \/>\n<meta property=\"og:title\" content=\"Nuestros egresados - COLEGIO FRANCIA\" \/>\n<meta property=\"og:description\" content=\"5to A\u00f1o A AGUIRRE LANDER, RODOLFO JAVIERAMBARD RODR\u00cdGUEZ, VALENTINA SOPHIABAUTE DOUAIHY, JUAN MIGUELCABELLO ARREAZA,SARAH ANELISCHAC\u00d3N ZERPA, CESAR DANIELDIAZ PEREIRA, ISABELLA DI ANGELYSLE\u00d3N MATERAN, ENMANUEL JOS\u00c9MARCANO GARC\u00cdA, SAMIN KENNEDYMILLAN RODR\u00cdGUEZ, SAMUEL LEONARDOMONTILLA CASTILLO, SOPHIA VALENTINAN\u00da\u00d1EZ FELIGUEIRA, JEAN LOUIS PHILIPPEOLMOS TER\u00c1N, MARLON JAVIERP\u00c9REZ MART\u00cdNEZ, STEVEN ANDR\u00c9SP\u00c9REZ RODR\u00cdGUEZ, \u00c1NGEL ANDR\u00c9SREVERON CH\u00c1VEZ, MAURICIO ANDR\u00c9SRODR\u00cdGUEZ HERN\u00c1NDEZ, MAR\u00cdA FERNANDARUIZ FEBRES, ALEJANDRO [&hellip;]\" \/>\n<meta property=\"og:url\" content=\"https:\/\/cfcaracas.org\/sv\/vida-en-el-colegio\/nuestros-egresados\/\" \/>\n<meta property=\"og:site_name\" content=\"COLEGIO FRANCIA\" \/>\n<meta property=\"article:modified_time\" content=\"2026-05-04T19:45:33+00:00\" \/>\n<meta name=\"twitter:card\" content=\"summary_large_image\" \/>\n<meta name=\"twitter:label1\" content=\"Est. reading time\" \/>\n\t<meta name=\"twitter:data1\" content=\"2 minutes\" \/>\n<script type=\"application\/ld+json\" class=\"yoast-schema-graph\">{\"@context\":\"https:\\\/\\\/schema.org\",\"@graph\":[{\"@type\":\"WebPage\",\"@id\":\"https:\\\/\\\/cfcaracas.org\\\/sv\\\/vida-en-el-colegio\\\/nuestros-egresados\\\/\",\"url\":\"https:\\\/\\\/cfcaracas.org\\\/sv\\\/vida-en-el-colegio\\\/nuestros-egresados\\\/\",\"name\":\"Nuestros egresados - COLEGIO FRANCIA\",\"isPartOf\":{\"@id\":\"https:\\\/\\\/cfcaracas.org\\\/sv\\\/#website\"},\"datePublished\":\"2026-05-04T19:44:49+00:00\",\"dateModified\":\"2026-05-04T19:45:33+00:00\",\"breadcrumb\":{\"@id\":\"https:\\\/\\\/cfcaracas.org\\\/sv\\\/vida-en-el-colegio\\\/nuestros-egresados\\\/#breadcrumb\"},\"inLanguage\":\"en-US\",\"potentialAction\":[{\"@type\":\"ReadAction\",\"target\":[\"https:\\\/\\\/cfcaracas.org\\\/sv\\\/vida-en-el-colegio\\\/nuestros-egresados\\\/\"]}]},{\"@type\":\"BreadcrumbList\",\"@id\":\"https:\\\/\\\/cfcaracas.org\\\/sv\\\/vida-en-el-colegio\\\/nuestros-egresados\\\/#breadcrumb\",\"itemListElement\":[{\"@type\":\"ListItem\",\"position\":1,\"name\":\"Home\",\"item\":\"https:\\\/\\\/cfcaracas.org\\\/sv\\\/\"},{\"@type\":\"ListItem\",\"position\":2,\"name\":\"VIDA EN EL COLEGIO\",\"item\":\"https:\\\/\\\/cfcaracas.org\\\/sv\\\/vida-en-el-colegio\\\/\"},{\"@type\":\"ListItem\",\"position\":3,\"name\":\"Nuestros egresados\"}]},{\"@type\":\"WebSite\",\"@id\":\"https:\\\/\\\/cfcaracas.org\\\/sv\\\/#website\",\"url\":\"https:\\\/\\\/cfcaracas.org\\\/sv\\\/\",\"name\":\"COLEGIO FRANCIA\",\"description\":\"Colegio Francia, algo m\u00e1s que un colegio\",\"publisher\":{\"@id\":\"https:\\\/\\\/cfcaracas.org\\\/sv\\\/#organization\"},\"potentialAction\":[{\"@type\":\"SearchAction\",\"target\":{\"@type\":\"EntryPoint\",\"urlTemplate\":\"https:\\\/\\\/cfcaracas.org\\\/sv\\\/?s={search_term_string}\"},\"query-input\":{\"@type\":\"PropertyValueSpecification\",\"valueRequired\":true,\"valueName\":\"search_term_string\"}}],\"inLanguage\":\"en-US\"},{\"@type\":\"Organization\",\"@id\":\"https:\\\/\\\/cfcaracas.org\\\/sv\\\/#organization\",\"name\":\"U.E. Colegio Francia de Caracas\",\"url\":\"https:\\\/\\\/cfcaracas.org\\\/sv\\\/\",\"logo\":{\"@type\":\"ImageObject\",\"inLanguage\":\"en-US\",\"@id\":\"https:\\\/\\\/cfcaracas.org\\\/sv\\\/#\\\/schema\\\/logo\\\/image\\\/\",\"url\":\"https:\\\/\\\/cfcaracas.org\\\/sv\\\/wp-content\\\/uploads\\\/LOGO-COLEGIO-FRANCIA-01.png\",\"contentUrl\":\"https:\\\/\\\/cfcaracas.org\\\/sv\\\/wp-content\\\/uploads\\\/LOGO-COLEGIO-FRANCIA-01.png\",\"width\":851,\"height\":1135,\"caption\":\"U.E. Colegio Francia de Caracas\"},\"image\":{\"@id\":\"https:\\\/\\\/cfcaracas.org\\\/sv\\\/#\\\/schema\\\/logo\\\/image\\\/\"}}]}<\/script>\n<!-- \/ Yoast SEO plugin. -->","yoast_head_json":{"title":"Nuestros egresados - COLEGIO FRANCIA","robots":{"index":"index","follow":"follow","max-snippet":"max-snippet:-1","max-image-preview":"max-image-preview:large","max-video-preview":"max-video-preview:-1"},"canonical":"https:\/\/cfcaracas.org\/sv\/vida-en-el-colegio\/nuestros-egresados\/","og_locale":"en_US","og_type":"article","og_title":"Nuestros egresados - COLEGIO FRANCIA","og_description":"5to A\u00f1o A AGUIRRE LANDER, RODOLFO JAVIERAMBARD RODR\u00cdGUEZ, VALENTINA SOPHIABAUTE DOUAIHY, JUAN MIGUELCABELLO ARREAZA,SARAH ANELISCHAC\u00d3N ZERPA, CESAR DANIELDIAZ PEREIRA, ISABELLA DI ANGELYSLE\u00d3N MATERAN, ENMANUEL JOS\u00c9MARCANO GARC\u00cdA, SAMIN KENNEDYMILLAN RODR\u00cdGUEZ, SAMUEL LEONARDOMONTILLA CASTILLO, SOPHIA VALENTINAN\u00da\u00d1EZ FELIGUEIRA, JEAN LOUIS PHILIPPEOLMOS TER\u00c1N, MARLON JAVIERP\u00c9REZ MART\u00cdNEZ, STEVEN ANDR\u00c9SP\u00c9REZ RODR\u00cdGUEZ, \u00c1NGEL ANDR\u00c9SREVERON CH\u00c1VEZ, MAURICIO ANDR\u00c9SRODR\u00cdGUEZ HERN\u00c1NDEZ, MAR\u00cdA FERNANDARUIZ FEBRES, ALEJANDRO [&hellip;]","og_url":"https:\/\/cfcaracas.org\/sv\/vida-en-el-colegio\/nuestros-egresados\/","og_site_name":"COLEGIO FRANCIA","article_modified_time":"2026-05-04T19:45:33+00:00","twitter_card":"summary_large_image","twitter_misc":{"Est. reading time":"2 minutes"},"schema":{"@context":"https:\/\/schema.org","@graph":[{"@type":"WebPage","@id":"https:\/\/cfcaracas.org\/sv\/vida-en-el-colegio\/nuestros-egresados\/","url":"https:\/\/cfcaracas.org\/sv\/vida-en-el-colegio\/nuestros-egresados\/","name":"Nuestros egresados - COLEGIO FRANCIA","isPartOf":{"@id":"https:\/\/cfcaracas.org\/sv\/#website"},"datePublished":"2026-05-04T19:44:49+00:00","dateModified":"2026-05-04T19:45:33+00:00","breadcrumb":{"@id":"https:\/\/cfcaracas.org\/sv\/vida-en-el-colegio\/nuestros-egresados\/#breadcrumb"},"inLanguage":"en-US","potentialAction":[{"@type":"ReadAction","target":["https:\/\/cfcaracas.org\/sv\/vida-en-el-colegio\/nuestros-egresados\/"]}]},{"@type":"BreadcrumbList","@id":"https:\/\/cfcaracas.org\/sv\/vida-en-el-colegio\/nuestros-egresados\/#breadcrumb","itemListElement":[{"@type":"ListItem","position":1,"name":"Home","item":"https:\/\/cfcaracas.org\/sv\/"},{"@type":"ListItem","position":2,"name":"VIDA EN EL COLEGIO","item":"https:\/\/cfcaracas.org\/sv\/vida-en-el-colegio\/"},{"@type":"ListItem","position":3,"name":"Nuestros egresados"}]},{"@type":"WebSite","@id":"https:\/\/cfcaracas.org\/sv\/#website","url":"https:\/\/cfcaracas.org\/sv\/","name":"COLEGIO FRANCIA","description":"Colegio Francia, algo m\u00e1s que un colegio","publisher":{"@id":"https:\/\/cfcaracas.org\/sv\/#organization"},"potentialAction":[{"@type":"SearchAction","target":{"@type":"EntryPoint","urlTemplate":"https:\/\/cfcaracas.org\/sv\/?s={search_term_string}"},"query-input":{"@type":"PropertyValueSpecification","valueRequired":true,"valueName":"search_term_string"}}],"inLanguage":"en-US"},{"@type":"Organization","@id":"https:\/\/cfcaracas.org\/sv\/#organization","name":"U.E. Colegio Francia de Caracas","url":"https:\/\/cfcaracas.org\/sv\/","logo":{"@type":"ImageObject","inLanguage":"en-US","@id":"https:\/\/cfcaracas.org\/sv\/#\/schema\/logo\/image\/","url":"https:\/\/cfcaracas.org\/sv\/wp-content\/uploads\/LOGO-COLEGIO-FRANCIA-01.png","contentUrl":"https:\/\/cfcaracas.org\/sv\/wp-content\/uploads\/LOGO-COLEGIO-FRANCIA-01.png","width":851,"height":1135,"caption":"U.E. Colegio Francia de Caracas"},"image":{"@id":"https:\/\/cfcaracas.org\/sv\/#\/schema\/logo\/image\/"}}]}},"_links":{"self":[{"href":"https:\/\/cfcaracas.org\/sv\/wp-json\/wp\/v2\/pages\/240897","targetHints":{"allow":["GET"]}}],"collection":[{"href":"https:\/\/cfcaracas.org\/sv\/wp-json\/wp\/v2\/pages"}],"about":[{"href":"https:\/\/cfcaracas.org\/sv\/wp-json\/wp\/v2\/types\/page"}],"author":[{"embeddable":true,"href":"https:\/\/cfcaracas.org\/sv\/wp-json\/wp\/v2\/users\/5"}],"replies":[{"embeddable":true,"href":"https:\/\/cfcaracas.org\/sv\/wp-json\/wp\/v2\/comments?post=240897"}],"version-history":[{"count":3,"href":"https:\/\/cfcaracas.org\/sv\/wp-json\/wp\/v2\/pages\/240897\/revisions"}],"predecessor-version":[{"id":240903,"href":"https:\/\/cfcaracas.org\/sv\/wp-json\/wp\/v2\/pages\/240897\/revisions\/240903"}],"up":[{"embeddable":true,"href":"https:\/\/cfcaracas.org\/sv\/wp-json\/wp\/v2\/pages\/228536"}],"wp:attachment":[{"href":"https:\/\/cfcaracas.org\/sv\/wp-json\/wp\/v2\/media?parent=240897"}],"curies":[{"name":"wp","href":"https:\/\/api.w.org\/{rel}","templated":true}]}}