{"id":472,"date":"2019-07-20T17:42:40","date_gmt":"2019-07-20T21:42:40","guid":{"rendered":"http:\/\/cfcaracas.org\/sv\/?page_id=472"},"modified":"2021-03-31T15:57:40","modified_gmt":"2021-03-31T19:57:40","slug":"nuestra-historia","status":"publish","type":"page","link":"https:\/\/cfcaracas.org\/sv\/el-colegio\/nuestra-historia\/","title":{"rendered":"Nuestra Historia"},"content":{"rendered":"<p>[et_pb_section fb_built=&#8221;1&#8243; _builder_version=&#8221;3.26.3&#8243; background_color=&#8221;#e9eff3&#8243; background_image=&#8221;https:\/\/cfcaracas.org\/sv\/wp-content\/uploads\/shapes-bg-color.png&#8221; parallax=&#8221;on&#8221; custom_padding=&#8221;27px||0px|||&#8221; bottom_divider_color=&#8221;#065b99&#8243;][et_pb_row _builder_version=&#8221;3.26&#8243; custom_padding=&#8221;0px||0px|||&#8221;][et_pb_column type=&#8221;4_4&#8243; _builder_version=&#8221;3.26&#8243;][et_pb_dmb_breadcrumbs font_icon=&#8221;%%194%%&#8221; home_icon=&#8221;%%236%%&#8221; use_home_text=&#8221;on&#8221; home_text=&#8221;Inicio&#8221; _builder_version=&#8221;3.26&#8243; body_font=&#8221;|600|||||||&#8221; separator_text_color=&#8221;#0c71c3&#8243;][\/et_pb_dmb_breadcrumbs][\/et_pb_column][\/et_pb_row][et_pb_row column_structure=&#8221;2_3,1_3&#8243; _builder_version=&#8221;4.5.6&#8243; _module_preset=&#8221;67fd4c31-058d-408b-9a08-1e05446f832a&#8221;][et_pb_column type=&#8221;2_3&#8243; _builder_version=&#8221;3.27.4&#8243; background_color=&#8221;#ffffff&#8221; custom_padding=&#8221;25px|25px|25px|25px|true|true&#8221; border_radii=&#8221;on|16px|16px|16px|16px&#8221; box_shadow_style=&#8221;preset2&#8243; custom_padding__hover=&#8221;|||&#8221;][et_pb_image src=&#8221;https:\/\/cfcaracas.org\/sv\/wp-content\/uploads\/ColegioFrancia1913.jpg&#8221; alt=&#8221;Colegio Francia en 1955&#8243; title_text=&#8221;Colegio Francia en 1955&#8243; _builder_version=&#8221;4.4.5&#8243;][\/et_pb_image][et_pb_text _builder_version=&#8221;4.4.5&#8243;]Colegio Francia 1955[\/et_pb_text][et_pb_text _builder_version=&#8221;4.9.2&#8243; custom_margin=&#8221;||||false|false&#8221;]<\/p>\n<h1>El Colegio Francia de Caracas<\/h1>\n<p>El Colegio Francia de Caracas es una instituci\u00f3n muy particular y algo compleja en su conformaci\u00f3n. Es regido por una Fundaci\u00f3n sin fines de lucro, quien es su representante legal, el empleador de la mayor\u00eda de su personal y la propietaria del terreno y de sus instalaciones.<\/p>\n<p>Esta Fundaci\u00f3n acoge en su seno dos planteles educativos distintos pero hermanados. Un colegio franc\u00e9s: Le Lyc\u00e9e Fran\u00e7ais de Caracas, adscrito al ministerio franc\u00e9s de Relaciones exteriores y un Colegio venezolano: la Unidad Educativa Privada Colegio Francia, adscrito al ministerio venezolano del poder popular para la Educaci\u00f3n.<\/p>\n<p>Es decir que en las mismas instalaciones conviven dos comunidades con sus identidades pedag\u00f3gicas diferenciadas, pero que comparten adem\u00e1s de las instalaciones y los servicios, los mismos valores, las mismas ambiciones y muchos proyectos pedag\u00f3gicos, deportivos o culturales.<\/p>\n<p>Como saben, la ense\u00f1anza del franc\u00e9s en Venezuela remonta a la \u00e9poca colonial y conoce un afianzamiento importante en el gobierno de Antonio Guzm\u00e1n Blanco, pero no ir\u00e9 tan lejos para contarles de donde viene el Colegio Francia y la Fundaci\u00f3n que lo rige.<\/p>\n<p>En 1903 durante el gobierno de Cipriano Castro, varias familias de franceses residentes y de ilustres venezolanos contactan a una congregaci\u00f3n de religiosos franceses para venir a Venezuela a educar sus hijos. Piden ayuda al entonces embajador de Francia, el cual apoy\u00f3 y contribuy\u00f3 al \u00e9xito de esta iniciativa. Es as\u00ed como llegan a Caracas los llamados padres franceses.<\/p>\n<p>Con los a\u00f1os y con sus altos y bajos se va consolidando un colegio donde se imparte el idioma y la cultura francesa.<\/p>\n<p>En los a\u00f1os 50 se conforma un grupo de personalidades que promueve la consolidaci\u00f3n de un colegio en el que se estudie el franc\u00e9s. Se encuentran entre ellos, el Dr. Enrique Tejera ex ministro de Educaci\u00f3n, el entonces embajador de Francia en Venezuela, el Sr. Pierre Arnal, el ministro plenipotenciario de Venezuela, Sim\u00f3n Planas, el arquitecto Carlos Ra\u00fal Villanueva, los grandes empresarios Lorenzo Mendoza, Guillermo Machado M., Alfredo Boulton, Luis Te\u00f3filo N\u00fa\u00f1ez, Alejandro Pietri, Eloy Anzola Montauban, Luis Gonz\u00e1lez Marturet, Luis Roche etc.<\/p>\n<p>Quiz\u00e1s les suene los nombres de algunos destacados exalumnos, Rafael Vera, Alberto Reyna, Jes\u00fas Sanabria, Andr\u00e9s Sucre, Pierre Sapene, Fernando Paz Castillo, Juan Pablo P\u00e9rez Alfonzo, Cipriano Dom\u00ednguez, Tom\u00e1s Sanabria, Eugenio Mendoza, Arturo Uslar Pietri, Germ\u00e1n Su\u00e1rez Flamerich, Luis Guillermo Villegas Blanco sin olvidar obviamente Dominique de Villepin.<\/p>\n<p>Tenemos entonces en estos a\u00f1os 50 y 60 un Colegio Franc\u00e9s cat\u00f3lico, de varones obviamente, con dos secciones una francesa y una venezolana, que desde 1955 funciona en este mismo lugar en una pradera de Campo Claro.<br \/>En 1962 y desde entonces, el Colegio es oficialmente (para la Iglesia cat\u00f3lica) la sede de la parroquia francesa, ahora llamada parroquia franc\u00f3fona de Caracas.<\/p>\n<p>El Colegio sigue creciendo, acogiendo hijos de franceses residentes en Venezuela, o expatriados que vienen a Venezuela por unos a\u00f1os, pero tambi\u00e9n j\u00f3venes de muchas otras nacionalidades que encuentran en el sistema franc\u00e9s de educaci\u00f3n una opci\u00f3n extraordinaria en casi todos los pa\u00edses del mundo. Los venezolanos no se quedan atr\u00e1s y la comunidad franc\u00f3fila del pa\u00eds no duda en confiar la educaci\u00f3n de sus hijos a nuestra instituci\u00f3n.<\/p>\n<p>En 1973 el colegio Francia recibe mil doscientos alumnos.<\/p>\n<p>En noviembre 1974, se firma un convenio marco entre los gobiernos de Francia y de Venezuela en el que, entre otros, se califica al Colegio como un instrumento esencial de la acci\u00f3n cultural de Francia en Venezuela.<\/p>\n<p>Un a\u00f1o m\u00e1s tarde, en 1975, la congregaci\u00f3n de los hijos de Mar\u00eda Inmaculada (los padres franceses) anuncia que no puede seguir atendiendo el Colegio. Se traspasa el colegio a la asociaci\u00f3n de padres con la condici\u00f3n de que se crea una Fundaci\u00f3n sin fines de lucro para regir el Colegio. Y es as\u00ed como nace la Fundaci\u00f3n Colegio Francia.<\/p>\n<p>En 1983 el Ministerio de Asuntos Exteriores de Francia firma un acuerdo con la Fundaci\u00f3n en el que se establecen las reglas que rigen nuestra relaci\u00f3n. Desde entonces, este convenio se revisa y se actualiza cada cinco a\u00f1os.<br \/>El Colegio se ha consolidado como instituci\u00f3n educativa de referencia en el pa\u00eds, manteniendo un promedio de entre 1.500 y 1.600 alumnos y adquiriendo espacios con la compra de quintas y terrenos aleda\u00f1os.<\/p>\n<p>En 1990, se crea en Francia la Agencia para la Ense\u00f1anza del Franc\u00e9s en el Extranjero (AEFE), para orientar y acompa\u00f1ar los planteles franceses del exterior.<\/p>\n<p>A partir de 1998, la situaci\u00f3n del Colegio ve su ritmo de funcionamiento perturbado. Las empresas francesas y extranjeras se van progresivamente del pa\u00eds, as\u00ed como parte importante de la clase media profesional venezolana cuyos hijos sol\u00edan estudiar en nuestro plantel. Fuertemente asesorada y apoyada por la AEFE, la Fundaci\u00f3n tuvo que enfrentar el tremendo reto de adaptarse, con ahora unos 800 alumnos a la nueva realidad venezolana.<\/p>\n<p>Golpeado ahora por la pandemia, y en medio de vicisitudes e imprevistos, el Colegio ha respondido con prontitud al desaf\u00edo de la ense\u00f1anza en l\u00ednea y con un redimensionamiento de su estructura organizativa.<\/p>\n<p>La firma de la renovaci\u00f3n del Convenio entre el Estado Franc\u00e9s (la AEFE) y la Fundaci\u00f3n Colegio Francia para el per\u00edodo 2020 \u2013 2025, es una prueba indiscutible de la confianza del gobierno de Francia hacia nuestra instituci\u00f3n y de nuestra fe compartida en un futuro prometedor.<\/p>\n<p>Los esfuerzos compartidos de toda la comunidad del plantel y de las instituciones francesas que nos acompa\u00f1an se inscriben en una larga tradici\u00f3n en la que varias generaciones de venezolanos y de franceses han trabajado para lograr nuestra ambici\u00f3n de mantener en Venezuela una ense\u00f1anza de la lengua y de la cultura francesa de excelencia.<\/p>\n<p>[\/et_pb_text][et_pb_image src=&#8221;https:\/\/cfcaracas.org\/sv\/wp-content\/uploads\/Alunos1913.jpg&#8221; alt=&#8221;Classe de 1913&#8243; title_text=&#8221;Classe de 1913&#8243; _builder_version=&#8221;4.4.5&#8243;][\/et_pb_image][et_pb_text _builder_version=&#8221;4.8.1&#8243; custom_margin=&#8221;||||false|false&#8221;]<\/p>\n<h1>Clase de 1913<\/h1>\n<p><strong><span class=\"VIiyi\" jsaction=\"mouseup:BR6jm\" jsname=\"jqKxS\" lang=\"es\"><span jsaction=\"agoMJf:PFBcW;usxOmf:aWLT7;jhKsnd:P7O7bd,F8DmGf;Q4AGo:Gm7gYd,qAKMYb;uFUCPb:pvnm0e,pfE8Hb,PFBcW;f56efd:dJXsye;EnoYf:KNzws,ZJsZZ,JgVSJc;zdMJQc:cCQNKb,ZJsZZ,zchEXc;Ytrrj:JJDvdc;tNR8yc:GeFvjb;oFN6Ye:hij5Wb\" jscontroller=\"Zl5N8\" jsmodel=\"SsMkhd\" jsname=\"txFAF\" class=\"JLqJ4b ChMk0b\" data-language-for-alternatives=\"es\" data-language-to-translate-into=\"fr\" data-phrase-index=\"0\" jsdata=\"uqLsIf;_;$19\"><span jsaction=\"click:qtZ4nf,GFf3ac,tMZCfe; contextmenu:Nqw7Te,QP7LD; mouseout:Nqw7Te; mouseover:qtZ4nf,c2aHje\" jsname=\"W297wb\">En la \u00faltima fila, de izquierda a derecha<\/span><\/span><\/span>:<\/strong> Tacoronte, Germ\u00e1n Suarez Flamerich, Jose Antonio Hedderich, Antonio Dominguez, Jose Domingo S\u00e1nchez, Eugenio Mendoza, Trino Castro, Alberto Plaza Izquierdo, Oswaldo Estelling, Salgado, Arturo Uslar Pietri, Alberto Ayala Bolfil, Espinoza, Enrique Hedderich, Joaquin Crespo, David Besson, Luis Castro, Victor Brito, Hermanos Salgado, Simon Guevara, Oreste Lenzi, Juan Bautista Arteaga Planas.<\/p>\n<p>[\/et_pb_text][\/et_pb_column][et_pb_column type=&#8221;1_3&#8243; _builder_version=&#8221;3.25.2&#8243; z_index=&#8221;10&#8243; custom_padding=&#8221;|||&#8221; custom_padding__hover=&#8221;|||&#8221;][et_pb_blog fullwidth=&#8221;off&#8221; posts_number=&#8221;2&#8243; include_categories=&#8221;5,23&#8243; show_more=&#8221;on&#8221; show_author=&#8221;off&#8221; _builder_version=&#8221;4.7.4&#8243; pagination_font=&#8221;||||||||&#8221; border_radii=&#8221;on|15px|15px|15px|15px&#8221; border_radii_image=&#8221;||||&#8221; box_shadow_style=&#8221;preset1&#8243;][\/et_pb_blog][\/et_pb_column][\/et_pb_row][\/et_pb_section]<\/p>\n","protected":false},"excerpt":{"rendered":"<p>Historia del Colegio Francia<\/p>\n","protected":false},"author":1,"featured_media":0,"parent":228535,"menu_order":0,"comment_status":"closed","ping_status":"closed","template":"","meta":{"_et_pb_use_builder":"on","_et_pb_old_content":"","_et_gb_content_width":"","_monsterinsights_skip_tracking":false,"_monsterinsights_sitenote_active":false,"_monsterinsights_sitenote_note":"","_monsterinsights_sitenote_category":0,"footnotes":""},"class_list":["post-472","page","type-page","status-publish","hentry"],"yoast_head":"<!-- This site is optimized with the Yoast SEO plugin v27.3 - https:\/\/yoast.com\/product\/yoast-seo-wordpress\/ -->\n<title>Nuestra Historia - COLEGIO FRANCIA<\/title>\n<meta name=\"robots\" content=\"index, follow, max-snippet:-1, max-image-preview:large, max-video-preview:-1\" \/>\n<link rel=\"canonical\" href=\"https:\/\/cfcaracas.org\/sv\/el-colegio\/nuestra-historia\/\" \/>\n<meta property=\"og:locale\" content=\"en_US\" \/>\n<meta property=\"og:type\" content=\"article\" \/>\n<meta property=\"og:title\" content=\"Nuestra Historia - COLEGIO FRANCIA\" \/>\n<meta property=\"og:description\" content=\"Historia del Colegio Francia\" \/>\n<meta property=\"og:url\" content=\"https:\/\/cfcaracas.org\/sv\/el-colegio\/nuestra-historia\/\" \/>\n<meta property=\"og:site_name\" content=\"COLEGIO FRANCIA\" \/>\n<meta property=\"article:modified_time\" content=\"2021-03-31T19:57:40+00:00\" \/>\n<meta name=\"twitter:card\" content=\"summary_large_image\" \/>\n<meta name=\"twitter:label1\" content=\"Est. reading time\" \/>\n\t<meta name=\"twitter:data1\" content=\"7 minutes\" \/>\n<script type=\"application\/ld+json\" class=\"yoast-schema-graph\">{\"@context\":\"https:\\\/\\\/schema.org\",\"@graph\":[{\"@type\":\"WebPage\",\"@id\":\"https:\\\/\\\/cfcaracas.org\\\/sv\\\/el-colegio\\\/nuestra-historia\\\/\",\"url\":\"https:\\\/\\\/cfcaracas.org\\\/sv\\\/el-colegio\\\/nuestra-historia\\\/\",\"name\":\"Nuestra Historia - COLEGIO FRANCIA\",\"isPartOf\":{\"@id\":\"https:\\\/\\\/cfcaracas.org\\\/sv\\\/#website\"},\"datePublished\":\"2019-07-20T21:42:40+00:00\",\"dateModified\":\"2021-03-31T19:57:40+00:00\",\"breadcrumb\":{\"@id\":\"https:\\\/\\\/cfcaracas.org\\\/sv\\\/el-colegio\\\/nuestra-historia\\\/#breadcrumb\"},\"inLanguage\":\"en-US\",\"potentialAction\":[{\"@type\":\"ReadAction\",\"target\":[\"https:\\\/\\\/cfcaracas.org\\\/sv\\\/el-colegio\\\/nuestra-historia\\\/\"]}]},{\"@type\":\"BreadcrumbList\",\"@id\":\"https:\\\/\\\/cfcaracas.org\\\/sv\\\/el-colegio\\\/nuestra-historia\\\/#breadcrumb\",\"itemListElement\":[{\"@type\":\"ListItem\",\"position\":1,\"name\":\"Home\",\"item\":\"https:\\\/\\\/cfcaracas.org\\\/sv\\\/\"},{\"@type\":\"ListItem\",\"position\":2,\"name\":\"EL COLEGIO\",\"item\":\"https:\\\/\\\/cfcaracas.org\\\/sv\\\/el-colegio\\\/\"},{\"@type\":\"ListItem\",\"position\":3,\"name\":\"Nuestra Historia\"}]},{\"@type\":\"WebSite\",\"@id\":\"https:\\\/\\\/cfcaracas.org\\\/sv\\\/#website\",\"url\":\"https:\\\/\\\/cfcaracas.org\\\/sv\\\/\",\"name\":\"COLEGIO FRANCIA\",\"description\":\"Colegio Francia, algo m\u00e1s que un colegio\",\"publisher\":{\"@id\":\"https:\\\/\\\/cfcaracas.org\\\/sv\\\/#organization\"},\"potentialAction\":[{\"@type\":\"SearchAction\",\"target\":{\"@type\":\"EntryPoint\",\"urlTemplate\":\"https:\\\/\\\/cfcaracas.org\\\/sv\\\/?s={search_term_string}\"},\"query-input\":{\"@type\":\"PropertyValueSpecification\",\"valueRequired\":true,\"valueName\":\"search_term_string\"}}],\"inLanguage\":\"en-US\"},{\"@type\":\"Organization\",\"@id\":\"https:\\\/\\\/cfcaracas.org\\\/sv\\\/#organization\",\"name\":\"U.E. Colegio Francia de Caracas\",\"url\":\"https:\\\/\\\/cfcaracas.org\\\/sv\\\/\",\"logo\":{\"@type\":\"ImageObject\",\"inLanguage\":\"en-US\",\"@id\":\"https:\\\/\\\/cfcaracas.org\\\/sv\\\/#\\\/schema\\\/logo\\\/image\\\/\",\"url\":\"https:\\\/\\\/cfcaracas.org\\\/sv\\\/wp-content\\\/uploads\\\/LOGO-COLEGIO-FRANCIA-01.png\",\"contentUrl\":\"https:\\\/\\\/cfcaracas.org\\\/sv\\\/wp-content\\\/uploads\\\/LOGO-COLEGIO-FRANCIA-01.png\",\"width\":851,\"height\":1135,\"caption\":\"U.E. Colegio Francia de Caracas\"},\"image\":{\"@id\":\"https:\\\/\\\/cfcaracas.org\\\/sv\\\/#\\\/schema\\\/logo\\\/image\\\/\"}}]}<\/script>\n<!-- \/ Yoast SEO plugin. -->","yoast_head_json":{"title":"Nuestra Historia - COLEGIO FRANCIA","robots":{"index":"index","follow":"follow","max-snippet":"max-snippet:-1","max-image-preview":"max-image-preview:large","max-video-preview":"max-video-preview:-1"},"canonical":"https:\/\/cfcaracas.org\/sv\/el-colegio\/nuestra-historia\/","og_locale":"en_US","og_type":"article","og_title":"Nuestra Historia - COLEGIO FRANCIA","og_description":"Historia del Colegio Francia","og_url":"https:\/\/cfcaracas.org\/sv\/el-colegio\/nuestra-historia\/","og_site_name":"COLEGIO FRANCIA","article_modified_time":"2021-03-31T19:57:40+00:00","twitter_card":"summary_large_image","twitter_misc":{"Est. reading time":"7 minutes"},"schema":{"@context":"https:\/\/schema.org","@graph":[{"@type":"WebPage","@id":"https:\/\/cfcaracas.org\/sv\/el-colegio\/nuestra-historia\/","url":"https:\/\/cfcaracas.org\/sv\/el-colegio\/nuestra-historia\/","name":"Nuestra Historia - COLEGIO FRANCIA","isPartOf":{"@id":"https:\/\/cfcaracas.org\/sv\/#website"},"datePublished":"2019-07-20T21:42:40+00:00","dateModified":"2021-03-31T19:57:40+00:00","breadcrumb":{"@id":"https:\/\/cfcaracas.org\/sv\/el-colegio\/nuestra-historia\/#breadcrumb"},"inLanguage":"en-US","potentialAction":[{"@type":"ReadAction","target":["https:\/\/cfcaracas.org\/sv\/el-colegio\/nuestra-historia\/"]}]},{"@type":"BreadcrumbList","@id":"https:\/\/cfcaracas.org\/sv\/el-colegio\/nuestra-historia\/#breadcrumb","itemListElement":[{"@type":"ListItem","position":1,"name":"Home","item":"https:\/\/cfcaracas.org\/sv\/"},{"@type":"ListItem","position":2,"name":"EL COLEGIO","item":"https:\/\/cfcaracas.org\/sv\/el-colegio\/"},{"@type":"ListItem","position":3,"name":"Nuestra Historia"}]},{"@type":"WebSite","@id":"https:\/\/cfcaracas.org\/sv\/#website","url":"https:\/\/cfcaracas.org\/sv\/","name":"COLEGIO FRANCIA","description":"Colegio Francia, algo m\u00e1s que un colegio","publisher":{"@id":"https:\/\/cfcaracas.org\/sv\/#organization"},"potentialAction":[{"@type":"SearchAction","target":{"@type":"EntryPoint","urlTemplate":"https:\/\/cfcaracas.org\/sv\/?s={search_term_string}"},"query-input":{"@type":"PropertyValueSpecification","valueRequired":true,"valueName":"search_term_string"}}],"inLanguage":"en-US"},{"@type":"Organization","@id":"https:\/\/cfcaracas.org\/sv\/#organization","name":"U.E. Colegio Francia de Caracas","url":"https:\/\/cfcaracas.org\/sv\/","logo":{"@type":"ImageObject","inLanguage":"en-US","@id":"https:\/\/cfcaracas.org\/sv\/#\/schema\/logo\/image\/","url":"https:\/\/cfcaracas.org\/sv\/wp-content\/uploads\/LOGO-COLEGIO-FRANCIA-01.png","contentUrl":"https:\/\/cfcaracas.org\/sv\/wp-content\/uploads\/LOGO-COLEGIO-FRANCIA-01.png","width":851,"height":1135,"caption":"U.E. Colegio Francia de Caracas"},"image":{"@id":"https:\/\/cfcaracas.org\/sv\/#\/schema\/logo\/image\/"}}]}},"_links":{"self":[{"href":"https:\/\/cfcaracas.org\/sv\/wp-json\/wp\/v2\/pages\/472","targetHints":{"allow":["GET"]}}],"collection":[{"href":"https:\/\/cfcaracas.org\/sv\/wp-json\/wp\/v2\/pages"}],"about":[{"href":"https:\/\/cfcaracas.org\/sv\/wp-json\/wp\/v2\/types\/page"}],"author":[{"embeddable":true,"href":"https:\/\/cfcaracas.org\/sv\/wp-json\/wp\/v2\/users\/1"}],"replies":[{"embeddable":true,"href":"https:\/\/cfcaracas.org\/sv\/wp-json\/wp\/v2\/comments?post=472"}],"version-history":[{"count":0,"href":"https:\/\/cfcaracas.org\/sv\/wp-json\/wp\/v2\/pages\/472\/revisions"}],"up":[{"embeddable":true,"href":"https:\/\/cfcaracas.org\/sv\/wp-json\/wp\/v2\/pages\/228535"}],"wp:attachment":[{"href":"https:\/\/cfcaracas.org\/sv\/wp-json\/wp\/v2\/media?parent=472"}],"curies":[{"name":"wp","href":"https:\/\/api.w.org\/{rel}","templated":true}]}}