{"id":474,"date":"2019-07-20T17:43:37","date_gmt":"2019-07-20T21:43:37","guid":{"rendered":"http:\/\/cfcaracas.org\/sv\/?page_id=474"},"modified":"2021-01-25T20:47:18","modified_gmt":"2021-01-26T00:47:18","slug":"vacantes-disponibles","status":"publish","type":"page","link":"https:\/\/cfcaracas.org\/sv\/admisiones\/vacantes-disponibles\/","title":{"rendered":"RRHH: Vacantes disponibles"},"content":{"rendered":"<p>[et_pb_section fb_built=&#8221;1&#8243; _builder_version=&#8221;3.26.3&#8243; background_color=&#8221;#e9eff3&#8243; background_image=&#8221;https:\/\/cfcaracas.org\/sv\/wp-content\/uploads\/shapes-bg-color.png&#8221; parallax=&#8221;on&#8221; custom_padding=&#8221;27px||0px|||&#8221; bottom_divider_color=&#8221;#065b99&#8243;][et_pb_row _builder_version=&#8221;3.26&#8243; custom_padding=&#8221;0px||0px|||&#8221;][et_pb_column type=&#8221;4_4&#8243; _builder_version=&#8221;3.26&#8243;][et_pb_dmb_breadcrumbs font_icon=&#8221;%%194%%&#8221; home_icon=&#8221;%%236%%&#8221; use_home_text=&#8221;on&#8221; home_text=&#8221;Inicio&#8221; _builder_version=&#8221;3.26&#8243; body_font=&#8221;|600|||||||&#8221; separator_text_color=&#8221;#0c71c3&#8243;][\/et_pb_dmb_breadcrumbs][\/et_pb_column][\/et_pb_row][et_pb_row column_structure=&#8221;2_3,1_3&#8243; _builder_version=&#8221;4.5.6&#8243;][et_pb_column type=&#8221;2_3&#8243; _builder_version=&#8221;3.25.2&#8243; background_color=&#8221;#ffffff&#8221; custom_padding=&#8221;25px|25px|25px|25px|true|true&#8221; border_radii=&#8221;on|16px|16px|16px|16px&#8221; box_shadow_style=&#8221;preset2&#8243; custom_padding__hover=&#8221;|||&#8221;][et_pb_image src=&#8221;https:\/\/cfcaracas.org\/sv\/wp-content\/uploads\/Web-252.jpg&#8221; _builder_version=&#8221;4.3.2&#8243;][\/et_pb_image][et_pb_text _builder_version=&#8221;4.8.1&#8243; hover_enabled=&#8221;0&#8243; sticky_enabled=&#8221;0&#8243;]<\/p>\n<h1>NOTA PARA LOS CANDIDATOS PARA EL PUESTO DE PROFESOR<\/h1>\n<p>Ya sea que haya elegido salir de Francia para trabajar en un establecimiento franc\u00e9s <br \/> en el extranjero o si ya est\u00e1 destinado al extranjero, esta elecci\u00f3n personal puede ser motivo de gran satisfacci\u00f3n <br \/> pero tambi\u00e9n preguntas como un establecimiento de la Agencia de <br \/> Educaci\u00f3n Francesa en el Extranjero (AEFE, www.aefe.fr) tiene caracter\u00edsticas espec\u00edficas.<\/p>\n<p>El Colegio Francia de Caracas est\u00e1 integrado por dos entidades: el Lyc\u00e9e Fran\u00e7ais de Caracas <br \/> (404 alumnos al inicio del a\u00f1o escolar despu\u00e9s de un curso de franc\u00e9s) y la Unidad educativa Colegio Francia <br \/> (537 estudiantes en este comienzo siguen un curso venezolano).<\/p>\n<p>El Lyc\u00e9e Fran\u00e7ais de Caracas &#8211; Colegio Francia es un establecimiento homologado, es decir <br \/> un establecimiento de derecho privado venezolano, gestionado por una Fundaci\u00f3n local, que ha firmado un <br \/> convenio con la AEFE. Este convenio posibilita la contrataci\u00f3n de personal permanente <br \/> franc\u00e9s garantiz\u00e1ndole una continuaci\u00f3n de carrera similar a la que ser\u00eda en Francia <br \/> (seguridad social, jubilaci\u00f3n, inspecciones, etc.).<\/p>\n<p>Este personal es pagado en Euros por la AEFE pero el establecimiento paga a la Agencia <br \/> parte de sus sueldos y su Subsidio de Vida Local Espec\u00edfico (ISVL). Los <br \/> recursos de la instalaci\u00f3n provienen de las tasas de matr\u00edcula que pagan las <br \/> familias cada mes.<\/p>\n<p>Para cualquier contacto por correo electr\u00f3nico, comun\u00edquese con; <br \/> <strong> Secundario <\/strong>: director@cfcaracas.org <br \/> <strong> Principal <\/strong>: dir.primaria @ cfcaracas.org<\/p>\n<p>[\/et_pb_text][et_pb_text _builder_version=&#8221;4.8.1&#8243; hover_enabled=&#8221;0&#8243; sticky_enabled=&#8221;0&#8243;]<\/p>\n<h1>SU ARCHIVO DE SOLICITUD<\/h1>\n<p>Su archivo de solicitud de contrataci\u00f3n solo debe enviarse electr\u00f3nicamente y debe llegarnos a m\u00e1s tardar el lunes 17 de febrero de 2021<\/p>\n<p><strong> Por correo electr\u00f3nico <\/strong>: direccion@cfcaracas.org<\/p>\n<p>Debe <strong> asegurarse de que lo hayamos recibido <\/strong>: se le enviar\u00e1 un correo electr\u00f3nico de confirmaci\u00f3n<\/p>\n<p><span style=\"text-decoration: underline;\"> <strong> Esta carpeta debe incluir: <\/strong> <\/span><\/p>\n<ul>\n<li>Formulario de reclutamiento de residentes 2021 aviso individual (documento AEFE)<\/li>\n<li>Formulario de reclutamiento de residentes 2021, informaci\u00f3n del establecimiento (documento AEFE)<\/li>\n<li>La hoja de informaci\u00f3n primaria o secundaria (documento del establecimiento)<\/li>\n<li>Una carta de presentaci\u00f3n.<\/li>\n<li>Un CV<\/li>\n<li>Cualquier documento que le resulte \u00fatil<\/li>\n<li>Cualquier documento de respaldo de los elementos que aparecen en su CV<\/li>\n<\/ul>\n<p><strong> Un archivo incompleto expondr\u00eda su solicitud al rechazo. <\/strong><\/p>\n<p><strong> Su expediente ser\u00e1 examinado por la Comisi\u00f3n Consultiva Conjunta Local (CCPLA) de la Agencia, en caso de que la solicitud sea exitosa, se le notificar\u00e1 a partir del mi\u00e9rcoles 26 de febrero de 2021 <\/strong>[\/et_pb_text][et_pb_button button_url=&#8221;@ET-DC@eyJkeW5hbWljIjp0cnVlLCJjb250ZW50IjoicG9zdF9saW5rX3VybF9hdHRhY2htZW50Iiwic2V0dGluZ3MiOnsicG9zdF9pZCI6IjIyODk0MiJ9fQ==@&#8221; button_text=&#8221;Note d&#8217;information r\u00e9sidents Colegio francia 2020&#8243; _builder_version=&#8221;4.3.2&#8243; _dynamic_attributes=&#8221;button_url&#8221; button_bg_color=&#8221;#e02b20&#8243; button_border_color=&#8221;#e02b20&#8243; locked=&#8221;off&#8221; button_bg_color__hover_enabled=&#8221;on|hover&#8221; button_bg_color__hover=&#8221;#5699f7&#8243; button_bg_enable_color__hover=&#8221;on&#8221; button_border_color__hover_enabled=&#8221;on|desktop&#8221; button_border_color__hover=&#8221;#5699f7&#8243;][\/et_pb_button][et_pb_button button_url=&#8221;@ET-DC@eyJkeW5hbWljIjp0cnVlLCJjb250ZW50IjoicG9zdF9saW5rX3VybF9hdHRhY2htZW50Iiwic2V0dGluZ3MiOnsicG9zdF9pZCI6IjIyODQ4OSJ9fQ==@&#8221; button_text=&#8221;La fiche recrutement r\u00e9sidents 2020 notice individuelle &#8221; _builder_version=&#8221;4.3.2&#8243; _dynamic_attributes=&#8221;button_url&#8221; locked=&#8221;off&#8221; button_bg_color__hover_enabled=&#8221;on|hover&#8221; button_bg_color__hover=&#8221;#5699f7&#8243; button_bg_enable_color__hover=&#8221;on&#8221; button_border_color__hover_enabled=&#8221;on|desktop&#8221; button_border_color__hover=&#8221;#5699f7&#8243;][\/et_pb_button][et_pb_button button_url=&#8221;@ET-DC@eyJkeW5hbWljIjp0cnVlLCJjb250ZW50IjoicG9zdF9saW5rX3VybF9hdHRhY2htZW50Iiwic2V0dGluZ3MiOnsicG9zdF9pZCI6IjIyODQ5MCJ9fQ==@&#8221; button_text=&#8221;La fiche recrutement r\u00e9sidents 2020 infos pour l\u2019\u00e9tablissement&#8221; _builder_version=&#8221;4.3.2&#8243; _dynamic_attributes=&#8221;button_url&#8221; locked=&#8221;off&#8221; button_bg_color__hover_enabled=&#8221;on|hover&#8221; button_bg_color__hover=&#8221;#5699f7&#8243; button_bg_enable_color__hover=&#8221;on&#8221; button_border_color__hover_enabled=&#8221;on|desktop&#8221; button_border_color__hover=&#8221;#5699f7&#8243;][\/et_pb_button][et_pb_button button_url=&#8221;@ET-DC@eyJkeW5hbWljIjp0cnVlLCJjb250ZW50IjoicG9zdF9saW5rX3VybF9hdHRhY2htZW50Iiwic2V0dGluZ3MiOnsicG9zdF9pZCI6IjIyODQ4NyJ9fQ==@&#8221; button_text=&#8221;La fiche de renseignements primaire 2020&#8243; _builder_version=&#8221;4.3.2&#8243; _dynamic_attributes=&#8221;button_url&#8221; locked=&#8221;off&#8221; button_bg_color__hover_enabled=&#8221;on|hover&#8221; button_bg_color__hover=&#8221;#5699f7&#8243; button_bg_enable_color__hover=&#8221;on&#8221; button_border_color__hover_enabled=&#8221;on|desktop&#8221; button_border_color__hover=&#8221;#5699f7&#8243;][\/et_pb_button][et_pb_button button_url=&#8221;@ET-DC@eyJkeW5hbWljIjp0cnVlLCJjb250ZW50IjoicG9zdF9saW5rX3VybF9hdHRhY2htZW50Iiwic2V0dGluZ3MiOnsicG9zdF9pZCI6IjIyODQ4OCJ9fQ==@&#8221; button_text=&#8221;La fiche de renseignements  secondaire 2020&#8243; _builder_version=&#8221;4.3.2&#8243; _dynamic_attributes=&#8221;button_url&#8221; locked=&#8221;off&#8221; button_bg_color__hover_enabled=&#8221;on|hover&#8221; button_bg_color__hover=&#8221;#5699f7&#8243; button_bg_enable_color__hover=&#8221;on&#8221; button_border_color__hover_enabled=&#8221;on|desktop&#8221; button_border_color__hover=&#8221;#5699f7&#8243;][\/et_pb_button][et_pb_text _builder_version=&#8221;4.8.1&#8243; hover_enabled=&#8221;0&#8243; sticky_enabled=&#8221;0&#8243;]<\/p>\n<h1> RECLUTAMIENTO PERSONAL<br \/> PERIODO 2021 <\/h1>\n<p>Listado de puestos vacantes[\/et_pb_text][\/et_pb_column][et_pb_column type=&#8221;1_3&#8243; _builder_version=&#8221;3.25.2&#8243; z_index=&#8221;10&#8243; custom_padding=&#8221;|||&#8221; custom_padding__hover=&#8221;|||&#8221;][et_pb_blog fullwidth=&#8221;off&#8221; posts_number=&#8221;2&#8243; include_categories=&#8221;5,22&#8243; show_more=&#8221;on&#8221; show_author=&#8221;off&#8221; _builder_version=&#8221;4.7.4&#8243; pagination_font=&#8221;||||||||&#8221; border_radii=&#8221;on|15px|15px|15px|15px&#8221; border_radii_image=&#8221;||||&#8221; box_shadow_style=&#8221;preset1&#8243;][\/et_pb_blog][\/et_pb_column][\/et_pb_row][\/et_pb_section]<\/p>\n","protected":false},"excerpt":{"rendered":"<p>NOTA PARA LOS CANDIDATOS PARA EL PUESTO DE PROFESOR Ya sea que haya elegido salir de Francia para trabajar en un establecimiento franc\u00e9s en el extranjero o si ya est\u00e1 destinado al extranjero, esta elecci\u00f3n personal puede ser motivo de gran satisfacci\u00f3n pero tambi\u00e9n preguntas como un establecimiento de la Agencia de Educaci\u00f3n Francesa en [&hellip;]<\/p>\n","protected":false},"author":1,"featured_media":0,"parent":228532,"menu_order":0,"comment_status":"closed","ping_status":"closed","template":"","meta":{"_et_pb_use_builder":"on","_et_pb_old_content":"<!-- wp:divi\/placeholder \/-->","_et_gb_content_width":"","_monsterinsights_skip_tracking":false,"_monsterinsights_sitenote_active":false,"_monsterinsights_sitenote_note":"","_monsterinsights_sitenote_category":0,"footnotes":""},"class_list":["post-474","page","type-page","status-publish","hentry"],"yoast_head":"<!-- This site is optimized with the Yoast SEO plugin v27.3 - https:\/\/yoast.com\/product\/yoast-seo-wordpress\/ -->\n<title>RRHH: Vacantes disponibles - COLEGIO FRANCIA<\/title>\n<meta name=\"robots\" content=\"index, follow, max-snippet:-1, max-image-preview:large, max-video-preview:-1\" \/>\n<link rel=\"canonical\" href=\"https:\/\/cfcaracas.org\/sv\/admisiones\/vacantes-disponibles\/\" \/>\n<meta property=\"og:locale\" content=\"en_US\" \/>\n<meta property=\"og:type\" content=\"article\" \/>\n<meta property=\"og:title\" content=\"RRHH: Vacantes disponibles - COLEGIO FRANCIA\" \/>\n<meta property=\"og:description\" content=\"NOTA PARA LOS CANDIDATOS PARA EL PUESTO DE PROFESOR Ya sea que haya elegido salir de Francia para trabajar en un establecimiento franc\u00e9s en el extranjero o si ya est\u00e1 destinado al extranjero, esta elecci\u00f3n personal puede ser motivo de gran satisfacci\u00f3n pero tambi\u00e9n preguntas como un establecimiento de la Agencia de Educaci\u00f3n Francesa en [&hellip;]\" \/>\n<meta property=\"og:url\" content=\"https:\/\/cfcaracas.org\/sv\/admisiones\/vacantes-disponibles\/\" \/>\n<meta property=\"og:site_name\" content=\"COLEGIO FRANCIA\" \/>\n<meta property=\"article:modified_time\" content=\"2021-01-26T00:47:18+00:00\" \/>\n<meta name=\"twitter:card\" content=\"summary_large_image\" \/>\n<meta name=\"twitter:label1\" content=\"Est. reading time\" \/>\n\t<meta name=\"twitter:data1\" content=\"5 minutes\" \/>\n<script type=\"application\/ld+json\" class=\"yoast-schema-graph\">{\"@context\":\"https:\\\/\\\/schema.org\",\"@graph\":[{\"@type\":\"WebPage\",\"@id\":\"https:\\\/\\\/cfcaracas.org\\\/sv\\\/admisiones\\\/vacantes-disponibles\\\/\",\"url\":\"https:\\\/\\\/cfcaracas.org\\\/sv\\\/admisiones\\\/vacantes-disponibles\\\/\",\"name\":\"RRHH: Vacantes disponibles - COLEGIO FRANCIA\",\"isPartOf\":{\"@id\":\"https:\\\/\\\/cfcaracas.org\\\/sv\\\/#website\"},\"datePublished\":\"2019-07-20T21:43:37+00:00\",\"dateModified\":\"2021-01-26T00:47:18+00:00\",\"breadcrumb\":{\"@id\":\"https:\\\/\\\/cfcaracas.org\\\/sv\\\/admisiones\\\/vacantes-disponibles\\\/#breadcrumb\"},\"inLanguage\":\"en-US\",\"potentialAction\":[{\"@type\":\"ReadAction\",\"target\":[\"https:\\\/\\\/cfcaracas.org\\\/sv\\\/admisiones\\\/vacantes-disponibles\\\/\"]}]},{\"@type\":\"BreadcrumbList\",\"@id\":\"https:\\\/\\\/cfcaracas.org\\\/sv\\\/admisiones\\\/vacantes-disponibles\\\/#breadcrumb\",\"itemListElement\":[{\"@type\":\"ListItem\",\"position\":1,\"name\":\"Home\",\"item\":\"https:\\\/\\\/cfcaracas.org\\\/sv\\\/\"},{\"@type\":\"ListItem\",\"position\":2,\"name\":\"ADMISIONES\",\"item\":\"https:\\\/\\\/cfcaracas.org\\\/sv\\\/admisiones\\\/\"},{\"@type\":\"ListItem\",\"position\":3,\"name\":\"RRHH: Vacantes disponibles\"}]},{\"@type\":\"WebSite\",\"@id\":\"https:\\\/\\\/cfcaracas.org\\\/sv\\\/#website\",\"url\":\"https:\\\/\\\/cfcaracas.org\\\/sv\\\/\",\"name\":\"COLEGIO FRANCIA\",\"description\":\"Colegio Francia, algo m\u00e1s que un colegio\",\"publisher\":{\"@id\":\"https:\\\/\\\/cfcaracas.org\\\/sv\\\/#organization\"},\"potentialAction\":[{\"@type\":\"SearchAction\",\"target\":{\"@type\":\"EntryPoint\",\"urlTemplate\":\"https:\\\/\\\/cfcaracas.org\\\/sv\\\/?s={search_term_string}\"},\"query-input\":{\"@type\":\"PropertyValueSpecification\",\"valueRequired\":true,\"valueName\":\"search_term_string\"}}],\"inLanguage\":\"en-US\"},{\"@type\":\"Organization\",\"@id\":\"https:\\\/\\\/cfcaracas.org\\\/sv\\\/#organization\",\"name\":\"U.E. Colegio Francia de Caracas\",\"url\":\"https:\\\/\\\/cfcaracas.org\\\/sv\\\/\",\"logo\":{\"@type\":\"ImageObject\",\"inLanguage\":\"en-US\",\"@id\":\"https:\\\/\\\/cfcaracas.org\\\/sv\\\/#\\\/schema\\\/logo\\\/image\\\/\",\"url\":\"https:\\\/\\\/cfcaracas.org\\\/sv\\\/wp-content\\\/uploads\\\/LOGO-COLEGIO-FRANCIA-01.png\",\"contentUrl\":\"https:\\\/\\\/cfcaracas.org\\\/sv\\\/wp-content\\\/uploads\\\/LOGO-COLEGIO-FRANCIA-01.png\",\"width\":851,\"height\":1135,\"caption\":\"U.E. Colegio Francia de Caracas\"},\"image\":{\"@id\":\"https:\\\/\\\/cfcaracas.org\\\/sv\\\/#\\\/schema\\\/logo\\\/image\\\/\"}}]}<\/script>\n<!-- \/ Yoast SEO plugin. -->","yoast_head_json":{"title":"RRHH: Vacantes disponibles - COLEGIO FRANCIA","robots":{"index":"index","follow":"follow","max-snippet":"max-snippet:-1","max-image-preview":"max-image-preview:large","max-video-preview":"max-video-preview:-1"},"canonical":"https:\/\/cfcaracas.org\/sv\/admisiones\/vacantes-disponibles\/","og_locale":"en_US","og_type":"article","og_title":"RRHH: Vacantes disponibles - COLEGIO FRANCIA","og_description":"NOTA PARA LOS CANDIDATOS PARA EL PUESTO DE PROFESOR Ya sea que haya elegido salir de Francia para trabajar en un establecimiento franc\u00e9s en el extranjero o si ya est\u00e1 destinado al extranjero, esta elecci\u00f3n personal puede ser motivo de gran satisfacci\u00f3n pero tambi\u00e9n preguntas como un establecimiento de la Agencia de Educaci\u00f3n Francesa en [&hellip;]","og_url":"https:\/\/cfcaracas.org\/sv\/admisiones\/vacantes-disponibles\/","og_site_name":"COLEGIO FRANCIA","article_modified_time":"2021-01-26T00:47:18+00:00","twitter_card":"summary_large_image","twitter_misc":{"Est. reading time":"5 minutes"},"schema":{"@context":"https:\/\/schema.org","@graph":[{"@type":"WebPage","@id":"https:\/\/cfcaracas.org\/sv\/admisiones\/vacantes-disponibles\/","url":"https:\/\/cfcaracas.org\/sv\/admisiones\/vacantes-disponibles\/","name":"RRHH: Vacantes disponibles - COLEGIO FRANCIA","isPartOf":{"@id":"https:\/\/cfcaracas.org\/sv\/#website"},"datePublished":"2019-07-20T21:43:37+00:00","dateModified":"2021-01-26T00:47:18+00:00","breadcrumb":{"@id":"https:\/\/cfcaracas.org\/sv\/admisiones\/vacantes-disponibles\/#breadcrumb"},"inLanguage":"en-US","potentialAction":[{"@type":"ReadAction","target":["https:\/\/cfcaracas.org\/sv\/admisiones\/vacantes-disponibles\/"]}]},{"@type":"BreadcrumbList","@id":"https:\/\/cfcaracas.org\/sv\/admisiones\/vacantes-disponibles\/#breadcrumb","itemListElement":[{"@type":"ListItem","position":1,"name":"Home","item":"https:\/\/cfcaracas.org\/sv\/"},{"@type":"ListItem","position":2,"name":"ADMISIONES","item":"https:\/\/cfcaracas.org\/sv\/admisiones\/"},{"@type":"ListItem","position":3,"name":"RRHH: Vacantes disponibles"}]},{"@type":"WebSite","@id":"https:\/\/cfcaracas.org\/sv\/#website","url":"https:\/\/cfcaracas.org\/sv\/","name":"COLEGIO FRANCIA","description":"Colegio Francia, algo m\u00e1s que un colegio","publisher":{"@id":"https:\/\/cfcaracas.org\/sv\/#organization"},"potentialAction":[{"@type":"SearchAction","target":{"@type":"EntryPoint","urlTemplate":"https:\/\/cfcaracas.org\/sv\/?s={search_term_string}"},"query-input":{"@type":"PropertyValueSpecification","valueRequired":true,"valueName":"search_term_string"}}],"inLanguage":"en-US"},{"@type":"Organization","@id":"https:\/\/cfcaracas.org\/sv\/#organization","name":"U.E. Colegio Francia de Caracas","url":"https:\/\/cfcaracas.org\/sv\/","logo":{"@type":"ImageObject","inLanguage":"en-US","@id":"https:\/\/cfcaracas.org\/sv\/#\/schema\/logo\/image\/","url":"https:\/\/cfcaracas.org\/sv\/wp-content\/uploads\/LOGO-COLEGIO-FRANCIA-01.png","contentUrl":"https:\/\/cfcaracas.org\/sv\/wp-content\/uploads\/LOGO-COLEGIO-FRANCIA-01.png","width":851,"height":1135,"caption":"U.E. Colegio Francia de Caracas"},"image":{"@id":"https:\/\/cfcaracas.org\/sv\/#\/schema\/logo\/image\/"}}]}},"_links":{"self":[{"href":"https:\/\/cfcaracas.org\/sv\/wp-json\/wp\/v2\/pages\/474","targetHints":{"allow":["GET"]}}],"collection":[{"href":"https:\/\/cfcaracas.org\/sv\/wp-json\/wp\/v2\/pages"}],"about":[{"href":"https:\/\/cfcaracas.org\/sv\/wp-json\/wp\/v2\/types\/page"}],"author":[{"embeddable":true,"href":"https:\/\/cfcaracas.org\/sv\/wp-json\/wp\/v2\/users\/1"}],"replies":[{"embeddable":true,"href":"https:\/\/cfcaracas.org\/sv\/wp-json\/wp\/v2\/comments?post=474"}],"version-history":[{"count":0,"href":"https:\/\/cfcaracas.org\/sv\/wp-json\/wp\/v2\/pages\/474\/revisions"}],"up":[{"embeddable":true,"href":"https:\/\/cfcaracas.org\/sv\/wp-json\/wp\/v2\/pages\/228532"}],"wp:attachment":[{"href":"https:\/\/cfcaracas.org\/sv\/wp-json\/wp\/v2\/media?parent=474"}],"curies":[{"name":"wp","href":"https:\/\/api.w.org\/{rel}","templated":true}]}}