{"id":476,"date":"2019-07-20T17:51:37","date_gmt":"2019-07-20T21:51:37","guid":{"rendered":"http:\/\/cfcaracas.org\/sv\/?page_id=476"},"modified":"2026-01-12T11:35:23","modified_gmt":"2026-01-12T15:35:23","slug":"departamentos-y-coordinaciones","status":"publish","type":"page","link":"https:\/\/cfcaracas.org\/sv\/el-colegio\/departamentos-y-coordinaciones\/","title":{"rendered":"Departamentos y Coordinaciones"},"content":{"rendered":"<p>[et_pb_section fb_built=&#8221;1&#8243; _builder_version=&#8221;4.16&#8243; background_color=&#8221;#e9eff3&#8243; background_image=&#8221;https:\/\/cfcaracas.org\/sv\/wp-content\/uploads\/shapes-bg-color.png&#8221; parallax=&#8221;on&#8221; custom_padding=&#8221;27px||0px|||&#8221; bottom_divider_color=&#8221;#065b99&#8243; global_colors_info=&#8221;{}&#8221;][et_pb_row _builder_version=&#8221;4.16&#8243; custom_padding=&#8221;0px||0px|||&#8221; global_colors_info=&#8221;{}&#8221;][et_pb_column type=&#8221;4_4&#8243; _builder_version=&#8221;4.16&#8243; global_colors_info=&#8221;{}&#8221;][et_pb_dmb_breadcrumbs font_icon=&#8221;&#xe04a;||divi||400&#8243; home_icon=&#8221;&#xe074;||divi||400&#8243; use_home_text=&#8221;on&#8221; home_text=&#8221;Inicio&#8221; _builder_version=&#8221;4.16&#8243; body_font=&#8221;|600|||||||&#8221; separator_text_color=&#8221;#0c71c3&#8243; global_colors_info=&#8221;{}&#8221;][\/et_pb_dmb_breadcrumbs][\/et_pb_column][\/et_pb_row][et_pb_row column_structure=&#8221;2_3,1_3&#8243; _builder_version=&#8221;4.16&#8243; global_colors_info=&#8221;{}&#8221;][et_pb_column type=&#8221;2_3&#8243; _builder_version=&#8221;4.16&#8243; background_color=&#8221;#ffffff&#8221; custom_padding=&#8221;25px|25px|25px|25px|true|true&#8221; border_radii=&#8221;on|16px|16px|16px|16px&#8221; box_shadow_style=&#8221;preset2&#8243; global_colors_info=&#8221;{}&#8221; custom_padding__hover=&#8221;|||&#8221;][et_pb_image src=&#8221;https:\/\/cfcaracas.org\/sv\/wp-content\/uploads\/C010212-low.jpg&#8221; title_text=&#8221;_C010212-low&#8221; disabled_on=&#8221;on|on|on&#8221; _builder_version=&#8221;4.16&#8243; global_colors_info=&#8221;{}&#8221; disabled=&#8221;on&#8221;][\/et_pb_image][et_pb_text _builder_version=&#8221;4.16&#8243; global_colors_info=&#8221;{}&#8221;]<\/p>\n<h1>Nuestro Equipo de Trabajo<\/h1>\n<p><strong>COORDINACI\u00d3N DE PRIMARIA<\/strong><\/p>\n<p>La Coordinaci\u00f3n de Primaria es el departamento que se encarga de preparar y dirigir cada uno de los planes, programas y proyectos orientados a la formaci\u00f3n de los estudiantes en la Etapa Primaria de la Educaci\u00f3n B\u00e1sica.<\/p>\n<p>Nuestros estudiantes desde el 1er grado reciben las bases en las distintas \u00e1reas del saber, con el prop\u00f3sito de afianzar una formaci\u00f3n integral s\u00f3lida que garantice el \u00e9xito en las etapas superiores.<\/p>\n<p>El plan de estudio de Primaria ofrece adem\u00e1s de las materias oficiales, el aprendizaje de los idiomas franc\u00e9s e ingl\u00e9s, y se imparten otras especialidades como m\u00fasica, expresi\u00f3n, inform\u00e1tica, biblioteca y arte, cuyo fundamento consiste en formar individuos capaces no solo de hablar otro idioma, sino de comprender su cultura, respetarla y sentar las bases para que sea capaz, en el futuro, de aportar mediante nuevas ideas, objetividad, capacidad de an\u00e1lisis y creaci\u00f3n, cualquier aspecto que demande el ambiente y la sociedad que lo rodea.<\/p>\n<p>En este sentido se dirigen nuestros valores institucionales, donde el respeto al pr\u00f3jimo es fundamental, la constancia, equidad y justicia son pilares y el conocimiento, el principal elemento para formar seres preparados para el mundo.<\/p>\n<p><strong>GRUPOS DE CREACI\u00d3N, RECREACI\u00d3N Y PRODUCCI\u00d3N<\/strong><\/p>\n<p>Los Grupos de Creaci\u00f3n, Recreaci\u00f3n y Producci\u00f3n son parte del plan de estudio nacional de Educaci\u00f3n Media General, iniciado en el a\u00f1o escolar 2017-2018. Se fundamenta en pr\u00e1cticas y experiencias m\u00faltiples, que permiten ampliar y desarrollar las capacidades, inclinaciones y vocaciones de los estudiantes, a trav\u00e9s de diversos espacios acad\u00e9micos.<\/p>\n<p>Cada instituci\u00f3n dise\u00f1a la oferta curricular electiva (cursos), considerando el perfil del estudiante, sus caracter\u00edsticas y el recurso humano (docentes). La oferta acad\u00e9mica se plantea considerando las diversas \u00e1reas de desarrollo humano: Artes, Idiomas, Ciencias Naturales, Ciencias Sociales, Tecnolog\u00eda, Deporte y Recreaci\u00f3n.<\/p>\n<p>El prop\u00f3sito de estos grupos es desarrollar en los estudiantes los diferentes tipos de inteligencia: ling\u00fc\u00edstica, l\u00f3gica-matem\u00e1tica, espacial, musical, corporal, interpersonal, emocional, naturalista, creativa y colaborativa, a trav\u00e9s de la construcci\u00f3n de espacios acad\u00e9micos que permitan aprendizajes significativos, partiendo de las diversas competencias comunicativas, formas de aprendizajes e intereses individuales, basados en los planteamientos de la pluriculturalidad e interculturalidad, en b\u00fasqueda de la consolidaci\u00f3n de habilidades para la vida<\/p>\n<p><strong>VIDA ESCOLAR<\/strong><\/p>\n<p>La Coordinaci\u00f3n de Vida Escolar se encarga de velar por el bienestar estudiantil, favoreciendo un buen clima de convivencia, interactuando con los diversos miembros de nuestra comunidad, estudiantes, personal docente, padres y representantes y personal administrativo, para trabajar en un clima positivo y provechoso para todos y velando por el cumplimiento de las Normas.<\/p>\n<p>Nuestra misi\u00f3n es llevar el control general de Educaci\u00f3n Media, hacer el seguimiento y supervisi\u00f3n de las actividades de clase para atender todas las incidencias que se puedan presentar.<\/p>\n<p>Se encarga de planificar y participar en las actividades acad\u00e9micas, deportivas y de convivencia que se realizan en la Instituci\u00f3n, de la atenci\u00f3n peri\u00f3dica con reuniones para informar a los padres y representantes sobre el comportamiento acad\u00e9mico y conductual de sus representados, as\u00ed como de llevar el control de asistencia de nuestros estudiantes y profesores, con el fin de garantizar la continuidad y prosecuci\u00f3n durante su formaci\u00f3n acad\u00e9mica y reciban una educaci\u00f3n de calidad, prepar\u00e1ndolos integralmente como ciudadanos probos para la vida profesional.<\/p>\n<p><strong>DEPARTAMENTO DE ORIENTACI\u00d3N<\/strong><\/p>\n<p>El Departamento de Orientaci\u00f3n tiene como objetivo intervenir con car\u00e1cter proactivo, en el desarrollo estudiantil, promoviendo en el \u00e1mbito escolar conductas saludables, que fortalezcan las potencialidades, mediante un servicio continuo y estructurado, integrando a la comunidad escolar, conformada por: estudiantes, Padres y Representantes, Profesores de Orientaci\u00f3n y Convivencia y docentes de aula, logrando el \u00e9xito escolar de los estudiantes del Colegio Francia.<\/p>\n<p>El departamento est\u00e1 comprometido con la excelencia, el pluriling\u00fcismo y multiculturismo, pilares del Colegio Francia, como un modelo excepcional de aprendizaje y desarrollo del conocimiento, que tiene como objetivo crear l\u00edderes y pensadores globales, adem\u00e1s de promover el di\u00e1logo e intercambio entre culturas, mediante un servicio continuo y estructurado, organiza y coordina los procesos de gesti\u00f3n relacionados con los estudiantes, campa\u00f1as de orientaci\u00f3n y formaci\u00f3n acad\u00e9mica integral que lleve a un desarrollo profesional y personal.<\/p>\n<p>[\/et_pb_text][\/et_pb_column][et_pb_column type=&#8221;1_3&#8243; _builder_version=&#8221;4.16&#8243; z_index=&#8221;10&#8243; custom_padding=&#8221;|||&#8221; global_colors_info=&#8221;{}&#8221; custom_padding__hover=&#8221;|||&#8221;][et_pb_blog fullwidth=&#8221;off&#8221; posts_number=&#8221;2&#8243; include_categories=&#8221;5,26&#8243; show_more=&#8221;on&#8221; show_author=&#8221;off&#8221; _builder_version=&#8221;4.16&#8243; pagination_font=&#8221;||||||||&#8221; border_radii=&#8221;on|15px|15px|15px|15px&#8221; border_radii_image=&#8221;||||&#8221; box_shadow_style=&#8221;preset1&#8243; global_colors_info=&#8221;{}&#8221;][\/et_pb_blog][\/et_pb_column][\/et_pb_row][\/et_pb_section]<\/p>\n","protected":false},"excerpt":{"rendered":"<p>Un personal rico en recursos para informar y orientar a nuestros estudiantes.<\/p>\n","protected":false},"author":1,"featured_media":0,"parent":228535,"menu_order":0,"comment_status":"closed","ping_status":"closed","template":"","meta":{"_et_pb_use_builder":"on","_et_pb_old_content":"<!-- wp:divi\/placeholder \/-->","_et_gb_content_width":"","_monsterinsights_skip_tracking":false,"_monsterinsights_sitenote_active":false,"_monsterinsights_sitenote_note":"","_monsterinsights_sitenote_category":0,"footnotes":""},"class_list":["post-476","page","type-page","status-publish","hentry"],"yoast_head":"<!-- This site is optimized with the Yoast SEO plugin v27.3 - https:\/\/yoast.com\/product\/yoast-seo-wordpress\/ -->\n<title>Departamentos y Coordinaciones - COLEGIO FRANCIA<\/title>\n<meta name=\"robots\" content=\"index, follow, max-snippet:-1, max-image-preview:large, max-video-preview:-1\" \/>\n<link rel=\"canonical\" href=\"https:\/\/cfcaracas.org\/sv\/el-colegio\/departamentos-y-coordinaciones\/\" \/>\n<meta property=\"og:locale\" content=\"en_US\" \/>\n<meta property=\"og:type\" content=\"article\" \/>\n<meta property=\"og:title\" content=\"Departamentos y Coordinaciones - COLEGIO FRANCIA\" \/>\n<meta property=\"og:description\" content=\"Un personal rico en recursos para informar y orientar a nuestros estudiantes.\" \/>\n<meta property=\"og:url\" content=\"https:\/\/cfcaracas.org\/sv\/el-colegio\/departamentos-y-coordinaciones\/\" \/>\n<meta property=\"og:site_name\" content=\"COLEGIO FRANCIA\" \/>\n<meta property=\"article:modified_time\" content=\"2026-01-12T15:35:23+00:00\" \/>\n<meta name=\"twitter:card\" content=\"summary_large_image\" \/>\n<meta name=\"twitter:label1\" content=\"Est. reading time\" \/>\n\t<meta name=\"twitter:data1\" content=\"5 minutes\" \/>\n<script type=\"application\/ld+json\" class=\"yoast-schema-graph\">{\"@context\":\"https:\\\/\\\/schema.org\",\"@graph\":[{\"@type\":\"WebPage\",\"@id\":\"https:\\\/\\\/cfcaracas.org\\\/sv\\\/el-colegio\\\/departamentos-y-coordinaciones\\\/\",\"url\":\"https:\\\/\\\/cfcaracas.org\\\/sv\\\/el-colegio\\\/departamentos-y-coordinaciones\\\/\",\"name\":\"Departamentos y Coordinaciones - COLEGIO FRANCIA\",\"isPartOf\":{\"@id\":\"https:\\\/\\\/cfcaracas.org\\\/sv\\\/#website\"},\"datePublished\":\"2019-07-20T21:51:37+00:00\",\"dateModified\":\"2026-01-12T15:35:23+00:00\",\"breadcrumb\":{\"@id\":\"https:\\\/\\\/cfcaracas.org\\\/sv\\\/el-colegio\\\/departamentos-y-coordinaciones\\\/#breadcrumb\"},\"inLanguage\":\"en-US\",\"potentialAction\":[{\"@type\":\"ReadAction\",\"target\":[\"https:\\\/\\\/cfcaracas.org\\\/sv\\\/el-colegio\\\/departamentos-y-coordinaciones\\\/\"]}]},{\"@type\":\"BreadcrumbList\",\"@id\":\"https:\\\/\\\/cfcaracas.org\\\/sv\\\/el-colegio\\\/departamentos-y-coordinaciones\\\/#breadcrumb\",\"itemListElement\":[{\"@type\":\"ListItem\",\"position\":1,\"name\":\"Home\",\"item\":\"https:\\\/\\\/cfcaracas.org\\\/sv\\\/\"},{\"@type\":\"ListItem\",\"position\":2,\"name\":\"EL COLEGIO\",\"item\":\"https:\\\/\\\/cfcaracas.org\\\/sv\\\/el-colegio\\\/\"},{\"@type\":\"ListItem\",\"position\":3,\"name\":\"Departamentos y Coordinaciones\"}]},{\"@type\":\"WebSite\",\"@id\":\"https:\\\/\\\/cfcaracas.org\\\/sv\\\/#website\",\"url\":\"https:\\\/\\\/cfcaracas.org\\\/sv\\\/\",\"name\":\"COLEGIO FRANCIA\",\"description\":\"Colegio Francia, algo m\u00e1s que un colegio\",\"publisher\":{\"@id\":\"https:\\\/\\\/cfcaracas.org\\\/sv\\\/#organization\"},\"potentialAction\":[{\"@type\":\"SearchAction\",\"target\":{\"@type\":\"EntryPoint\",\"urlTemplate\":\"https:\\\/\\\/cfcaracas.org\\\/sv\\\/?s={search_term_string}\"},\"query-input\":{\"@type\":\"PropertyValueSpecification\",\"valueRequired\":true,\"valueName\":\"search_term_string\"}}],\"inLanguage\":\"en-US\"},{\"@type\":\"Organization\",\"@id\":\"https:\\\/\\\/cfcaracas.org\\\/sv\\\/#organization\",\"name\":\"U.E. Colegio Francia de Caracas\",\"url\":\"https:\\\/\\\/cfcaracas.org\\\/sv\\\/\",\"logo\":{\"@type\":\"ImageObject\",\"inLanguage\":\"en-US\",\"@id\":\"https:\\\/\\\/cfcaracas.org\\\/sv\\\/#\\\/schema\\\/logo\\\/image\\\/\",\"url\":\"https:\\\/\\\/cfcaracas.org\\\/sv\\\/wp-content\\\/uploads\\\/LOGO-COLEGIO-FRANCIA-01.png\",\"contentUrl\":\"https:\\\/\\\/cfcaracas.org\\\/sv\\\/wp-content\\\/uploads\\\/LOGO-COLEGIO-FRANCIA-01.png\",\"width\":851,\"height\":1135,\"caption\":\"U.E. Colegio Francia de Caracas\"},\"image\":{\"@id\":\"https:\\\/\\\/cfcaracas.org\\\/sv\\\/#\\\/schema\\\/logo\\\/image\\\/\"}}]}<\/script>\n<!-- \/ Yoast SEO plugin. -->","yoast_head_json":{"title":"Departamentos y Coordinaciones - COLEGIO FRANCIA","robots":{"index":"index","follow":"follow","max-snippet":"max-snippet:-1","max-image-preview":"max-image-preview:large","max-video-preview":"max-video-preview:-1"},"canonical":"https:\/\/cfcaracas.org\/sv\/el-colegio\/departamentos-y-coordinaciones\/","og_locale":"en_US","og_type":"article","og_title":"Departamentos y Coordinaciones - COLEGIO FRANCIA","og_description":"Un personal rico en recursos para informar y orientar a nuestros estudiantes.","og_url":"https:\/\/cfcaracas.org\/sv\/el-colegio\/departamentos-y-coordinaciones\/","og_site_name":"COLEGIO FRANCIA","article_modified_time":"2026-01-12T15:35:23+00:00","twitter_card":"summary_large_image","twitter_misc":{"Est. reading time":"5 minutes"},"schema":{"@context":"https:\/\/schema.org","@graph":[{"@type":"WebPage","@id":"https:\/\/cfcaracas.org\/sv\/el-colegio\/departamentos-y-coordinaciones\/","url":"https:\/\/cfcaracas.org\/sv\/el-colegio\/departamentos-y-coordinaciones\/","name":"Departamentos y Coordinaciones - COLEGIO FRANCIA","isPartOf":{"@id":"https:\/\/cfcaracas.org\/sv\/#website"},"datePublished":"2019-07-20T21:51:37+00:00","dateModified":"2026-01-12T15:35:23+00:00","breadcrumb":{"@id":"https:\/\/cfcaracas.org\/sv\/el-colegio\/departamentos-y-coordinaciones\/#breadcrumb"},"inLanguage":"en-US","potentialAction":[{"@type":"ReadAction","target":["https:\/\/cfcaracas.org\/sv\/el-colegio\/departamentos-y-coordinaciones\/"]}]},{"@type":"BreadcrumbList","@id":"https:\/\/cfcaracas.org\/sv\/el-colegio\/departamentos-y-coordinaciones\/#breadcrumb","itemListElement":[{"@type":"ListItem","position":1,"name":"Home","item":"https:\/\/cfcaracas.org\/sv\/"},{"@type":"ListItem","position":2,"name":"EL COLEGIO","item":"https:\/\/cfcaracas.org\/sv\/el-colegio\/"},{"@type":"ListItem","position":3,"name":"Departamentos y Coordinaciones"}]},{"@type":"WebSite","@id":"https:\/\/cfcaracas.org\/sv\/#website","url":"https:\/\/cfcaracas.org\/sv\/","name":"COLEGIO FRANCIA","description":"Colegio Francia, algo m\u00e1s que un colegio","publisher":{"@id":"https:\/\/cfcaracas.org\/sv\/#organization"},"potentialAction":[{"@type":"SearchAction","target":{"@type":"EntryPoint","urlTemplate":"https:\/\/cfcaracas.org\/sv\/?s={search_term_string}"},"query-input":{"@type":"PropertyValueSpecification","valueRequired":true,"valueName":"search_term_string"}}],"inLanguage":"en-US"},{"@type":"Organization","@id":"https:\/\/cfcaracas.org\/sv\/#organization","name":"U.E. Colegio Francia de Caracas","url":"https:\/\/cfcaracas.org\/sv\/","logo":{"@type":"ImageObject","inLanguage":"en-US","@id":"https:\/\/cfcaracas.org\/sv\/#\/schema\/logo\/image\/","url":"https:\/\/cfcaracas.org\/sv\/wp-content\/uploads\/LOGO-COLEGIO-FRANCIA-01.png","contentUrl":"https:\/\/cfcaracas.org\/sv\/wp-content\/uploads\/LOGO-COLEGIO-FRANCIA-01.png","width":851,"height":1135,"caption":"U.E. Colegio Francia de Caracas"},"image":{"@id":"https:\/\/cfcaracas.org\/sv\/#\/schema\/logo\/image\/"}}]}},"_links":{"self":[{"href":"https:\/\/cfcaracas.org\/sv\/wp-json\/wp\/v2\/pages\/476","targetHints":{"allow":["GET"]}}],"collection":[{"href":"https:\/\/cfcaracas.org\/sv\/wp-json\/wp\/v2\/pages"}],"about":[{"href":"https:\/\/cfcaracas.org\/sv\/wp-json\/wp\/v2\/types\/page"}],"author":[{"embeddable":true,"href":"https:\/\/cfcaracas.org\/sv\/wp-json\/wp\/v2\/users\/1"}],"replies":[{"embeddable":true,"href":"https:\/\/cfcaracas.org\/sv\/wp-json\/wp\/v2\/comments?post=476"}],"version-history":[{"count":2,"href":"https:\/\/cfcaracas.org\/sv\/wp-json\/wp\/v2\/pages\/476\/revisions"}],"predecessor-version":[{"id":240222,"href":"https:\/\/cfcaracas.org\/sv\/wp-json\/wp\/v2\/pages\/476\/revisions\/240222"}],"up":[{"embeddable":true,"href":"https:\/\/cfcaracas.org\/sv\/wp-json\/wp\/v2\/pages\/228535"}],"wp:attachment":[{"href":"https:\/\/cfcaracas.org\/sv\/wp-json\/wp\/v2\/media?parent=476"}],"curies":[{"name":"wp","href":"https:\/\/api.w.org\/{rel}","templated":true}]}}