{"id":488,"date":"2019-07-20T18:12:24","date_gmt":"2019-07-20T22:12:24","guid":{"rendered":"http:\/\/cfcaracas.org\/sv\/?page_id=488"},"modified":"2026-03-27T15:14:51","modified_gmt":"2026-03-27T19:14:51","slug":"calendario-escolar","status":"publish","type":"page","link":"https:\/\/cfcaracas.org\/sv\/admisiones\/calendario-escolar\/","title":{"rendered":"Calendario Escolar"},"content":{"rendered":"<p>[et_pb_section fb_built=&#8221;1&#8243; _builder_version=&#8221;4.16&#8243; background_color=&#8221;#e9eff3&#8243; background_image=&#8221;https:\/\/cfcaracas.org\/sv\/wp-content\/uploads\/shapes-bg-color.png&#8221; parallax=&#8221;on&#8221; custom_padding=&#8221;27px||0px|||&#8221; bottom_divider_color=&#8221;#065b99&#8243; global_colors_info=&#8221;{}&#8221;][et_pb_row _builder_version=&#8221;4.16&#8243; custom_padding=&#8221;0px||0px|||&#8221; global_colors_info=&#8221;{}&#8221;][et_pb_column type=&#8221;4_4&#8243; _builder_version=&#8221;4.16&#8243; global_colors_info=&#8221;{}&#8221;][et_pb_dmb_breadcrumbs font_icon=&#8221;&#xe04a;||divi||400&#8243; home_icon=&#8221;&#xe074;||divi||400&#8243; use_home_text=&#8221;on&#8221; home_text=&#8221;Inicio&#8221; _builder_version=&#8221;4.16&#8243; body_font=&#8221;|600|||||||&#8221; separator_text_color=&#8221;#0c71c3&#8243; global_colors_info=&#8221;{}&#8221;][\/et_pb_dmb_breadcrumbs][\/et_pb_column][\/et_pb_row][et_pb_row column_structure=&#8221;2_3,1_3&#8243; _builder_version=&#8221;4.16&#8243; global_colors_info=&#8221;{}&#8221;][et_pb_column type=&#8221;2_3&#8243; _builder_version=&#8221;4.16&#8243; background_color=&#8221;#ffffff&#8221; custom_padding=&#8221;25px|25px|25px|25px|true|true&#8221; border_radii=&#8221;on|16px|16px|16px|16px&#8221; box_shadow_style=&#8221;preset2&#8243; global_colors_info=&#8221;{}&#8221; custom_padding__hover=&#8221;|||&#8221;][et_pb_image src=&#8221;https:\/\/cfcaracas.org\/sv\/wp-content\/uploads\/Foto_Calendario.png&#8221; title_text=&#8221;Foto_Calendario&#8221; _builder_version=&#8221;4.22.2&#8243; _module_preset=&#8221;default&#8221; global_colors_info=&#8221;{}&#8221;][\/et_pb_image][et_pb_text _builder_version=&#8221;4.22.2&#8243; global_colors_info=&#8221;{}&#8221;]<\/p>\n<h1>CRONOGRAMA ESCOLAR<\/h1>\n<p>Presentamos el cronograma acad\u00e9mico del a\u00f1o escolar 2025-2026, con las actividades m\u00e1s resaltantes de cada trimestre en la Coordinaci\u00f3n de Primaria y Educaci\u00f3n Media General.<\/p>\n<p>[\/et_pb_text][et_pb_text disabled_on=&#8221;off|off|off&#8221; _builder_version=&#8221;4.27.4&#8243; _module_preset=&#8221;default&#8221; custom_margin=&#8221;||7px|||&#8221; link_option_url=&#8221;https:\/\/cfcaracas.org\/sv\/wp-content\/uploads\/Cronograma_I_Momento_Pedagogico_2021-2022.pdf&#8221; link_option_url_new_window=&#8221;on&#8221; global_colors_info=&#8221;{}&#8221;]<\/p>\n<h1>Cronograma I Momento Pedag\u00f3gico 2025-2026<\/h1>\n<p>[\/et_pb_text][et_pb_text _builder_version=&#8221;4.27.4&#8243; _module_preset=&#8221;default&#8221; text_font_size=&#8221;0px&#8221; text_line_height=&#8221;0em&#8221; header_text_align=&#8221;center&#8221; background_color=&#8221;#c270d8&#8243; custom_margin=&#8221;||24px|||&#8221; link_option_url=&#8221;https:\/\/cfcaracas.org\/sv\/wp-content\/uploads\/2025-2026-Cronograma_1erMomPedag.pdf&#8221; link_option_url_new_window=&#8221;on&#8221; border_radii=&#8221;on|5px|5px|5px|5px&#8221; global_colors_info=&#8221;{}&#8221;]<\/p>\n<h4 style=\"text-align: center;\"><span style=\"color: #ffffff;\"><\/span><\/h4>\n<h4 style=\"text-align: center;\"><span style=\"color: #ffffff;\">Clic aqu\u00ed para descargar el cronograma<\/span><\/h4>\n<p>[\/et_pb_text][et_pb_text disabled_on=&#8221;off|off|off&#8221; _builder_version=&#8221;4.27.5&#8243; _module_preset=&#8221;default&#8221; custom_margin=&#8221;||7px|||&#8221; link_option_url=&#8221;https:\/\/cfcaracas.org\/sv\/wp-content\/uploads\/Cronograma_I_Momento_Pedagogico_2021-2022.pdf&#8221; link_option_url_new_window=&#8221;on&#8221; global_colors_info=&#8221;{}&#8221;]<\/p>\n<h1>Cronograma II Momento Pedag\u00f3gico 2025-2026<\/h1>\n<p>[\/et_pb_text][et_pb_text disabled_on=&#8221;off|off|off&#8221; _builder_version=&#8221;4.27.5&#8243; _module_preset=&#8221;default&#8221; text_font_size=&#8221;0px&#8221; text_line_height=&#8221;0em&#8221; header_text_align=&#8221;center&#8221; background_color=&#8221;#67c466&#8243; custom_margin=&#8221;||24px|||&#8221; link_option_url=&#8221;https:\/\/cfcaracas.org\/sv\/wp-content\/uploads\/2025-2026-Cronograma_2doMomPedag.pdf.pdf&#8221; link_option_url_new_window=&#8221;on&#8221; border_radii=&#8221;on|5px|5px|5px|5px&#8221; global_colors_info=&#8221;{}&#8221;]<\/p>\n<h4 style=\"text-align: center;\"><span style=\"color: #ffffff;\"><\/span><\/h4>\n<h4 style=\"text-align: center;\"><span style=\"color: #ffffff;\">Clic aqu\u00ed para descargar el cronograma<\/span><\/h4>\n<p>[\/et_pb_text][et_pb_text disabled_on=&#8221;off|off|off&#8221; _builder_version=&#8221;4.27.6&#8243; _module_preset=&#8221;default&#8221; custom_margin=&#8221;||7px|||&#8221; link_option_url=&#8221;https:\/\/cfcaracas.org\/sv\/wp-content\/uploads\/Cronograma_I_Momento_Pedagogico_2021-2022.pdf&#8221; link_option_url_new_window=&#8221;on&#8221; hover_enabled=&#8221;0&#8243; global_colors_info=&#8221;{}&#8221; sticky_enabled=&#8221;0&#8243;]<\/p>\n<h1>Cronograma III Momento Pedag\u00f3gico 2025-2026<\/h1>\n<p>[\/et_pb_text][et_pb_text disabled_on=&#8221;off|off|off&#8221; _builder_version=&#8221;4.27.6&#8243; _module_preset=&#8221;default&#8221; text_font_size=&#8221;0px&#8221; text_line_height=&#8221;0em&#8221; header_text_align=&#8221;center&#8221; background_color=&#8221;#e8b578&#8243; custom_margin=&#8221;||24px|||&#8221; link_option_url=&#8221;https:\/\/cfcaracas.org\/sv\/wp-content\/uploads\/2025-2026-Cronograma_3erMomPedag.pdf&#8221; link_option_url_new_window=&#8221;on&#8221; hover_enabled=&#8221;0&#8243; border_radii=&#8221;on|5px|5px|5px|5px&#8221; global_colors_info=&#8221;{}&#8221; sticky_enabled=&#8221;0&#8243;]<\/p>\n<h4 style=\"text-align: center;\"><span style=\"color: #ffffff;\"><\/span><\/h4>\n<h4 style=\"text-align: center;\"><span style=\"color: #ffffff;\">Clic aqu\u00ed para descargar el cronograma<\/span><\/h4>\n<p>[\/et_pb_text][et_pb_text _builder_version=&#8221;4.22.2&#8243; min_height=&#8221;38.8px&#8221; custom_padding=&#8221;18px||7px|||&#8221; global_colors_info=&#8221;{}&#8221;]<\/p>\n<h1>Calendario anual<\/h1>\n<p>A continuaci\u00f3n presentamos el calendario general con las actividades fijas programas para todo el a\u00f1o escolar.<\/p>\n<p>[\/et_pb_text][et_pb_text _builder_version=&#8221;4.27.4&#8243; _module_preset=&#8221;default&#8221; text_font_size=&#8221;0px&#8221; text_line_height=&#8221;0em&#8221; header_text_align=&#8221;center&#8221; background_color=&#8221;#498bc1&#8243; link_option_url=&#8221;https:\/\/cfcaracas.org\/sv\/wp-content\/uploads\/2025-2026_Calendario_Anual_VF.pdf&#8221; link_option_url_new_window=&#8221;on&#8221; border_radii=&#8221;on|5px|5px|5px|5px&#8221; global_colors_info=&#8221;{}&#8221;]<\/p>\n<h4 style=\"text-align: center;\"><span style=\"color: #ffffff;\"><\/span><\/h4>\n<h4 style=\"text-align: center;\"><span style=\"color: #ffffff;\">Clic aqu\u00ed para descargar Calendario Anual<\/span><\/h4>\n<p>[\/et_pb_text][et_pb_text _builder_version=&#8221;4.22.2&#8243; min_height=&#8221;38.8px&#8221; custom_padding=&#8221;18px||7px|||&#8221; global_colors_info=&#8221;{}&#8221;]<\/p>\n<p><strong>Nota importante:<\/strong> El calendario anual y trimestral est\u00e1n sujetos a cambios sin previo aviso.<\/p>\n<p>[\/et_pb_text][\/et_pb_column][et_pb_column type=&#8221;1_3&#8243; _builder_version=&#8221;4.16&#8243; z_index=&#8221;10&#8243; custom_padding=&#8221;|||&#8221; global_colors_info=&#8221;{}&#8221; custom_padding__hover=&#8221;|||&#8221;][et_pb_blog fullwidth=&#8221;off&#8221; posts_number=&#8221;2&#8243; include_categories=&#8221;5,22&#8243; show_more=&#8221;on&#8221; show_author=&#8221;off&#8221; _builder_version=&#8221;4.16&#8243; pagination_font=&#8221;||||||||&#8221; border_radii=&#8221;on|15px|15px|15px|15px&#8221; border_radii_image=&#8221;||||&#8221; box_shadow_style=&#8221;preset1&#8243; global_colors_info=&#8221;{}&#8221;][\/et_pb_blog][\/et_pb_column][\/et_pb_row][\/et_pb_section]<\/p>\n","protected":false},"excerpt":{"rendered":"<p>Eventos y Actividades<\/p>\n","protected":false},"author":5,"featured_media":0,"parent":228532,"menu_order":0,"comment_status":"closed","ping_status":"closed","template":"","meta":{"_et_pb_use_builder":"on","_et_pb_old_content":"<!-- wp:divi\/placeholder \/-->","_et_gb_content_width":"","_monsterinsights_skip_tracking":false,"_monsterinsights_sitenote_active":false,"_monsterinsights_sitenote_note":"","_monsterinsights_sitenote_category":0,"footnotes":""},"class_list":["post-488","page","type-page","status-publish","hentry"],"yoast_head":"<!-- This site is optimized with the Yoast SEO plugin v27.3 - https:\/\/yoast.com\/product\/yoast-seo-wordpress\/ -->\n<title>Calendario Escolar - COLEGIO FRANCIA<\/title>\n<meta name=\"robots\" content=\"index, follow, max-snippet:-1, max-image-preview:large, max-video-preview:-1\" \/>\n<link rel=\"canonical\" href=\"https:\/\/cfcaracas.org\/sv\/admisiones\/calendario-escolar\/\" \/>\n<meta property=\"og:locale\" content=\"en_US\" \/>\n<meta property=\"og:type\" content=\"article\" \/>\n<meta property=\"og:title\" content=\"Calendario Escolar - COLEGIO FRANCIA\" \/>\n<meta property=\"og:description\" content=\"Eventos y Actividades\" \/>\n<meta property=\"og:url\" content=\"https:\/\/cfcaracas.org\/sv\/admisiones\/calendario-escolar\/\" \/>\n<meta property=\"og:site_name\" content=\"COLEGIO FRANCIA\" \/>\n<meta property=\"article:modified_time\" content=\"2026-03-27T19:14:51+00:00\" \/>\n<meta name=\"twitter:card\" content=\"summary_large_image\" \/>\n<meta name=\"twitter:label1\" content=\"Est. reading time\" \/>\n\t<meta name=\"twitter:data1\" content=\"2 minutes\" \/>\n<script type=\"application\/ld+json\" class=\"yoast-schema-graph\">{\"@context\":\"https:\\\/\\\/schema.org\",\"@graph\":[{\"@type\":\"WebPage\",\"@id\":\"https:\\\/\\\/cfcaracas.org\\\/sv\\\/admisiones\\\/calendario-escolar\\\/\",\"url\":\"https:\\\/\\\/cfcaracas.org\\\/sv\\\/admisiones\\\/calendario-escolar\\\/\",\"name\":\"Calendario Escolar - COLEGIO FRANCIA\",\"isPartOf\":{\"@id\":\"https:\\\/\\\/cfcaracas.org\\\/sv\\\/#website\"},\"datePublished\":\"2019-07-20T22:12:24+00:00\",\"dateModified\":\"2026-03-27T19:14:51+00:00\",\"breadcrumb\":{\"@id\":\"https:\\\/\\\/cfcaracas.org\\\/sv\\\/admisiones\\\/calendario-escolar\\\/#breadcrumb\"},\"inLanguage\":\"en-US\",\"potentialAction\":[{\"@type\":\"ReadAction\",\"target\":[\"https:\\\/\\\/cfcaracas.org\\\/sv\\\/admisiones\\\/calendario-escolar\\\/\"]}]},{\"@type\":\"BreadcrumbList\",\"@id\":\"https:\\\/\\\/cfcaracas.org\\\/sv\\\/admisiones\\\/calendario-escolar\\\/#breadcrumb\",\"itemListElement\":[{\"@type\":\"ListItem\",\"position\":1,\"name\":\"Home\",\"item\":\"https:\\\/\\\/cfcaracas.org\\\/sv\\\/\"},{\"@type\":\"ListItem\",\"position\":2,\"name\":\"ADMISIONES\",\"item\":\"https:\\\/\\\/cfcaracas.org\\\/sv\\\/admisiones\\\/\"},{\"@type\":\"ListItem\",\"position\":3,\"name\":\"Calendario Escolar\"}]},{\"@type\":\"WebSite\",\"@id\":\"https:\\\/\\\/cfcaracas.org\\\/sv\\\/#website\",\"url\":\"https:\\\/\\\/cfcaracas.org\\\/sv\\\/\",\"name\":\"COLEGIO FRANCIA\",\"description\":\"Colegio Francia, algo m\u00e1s que un colegio\",\"publisher\":{\"@id\":\"https:\\\/\\\/cfcaracas.org\\\/sv\\\/#organization\"},\"potentialAction\":[{\"@type\":\"SearchAction\",\"target\":{\"@type\":\"EntryPoint\",\"urlTemplate\":\"https:\\\/\\\/cfcaracas.org\\\/sv\\\/?s={search_term_string}\"},\"query-input\":{\"@type\":\"PropertyValueSpecification\",\"valueRequired\":true,\"valueName\":\"search_term_string\"}}],\"inLanguage\":\"en-US\"},{\"@type\":\"Organization\",\"@id\":\"https:\\\/\\\/cfcaracas.org\\\/sv\\\/#organization\",\"name\":\"U.E. Colegio Francia de Caracas\",\"url\":\"https:\\\/\\\/cfcaracas.org\\\/sv\\\/\",\"logo\":{\"@type\":\"ImageObject\",\"inLanguage\":\"en-US\",\"@id\":\"https:\\\/\\\/cfcaracas.org\\\/sv\\\/#\\\/schema\\\/logo\\\/image\\\/\",\"url\":\"https:\\\/\\\/cfcaracas.org\\\/sv\\\/wp-content\\\/uploads\\\/LOGO-COLEGIO-FRANCIA-01.png\",\"contentUrl\":\"https:\\\/\\\/cfcaracas.org\\\/sv\\\/wp-content\\\/uploads\\\/LOGO-COLEGIO-FRANCIA-01.png\",\"width\":851,\"height\":1135,\"caption\":\"U.E. Colegio Francia de Caracas\"},\"image\":{\"@id\":\"https:\\\/\\\/cfcaracas.org\\\/sv\\\/#\\\/schema\\\/logo\\\/image\\\/\"}}]}<\/script>\n<!-- \/ Yoast SEO plugin. -->","yoast_head_json":{"title":"Calendario Escolar - COLEGIO FRANCIA","robots":{"index":"index","follow":"follow","max-snippet":"max-snippet:-1","max-image-preview":"max-image-preview:large","max-video-preview":"max-video-preview:-1"},"canonical":"https:\/\/cfcaracas.org\/sv\/admisiones\/calendario-escolar\/","og_locale":"en_US","og_type":"article","og_title":"Calendario Escolar - COLEGIO FRANCIA","og_description":"Eventos y Actividades","og_url":"https:\/\/cfcaracas.org\/sv\/admisiones\/calendario-escolar\/","og_site_name":"COLEGIO FRANCIA","article_modified_time":"2026-03-27T19:14:51+00:00","twitter_card":"summary_large_image","twitter_misc":{"Est. reading time":"2 minutes"},"schema":{"@context":"https:\/\/schema.org","@graph":[{"@type":"WebPage","@id":"https:\/\/cfcaracas.org\/sv\/admisiones\/calendario-escolar\/","url":"https:\/\/cfcaracas.org\/sv\/admisiones\/calendario-escolar\/","name":"Calendario Escolar - COLEGIO FRANCIA","isPartOf":{"@id":"https:\/\/cfcaracas.org\/sv\/#website"},"datePublished":"2019-07-20T22:12:24+00:00","dateModified":"2026-03-27T19:14:51+00:00","breadcrumb":{"@id":"https:\/\/cfcaracas.org\/sv\/admisiones\/calendario-escolar\/#breadcrumb"},"inLanguage":"en-US","potentialAction":[{"@type":"ReadAction","target":["https:\/\/cfcaracas.org\/sv\/admisiones\/calendario-escolar\/"]}]},{"@type":"BreadcrumbList","@id":"https:\/\/cfcaracas.org\/sv\/admisiones\/calendario-escolar\/#breadcrumb","itemListElement":[{"@type":"ListItem","position":1,"name":"Home","item":"https:\/\/cfcaracas.org\/sv\/"},{"@type":"ListItem","position":2,"name":"ADMISIONES","item":"https:\/\/cfcaracas.org\/sv\/admisiones\/"},{"@type":"ListItem","position":3,"name":"Calendario Escolar"}]},{"@type":"WebSite","@id":"https:\/\/cfcaracas.org\/sv\/#website","url":"https:\/\/cfcaracas.org\/sv\/","name":"COLEGIO FRANCIA","description":"Colegio Francia, algo m\u00e1s que un colegio","publisher":{"@id":"https:\/\/cfcaracas.org\/sv\/#organization"},"potentialAction":[{"@type":"SearchAction","target":{"@type":"EntryPoint","urlTemplate":"https:\/\/cfcaracas.org\/sv\/?s={search_term_string}"},"query-input":{"@type":"PropertyValueSpecification","valueRequired":true,"valueName":"search_term_string"}}],"inLanguage":"en-US"},{"@type":"Organization","@id":"https:\/\/cfcaracas.org\/sv\/#organization","name":"U.E. Colegio Francia de Caracas","url":"https:\/\/cfcaracas.org\/sv\/","logo":{"@type":"ImageObject","inLanguage":"en-US","@id":"https:\/\/cfcaracas.org\/sv\/#\/schema\/logo\/image\/","url":"https:\/\/cfcaracas.org\/sv\/wp-content\/uploads\/LOGO-COLEGIO-FRANCIA-01.png","contentUrl":"https:\/\/cfcaracas.org\/sv\/wp-content\/uploads\/LOGO-COLEGIO-FRANCIA-01.png","width":851,"height":1135,"caption":"U.E. Colegio Francia de Caracas"},"image":{"@id":"https:\/\/cfcaracas.org\/sv\/#\/schema\/logo\/image\/"}}]}},"_links":{"self":[{"href":"https:\/\/cfcaracas.org\/sv\/wp-json\/wp\/v2\/pages\/488","targetHints":{"allow":["GET"]}}],"collection":[{"href":"https:\/\/cfcaracas.org\/sv\/wp-json\/wp\/v2\/pages"}],"about":[{"href":"https:\/\/cfcaracas.org\/sv\/wp-json\/wp\/v2\/types\/page"}],"author":[{"embeddable":true,"href":"https:\/\/cfcaracas.org\/sv\/wp-json\/wp\/v2\/users\/5"}],"replies":[{"embeddable":true,"href":"https:\/\/cfcaracas.org\/sv\/wp-json\/wp\/v2\/comments?post=488"}],"version-history":[{"count":9,"href":"https:\/\/cfcaracas.org\/sv\/wp-json\/wp\/v2\/pages\/488\/revisions"}],"predecessor-version":[{"id":240613,"href":"https:\/\/cfcaracas.org\/sv\/wp-json\/wp\/v2\/pages\/488\/revisions\/240613"}],"up":[{"embeddable":true,"href":"https:\/\/cfcaracas.org\/sv\/wp-json\/wp\/v2\/pages\/228532"}],"wp:attachment":[{"href":"https:\/\/cfcaracas.org\/sv\/wp-json\/wp\/v2\/media?parent=488"}],"curies":[{"name":"wp","href":"https:\/\/api.w.org\/{rel}","templated":true}]}}