{"id":672,"date":"2019-08-23T17:37:59","date_gmt":"2019-08-23T22:07:59","guid":{"rendered":"http:\/\/cfcaracas.org\/sv\/?page_id=672"},"modified":"2021-03-27T22:59:00","modified_gmt":"2021-03-28T02:59:00","slug":"mot-du-proviseur","status":"publish","type":"page","link":"https:\/\/cfcaracas.org\/sv\/el-colegio\/mot-du-proviseur\/","title":{"rendered":"Palabras de la Directora"},"content":{"rendered":"<p>[et_pb_section fb_built=&#8221;1&#8243; _builder_version=&#8221;4.5.6&#8243; background_color=&#8221;#e9eff3&#8243; background_image=&#8221;https:\/\/cfcaracas.org\/sv\/wp-content\/uploads\/shapes-bg-color.png&#8221; parallax=&#8221;on&#8221; custom_padding=&#8221;27px||0px|||&#8221; bottom_divider_color=&#8221;#065b99&#8243;][et_pb_row _builder_version=&#8221;3.26&#8243; custom_padding=&#8221;0px||0px|||&#8221;][et_pb_column type=&#8221;4_4&#8243; _builder_version=&#8221;3.26&#8243;][et_pb_dmb_breadcrumbs font_icon=&#8221;%%194%%&#8221; home_icon=&#8221;%%236%%&#8221; use_home_text=&#8221;on&#8221; home_text=&#8221;Inicio&#8221; _builder_version=&#8221;3.26&#8243; body_font=&#8221;|600|||||||&#8221; separator_text_color=&#8221;#0c71c3&#8243;][\/et_pb_dmb_breadcrumbs][\/et_pb_column][\/et_pb_row][et_pb_row column_structure=&#8221;2_3,1_3&#8243; _builder_version=&#8221;4.5.6&#8243; _module_preset=&#8221;469d0aea-3e07-4b68-861c-fbb3c2cc028c&#8221;][et_pb_column type=&#8221;2_3&#8243; _builder_version=&#8221;3.25.2&#8243; background_color=&#8221;#ffffff&#8221; custom_padding=&#8221;25px|25px|25px|25px|true|true&#8221; border_radii=&#8221;on|16px|16px|16px|16px&#8221; box_shadow_style=&#8221;preset2&#8243; custom_padding__hover=&#8221;|||&#8221;][et_pb_image src=&#8221;https:\/\/cfcaracas.org\/sv\/wp-content\/uploads\/Directora-1280005-scaled.jpg&#8221; title_text=&#8221;OLYMPUS DIGITAL CAMERA&#8221; _builder_version=&#8221;4.9.2&#8243; hover_enabled=&#8221;0&#8243; box_shadow_style=&#8221;preset1&#8243; sticky_enabled=&#8221;0&#8243;][\/et_pb_image][et_pb_text _builder_version=&#8221;4.9.2&#8243; hover_enabled=&#8221;0&#8243; sticky_enabled=&#8221;0&#8243;]<\/p>\n<h1>EL COLEGIO FRANCIA DE CARACAS<\/h1>\n<p><strong>Por una educaci\u00f3n de excelencia<\/strong><\/p>\n<p>Querido visitante,<br \/>\nBienvenidos al portal web La UEP Colegio Francia.<\/p>\n<p>La UEP Colegio Francia es una instituci\u00f3n educativa que tiene por finalidad la formaci\u00f3n integral de ni\u00f1os, ni\u00f1as y adolescentes cumpliendo lo establecido en la normativa legal vigente en cuanto a los planes de estudios en la Rep\u00fablica Bolivariana de Venezuela, y las propuestas establecidas en nuestro proyecto institucional, que garantiza que nuestros estudiantes egresan con una serie de competencias adicionales como son el manejo de los idiomas ingl\u00e9s y franc\u00e9s, este \u00faltimo, gracias a la certificaci\u00f3n del sello Label, permite un proceso de ense\u00f1anza-aprendizaje innovador  adaptado a la edad y proceso de cada uno. El desarrollo de habilidades art\u00edsticas culturales, y deportivas, ocupan un lugar preponderante de nuestro proceso educativo. <\/p>\n<p>\tNuestra educaci\u00f3n promueve los valores que distinguen el esp\u00edritu republicano de la educaci\u00f3n francesa y que constituyen valores universales, la libertad, igualdad y la fraternidad en un contexto claramente diverso promoviendo el respeto de creencias y tendencias pol\u00edticas de todo tipo. Nuestro norte es formar ciudadanos que aprecien la variedad de culturas y de manera especial las expresiones propias de nuestro pa\u00eds, para lograrlo ofrecemos actividades que van orientadas en esa l\u00ednea, respetando las inclinaciones de cada uno de nuestros estudiantes. Nuestras instalaciones favorecen la realizaci\u00f3n de actividades culturales y art\u00edsticas dif\u00edcil de encontrar en la mayor\u00eda de las instituciones educativas. Nuestros v\u00ednculos con la Embajada Francesa y otros entes permiten acceder a las novedades en cuanto a ciencia, cultura, el arte, literatura entre otros, especialmente en franc\u00e9s.<\/p>\n<p>La direcci\u00f3n del plantel y todo el personal est\u00e1n comprometidos con nuestra misi\u00f3n educativa, para garantizar el logro de unos est\u00e1ndares de calidad que permita a cada estudiante, continuar estudios en las mejores universidades nacionales y extranjeras, especialmente las universidades francesas.<br \/>\n[\/et_pb_text][\/et_pb_column][et_pb_column type=&#8221;1_3&#8243; _builder_version=&#8221;3.25.2&#8243; z_index=&#8221;10&#8243; custom_padding=&#8221;|||&#8221; custom_padding__hover=&#8221;|||&#8221;][et_pb_blog fullwidth=&#8221;off&#8221; posts_number=&#8221;2&#8243; include_categories=&#8221;5&#8243; show_more=&#8221;on&#8221; show_author=&#8221;off&#8221; disabled_on=&#8221;off|off|off&#8221; _builder_version=&#8221;4.8.1&#8243; pagination_font=&#8221;||||||||&#8221; border_radii=&#8221;on|15px|15px|15px|15px&#8221; border_radii_image=&#8221;||||&#8221; box_shadow_style=&#8221;preset1&#8243;][\/et_pb_blog][\/et_pb_column][\/et_pb_row][\/et_pb_section][et_pb_section fb_built=&#8221;1&#8243; _builder_version=&#8221;3.26.3&#8243; background_color=&#8221;#e9eff3&#8243; background_image=&#8221;https:\/\/cfcaracas.org\/sv\/wp-content\/uploads\/shapes-bg-color.png&#8221; parallax=&#8221;on&#8221; custom_padding=&#8221;27px||0px|||&#8221; bottom_divider_color=&#8221;#065b99&#8243;][et_pb_row _builder_version=&#8221;3.26&#8243; custom_padding=&#8221;0px||0px|||&#8221;][et_pb_column type=&#8221;4_4&#8243; _builder_version=&#8221;3.26&#8243;][et_pb_dmb_breadcrumbs font_icon=&#8221;%%194%%&#8221; home_icon=&#8221;%%236%%&#8221; use_home_text=&#8221;on&#8221; home_text=&#8221;Inicio&#8221; _builder_version=&#8221;3.26&#8243; body_font=&#8221;|600|||||||&#8221; separator_text_color=&#8221;#0c71c3&#8243;][\/et_pb_dmb_breadcrumbs][\/et_pb_column][\/et_pb_row][\/et_pb_section]<\/p>\n","protected":false},"excerpt":{"rendered":"<p>Por una educaci\u00f3n de excelencia<\/p>\n","protected":false},"author":1,"featured_media":0,"parent":228535,"menu_order":0,"comment_status":"closed","ping_status":"closed","template":"","meta":{"_et_pb_use_builder":"on","_et_pb_old_content":"","_et_gb_content_width":"","_monsterinsights_skip_tracking":false,"_monsterinsights_sitenote_active":false,"_monsterinsights_sitenote_note":"","_monsterinsights_sitenote_category":0,"footnotes":""},"class_list":["post-672","page","type-page","status-publish","hentry"],"yoast_head":"<!-- This site is optimized with the Yoast SEO plugin v27.4 - https:\/\/yoast.com\/product\/yoast-seo-wordpress\/ -->\n<title>Palabras de la Directora - COLEGIO FRANCIA<\/title>\n<meta name=\"robots\" content=\"index, follow, max-snippet:-1, max-image-preview:large, max-video-preview:-1\" \/>\n<link rel=\"canonical\" href=\"https:\/\/cfcaracas.org\/sv\/el-colegio\/mot-du-proviseur\/\" \/>\n<meta property=\"og:locale\" content=\"en_US\" \/>\n<meta property=\"og:type\" content=\"article\" \/>\n<meta property=\"og:title\" content=\"Palabras de la Directora - COLEGIO FRANCIA\" \/>\n<meta property=\"og:description\" content=\"Por una educaci\u00f3n de excelencia\" \/>\n<meta property=\"og:url\" content=\"https:\/\/cfcaracas.org\/sv\/el-colegio\/mot-du-proviseur\/\" \/>\n<meta property=\"og:site_name\" content=\"COLEGIO FRANCIA\" \/>\n<meta property=\"article:modified_time\" content=\"2021-03-28T02:59:00+00:00\" \/>\n<meta name=\"twitter:card\" content=\"summary_large_image\" \/>\n<meta name=\"twitter:label1\" content=\"Est. reading time\" \/>\n\t<meta name=\"twitter:data1\" content=\"3 minutes\" \/>\n<script type=\"application\/ld+json\" class=\"yoast-schema-graph\">{\"@context\":\"https:\\\/\\\/schema.org\",\"@graph\":[{\"@type\":\"WebPage\",\"@id\":\"https:\\\/\\\/cfcaracas.org\\\/sv\\\/el-colegio\\\/mot-du-proviseur\\\/\",\"url\":\"https:\\\/\\\/cfcaracas.org\\\/sv\\\/el-colegio\\\/mot-du-proviseur\\\/\",\"name\":\"Palabras de la Directora - COLEGIO FRANCIA\",\"isPartOf\":{\"@id\":\"https:\\\/\\\/cfcaracas.org\\\/sv\\\/#website\"},\"datePublished\":\"2019-08-23T22:07:59+00:00\",\"dateModified\":\"2021-03-28T02:59:00+00:00\",\"breadcrumb\":{\"@id\":\"https:\\\/\\\/cfcaracas.org\\\/sv\\\/el-colegio\\\/mot-du-proviseur\\\/#breadcrumb\"},\"inLanguage\":\"en-US\",\"potentialAction\":[{\"@type\":\"ReadAction\",\"target\":[\"https:\\\/\\\/cfcaracas.org\\\/sv\\\/el-colegio\\\/mot-du-proviseur\\\/\"]}]},{\"@type\":\"BreadcrumbList\",\"@id\":\"https:\\\/\\\/cfcaracas.org\\\/sv\\\/el-colegio\\\/mot-du-proviseur\\\/#breadcrumb\",\"itemListElement\":[{\"@type\":\"ListItem\",\"position\":1,\"name\":\"Home\",\"item\":\"https:\\\/\\\/cfcaracas.org\\\/sv\\\/\"},{\"@type\":\"ListItem\",\"position\":2,\"name\":\"EL COLEGIO\",\"item\":\"https:\\\/\\\/cfcaracas.org\\\/sv\\\/el-colegio\\\/\"},{\"@type\":\"ListItem\",\"position\":3,\"name\":\"Palabras de la Directora\"}]},{\"@type\":\"WebSite\",\"@id\":\"https:\\\/\\\/cfcaracas.org\\\/sv\\\/#website\",\"url\":\"https:\\\/\\\/cfcaracas.org\\\/sv\\\/\",\"name\":\"COLEGIO FRANCIA\",\"description\":\"Colegio Francia, algo m\u00e1s que un colegio\",\"publisher\":{\"@id\":\"https:\\\/\\\/cfcaracas.org\\\/sv\\\/#organization\"},\"potentialAction\":[{\"@type\":\"SearchAction\",\"target\":{\"@type\":\"EntryPoint\",\"urlTemplate\":\"https:\\\/\\\/cfcaracas.org\\\/sv\\\/?s={search_term_string}\"},\"query-input\":{\"@type\":\"PropertyValueSpecification\",\"valueRequired\":true,\"valueName\":\"search_term_string\"}}],\"inLanguage\":\"en-US\"},{\"@type\":\"Organization\",\"@id\":\"https:\\\/\\\/cfcaracas.org\\\/sv\\\/#organization\",\"name\":\"U.E. Colegio Francia de Caracas\",\"url\":\"https:\\\/\\\/cfcaracas.org\\\/sv\\\/\",\"logo\":{\"@type\":\"ImageObject\",\"inLanguage\":\"en-US\",\"@id\":\"https:\\\/\\\/cfcaracas.org\\\/sv\\\/#\\\/schema\\\/logo\\\/image\\\/\",\"url\":\"https:\\\/\\\/cfcaracas.org\\\/sv\\\/wp-content\\\/uploads\\\/LOGO-COLEGIO-FRANCIA-01.png\",\"contentUrl\":\"https:\\\/\\\/cfcaracas.org\\\/sv\\\/wp-content\\\/uploads\\\/LOGO-COLEGIO-FRANCIA-01.png\",\"width\":851,\"height\":1135,\"caption\":\"U.E. Colegio Francia de Caracas\"},\"image\":{\"@id\":\"https:\\\/\\\/cfcaracas.org\\\/sv\\\/#\\\/schema\\\/logo\\\/image\\\/\"}}]}<\/script>\n<!-- \/ Yoast SEO plugin. -->","yoast_head_json":{"title":"Palabras de la Directora - COLEGIO FRANCIA","robots":{"index":"index","follow":"follow","max-snippet":"max-snippet:-1","max-image-preview":"max-image-preview:large","max-video-preview":"max-video-preview:-1"},"canonical":"https:\/\/cfcaracas.org\/sv\/el-colegio\/mot-du-proviseur\/","og_locale":"en_US","og_type":"article","og_title":"Palabras de la Directora - COLEGIO FRANCIA","og_description":"Por una educaci\u00f3n de excelencia","og_url":"https:\/\/cfcaracas.org\/sv\/el-colegio\/mot-du-proviseur\/","og_site_name":"COLEGIO FRANCIA","article_modified_time":"2021-03-28T02:59:00+00:00","twitter_card":"summary_large_image","twitter_misc":{"Est. reading time":"3 minutes"},"schema":{"@context":"https:\/\/schema.org","@graph":[{"@type":"WebPage","@id":"https:\/\/cfcaracas.org\/sv\/el-colegio\/mot-du-proviseur\/","url":"https:\/\/cfcaracas.org\/sv\/el-colegio\/mot-du-proviseur\/","name":"Palabras de la Directora - COLEGIO FRANCIA","isPartOf":{"@id":"https:\/\/cfcaracas.org\/sv\/#website"},"datePublished":"2019-08-23T22:07:59+00:00","dateModified":"2021-03-28T02:59:00+00:00","breadcrumb":{"@id":"https:\/\/cfcaracas.org\/sv\/el-colegio\/mot-du-proviseur\/#breadcrumb"},"inLanguage":"en-US","potentialAction":[{"@type":"ReadAction","target":["https:\/\/cfcaracas.org\/sv\/el-colegio\/mot-du-proviseur\/"]}]},{"@type":"BreadcrumbList","@id":"https:\/\/cfcaracas.org\/sv\/el-colegio\/mot-du-proviseur\/#breadcrumb","itemListElement":[{"@type":"ListItem","position":1,"name":"Home","item":"https:\/\/cfcaracas.org\/sv\/"},{"@type":"ListItem","position":2,"name":"EL COLEGIO","item":"https:\/\/cfcaracas.org\/sv\/el-colegio\/"},{"@type":"ListItem","position":3,"name":"Palabras de la Directora"}]},{"@type":"WebSite","@id":"https:\/\/cfcaracas.org\/sv\/#website","url":"https:\/\/cfcaracas.org\/sv\/","name":"COLEGIO FRANCIA","description":"Colegio Francia, algo m\u00e1s que un colegio","publisher":{"@id":"https:\/\/cfcaracas.org\/sv\/#organization"},"potentialAction":[{"@type":"SearchAction","target":{"@type":"EntryPoint","urlTemplate":"https:\/\/cfcaracas.org\/sv\/?s={search_term_string}"},"query-input":{"@type":"PropertyValueSpecification","valueRequired":true,"valueName":"search_term_string"}}],"inLanguage":"en-US"},{"@type":"Organization","@id":"https:\/\/cfcaracas.org\/sv\/#organization","name":"U.E. Colegio Francia de Caracas","url":"https:\/\/cfcaracas.org\/sv\/","logo":{"@type":"ImageObject","inLanguage":"en-US","@id":"https:\/\/cfcaracas.org\/sv\/#\/schema\/logo\/image\/","url":"https:\/\/cfcaracas.org\/sv\/wp-content\/uploads\/LOGO-COLEGIO-FRANCIA-01.png","contentUrl":"https:\/\/cfcaracas.org\/sv\/wp-content\/uploads\/LOGO-COLEGIO-FRANCIA-01.png","width":851,"height":1135,"caption":"U.E. Colegio Francia de Caracas"},"image":{"@id":"https:\/\/cfcaracas.org\/sv\/#\/schema\/logo\/image\/"}}]}},"_links":{"self":[{"href":"https:\/\/cfcaracas.org\/sv\/wp-json\/wp\/v2\/pages\/672","targetHints":{"allow":["GET"]}}],"collection":[{"href":"https:\/\/cfcaracas.org\/sv\/wp-json\/wp\/v2\/pages"}],"about":[{"href":"https:\/\/cfcaracas.org\/sv\/wp-json\/wp\/v2\/types\/page"}],"author":[{"embeddable":true,"href":"https:\/\/cfcaracas.org\/sv\/wp-json\/wp\/v2\/users\/1"}],"replies":[{"embeddable":true,"href":"https:\/\/cfcaracas.org\/sv\/wp-json\/wp\/v2\/comments?post=672"}],"version-history":[{"count":0,"href":"https:\/\/cfcaracas.org\/sv\/wp-json\/wp\/v2\/pages\/672\/revisions"}],"up":[{"embeddable":true,"href":"https:\/\/cfcaracas.org\/sv\/wp-json\/wp\/v2\/pages\/228535"}],"wp:attachment":[{"href":"https:\/\/cfcaracas.org\/sv\/wp-json\/wp\/v2\/media?parent=672"}],"curies":[{"name":"wp","href":"https:\/\/api.w.org\/{rel}","templated":true}]}}