{"id":681,"date":"2019-08-24T05:55:10","date_gmt":"2019-08-24T09:55:10","guid":{"rendered":"http:\/\/cfcaracas.org\/sv\/?page_id=681"},"modified":"2025-12-02T10:48:32","modified_gmt":"2025-12-02T14:48:32","slug":"nuevos-alumnos","status":"publish","type":"page","link":"https:\/\/cfcaracas.org\/sv\/admisiones\/nuevos-alumnos\/","title":{"rendered":"Nuevos Alumnos"},"content":{"rendered":"<p>[et_pb_section fb_built=&#8221;1&#8243; _builder_version=&#8221;4.16&#8243; background_color=&#8221;#e9eff3&#8243; background_image=&#8221;https:\/\/cfcaracas.org\/sv\/wp-content\/uploads\/shapes-bg-color.png&#8221; parallax=&#8221;on&#8221; custom_padding=&#8221;27px||0px|||&#8221; bottom_divider_color=&#8221;#065b99&#8243; global_colors_info=&#8221;{}&#8221;][et_pb_row _builder_version=&#8221;4.16&#8243; custom_padding=&#8221;0px||0px|||&#8221; global_colors_info=&#8221;{}&#8221;][et_pb_column type=&#8221;4_4&#8243; _builder_version=&#8221;4.16&#8243; global_colors_info=&#8221;{}&#8221;][et_pb_dmb_breadcrumbs font_icon=&#8221;&#xe04a;||divi||400&#8243; home_icon=&#8221;&#xe074;||divi||400&#8243; use_home_text=&#8221;on&#8221; home_text=&#8221;Inicio&#8221; _builder_version=&#8221;4.16&#8243; body_font=&#8221;|600|||||||&#8221; separator_text_color=&#8221;#0c71c3&#8243; global_colors_info=&#8221;{}&#8221;][\/et_pb_dmb_breadcrumbs][\/et_pb_column][\/et_pb_row][et_pb_row column_structure=&#8221;2_3,1_3&#8243; _builder_version=&#8221;4.16&#8243; global_colors_info=&#8221;{}&#8221;][et_pb_column type=&#8221;2_3&#8243; _builder_version=&#8221;4.16&#8243; background_color=&#8221;#ffffff&#8221; custom_padding=&#8221;25px|25px|25px|25px|true|true&#8221; border_radii=&#8221;on|16px|16px|16px|16px&#8221; box_shadow_style=&#8221;preset2&#8243; global_colors_info=&#8221;{}&#8221; custom_padding__hover=&#8221;|||&#8221;][et_pb_image src=&#8221;https:\/\/cfcaracas.org\/sv\/wp-content\/uploads\/20190923_071645-scaled.jpg&#8221; title_text=&#8221;20190923_071645&#8243; force_fullwidth=&#8221;on&#8221; _builder_version=&#8221;4.16&#8243; global_colors_info=&#8221;{}&#8221;][\/et_pb_image][et_pb_text _builder_version=&#8221;4.27.4&#8243; custom_padding=&#8221;||34px|||&#8221; hover_enabled=&#8221;0&#8243; global_colors_info=&#8221;{}&#8221; sticky_enabled=&#8221;0&#8243;]<\/p>\n<h1>Proceso de admisi\u00f3n 2025-2026<\/h1>\n<p>Le damos la m\u00e1s cordial bienvenida a la Unidad Educativa Privada Colegio Francia, una instituci\u00f3n que pertenece a la red de escuelas m\u00e1s grande del mundo, con altos est\u00e1ndares de calidad y excelencia educativa.<\/p>\n<p>Si desea formar parte de nuestra comunidad, le informamos que ya comenzamos el <strong>proceso de admisi\u00f3n 2025-2026<\/strong>, solo debes escribir al siguiente correo:\u00a0<a href=\"mailto:admision.sv@cfcaracas.org\">admision.sv@cfcaracas.org<\/a><\/p>\n<p>[\/et_pb_text][et_pb_text disabled_on=&#8221;off|off|off&#8221; _builder_version=&#8221;4.19.4&#8243; text_text_color=&#8221;#8300E9&#8243; custom_margin=&#8221;21px|||||&#8221; global_colors_info=&#8221;{}&#8221;]<\/p>\n<div class=\"fl-module fl-module-rich-text fl-node-5a57df9f82fe0\" data-node=\"5a57df9f82fe0\">\n<div class=\"fl-module-content fl-node-content\">\n<div class=\"fl-rich-text\">\n<h4><span style=\"color: #800080;\"><strong>Etapas del Proceso de Admisi\u00f3n:<\/strong><\/span><\/h4>\n<\/div>\n<\/div>\n<\/div>\n<div class=\"fl-module fl-module-accordion fl-node-5a57de80b5743\" data-node=\"5a57de80b5743\">\n<div class=\"fl-module-content fl-node-content\">\n<div class=\"fl-accordion fl-accordion-small fl-accordion-collapse\" role=\"tablist\">\n<div class=\"fl-accordion-item\">\n<div class=\"fl-accordion-button\" id=\"fl-accordion-5a57de80b5743-tab-0\" aria-selected=\"false\" aria-controls=\"fl-accordion-5a57de80b5743-panel-0\" aria-expanded=\"false\" role=\"tab\" tabindex=\"0\"><\/div>\n<\/div>\n<\/div>\n<\/div>\n<\/div>\n<p>[\/et_pb_text][et_pb_accordion disabled_on=&#8221;off|off|off&#8221; _builder_version=&#8221;4.23.4&#8243; _module_preset=&#8221;default&#8221; custom_margin=&#8221;||43px|||&#8221; global_colors_info=&#8221;{}&#8221;][et_pb_accordion_item title=&#8221;01 Etapa: Solicitud de Informaci\u00f3n&#8221; open=&#8221;on&#8221; _builder_version=&#8221;4.23.4&#8243; _module_preset=&#8221;default&#8221; hover_enabled=&#8221;0&#8243; global_colors_info=&#8221;{}&#8221; sticky_enabled=&#8221;0&#8243;]<\/p>\n<p>Env\u00ede un correo a la siguiente direcci\u00f3n <a href=\"mailto:admision.sv@cfcaracas.org\">admision.sv@cfcaracas.org<\/a> con todas las inquietudes que presente sobre el proceso de admisi\u00f3n.<\/p>\n<p>[\/et_pb_accordion_item][et_pb_accordion_item title=&#8221;02 Etapa: Recepci\u00f3n de Recaudos&#8221; _builder_version=&#8221;4.23.4&#8243; _module_preset=&#8221;default&#8221; hover_enabled=&#8221;0&#8243; global_colors_info=&#8221;{}&#8221; open=&#8221;off&#8221; sticky_enabled=&#8221;0&#8243;]<\/p>\n<p>Usted deber\u00e1 consignar al Departamento de Admisi\u00f3n, todos los documentos solicitados previamente por v\u00eda electr\u00f3nica.<\/p>\n<p>[\/et_pb_accordion_item][et_pb_accordion_item title=&#8221;03 Etapa: Evaluaci\u00f3n Administrativa&#8221; _builder_version=&#8221;4.23.4&#8243; _module_preset=&#8221;default&#8221; global_colors_info=&#8221;{}&#8221; open=&#8221;off&#8221;]<\/p>\n<p>Una vez consignados los recaudos, el departamento de Administraci\u00f3n realizar\u00e1 la evaluaci\u00f3n respectiva y posteriormente recibir\u00e1 notificaci\u00f3n del departamento de Admisi\u00f3n.<\/p>\n<p>&nbsp;<\/p>\n<p>[\/et_pb_accordion_item][et_pb_accordion_item title=&#8221;04 Etapa: Entrevista a la Familia&#8221; _builder_version=&#8221;4.19.4&#8243; _module_preset=&#8221;default&#8221; hover_enabled=&#8221;0&#8243; global_colors_info=&#8221;{}&#8221; open=&#8221;off&#8221; sticky_enabled=&#8221;0&#8243;]<\/p>\n<p>En esta etapa del proceso, se realizar\u00e1 la evaluaci\u00f3n pedag\u00f3gica del aspirante y luego una visita guiada por las instalaciones del colegio.<\/p>\n<p>[\/et_pb_accordion_item][et_pb_accordion_item title=&#8221;06 Etapa: Formalizaci\u00f3n de Inscripci\u00f3n&#8221; _builder_version=&#8221;4.23.4&#8243; _module_preset=&#8221;default&#8221; global_colors_info=&#8221;{}&#8221; open=&#8221;off&#8221;]<\/p>\n<p>Una vez reciba la aprobaci\u00f3n del departamento de Admisi\u00f3n, ya podr\u00e1 cancelar los aranceles y formalizar su inscripci\u00f3n en el colegio.<\/p>\n<p>[\/et_pb_accordion_item][\/et_pb_accordion][et_pb_text _builder_version=&#8221;4.19.4&#8243; custom_margin=&#8221;||13px|||&#8221; global_colors_info=&#8221;{}&#8221;]<\/p>\n<h1>Requisitos:<\/h1>\n<p>[\/et_pb_text][et_pb_text _builder_version=&#8221;4.19.4&#8243; text_text_color=&#8221;#0C71C3&#8243; custom_margin=&#8221;||-1px|||&#8221; global_colors_info=&#8221;{}&#8221;]<\/p>\n<h4><strong><span style=\"color: #800080;\">Documentos para 1er. Grado:<\/span><\/strong><\/h4>\n<p>[\/et_pb_text][et_pb_text _builder_version=&#8221;4.19.4&#8243; custom_padding=&#8221;10px||7px|||&#8221; global_colors_info=&#8221;{}&#8221;]<\/p>\n<ul>\n<li><span>C\u00e9dula escolar del estudiante.<\/span><\/li>\n<li><span>Fotocopia de la c\u00e9dula de los padres, tama\u00f1o 150%.<\/span><\/li>\n<li><span>Una foto reciente tama\u00f1o carnet del estudiante.<\/span><\/li>\n<li><span>Constancia de estar cursando o haber cursado 3er grupo de educaci\u00f3n inicial.<\/span><\/li>\n<li><span>Fotocopia de la partida de nacimiento.<\/span><\/li>\n<li><span>Fotocopia de la constancia de vacunas recibidas.<\/span><\/li>\n<li><span>Informe de salud expedido por el pediatra.<\/span>\n<div><em><\/em><\/div>\n<div><em><\/em><\/div>\n<p><em><\/em><\/p>\n<\/li>\n<\/ul>\n<div><\/div>\n<p>[\/et_pb_text][et_pb_text _builder_version=&#8221;4.19.4&#8243; text_text_color=&#8221;#0C71C3&#8243; custom_margin=&#8221;||-1px|||&#8221; global_colors_info=&#8221;{}&#8221;]<\/p>\n<h4><span style=\"color: #800080;\"><strong>Documentos a partir de 2do. Grado:<\/strong><\/span><\/h4>\n<p>[\/et_pb_text][et_pb_text _builder_version=&#8221;4.19.4&#8243; custom_padding=&#8221;10px||7px|||&#8221; global_colors_info=&#8221;{}&#8221;]<\/p>\n<div>\n<ul>\n<li><span>Fotocopia de la c\u00e9dula de identidad del estudiante, tama\u00f1o 150% (Mayor de 9 a\u00f1os).<br aria-hidden=\"true\" \/><\/span><\/li>\n<li><span>C\u00e9dula escolar del estudiante (Menor de 9 a\u00f1os).<\/span><\/li>\n<li>\n<p>Fotocopia de c\u00e9dula de los padres y RIF en una misma hoja. <strong>Es obligatorio por solicitud de la Zona Educativa<\/strong>. Ejemplo: En una hoja ci. madre y su RIF; en otra hoja c.i. padre y RIF.<\/p>\n<\/li>\n<li>\n<p><span style=\"font-size: 14px;\">Fotocopia de la partida de nacimiento.<\/span><\/p>\n<\/li>\n<li>\n<p><span style=\"font-size: 14px;\"><\/span><span style=\"font-size: 14px;\">Una foto reciente tama\u00f1o carnet del estudiante.<\/span><\/p>\n<\/li>\n<li>\n<p><span style=\"font-size: 14px;\"><\/span>Constancia de prosecuci\u00f3n (Aspirantes de 2do Grado a 6to Grado).<\/p>\n<\/li>\n<li>\n<p><span>Certificaci\u00f3n de calificaciones (Aspirantes de 1er A\u00f1o a 5to A\u00f1o).<\/span><\/p>\n<\/li>\n<\/ul>\n<\/div>\n<p>[\/et_pb_text][et_pb_text _builder_version=&#8221;4.19.4&#8243; text_text_color=&#8221;#0C71C3&#8243; text_font_size=&#8221;19px&#8221; text_line_height=&#8221;1.5em&#8221; custom_margin=&#8221;||-1px|||&#8221; global_colors_info=&#8221;{}&#8221;]<\/p>\n<h6><em>NOTA: Recuerde que si el estudiante viene de cursar estudios fuera del pa\u00eds, sus documentos acad\u00e9micos deben presentarse debidamente apostillados.<\/em><\/h6>\n<p>[\/et_pb_text][\/et_pb_column][et_pb_column type=&#8221;1_3&#8243; _builder_version=&#8221;4.16&#8243; z_index=&#8221;10&#8243; custom_padding=&#8221;|||&#8221; global_colors_info=&#8221;{}&#8221; custom_padding__hover=&#8221;|||&#8221;][et_pb_blog fullwidth=&#8221;off&#8221; posts_number=&#8221;2&#8243; include_categories=&#8221;22,5&#8243; show_more=&#8221;on&#8221; show_author=&#8221;off&#8221; _builder_version=&#8221;4.16&#8243; pagination_font=&#8221;||||||||&#8221; border_radii=&#8221;on|15px|15px|15px|15px&#8221; border_radii_image=&#8221;||||&#8221; box_shadow_style=&#8221;preset1&#8243; global_colors_info=&#8221;{}&#8221;][\/et_pb_blog][\/et_pb_column][\/et_pb_row][\/et_pb_section]<\/p>\n","protected":false},"excerpt":{"rendered":"<p>Proceso de admisi\u00f3n 2025-2026 Le damos la m\u00e1s cordial bienvenida a la Unidad Educativa Privada Colegio Francia, una instituci\u00f3n que pertenece a la red de escuelas m\u00e1s grande del mundo, con altos est\u00e1ndares de calidad y excelencia educativa. Si desea formar parte de nuestra comunidad, le informamos que ya comenzamos el proceso de admisi\u00f3n 2025-2026, [&hellip;]<\/p>\n","protected":false},"author":1,"featured_media":0,"parent":228532,"menu_order":0,"comment_status":"closed","ping_status":"closed","template":"","meta":{"_et_pb_use_builder":"on","_et_pb_old_content":"","_et_gb_content_width":"","_monsterinsights_skip_tracking":false,"_monsterinsights_sitenote_active":false,"_monsterinsights_sitenote_note":"","_monsterinsights_sitenote_category":0,"footnotes":""},"class_list":["post-681","page","type-page","status-publish","hentry"],"yoast_head":"<!-- This site is optimized with the Yoast SEO plugin v27.3 - https:\/\/yoast.com\/product\/yoast-seo-wordpress\/ -->\n<title>Nuevos Alumnos - COLEGIO FRANCIA<\/title>\n<meta name=\"robots\" content=\"index, follow, max-snippet:-1, max-image-preview:large, max-video-preview:-1\" \/>\n<link rel=\"canonical\" href=\"https:\/\/cfcaracas.org\/sv\/admisiones\/nuevos-alumnos\/\" \/>\n<meta property=\"og:locale\" content=\"en_US\" \/>\n<meta property=\"og:type\" content=\"article\" \/>\n<meta property=\"og:title\" content=\"Nuevos Alumnos - COLEGIO FRANCIA\" \/>\n<meta property=\"og:description\" content=\"Proceso de admisi\u00f3n 2025-2026 Le damos la m\u00e1s cordial bienvenida a la Unidad Educativa Privada Colegio Francia, una instituci\u00f3n que pertenece a la red de escuelas m\u00e1s grande del mundo, con altos est\u00e1ndares de calidad y excelencia educativa. Si desea formar parte de nuestra comunidad, le informamos que ya comenzamos el proceso de admisi\u00f3n 2025-2026, [&hellip;]\" \/>\n<meta property=\"og:url\" content=\"https:\/\/cfcaracas.org\/sv\/admisiones\/nuevos-alumnos\/\" \/>\n<meta property=\"og:site_name\" content=\"COLEGIO FRANCIA\" \/>\n<meta property=\"article:modified_time\" content=\"2025-12-02T14:48:32+00:00\" \/>\n<meta name=\"twitter:card\" content=\"summary_large_image\" \/>\n<meta name=\"twitter:label1\" content=\"Est. reading time\" \/>\n\t<meta name=\"twitter:data1\" content=\"3 minutes\" \/>\n<script type=\"application\/ld+json\" class=\"yoast-schema-graph\">{\"@context\":\"https:\\\/\\\/schema.org\",\"@graph\":[{\"@type\":\"WebPage\",\"@id\":\"https:\\\/\\\/cfcaracas.org\\\/sv\\\/admisiones\\\/nuevos-alumnos\\\/\",\"url\":\"https:\\\/\\\/cfcaracas.org\\\/sv\\\/admisiones\\\/nuevos-alumnos\\\/\",\"name\":\"Nuevos Alumnos - COLEGIO FRANCIA\",\"isPartOf\":{\"@id\":\"https:\\\/\\\/cfcaracas.org\\\/sv\\\/#website\"},\"datePublished\":\"2019-08-24T09:55:10+00:00\",\"dateModified\":\"2025-12-02T14:48:32+00:00\",\"breadcrumb\":{\"@id\":\"https:\\\/\\\/cfcaracas.org\\\/sv\\\/admisiones\\\/nuevos-alumnos\\\/#breadcrumb\"},\"inLanguage\":\"en-US\",\"potentialAction\":[{\"@type\":\"ReadAction\",\"target\":[\"https:\\\/\\\/cfcaracas.org\\\/sv\\\/admisiones\\\/nuevos-alumnos\\\/\"]}]},{\"@type\":\"BreadcrumbList\",\"@id\":\"https:\\\/\\\/cfcaracas.org\\\/sv\\\/admisiones\\\/nuevos-alumnos\\\/#breadcrumb\",\"itemListElement\":[{\"@type\":\"ListItem\",\"position\":1,\"name\":\"Home\",\"item\":\"https:\\\/\\\/cfcaracas.org\\\/sv\\\/\"},{\"@type\":\"ListItem\",\"position\":2,\"name\":\"ADMISIONES\",\"item\":\"https:\\\/\\\/cfcaracas.org\\\/sv\\\/admisiones\\\/\"},{\"@type\":\"ListItem\",\"position\":3,\"name\":\"Nuevos Alumnos\"}]},{\"@type\":\"WebSite\",\"@id\":\"https:\\\/\\\/cfcaracas.org\\\/sv\\\/#website\",\"url\":\"https:\\\/\\\/cfcaracas.org\\\/sv\\\/\",\"name\":\"COLEGIO FRANCIA\",\"description\":\"Colegio Francia, algo m\u00e1s que un colegio\",\"publisher\":{\"@id\":\"https:\\\/\\\/cfcaracas.org\\\/sv\\\/#organization\"},\"potentialAction\":[{\"@type\":\"SearchAction\",\"target\":{\"@type\":\"EntryPoint\",\"urlTemplate\":\"https:\\\/\\\/cfcaracas.org\\\/sv\\\/?s={search_term_string}\"},\"query-input\":{\"@type\":\"PropertyValueSpecification\",\"valueRequired\":true,\"valueName\":\"search_term_string\"}}],\"inLanguage\":\"en-US\"},{\"@type\":\"Organization\",\"@id\":\"https:\\\/\\\/cfcaracas.org\\\/sv\\\/#organization\",\"name\":\"U.E. Colegio Francia de Caracas\",\"url\":\"https:\\\/\\\/cfcaracas.org\\\/sv\\\/\",\"logo\":{\"@type\":\"ImageObject\",\"inLanguage\":\"en-US\",\"@id\":\"https:\\\/\\\/cfcaracas.org\\\/sv\\\/#\\\/schema\\\/logo\\\/image\\\/\",\"url\":\"https:\\\/\\\/cfcaracas.org\\\/sv\\\/wp-content\\\/uploads\\\/LOGO-COLEGIO-FRANCIA-01.png\",\"contentUrl\":\"https:\\\/\\\/cfcaracas.org\\\/sv\\\/wp-content\\\/uploads\\\/LOGO-COLEGIO-FRANCIA-01.png\",\"width\":851,\"height\":1135,\"caption\":\"U.E. Colegio Francia de Caracas\"},\"image\":{\"@id\":\"https:\\\/\\\/cfcaracas.org\\\/sv\\\/#\\\/schema\\\/logo\\\/image\\\/\"}}]}<\/script>\n<!-- \/ Yoast SEO plugin. -->","yoast_head_json":{"title":"Nuevos Alumnos - COLEGIO FRANCIA","robots":{"index":"index","follow":"follow","max-snippet":"max-snippet:-1","max-image-preview":"max-image-preview:large","max-video-preview":"max-video-preview:-1"},"canonical":"https:\/\/cfcaracas.org\/sv\/admisiones\/nuevos-alumnos\/","og_locale":"en_US","og_type":"article","og_title":"Nuevos Alumnos - COLEGIO FRANCIA","og_description":"Proceso de admisi\u00f3n 2025-2026 Le damos la m\u00e1s cordial bienvenida a la Unidad Educativa Privada Colegio Francia, una instituci\u00f3n que pertenece a la red de escuelas m\u00e1s grande del mundo, con altos est\u00e1ndares de calidad y excelencia educativa. Si desea formar parte de nuestra comunidad, le informamos que ya comenzamos el proceso de admisi\u00f3n 2025-2026, [&hellip;]","og_url":"https:\/\/cfcaracas.org\/sv\/admisiones\/nuevos-alumnos\/","og_site_name":"COLEGIO FRANCIA","article_modified_time":"2025-12-02T14:48:32+00:00","twitter_card":"summary_large_image","twitter_misc":{"Est. reading time":"3 minutes"},"schema":{"@context":"https:\/\/schema.org","@graph":[{"@type":"WebPage","@id":"https:\/\/cfcaracas.org\/sv\/admisiones\/nuevos-alumnos\/","url":"https:\/\/cfcaracas.org\/sv\/admisiones\/nuevos-alumnos\/","name":"Nuevos Alumnos - COLEGIO FRANCIA","isPartOf":{"@id":"https:\/\/cfcaracas.org\/sv\/#website"},"datePublished":"2019-08-24T09:55:10+00:00","dateModified":"2025-12-02T14:48:32+00:00","breadcrumb":{"@id":"https:\/\/cfcaracas.org\/sv\/admisiones\/nuevos-alumnos\/#breadcrumb"},"inLanguage":"en-US","potentialAction":[{"@type":"ReadAction","target":["https:\/\/cfcaracas.org\/sv\/admisiones\/nuevos-alumnos\/"]}]},{"@type":"BreadcrumbList","@id":"https:\/\/cfcaracas.org\/sv\/admisiones\/nuevos-alumnos\/#breadcrumb","itemListElement":[{"@type":"ListItem","position":1,"name":"Home","item":"https:\/\/cfcaracas.org\/sv\/"},{"@type":"ListItem","position":2,"name":"ADMISIONES","item":"https:\/\/cfcaracas.org\/sv\/admisiones\/"},{"@type":"ListItem","position":3,"name":"Nuevos Alumnos"}]},{"@type":"WebSite","@id":"https:\/\/cfcaracas.org\/sv\/#website","url":"https:\/\/cfcaracas.org\/sv\/","name":"COLEGIO FRANCIA","description":"Colegio Francia, algo m\u00e1s que un colegio","publisher":{"@id":"https:\/\/cfcaracas.org\/sv\/#organization"},"potentialAction":[{"@type":"SearchAction","target":{"@type":"EntryPoint","urlTemplate":"https:\/\/cfcaracas.org\/sv\/?s={search_term_string}"},"query-input":{"@type":"PropertyValueSpecification","valueRequired":true,"valueName":"search_term_string"}}],"inLanguage":"en-US"},{"@type":"Organization","@id":"https:\/\/cfcaracas.org\/sv\/#organization","name":"U.E. Colegio Francia de Caracas","url":"https:\/\/cfcaracas.org\/sv\/","logo":{"@type":"ImageObject","inLanguage":"en-US","@id":"https:\/\/cfcaracas.org\/sv\/#\/schema\/logo\/image\/","url":"https:\/\/cfcaracas.org\/sv\/wp-content\/uploads\/LOGO-COLEGIO-FRANCIA-01.png","contentUrl":"https:\/\/cfcaracas.org\/sv\/wp-content\/uploads\/LOGO-COLEGIO-FRANCIA-01.png","width":851,"height":1135,"caption":"U.E. Colegio Francia de Caracas"},"image":{"@id":"https:\/\/cfcaracas.org\/sv\/#\/schema\/logo\/image\/"}}]}},"_links":{"self":[{"href":"https:\/\/cfcaracas.org\/sv\/wp-json\/wp\/v2\/pages\/681","targetHints":{"allow":["GET"]}}],"collection":[{"href":"https:\/\/cfcaracas.org\/sv\/wp-json\/wp\/v2\/pages"}],"about":[{"href":"https:\/\/cfcaracas.org\/sv\/wp-json\/wp\/v2\/types\/page"}],"author":[{"embeddable":true,"href":"https:\/\/cfcaracas.org\/sv\/wp-json\/wp\/v2\/users\/1"}],"replies":[{"embeddable":true,"href":"https:\/\/cfcaracas.org\/sv\/wp-json\/wp\/v2\/comments?post=681"}],"version-history":[{"count":1,"href":"https:\/\/cfcaracas.org\/sv\/wp-json\/wp\/v2\/pages\/681\/revisions"}],"predecessor-version":[{"id":240115,"href":"https:\/\/cfcaracas.org\/sv\/wp-json\/wp\/v2\/pages\/681\/revisions\/240115"}],"up":[{"embeddable":true,"href":"https:\/\/cfcaracas.org\/sv\/wp-json\/wp\/v2\/pages\/228532"}],"wp:attachment":[{"href":"https:\/\/cfcaracas.org\/sv\/wp-json\/wp\/v2\/media?parent=681"}],"curies":[{"name":"wp","href":"https:\/\/api.w.org\/{rel}","templated":true}]}}