{"id":691,"date":"2019-08-24T06:19:38","date_gmt":"2019-08-24T10:19:38","guid":{"rendered":"http:\/\/cfcaracas.org\/sv\/?page_id=691"},"modified":"2024-07-09T14:50:20","modified_gmt":"2024-07-09T18:50:20","slug":"reinscripciones","status":"publish","type":"page","link":"https:\/\/cfcaracas.org\/sv\/admisiones\/reinscripciones\/","title":{"rendered":"Reinscripciones"},"content":{"rendered":"<p>[et_pb_section fb_built=&#8221;1&#8243; _builder_version=&#8221;4.16&#8243; background_color=&#8221;#e9eff3&#8243; background_image=&#8221;https:\/\/cfcaracas.org\/sv\/wp-content\/uploads\/shapes-bg-color.png&#8221; parallax=&#8221;on&#8221; custom_padding=&#8221;27px||0px|||&#8221; bottom_divider_color=&#8221;#065b99&#8243; global_colors_info=&#8221;{}&#8221;][et_pb_row _builder_version=&#8221;4.16&#8243; custom_padding=&#8221;0px||0px|||&#8221; global_colors_info=&#8221;{}&#8221;][et_pb_column type=&#8221;4_4&#8243; _builder_version=&#8221;4.16&#8243; global_colors_info=&#8221;{}&#8221;][et_pb_dmb_breadcrumbs font_icon=&#8221;%%194%%&#8221; home_icon=&#8221;%%236%%&#8221; use_home_text=&#8221;on&#8221; home_text=&#8221;Inicio&#8221; _builder_version=&#8221;4.16&#8243; body_font=&#8221;|600|||||||&#8221; separator_text_color=&#8221;#0c71c3&#8243; global_colors_info=&#8221;{}&#8221;][\/et_pb_dmb_breadcrumbs][\/et_pb_column][\/et_pb_row][et_pb_row column_structure=&#8221;2_3,1_3&#8243; make_equal=&#8221;off&#8221; _builder_version=&#8221;4.16&#8243; custom_padding=&#8221;|||60px|false|false&#8221; global_colors_info=&#8221;{}&#8221;][et_pb_column type=&#8221;2_3&#8243; _builder_version=&#8221;4.16&#8243; background_color=&#8221;#ffffff&#8221; custom_padding=&#8221;25px|25px|25px|25px|true|true&#8221; border_radii=&#8221;on|16px|16px|16px|16px&#8221; box_shadow_style=&#8221;preset2&#8243; global_colors_info=&#8221;{}&#8221; custom_padding__hover=&#8221;|||&#8221;][et_pb_image src=&#8221;https:\/\/cfcaracas.org\/sv\/wp-content\/uploads\/Foto_Reinscripcion-scaled.jpg&#8221; title_text=&#8221;Foto_Reinscripcion&#8221; _builder_version=&#8221;4.22.1&#8243; global_colors_info=&#8221;{}&#8221;][\/et_pb_image][et_pb_text _builder_version=&#8221;4.25.1&#8243; custom_margin=&#8221;35px|||||&#8221; global_colors_info=&#8221;{}&#8221;]<\/p>\n<h1>ProceSO DE REINSCRIPCI\u00d3N<\/h1>\n<p>Para la <strong>formalizaci\u00f3n del proceso de reinscripci\u00f3n<\/strong> usted deber\u00e1 cumplir los siguientes requisitos:<\/p>\n<p><strong>1. <\/strong>Disponer de la solvencia del a\u00f1o escolar 2023-2024.<\/p>\n<p><strong>2.<\/strong> Entregar copia de la factura correspondiente al pago de los siguientes conceptos:<br \/>&#8211; Matr\u00edcula.<br \/>&#8211; Mensualidad del mes de septiembre.<br \/>&#8211; Seguro escolar.<br \/>&#8211; Material de lectura en franc\u00e9s (<span class=\"OYPEnA text-decoration-none text-strikethrough-none\">Obligatorio a todos los grados\/a\u00f1os<\/span>).<br \/>&#8211; Textos de franc\u00e9s (Para <span class=\"OYPEnA text-decoration-none text-strikethrough-none\">1er grado, 3er grado, 5to grado, 1er a\u00f1o y 3er a\u00f1o.<\/span>)<br \/>&#8211; Nataci\u00f3n (<span class=\"OYPEnA text-decoration-none text-strikethrough-none\">Desde 1er grado hasta 2do a\u00f1o<\/span>).<br \/>&#8211; Finanzas en mi escuela (<span class=\"OYPEnA text-decoration-none text-strikethrough-none\">Desde 1er grado hasta 3er a\u00f1o)<\/span><br \/>&#8211; Rob\u00f3tica Kurios (<span class=\"OYPEnA text-decoration-none text-strikethrough-none\">Desde 1er grado hasta 3er a\u00f1o)<\/span><\/p>\n<p><strong>3.<\/strong> Descargar desde la p\u00e1gina de Akdemia los siguientes documentos:<br \/>&#8211; Planilla de inscripci\u00f3n.<br \/>&#8211; Planilla de enfermer\u00eda.<br \/>&#8211; Autorizaci\u00f3n para el uso de imagen (Opcional).<br \/>&#8211; Firmar los Acuerdos de Convivencia. (Imprimir la \u00faltima p\u00e1gina)<br \/>&#8211; Firmar el Convenio de Educaci\u00f3n Privada. (Imprimir todas las p\u00e1ginas)<\/p>\n<p><strong>4.<\/strong> Consignar los siguientes documentos en Primaria o Vida Escolar, seg\u00fan corresponda:\u00a0<br \/>&#8211; Dos (2) fotos tama\u00f1o carnet del estudiante.<br \/>&#8211; Copia de c\u00e9dula de identidad del estudiante.<br \/>&#8211; Copia de c\u00e9dula de los padres y RIF en una misma hoja. Es obligatorio por solicitud de la Zona Educativa. Ejemplo: En una hoja copia c\u00e9dula de la madre y su RIF; en otra hoja c.i. padre y RIF.<br \/>&#8211; Todos los documentos impresos que descarg\u00f3 desde Akdemia.<br \/><span class=\"OYPEnA text-decoration-none text-strikethrough-none\"><\/span><\/p>\n<p><strong>Nota:<\/strong><\/p>\n<p>\u2022 Si usted tiene alguna duda, puede escribir un correo a:<strong> <a href=\"mailto:admision.sv@cfcaracas.org\">admision.sv@cfcaracas.org<\/a><\/strong><\/p>\n<p><strong><\/strong><\/p>\n<p>[\/et_pb_text][et_pb_button button_url=&#8221;https:\/\/edge.akdemia.com\/login&#8221; url_new_window=&#8221;on&#8221; button_text=&#8221;Ingrese al portal de Akdemia&#8221; _builder_version=&#8221;4.16&#8243; button_text_color=&#8221;#FFFFFF&#8221; button_bg_color=&#8221;#0C71C3&#8243; button_border_width=&#8221;0px&#8221; button_border_color=&#8221;#e02b20&#8243; locked=&#8221;off&#8221; global_colors_info=&#8221;{}&#8221; button_bg_enable_color__hover=&#8221;on&#8221;][\/et_pb_button][\/et_pb_column][et_pb_column type=&#8221;1_3&#8243; _builder_version=&#8221;4.16&#8243; z_index=&#8221;10&#8243; custom_padding=&#8221;|||&#8221; global_colors_info=&#8221;{}&#8221; custom_padding__hover=&#8221;|||&#8221;][et_pb_blog fullwidth=&#8221;off&#8221; posts_number=&#8221;2&#8243; include_categories=&#8221;5,22&#8243; show_more=&#8221;on&#8221; show_author=&#8221;off&#8221; _builder_version=&#8221;4.16&#8243; pagination_font=&#8221;||||||||&#8221; border_radii=&#8221;on|15px|15px|15px|15px&#8221; border_radii_image=&#8221;||||&#8221; box_shadow_style=&#8221;preset1&#8243; global_colors_info=&#8221;{}&#8221;][\/et_pb_blog][\/et_pb_column][\/et_pb_row][\/et_pb_section]<\/p>\n","protected":false},"excerpt":{"rendered":"<p>ProceSO DE REINSCRIPCI\u00d3N Para la formalizaci\u00f3n del proceso de reinscripci\u00f3n usted deber\u00e1 cumplir los siguientes requisitos: 1. Disponer de la solvencia del a\u00f1o escolar 2023-2024. 2. Entregar copia de la factura correspondiente al pago de los siguientes conceptos:- Matr\u00edcula.- Mensualidad del mes de septiembre.- Seguro escolar.- Material de lectura en franc\u00e9s (Obligatorio a todos los [&hellip;]<\/p>\n","protected":false},"author":1,"featured_media":0,"parent":228532,"menu_order":0,"comment_status":"closed","ping_status":"closed","template":"","meta":{"_et_pb_use_builder":"on","_et_pb_old_content":"","_et_gb_content_width":"","_monsterinsights_skip_tracking":false,"_monsterinsights_sitenote_active":false,"_monsterinsights_sitenote_note":"","_monsterinsights_sitenote_category":0,"footnotes":""},"class_list":["post-691","page","type-page","status-publish","hentry"],"yoast_head":"<!-- This site is optimized with the Yoast SEO plugin v27.3 - https:\/\/yoast.com\/product\/yoast-seo-wordpress\/ -->\n<title>Reinscripciones - COLEGIO FRANCIA<\/title>\n<meta name=\"robots\" content=\"index, follow, max-snippet:-1, max-image-preview:large, max-video-preview:-1\" \/>\n<link rel=\"canonical\" href=\"https:\/\/cfcaracas.org\/sv\/admisiones\/reinscripciones\/\" \/>\n<meta property=\"og:locale\" content=\"en_US\" \/>\n<meta property=\"og:type\" content=\"article\" \/>\n<meta property=\"og:title\" content=\"Reinscripciones - COLEGIO FRANCIA\" \/>\n<meta property=\"og:description\" content=\"ProceSO DE REINSCRIPCI\u00d3N Para la formalizaci\u00f3n del proceso de reinscripci\u00f3n usted deber\u00e1 cumplir los siguientes requisitos: 1. Disponer de la solvencia del a\u00f1o escolar 2023-2024. 2. Entregar copia de la factura correspondiente al pago de los siguientes conceptos:- Matr\u00edcula.- Mensualidad del mes de septiembre.- Seguro escolar.- Material de lectura en franc\u00e9s (Obligatorio a todos los [&hellip;]\" \/>\n<meta property=\"og:url\" content=\"https:\/\/cfcaracas.org\/sv\/admisiones\/reinscripciones\/\" \/>\n<meta property=\"og:site_name\" content=\"COLEGIO FRANCIA\" \/>\n<meta property=\"article:modified_time\" content=\"2024-07-09T18:50:20+00:00\" \/>\n<meta name=\"twitter:card\" content=\"summary_large_image\" \/>\n<meta name=\"twitter:label1\" content=\"Est. reading time\" \/>\n\t<meta name=\"twitter:data1\" content=\"3 minutes\" \/>\n<script type=\"application\/ld+json\" class=\"yoast-schema-graph\">{\"@context\":\"https:\\\/\\\/schema.org\",\"@graph\":[{\"@type\":\"WebPage\",\"@id\":\"https:\\\/\\\/cfcaracas.org\\\/sv\\\/admisiones\\\/reinscripciones\\\/\",\"url\":\"https:\\\/\\\/cfcaracas.org\\\/sv\\\/admisiones\\\/reinscripciones\\\/\",\"name\":\"Reinscripciones - COLEGIO FRANCIA\",\"isPartOf\":{\"@id\":\"https:\\\/\\\/cfcaracas.org\\\/sv\\\/#website\"},\"datePublished\":\"2019-08-24T10:19:38+00:00\",\"dateModified\":\"2024-07-09T18:50:20+00:00\",\"breadcrumb\":{\"@id\":\"https:\\\/\\\/cfcaracas.org\\\/sv\\\/admisiones\\\/reinscripciones\\\/#breadcrumb\"},\"inLanguage\":\"en-US\",\"potentialAction\":[{\"@type\":\"ReadAction\",\"target\":[\"https:\\\/\\\/cfcaracas.org\\\/sv\\\/admisiones\\\/reinscripciones\\\/\"]}]},{\"@type\":\"BreadcrumbList\",\"@id\":\"https:\\\/\\\/cfcaracas.org\\\/sv\\\/admisiones\\\/reinscripciones\\\/#breadcrumb\",\"itemListElement\":[{\"@type\":\"ListItem\",\"position\":1,\"name\":\"Home\",\"item\":\"https:\\\/\\\/cfcaracas.org\\\/sv\\\/\"},{\"@type\":\"ListItem\",\"position\":2,\"name\":\"ADMISIONES\",\"item\":\"https:\\\/\\\/cfcaracas.org\\\/sv\\\/admisiones\\\/\"},{\"@type\":\"ListItem\",\"position\":3,\"name\":\"Reinscripciones\"}]},{\"@type\":\"WebSite\",\"@id\":\"https:\\\/\\\/cfcaracas.org\\\/sv\\\/#website\",\"url\":\"https:\\\/\\\/cfcaracas.org\\\/sv\\\/\",\"name\":\"COLEGIO FRANCIA\",\"description\":\"Colegio Francia, algo m\u00e1s que un colegio\",\"publisher\":{\"@id\":\"https:\\\/\\\/cfcaracas.org\\\/sv\\\/#organization\"},\"potentialAction\":[{\"@type\":\"SearchAction\",\"target\":{\"@type\":\"EntryPoint\",\"urlTemplate\":\"https:\\\/\\\/cfcaracas.org\\\/sv\\\/?s={search_term_string}\"},\"query-input\":{\"@type\":\"PropertyValueSpecification\",\"valueRequired\":true,\"valueName\":\"search_term_string\"}}],\"inLanguage\":\"en-US\"},{\"@type\":\"Organization\",\"@id\":\"https:\\\/\\\/cfcaracas.org\\\/sv\\\/#organization\",\"name\":\"U.E. Colegio Francia de Caracas\",\"url\":\"https:\\\/\\\/cfcaracas.org\\\/sv\\\/\",\"logo\":{\"@type\":\"ImageObject\",\"inLanguage\":\"en-US\",\"@id\":\"https:\\\/\\\/cfcaracas.org\\\/sv\\\/#\\\/schema\\\/logo\\\/image\\\/\",\"url\":\"https:\\\/\\\/cfcaracas.org\\\/sv\\\/wp-content\\\/uploads\\\/LOGO-COLEGIO-FRANCIA-01.png\",\"contentUrl\":\"https:\\\/\\\/cfcaracas.org\\\/sv\\\/wp-content\\\/uploads\\\/LOGO-COLEGIO-FRANCIA-01.png\",\"width\":851,\"height\":1135,\"caption\":\"U.E. Colegio Francia de Caracas\"},\"image\":{\"@id\":\"https:\\\/\\\/cfcaracas.org\\\/sv\\\/#\\\/schema\\\/logo\\\/image\\\/\"}}]}<\/script>\n<!-- \/ Yoast SEO plugin. -->","yoast_head_json":{"title":"Reinscripciones - COLEGIO FRANCIA","robots":{"index":"index","follow":"follow","max-snippet":"max-snippet:-1","max-image-preview":"max-image-preview:large","max-video-preview":"max-video-preview:-1"},"canonical":"https:\/\/cfcaracas.org\/sv\/admisiones\/reinscripciones\/","og_locale":"en_US","og_type":"article","og_title":"Reinscripciones - COLEGIO FRANCIA","og_description":"ProceSO DE REINSCRIPCI\u00d3N Para la formalizaci\u00f3n del proceso de reinscripci\u00f3n usted deber\u00e1 cumplir los siguientes requisitos: 1. Disponer de la solvencia del a\u00f1o escolar 2023-2024. 2. Entregar copia de la factura correspondiente al pago de los siguientes conceptos:- Matr\u00edcula.- Mensualidad del mes de septiembre.- Seguro escolar.- Material de lectura en franc\u00e9s (Obligatorio a todos los [&hellip;]","og_url":"https:\/\/cfcaracas.org\/sv\/admisiones\/reinscripciones\/","og_site_name":"COLEGIO FRANCIA","article_modified_time":"2024-07-09T18:50:20+00:00","twitter_card":"summary_large_image","twitter_misc":{"Est. reading time":"3 minutes"},"schema":{"@context":"https:\/\/schema.org","@graph":[{"@type":"WebPage","@id":"https:\/\/cfcaracas.org\/sv\/admisiones\/reinscripciones\/","url":"https:\/\/cfcaracas.org\/sv\/admisiones\/reinscripciones\/","name":"Reinscripciones - COLEGIO FRANCIA","isPartOf":{"@id":"https:\/\/cfcaracas.org\/sv\/#website"},"datePublished":"2019-08-24T10:19:38+00:00","dateModified":"2024-07-09T18:50:20+00:00","breadcrumb":{"@id":"https:\/\/cfcaracas.org\/sv\/admisiones\/reinscripciones\/#breadcrumb"},"inLanguage":"en-US","potentialAction":[{"@type":"ReadAction","target":["https:\/\/cfcaracas.org\/sv\/admisiones\/reinscripciones\/"]}]},{"@type":"BreadcrumbList","@id":"https:\/\/cfcaracas.org\/sv\/admisiones\/reinscripciones\/#breadcrumb","itemListElement":[{"@type":"ListItem","position":1,"name":"Home","item":"https:\/\/cfcaracas.org\/sv\/"},{"@type":"ListItem","position":2,"name":"ADMISIONES","item":"https:\/\/cfcaracas.org\/sv\/admisiones\/"},{"@type":"ListItem","position":3,"name":"Reinscripciones"}]},{"@type":"WebSite","@id":"https:\/\/cfcaracas.org\/sv\/#website","url":"https:\/\/cfcaracas.org\/sv\/","name":"COLEGIO FRANCIA","description":"Colegio Francia, algo m\u00e1s que un colegio","publisher":{"@id":"https:\/\/cfcaracas.org\/sv\/#organization"},"potentialAction":[{"@type":"SearchAction","target":{"@type":"EntryPoint","urlTemplate":"https:\/\/cfcaracas.org\/sv\/?s={search_term_string}"},"query-input":{"@type":"PropertyValueSpecification","valueRequired":true,"valueName":"search_term_string"}}],"inLanguage":"en-US"},{"@type":"Organization","@id":"https:\/\/cfcaracas.org\/sv\/#organization","name":"U.E. Colegio Francia de Caracas","url":"https:\/\/cfcaracas.org\/sv\/","logo":{"@type":"ImageObject","inLanguage":"en-US","@id":"https:\/\/cfcaracas.org\/sv\/#\/schema\/logo\/image\/","url":"https:\/\/cfcaracas.org\/sv\/wp-content\/uploads\/LOGO-COLEGIO-FRANCIA-01.png","contentUrl":"https:\/\/cfcaracas.org\/sv\/wp-content\/uploads\/LOGO-COLEGIO-FRANCIA-01.png","width":851,"height":1135,"caption":"U.E. Colegio Francia de Caracas"},"image":{"@id":"https:\/\/cfcaracas.org\/sv\/#\/schema\/logo\/image\/"}}]}},"_links":{"self":[{"href":"https:\/\/cfcaracas.org\/sv\/wp-json\/wp\/v2\/pages\/691","targetHints":{"allow":["GET"]}}],"collection":[{"href":"https:\/\/cfcaracas.org\/sv\/wp-json\/wp\/v2\/pages"}],"about":[{"href":"https:\/\/cfcaracas.org\/sv\/wp-json\/wp\/v2\/types\/page"}],"author":[{"embeddable":true,"href":"https:\/\/cfcaracas.org\/sv\/wp-json\/wp\/v2\/users\/1"}],"replies":[{"embeddable":true,"href":"https:\/\/cfcaracas.org\/sv\/wp-json\/wp\/v2\/comments?post=691"}],"version-history":[{"count":0,"href":"https:\/\/cfcaracas.org\/sv\/wp-json\/wp\/v2\/pages\/691\/revisions"}],"up":[{"embeddable":true,"href":"https:\/\/cfcaracas.org\/sv\/wp-json\/wp\/v2\/pages\/228532"}],"wp:attachment":[{"href":"https:\/\/cfcaracas.org\/sv\/wp-json\/wp\/v2\/media?parent=691"}],"curies":[{"name":"wp","href":"https:\/\/api.w.org\/{rel}","templated":true}]}}